{"id":3970,"date":"2025-12-13T22:11:25","date_gmt":"2025-12-13T20:11:25","guid":{"rendered":"https:\/\/fotoprint.md\/?post_type=product&#038;p=3970"},"modified":"2025-12-13T22:11:25","modified_gmt":"2025-12-13T20:11:25","slug":"shkatulka-ukrasheniy-zerkalo","status":"publish","type":"product","link":"https:\/\/fotoprint.md\/ro\/produs\/shkatulka-ukrasheniy-zerkalo\/","title":{"rendered":"Cutie pentru bijuterii cu oglind\u0103 mare"},"content":{"rendered":"<p>Cutie elegant\u0103 pentru bijuterii, cu oglind\u0103 mare, multiple compartimente \u0219i modul glisant. Potrivit\u0103 pentru depozitarea inelelor, cerceilor, br\u0103\u021b\u0103rilor \u0219i ceasurilor. \u00cencuietoare cu cheie. Cadoul ideal pentru femei.<\/p>","protected":false},"excerpt":{"rendered":"<p data-start=\"594\" data-end=\"917\">Cutia elegant\u0103 este realizat\u0103 cu finisaj tip piele \u0219i este dotat\u0103 cu o oglind\u0103 mare, compartimente practice pentru toate tipurile de bijuterii, spa\u021biu pentru ceasuri \u0219i un modul interior deta\u0219abil. C\u0103ptu\u0219eala interioar\u0103 din material catifelat protejeaz\u0103 cu grij\u0103 accesoriile. Un accesoriu practic \u0219i frumos pentru cas\u0103 sau ca idee de cadou.<\/p>\n<ul data-start=\"941\" data-end=\"1101\">\n<li data-start=\"941\" data-end=\"974\">\n<p data-start=\"943\" data-end=\"974\">Material: imita\u021bie de piele (piele ecologic\u0103)<\/p>\n<\/li>\n<li data-start=\"975\" data-end=\"1012\">\n<p data-start=\"977\" data-end=\"1012\">C\u0103ptu\u0219eal\u0103 interioar\u0103: catifea moale<\/p>\n<\/li>\n<li data-start=\"1013\" data-end=\"1031\">\n<p data-start=\"1015\" data-end=\"1031\">\u00cencuietoare cu cheie<\/p>\n<\/li>\n<li data-start=\"1032\" data-end=\"1051\">\n<p data-start=\"1034\" data-end=\"1051\">Oglind\u0103 mare<\/p>\n<\/li>\n<li data-start=\"1052\" data-end=\"1082\">\n<p data-start=\"1054\" data-end=\"1082\">Modul glisant secret<\/p>\n<\/li>\n<li data-start=\"1083\" data-end=\"1101\">\n<p data-start=\"1085\" data-end=\"1101\">Culoare: crem<\/p>\n<\/li>\n<\/ul>","protected":false},"featured_media":3972,"template":"","meta":[],"product_brand":[],"product_cat":[189],"product_tag":[],"class_list":{"0":"post-3970","1":"product","2":"type-product","3":"status-publish","4":"has-post-thumbnail","6":"product_cat-cutii-bijuterii","8":"first","9":"instock","10":"sale","11":"shipping-taxable","12":"purchasable","13":"product-type-simple"},"yoast_head":"<!-- This site is optimized with the Yoast SEO plugin v26.7 - https:\/\/yoast.com\/wordpress\/plugins\/seo\/ -->\n<title>\u0428\u043a\u0430\u0442\u0443\u043b\u043a\u0430 \u0434\u043b\u044f \u0443\u043a\u0440\u0430\u0448\u0435\u043d\u0438\u0439 \u0441 \u0431\u043e\u043b\u044c\u0448\u0438\u043c \u0437\u0435\u0440\u043a\u0430\u043b\u043e\u043c - Fotoprint.md<\/title>\n<meta name=\"description\" content=\"\u042d\u043b\u0435\u0433\u0430\u043d\u0442\u043d\u0430\u044f \u0448\u043a\u0430\u0442\u0443\u043b\u043a\u0430 \u0434\u043b\u044f \u0443\u043a\u0440\u0430\u0448\u0435\u043d\u0438\u0439 \u0441 \u0431\u043e\u043b\u044c\u0448\u0438\u043c \u0437\u0435\u0440\u043a\u0430\u043b\u043e\u043c, \u0431\u0430\u0440\u0445\u0430\u0442\u043d\u043e\u0439 \u043e\u0442\u0434\u0435\u043b\u043a\u043e\u0439 \u0438 \u0437\u0430\u043c\u043a\u043e\u043c. \u041a\u0440\u0430\u0441\u0438\u0432\u044b\u0439 \u0438 \u043f\u0440\u0430\u043a\u0442\u0438\u0447\u043d\u044b\u0439 \u043f\u043e\u0434\u0430\u0440\u043e\u043a \u0434\u043b\u044f \u0436\u0435\u043d\u0449\u0438\u043d.\" \/>\n<meta name=\"robots\" content=\"index, follow, max-snippet:-1, max-image-preview:large, max-video-preview:-1\" \/>\n<link rel=\"canonical\" href=\"https:\/\/fotoprint.md\/ro\/produs\/shkatulka-ukrasheniy-zerkalo\/\" \/>\n<meta property=\"og:locale\" content=\"ro_RO\" \/>\n<meta property=\"og:type\" content=\"article\" \/>\n<meta property=\"og:title\" content=\"\u0428\u043a\u0430\u0442\u0443\u043b\u043a\u0430 \u0434\u043b\u044f \u0443\u043a\u0440\u0430\u0448\u0435\u043d\u0438\u0439 \u0441 \u0431\u043e\u043b\u044c\u0448\u0438\u043c \u0437\u0435\u0440\u043a\u0430\u043b\u043e\u043c - Fotoprint.md\" \/>\n<meta property=\"og:description\" content=\"\u042d\u043b\u0435\u0433\u0430\u043d\u0442\u043d\u0430\u044f \u0448\u043a\u0430\u0442\u0443\u043b\u043a\u0430 \u0434\u043b\u044f \u0443\u043a\u0440\u0430\u0448\u0435\u043d\u0438\u0439 \u0441 \u0431\u043e\u043b\u044c\u0448\u0438\u043c \u0437\u0435\u0440\u043a\u0430\u043b\u043e\u043c, \u0431\u0430\u0440\u0445\u0430\u0442\u043d\u043e\u0439 \u043e\u0442\u0434\u0435\u043b\u043a\u043e\u0439 \u0438 \u0437\u0430\u043c\u043a\u043e\u043c. \u041a\u0440\u0430\u0441\u0438\u0432\u044b\u0439 \u0438 \u043f\u0440\u0430\u043a\u0442\u0438\u0447\u043d\u044b\u0439 \u043f\u043e\u0434\u0430\u0440\u043e\u043a \u0434\u043b\u044f \u0436\u0435\u043d\u0449\u0438\u043d.\" \/>\n<meta property=\"og:url\" content=\"https:\/\/fotoprint.md\/ro\/produs\/shkatulka-ukrasheniy-zerkalo\/\" \/>\n<meta property=\"og:site_name\" content=\"Fotoprint.md\" \/>\n<meta property=\"article:publisher\" content=\"https:\/\/www.facebook.com\/fprint.md\/\" \/>\n<meta property=\"og:image\" content=\"https:\/\/fotoprint.md\/wp-content\/uploads\/2025\/12\/cutie-pentru-bijuterii4-1.webp\" \/>\n\t<meta property=\"og:image:width\" content=\"1000\" \/>\n\t<meta property=\"og:image:height\" content=\"1000\" \/>\n\t<meta property=\"og:image:type\" content=\"image\/webp\" \/>\n<meta name=\"twitter:card\" content=\"summary_large_image\" \/>\n<meta name=\"twitter:label1\" content=\"Timp estimat pentru citire\" \/>\n\t<meta name=\"twitter:data1\" content=\"1 minut\" \/>\n<script type=\"application\/ld+json\" class=\"yoast-schema-graph\">{\"@context\":\"https:\/\/schema.org\",\"@graph\":[{\"@type\":\"WebPage\",\"@id\":\"https:\/\/fotoprint.md\/ro\/produs\/shkatulka-ukrasheniy-zerkalo\/\",\"url\":\"https:\/\/fotoprint.md\/ro\/produs\/shkatulka-ukrasheniy-zerkalo\/\",\"name\":\"\u0428\u043a\u0430\u0442\u0443\u043b\u043a\u0430 \u0434\u043b\u044f \u0443\u043a\u0440\u0430\u0448\u0435\u043d\u0438\u0439 \u0441 \u0431\u043e\u043b\u044c\u0448\u0438\u043c \u0437\u0435\u0440\u043a\u0430\u043b\u043e\u043c - Fotoprint.md\",\"isPartOf\":{\"@id\":\"https:\/\/fotoprint.md\/#website\"},\"primaryImageOfPage\":{\"@id\":\"https:\/\/fotoprint.md\/ro\/produs\/shkatulka-ukrasheniy-zerkalo\/#primaryimage\"},\"image\":{\"@id\":\"https:\/\/fotoprint.md\/ro\/produs\/shkatulka-ukrasheniy-zerkalo\/#primaryimage\"},\"thumbnailUrl\":\"https:\/\/fotoprint.md\/wp-content\/uploads\/2025\/12\/cutie-pentru-bijuterii4-1.webp\",\"datePublished\":\"2025-12-13T20:11:25+00:00\",\"description\":\"\u042d\u043b\u0435\u0433\u0430\u043d\u0442\u043d\u0430\u044f \u0448\u043a\u0430\u0442\u0443\u043b\u043a\u0430 \u0434\u043b\u044f \u0443\u043a\u0440\u0430\u0448\u0435\u043d\u0438\u0439 \u0441 \u0431\u043e\u043b\u044c\u0448\u0438\u043c \u0437\u0435\u0440\u043a\u0430\u043b\u043e\u043c, \u0431\u0430\u0440\u0445\u0430\u0442\u043d\u043e\u0439 \u043e\u0442\u0434\u0435\u043b\u043a\u043e\u0439 \u0438 \u0437\u0430\u043c\u043a\u043e\u043c. \u041a\u0440\u0430\u0441\u0438\u0432\u044b\u0439 \u0438 \u043f\u0440\u0430\u043a\u0442\u0438\u0447\u043d\u044b\u0439 \u043f\u043e\u0434\u0430\u0440\u043e\u043a \u0434\u043b\u044f \u0436\u0435\u043d\u0449\u0438\u043d.\",\"breadcrumb\":{\"@id\":\"https:\/\/fotoprint.md\/ro\/produs\/shkatulka-ukrasheniy-zerkalo\/#breadcrumb\"},\"inLanguage\":\"ro-RO\",\"potentialAction\":[{\"@type\":\"ReadAction\",\"target\":[\"https:\/\/fotoprint.md\/ro\/produs\/shkatulka-ukrasheniy-zerkalo\/\"]}]},{\"@type\":\"ImageObject\",\"inLanguage\":\"ro-RO\",\"@id\":\"https:\/\/fotoprint.md\/ro\/produs\/shkatulka-ukrasheniy-zerkalo\/#primaryimage\",\"url\":\"https:\/\/fotoprint.md\/wp-content\/uploads\/2025\/12\/cutie-pentru-bijuterii4-1.webp\",\"contentUrl\":\"https:\/\/fotoprint.md\/wp-content\/uploads\/2025\/12\/cutie-pentru-bijuterii4-1.webp\",\"width\":1000,\"height\":1000,\"caption\":\"cutie pentru bijuterii crem, design elegant, cu \u00eencuietoare\"},{\"@type\":\"BreadcrumbList\",\"@id\":\"https:\/\/fotoprint.md\/ro\/produs\/shkatulka-ukrasheniy-zerkalo\/#breadcrumb\",\"itemListElement\":[{\"@type\":\"ListItem\",\"position\":1,\"name\":\"\u0413\u043b\u0430\u0432\u043d\u0430\u044f \u0441\u0442\u0440\u0430\u043d\u0438\u0446\u0430\",\"item\":\"https:\/\/fotoprint.md\/ro\/\"},{\"@type\":\"ListItem\",\"position\":2,\"name\":\"Shop\",\"item\":\"https:\/\/fotoprint.md\/ro\/shop\/\"},{\"@type\":\"ListItem\",\"position\":3,\"name\":\"\u0428\u043a\u0430\u0442\u0443\u043b\u043a\u0430 \u0434\u043b\u044f \u0443\u043a\u0440\u0430\u0448\u0435\u043d\u0438\u0439 \u0441 \u0431\u043e\u043b\u044c\u0448\u0438\u043c \u0437\u0435\u0440\u043a\u0430\u043b\u043e\u043c\"}]},{\"@type\":\"WebSite\",\"@id\":\"https:\/\/fotoprint.md\/#website\",\"url\":\"https:\/\/fotoprint.md\/\",\"name\":\"Fotoprint.md\",\"description\":\"\u0424\u043e\u0442\u043e\u043b\u0430\u0431\u043e\u0440\u0430\u0442\u043e\u0440\u0438\u044f \u041a\u0438\u0448\u0438\u043d\u0435\u0432\",\"publisher\":{\"@id\":\"https:\/\/fotoprint.md\/#organization\"},\"potentialAction\":[{\"@type\":\"SearchAction\",\"target\":{\"@type\":\"EntryPoint\",\"urlTemplate\":\"https:\/\/fotoprint.md\/?s={search_term_string}\"},\"query-input\":{\"@type\":\"PropertyValueSpecification\",\"valueRequired\":true,\"valueName\":\"search_term_string\"}}],\"inLanguage\":\"ro-RO\"},{\"@type\":\"Organization\",\"@id\":\"https:\/\/fotoprint.md\/#organization\",\"name\":\"Fotoprint.md\",\"url\":\"https:\/\/fotoprint.md\/\",\"logo\":{\"@type\":\"ImageObject\",\"inLanguage\":\"ro-RO\",\"@id\":\"https:\/\/fotoprint.md\/#\/schema\/logo\/image\/\",\"url\":\"https:\/\/fotoprint.md\/wp-content\/uploads\/2020\/11\/new_logo_light.png\",\"contentUrl\":\"https:\/\/fotoprint.md\/wp-content\/uploads\/2020\/11\/new_logo_light.png\",\"width\":305,\"height\":43,\"caption\":\"Fotoprint.md\"},\"image\":{\"@id\":\"https:\/\/fotoprint.md\/#\/schema\/logo\/image\/\"},\"sameAs\":[\"https:\/\/www.facebook.com\/fprint.md\/\"]}]}<\/script>\n<!-- \/ Yoast SEO plugin. -->","yoast_head_json":{"title":"\u0428\u043a\u0430\u0442\u0443\u043b\u043a\u0430 \u0434\u043b\u044f \u0443\u043a\u0440\u0430\u0448\u0435\u043d\u0438\u0439 \u0441 \u0431\u043e\u043b\u044c\u0448\u0438\u043c \u0437\u0435\u0440\u043a\u0430\u043b\u043e\u043c - Fotoprint.md","description":"\u042d\u043b\u0435\u0433\u0430\u043d\u0442\u043d\u0430\u044f \u0448\u043a\u0430\u0442\u0443\u043b\u043a\u0430 \u0434\u043b\u044f \u0443\u043a\u0440\u0430\u0448\u0435\u043d\u0438\u0439 \u0441 \u0431\u043e\u043b\u044c\u0448\u0438\u043c \u0437\u0435\u0440\u043a\u0430\u043b\u043e\u043c, \u0431\u0430\u0440\u0445\u0430\u0442\u043d\u043e\u0439 \u043e\u0442\u0434\u0435\u043b\u043a\u043e\u0439 \u0438 \u0437\u0430\u043c\u043a\u043e\u043c. \u041a\u0440\u0430\u0441\u0438\u0432\u044b\u0439 \u0438 \u043f\u0440\u0430\u043a\u0442\u0438\u0447\u043d\u044b\u0439 \u043f\u043e\u0434\u0430\u0440\u043e\u043a \u0434\u043b\u044f \u0436\u0435\u043d\u0449\u0438\u043d.","robots":{"index":"index","follow":"follow","max-snippet":"max-snippet:-1","max-image-preview":"max-image-preview:large","max-video-preview":"max-video-preview:-1"},"canonical":"https:\/\/fotoprint.md\/ro\/produs\/shkatulka-ukrasheniy-zerkalo\/","og_locale":"ro_RO","og_type":"article","og_title":"\u0428\u043a\u0430\u0442\u0443\u043b\u043a\u0430 \u0434\u043b\u044f \u0443\u043a\u0440\u0430\u0448\u0435\u043d\u0438\u0439 \u0441 \u0431\u043e\u043b\u044c\u0448\u0438\u043c \u0437\u0435\u0440\u043a\u0430\u043b\u043e\u043c - Fotoprint.md","og_description":"\u042d\u043b\u0435\u0433\u0430\u043d\u0442\u043d\u0430\u044f \u0448\u043a\u0430\u0442\u0443\u043b\u043a\u0430 \u0434\u043b\u044f \u0443\u043a\u0440\u0430\u0448\u0435\u043d\u0438\u0439 \u0441 \u0431\u043e\u043b\u044c\u0448\u0438\u043c \u0437\u0435\u0440\u043a\u0430\u043b\u043e\u043c, \u0431\u0430\u0440\u0445\u0430\u0442\u043d\u043e\u0439 \u043e\u0442\u0434\u0435\u043b\u043a\u043e\u0439 \u0438 \u0437\u0430\u043c\u043a\u043e\u043c. \u041a\u0440\u0430\u0441\u0438\u0432\u044b\u0439 \u0438 \u043f\u0440\u0430\u043a\u0442\u0438\u0447\u043d\u044b\u0439 \u043f\u043e\u0434\u0430\u0440\u043e\u043a \u0434\u043b\u044f \u0436\u0435\u043d\u0449\u0438\u043d.","og_url":"https:\/\/fotoprint.md\/ro\/produs\/shkatulka-ukrasheniy-zerkalo\/","og_site_name":"Fotoprint.md","article_publisher":"https:\/\/www.facebook.com\/fprint.md\/","og_image":[{"width":1000,"height":1000,"url":"https:\/\/fotoprint.md\/wp-content\/uploads\/2025\/12\/cutie-pentru-bijuterii4-1.webp","type":"image\/webp"}],"twitter_card":"summary_large_image","twitter_misc":{"Timp estimat pentru citire":"1 minut"},"schema":{"@context":"https:\/\/schema.org","@graph":[{"@type":"WebPage","@id":"https:\/\/fotoprint.md\/ro\/produs\/shkatulka-ukrasheniy-zerkalo\/","url":"https:\/\/fotoprint.md\/ro\/produs\/shkatulka-ukrasheniy-zerkalo\/","name":"\u0428\u043a\u0430\u0442\u0443\u043b\u043a\u0430 \u0434\u043b\u044f \u0443\u043a\u0440\u0430\u0448\u0435\u043d\u0438\u0439 \u0441 \u0431\u043e\u043b\u044c\u0448\u0438\u043c \u0437\u0435\u0440\u043a\u0430\u043b\u043e\u043c - Fotoprint.md","isPartOf":{"@id":"https:\/\/fotoprint.md\/#website"},"primaryImageOfPage":{"@id":"https:\/\/fotoprint.md\/ro\/produs\/shkatulka-ukrasheniy-zerkalo\/#primaryimage"},"image":{"@id":"https:\/\/fotoprint.md\/ro\/produs\/shkatulka-ukrasheniy-zerkalo\/#primaryimage"},"thumbnailUrl":"https:\/\/fotoprint.md\/wp-content\/uploads\/2025\/12\/cutie-pentru-bijuterii4-1.webp","datePublished":"2025-12-13T20:11:25+00:00","description":"\u042d\u043b\u0435\u0433\u0430\u043d\u0442\u043d\u0430\u044f \u0448\u043a\u0430\u0442\u0443\u043b\u043a\u0430 \u0434\u043b\u044f \u0443\u043a\u0440\u0430\u0448\u0435\u043d\u0438\u0439 \u0441 \u0431\u043e\u043b\u044c\u0448\u0438\u043c \u0437\u0435\u0440\u043a\u0430\u043b\u043e\u043c, \u0431\u0430\u0440\u0445\u0430\u0442\u043d\u043e\u0439 \u043e\u0442\u0434\u0435\u043b\u043a\u043e\u0439 \u0438 \u0437\u0430\u043c\u043a\u043e\u043c. \u041a\u0440\u0430\u0441\u0438\u0432\u044b\u0439 \u0438 \u043f\u0440\u0430\u043a\u0442\u0438\u0447\u043d\u044b\u0439 \u043f\u043e\u0434\u0430\u0440\u043e\u043a \u0434\u043b\u044f \u0436\u0435\u043d\u0449\u0438\u043d.","breadcrumb":{"@id":"https:\/\/fotoprint.md\/ro\/produs\/shkatulka-ukrasheniy-zerkalo\/#breadcrumb"},"inLanguage":"ro-RO","potentialAction":[{"@type":"ReadAction","target":["https:\/\/fotoprint.md\/ro\/produs\/shkatulka-ukrasheniy-zerkalo\/"]}]},{"@type":"ImageObject","inLanguage":"ro-RO","@id":"https:\/\/fotoprint.md\/ro\/produs\/shkatulka-ukrasheniy-zerkalo\/#primaryimage","url":"https:\/\/fotoprint.md\/wp-content\/uploads\/2025\/12\/cutie-pentru-bijuterii4-1.webp","contentUrl":"https:\/\/fotoprint.md\/wp-content\/uploads\/2025\/12\/cutie-pentru-bijuterii4-1.webp","width":1000,"height":1000,"caption":"cutie pentru bijuterii crem, design elegant, cu \u00eencuietoare"},{"@type":"BreadcrumbList","@id":"https:\/\/fotoprint.md\/ro\/produs\/shkatulka-ukrasheniy-zerkalo\/#breadcrumb","itemListElement":[{"@type":"ListItem","position":1,"name":"\u0413\u043b\u0430\u0432\u043d\u0430\u044f \u0441\u0442\u0440\u0430\u043d\u0438\u0446\u0430","item":"https:\/\/fotoprint.md\/ro\/"},{"@type":"ListItem","position":2,"name":"Shop","item":"https:\/\/fotoprint.md\/ro\/shop\/"},{"@type":"ListItem","position":3,"name":"\u0428\u043a\u0430\u0442\u0443\u043b\u043a\u0430 \u0434\u043b\u044f \u0443\u043a\u0440\u0430\u0448\u0435\u043d\u0438\u0439 \u0441 \u0431\u043e\u043b\u044c\u0448\u0438\u043c \u0437\u0435\u0440\u043a\u0430\u043b\u043e\u043c"}]},{"@type":"WebSite","@id":"https:\/\/fotoprint.md\/#website","url":"https:\/\/fotoprint.md\/","name":"Fotoprint.md","description":"Laborator FOTO Chi\u0219in\u0103u","publisher":{"@id":"https:\/\/fotoprint.md\/#organization"},"potentialAction":[{"@type":"SearchAction","target":{"@type":"EntryPoint","urlTemplate":"https:\/\/fotoprint.md\/?s={search_term_string}"},"query-input":{"@type":"PropertyValueSpecification","valueRequired":true,"valueName":"search_term_string"}}],"inLanguage":"ro-RO"},{"@type":"Organization","@id":"https:\/\/fotoprint.md\/#organization","name":"Fotoprint.md","url":"https:\/\/fotoprint.md\/","logo":{"@type":"ImageObject","inLanguage":"ro-RO","@id":"https:\/\/fotoprint.md\/#\/schema\/logo\/image\/","url":"https:\/\/fotoprint.md\/wp-content\/uploads\/2020\/11\/new_logo_light.png","contentUrl":"https:\/\/fotoprint.md\/wp-content\/uploads\/2020\/11\/new_logo_light.png","width":305,"height":43,"caption":"Fotoprint.md"},"image":{"@id":"https:\/\/fotoprint.md\/#\/schema\/logo\/image\/"},"sameAs":["https:\/\/www.facebook.com\/fprint.md\/"]}]}},"tiered_pricing_type":"fixed","tiered_pricing_fixed_rules":[],"tiered_pricing_product_settings":{"layout":"default","base_unit_name":{"singular":null,"plural":null},"default_variation":null},"tiered_pricing_minimum_quantity":null,"tiered_pricing_roles_data":[],"tiered_pricing_percentage_rules":[],"_links":{"self":[{"href":"https:\/\/fotoprint.md\/ro\/wp-json\/wp\/v2\/product\/3970","targetHints":{"allow":["GET"]}}],"collection":[{"href":"https:\/\/fotoprint.md\/ro\/wp-json\/wp\/v2\/product"}],"about":[{"href":"https:\/\/fotoprint.md\/ro\/wp-json\/wp\/v2\/types\/product"}],"wp:featuredmedia":[{"embeddable":true,"href":"https:\/\/fotoprint.md\/ro\/wp-json\/wp\/v2\/media\/3972"}],"wp:attachment":[{"href":"https:\/\/fotoprint.md\/ro\/wp-json\/wp\/v2\/media?parent=3970"}],"wp:term":[{"taxonomy":"product_brand","embeddable":true,"href":"https:\/\/fotoprint.md\/ro\/wp-json\/wp\/v2\/product_brand?post=3970"},{"taxonomy":"product_cat","embeddable":true,"href":"https:\/\/fotoprint.md\/ro\/wp-json\/wp\/v2\/product_cat?post=3970"},{"taxonomy":"product_tag","embeddable":true,"href":"https:\/\/fotoprint.md\/ro\/wp-json\/wp\/v2\/product_tag?post=3970"}],"curies":[{"name":"wp","href":"https:\/\/api.w.org\/{rel}","templated":true}]}}