{"id":3963,"date":"2025-12-13T21:55:53","date_gmt":"2025-12-13T19:55:53","guid":{"rendered":"https:\/\/fotoprint.md\/?post_type=product&#038;p=3963"},"modified":"2025-12-13T21:55:53","modified_gmt":"2025-12-13T19:55:53","slug":"shkatulka-dlya-ukrasheniy-2","status":"publish","type":"product","link":"https:\/\/fotoprint.md\/ro\/produs\/shkatulka-dlya-ukrasheniy-2\/","title":{"rendered":"Cutie pentru bijuterii cu cheie"},"content":{"rendered":"<p>Cutie elegant\u0103 alb\u0103 pentru bijuterii, cu finisaj tip piele \u0219i c\u0103ptu\u0219eal\u0103 interioar\u0103 moale. Se \u00eenchide cu cheie. O solu\u021bie ideal\u0103 pentru p\u0103strarea bijuteriilor \u0219i un cadou stilat.<\/p>","protected":false},"excerpt":{"rendered":"<p data-start=\"579\" data-end=\"887\">Cutie \u00eenc\u0103p\u0103toare cu finisaj exterior <em data-start=\"621\" data-end=\"631\">tip piele<\/em> \u0219i cu c\u0103ptu\u0219eal\u0103 interioar\u0103 moale din catifea. Organizare bine g\u00e2ndit\u0103: compartimente pentru inele, cercei, br\u0103\u021b\u0103ri, ceasuri \u0219i pandantive. Compartimentul central se \u00eenchide cu capac, iar \u00eentreaga cutie se \u00eencuie cu cheie. Sub capac sunt amplasate suporturi pentru cercei \u0219i un buzunar din plas\u0103.<\/p>\n<ul data-start=\"910\" data-end=\"1131\">\n<li data-start=\"910\" data-end=\"938\">\n<p data-start=\"912\" data-end=\"938\">\u00cenveli\u0219 exterior tip piele<\/p>\n<\/li>\n<li data-start=\"939\" data-end=\"968\">\n<p data-start=\"941\" data-end=\"968\">Material interioar moale<\/p>\n<\/li>\n<li data-start=\"969\" data-end=\"1006\">\n<p data-start=\"971\" data-end=\"1006\">Se \u00eenchide cu cheie metalic\u0103<\/p>\n<\/li>\n<li data-start=\"1007\" data-end=\"1057\">\n<p data-start=\"1009\" data-end=\"1057\">Numeroase compartimente pentru diferite tipuri de bijuterii<\/p>\n<\/li>\n<li data-start=\"1058\" data-end=\"1106\">\n<p data-start=\"1060\" data-end=\"1106\">Culoare alb\u0103 elegant\u0103 \u0219i feronerie aurie<\/p>\n<\/li>\n<li data-start=\"1107\" data-end=\"1131\">\n<p data-start=\"1109\" data-end=\"1131\">Cadou potrivit<\/p>\n<\/li>\n<\/ul>","protected":false},"featured_media":3965,"template":"","meta":[],"product_brand":[],"product_cat":[189],"product_tag":[],"class_list":{"0":"post-3963","1":"product","2":"type-product","3":"status-publish","4":"has-post-thumbnail","6":"product_cat-cutii-bijuterii","8":"first","9":"instock","10":"sale","11":"shipping-taxable","12":"purchasable","13":"product-type-simple"},"yoast_head":"<!-- This site is optimized with the Yoast SEO plugin v26.7 - https:\/\/yoast.com\/wordpress\/plugins\/seo\/ -->\n<title>\u0428\u043a\u0430\u0442\u0443\u043b\u043a\u0430 \u0434\u043b\u044f \u0443\u043a\u0440\u0430\u0448\u0435\u043d\u0438\u0439 \u0441 \u043a\u043b\u044e\u0447\u043e\u043c - Fotoprint.md<\/title>\n<meta name=\"description\" content=\"\u0411\u0435\u043b\u0430\u044f \u0448\u043a\u0430\u0442\u0443\u043b\u043a\u0430 \u0434\u043b\u044f \u0443\u043a\u0440\u0430\u0448\u0435\u043d\u0438\u0439 \u0441 \u043e\u0442\u0434\u0435\u043b\u0435\u043d\u0438\u044f\u043c\u0438, \u043e\u0431\u0438\u0432\u043a\u043e\u0439 \u043f\u043e\u0434 \u043a\u043e\u0436\u0443 \u0438 \u0437\u0430\u043c\u043a\u043e\u043c \u043d\u0430 \u043a\u043b\u044e\u0447. \u0421\u0442\u0438\u043b\u044c\u043d\u044b\u0439 \u0438 \u0443\u0434\u043e\u0431\u043d\u044b\u0439 \u0430\u043a\u0441\u0435\u0441\u0441\u0443\u0430\u0440 \u0434\u043b\u044f \u0445\u0440\u0430\u043d\u0435\u043d\u0438\u044f.\" \/>\n<meta name=\"robots\" content=\"index, follow, max-snippet:-1, max-image-preview:large, max-video-preview:-1\" \/>\n<link rel=\"canonical\" href=\"https:\/\/fotoprint.md\/ro\/produs\/shkatulka-dlya-ukrasheniy-2\/\" \/>\n<meta property=\"og:locale\" content=\"ro_RO\" \/>\n<meta property=\"og:type\" content=\"article\" \/>\n<meta property=\"og:title\" content=\"\u0428\u043a\u0430\u0442\u0443\u043b\u043a\u0430 \u0434\u043b\u044f \u0443\u043a\u0440\u0430\u0448\u0435\u043d\u0438\u0439 \u0441 \u043a\u043b\u044e\u0447\u043e\u043c - Fotoprint.md\" \/>\n<meta property=\"og:description\" content=\"\u0411\u0435\u043b\u0430\u044f \u0448\u043a\u0430\u0442\u0443\u043b\u043a\u0430 \u0434\u043b\u044f \u0443\u043a\u0440\u0430\u0448\u0435\u043d\u0438\u0439 \u0441 \u043e\u0442\u0434\u0435\u043b\u0435\u043d\u0438\u044f\u043c\u0438, \u043e\u0431\u0438\u0432\u043a\u043e\u0439 \u043f\u043e\u0434 \u043a\u043e\u0436\u0443 \u0438 \u0437\u0430\u043c\u043a\u043e\u043c \u043d\u0430 \u043a\u043b\u044e\u0447. \u0421\u0442\u0438\u043b\u044c\u043d\u044b\u0439 \u0438 \u0443\u0434\u043e\u0431\u043d\u044b\u0439 \u0430\u043a\u0441\u0435\u0441\u0441\u0443\u0430\u0440 \u0434\u043b\u044f \u0445\u0440\u0430\u043d\u0435\u043d\u0438\u044f.\" \/>\n<meta property=\"og:url\" content=\"https:\/\/fotoprint.md\/ro\/produs\/shkatulka-dlya-ukrasheniy-2\/\" \/>\n<meta property=\"og:site_name\" content=\"Fotoprint.md\" \/>\n<meta property=\"article:publisher\" content=\"https:\/\/www.facebook.com\/fprint.md\/\" \/>\n<meta property=\"og:image\" content=\"https:\/\/fotoprint.md\/wp-content\/uploads\/2025\/12\/cutie-pentru-bijuterii2-3.webp\" \/>\n\t<meta property=\"og:image:width\" content=\"1000\" \/>\n\t<meta property=\"og:image:height\" content=\"1000\" \/>\n\t<meta property=\"og:image:type\" content=\"image\/webp\" \/>\n<meta name=\"twitter:card\" content=\"summary_large_image\" \/>\n<meta name=\"twitter:label1\" content=\"Timp estimat pentru citire\" \/>\n\t<meta name=\"twitter:data1\" content=\"1 minut\" \/>\n<script type=\"application\/ld+json\" class=\"yoast-schema-graph\">{\"@context\":\"https:\/\/schema.org\",\"@graph\":[{\"@type\":\"WebPage\",\"@id\":\"https:\/\/fotoprint.md\/ro\/produs\/shkatulka-dlya-ukrasheniy-2\/\",\"url\":\"https:\/\/fotoprint.md\/ro\/produs\/shkatulka-dlya-ukrasheniy-2\/\",\"name\":\"\u0428\u043a\u0430\u0442\u0443\u043b\u043a\u0430 \u0434\u043b\u044f \u0443\u043a\u0440\u0430\u0448\u0435\u043d\u0438\u0439 \u0441 \u043a\u043b\u044e\u0447\u043e\u043c - Fotoprint.md\",\"isPartOf\":{\"@id\":\"https:\/\/fotoprint.md\/#website\"},\"primaryImageOfPage\":{\"@id\":\"https:\/\/fotoprint.md\/ro\/produs\/shkatulka-dlya-ukrasheniy-2\/#primaryimage\"},\"image\":{\"@id\":\"https:\/\/fotoprint.md\/ro\/produs\/shkatulka-dlya-ukrasheniy-2\/#primaryimage\"},\"thumbnailUrl\":\"https:\/\/fotoprint.md\/wp-content\/uploads\/2025\/12\/cutie-pentru-bijuterii2-3.webp\",\"datePublished\":\"2025-12-13T19:55:53+00:00\",\"description\":\"\u0411\u0435\u043b\u0430\u044f \u0448\u043a\u0430\u0442\u0443\u043b\u043a\u0430 \u0434\u043b\u044f \u0443\u043a\u0440\u0430\u0448\u0435\u043d\u0438\u0439 \u0441 \u043e\u0442\u0434\u0435\u043b\u0435\u043d\u0438\u044f\u043c\u0438, \u043e\u0431\u0438\u0432\u043a\u043e\u0439 \u043f\u043e\u0434 \u043a\u043e\u0436\u0443 \u0438 \u0437\u0430\u043c\u043a\u043e\u043c \u043d\u0430 \u043a\u043b\u044e\u0447. \u0421\u0442\u0438\u043b\u044c\u043d\u044b\u0439 \u0438 \u0443\u0434\u043e\u0431\u043d\u044b\u0439 \u0430\u043a\u0441\u0435\u0441\u0441\u0443\u0430\u0440 \u0434\u043b\u044f \u0445\u0440\u0430\u043d\u0435\u043d\u0438\u044f.\",\"breadcrumb\":{\"@id\":\"https:\/\/fotoprint.md\/ro\/produs\/shkatulka-dlya-ukrasheniy-2\/#breadcrumb\"},\"inLanguage\":\"ro-RO\",\"potentialAction\":[{\"@type\":\"ReadAction\",\"target\":[\"https:\/\/fotoprint.md\/ro\/produs\/shkatulka-dlya-ukrasheniy-2\/\"]}]},{\"@type\":\"ImageObject\",\"inLanguage\":\"ro-RO\",\"@id\":\"https:\/\/fotoprint.md\/ro\/produs\/shkatulka-dlya-ukrasheniy-2\/#primaryimage\",\"url\":\"https:\/\/fotoprint.md\/wp-content\/uploads\/2025\/12\/cutie-pentru-bijuterii2-3.webp\",\"contentUrl\":\"https:\/\/fotoprint.md\/wp-content\/uploads\/2025\/12\/cutie-pentru-bijuterii2-3.webp\",\"width\":1000,\"height\":1000,\"caption\":\"cutie pentru bijuterii alb\u0103, exterior tip piele, cu \u00eenchidere cu cheie\"},{\"@type\":\"BreadcrumbList\",\"@id\":\"https:\/\/fotoprint.md\/ro\/produs\/shkatulka-dlya-ukrasheniy-2\/#breadcrumb\",\"itemListElement\":[{\"@type\":\"ListItem\",\"position\":1,\"name\":\"\u0413\u043b\u0430\u0432\u043d\u0430\u044f \u0441\u0442\u0440\u0430\u043d\u0438\u0446\u0430\",\"item\":\"https:\/\/fotoprint.md\/ro\/\"},{\"@type\":\"ListItem\",\"position\":2,\"name\":\"Shop\",\"item\":\"https:\/\/fotoprint.md\/ro\/shop\/\"},{\"@type\":\"ListItem\",\"position\":3,\"name\":\"\u0428\u043a\u0430\u0442\u0443\u043b\u043a\u0430 \u0434\u043b\u044f \u0443\u043a\u0440\u0430\u0448\u0435\u043d\u0438\u0439 \u0441 \u043a\u043b\u044e\u0447\u043e\u043c\"}]},{\"@type\":\"WebSite\",\"@id\":\"https:\/\/fotoprint.md\/#website\",\"url\":\"https:\/\/fotoprint.md\/\",\"name\":\"Fotoprint.md\",\"description\":\"\u0424\u043e\u0442\u043e\u043b\u0430\u0431\u043e\u0440\u0430\u0442\u043e\u0440\u0438\u044f \u041a\u0438\u0448\u0438\u043d\u0435\u0432\",\"publisher\":{\"@id\":\"https:\/\/fotoprint.md\/#organization\"},\"potentialAction\":[{\"@type\":\"SearchAction\",\"target\":{\"@type\":\"EntryPoint\",\"urlTemplate\":\"https:\/\/fotoprint.md\/?s={search_term_string}\"},\"query-input\":{\"@type\":\"PropertyValueSpecification\",\"valueRequired\":true,\"valueName\":\"search_term_string\"}}],\"inLanguage\":\"ro-RO\"},{\"@type\":\"Organization\",\"@id\":\"https:\/\/fotoprint.md\/#organization\",\"name\":\"Fotoprint.md\",\"url\":\"https:\/\/fotoprint.md\/\",\"logo\":{\"@type\":\"ImageObject\",\"inLanguage\":\"ro-RO\",\"@id\":\"https:\/\/fotoprint.md\/#\/schema\/logo\/image\/\",\"url\":\"https:\/\/fotoprint.md\/wp-content\/uploads\/2020\/11\/new_logo_light.png\",\"contentUrl\":\"https:\/\/fotoprint.md\/wp-content\/uploads\/2020\/11\/new_logo_light.png\",\"width\":305,\"height\":43,\"caption\":\"Fotoprint.md\"},\"image\":{\"@id\":\"https:\/\/fotoprint.md\/#\/schema\/logo\/image\/\"},\"sameAs\":[\"https:\/\/www.facebook.com\/fprint.md\/\"]}]}<\/script>\n<!-- \/ Yoast SEO plugin. -->","yoast_head_json":{"title":"\u0428\u043a\u0430\u0442\u0443\u043b\u043a\u0430 \u0434\u043b\u044f \u0443\u043a\u0440\u0430\u0448\u0435\u043d\u0438\u0439 \u0441 \u043a\u043b\u044e\u0447\u043e\u043c - Fotoprint.md","description":"\u0411\u0435\u043b\u0430\u044f \u0448\u043a\u0430\u0442\u0443\u043b\u043a\u0430 \u0434\u043b\u044f \u0443\u043a\u0440\u0430\u0448\u0435\u043d\u0438\u0439 \u0441 \u043e\u0442\u0434\u0435\u043b\u0435\u043d\u0438\u044f\u043c\u0438, \u043e\u0431\u0438\u0432\u043a\u043e\u0439 \u043f\u043e\u0434 \u043a\u043e\u0436\u0443 \u0438 \u0437\u0430\u043c\u043a\u043e\u043c \u043d\u0430 \u043a\u043b\u044e\u0447. \u0421\u0442\u0438\u043b\u044c\u043d\u044b\u0439 \u0438 \u0443\u0434\u043e\u0431\u043d\u044b\u0439 \u0430\u043a\u0441\u0435\u0441\u0441\u0443\u0430\u0440 \u0434\u043b\u044f \u0445\u0440\u0430\u043d\u0435\u043d\u0438\u044f.","robots":{"index":"index","follow":"follow","max-snippet":"max-snippet:-1","max-image-preview":"max-image-preview:large","max-video-preview":"max-video-preview:-1"},"canonical":"https:\/\/fotoprint.md\/ro\/produs\/shkatulka-dlya-ukrasheniy-2\/","og_locale":"ro_RO","og_type":"article","og_title":"\u0428\u043a\u0430\u0442\u0443\u043b\u043a\u0430 \u0434\u043b\u044f \u0443\u043a\u0440\u0430\u0448\u0435\u043d\u0438\u0439 \u0441 \u043a\u043b\u044e\u0447\u043e\u043c - Fotoprint.md","og_description":"\u0411\u0435\u043b\u0430\u044f \u0448\u043a\u0430\u0442\u0443\u043b\u043a\u0430 \u0434\u043b\u044f \u0443\u043a\u0440\u0430\u0448\u0435\u043d\u0438\u0439 \u0441 \u043e\u0442\u0434\u0435\u043b\u0435\u043d\u0438\u044f\u043c\u0438, \u043e\u0431\u0438\u0432\u043a\u043e\u0439 \u043f\u043e\u0434 \u043a\u043e\u0436\u0443 \u0438 \u0437\u0430\u043c\u043a\u043e\u043c \u043d\u0430 \u043a\u043b\u044e\u0447. \u0421\u0442\u0438\u043b\u044c\u043d\u044b\u0439 \u0438 \u0443\u0434\u043e\u0431\u043d\u044b\u0439 \u0430\u043a\u0441\u0435\u0441\u0441\u0443\u0430\u0440 \u0434\u043b\u044f \u0445\u0440\u0430\u043d\u0435\u043d\u0438\u044f.","og_url":"https:\/\/fotoprint.md\/ro\/produs\/shkatulka-dlya-ukrasheniy-2\/","og_site_name":"Fotoprint.md","article_publisher":"https:\/\/www.facebook.com\/fprint.md\/","og_image":[{"width":1000,"height":1000,"url":"https:\/\/fotoprint.md\/wp-content\/uploads\/2025\/12\/cutie-pentru-bijuterii2-3.webp","type":"image\/webp"}],"twitter_card":"summary_large_image","twitter_misc":{"Timp estimat pentru citire":"1 minut"},"schema":{"@context":"https:\/\/schema.org","@graph":[{"@type":"WebPage","@id":"https:\/\/fotoprint.md\/ro\/produs\/shkatulka-dlya-ukrasheniy-2\/","url":"https:\/\/fotoprint.md\/ro\/produs\/shkatulka-dlya-ukrasheniy-2\/","name":"\u0428\u043a\u0430\u0442\u0443\u043b\u043a\u0430 \u0434\u043b\u044f \u0443\u043a\u0440\u0430\u0448\u0435\u043d\u0438\u0439 \u0441 \u043a\u043b\u044e\u0447\u043e\u043c - Fotoprint.md","isPartOf":{"@id":"https:\/\/fotoprint.md\/#website"},"primaryImageOfPage":{"@id":"https:\/\/fotoprint.md\/ro\/produs\/shkatulka-dlya-ukrasheniy-2\/#primaryimage"},"image":{"@id":"https:\/\/fotoprint.md\/ro\/produs\/shkatulka-dlya-ukrasheniy-2\/#primaryimage"},"thumbnailUrl":"https:\/\/fotoprint.md\/wp-content\/uploads\/2025\/12\/cutie-pentru-bijuterii2-3.webp","datePublished":"2025-12-13T19:55:53+00:00","description":"\u0411\u0435\u043b\u0430\u044f \u0448\u043a\u0430\u0442\u0443\u043b\u043a\u0430 \u0434\u043b\u044f \u0443\u043a\u0440\u0430\u0448\u0435\u043d\u0438\u0439 \u0441 \u043e\u0442\u0434\u0435\u043b\u0435\u043d\u0438\u044f\u043c\u0438, \u043e\u0431\u0438\u0432\u043a\u043e\u0439 \u043f\u043e\u0434 \u043a\u043e\u0436\u0443 \u0438 \u0437\u0430\u043c\u043a\u043e\u043c \u043d\u0430 \u043a\u043b\u044e\u0447. \u0421\u0442\u0438\u043b\u044c\u043d\u044b\u0439 \u0438 \u0443\u0434\u043e\u0431\u043d\u044b\u0439 \u0430\u043a\u0441\u0435\u0441\u0441\u0443\u0430\u0440 \u0434\u043b\u044f \u0445\u0440\u0430\u043d\u0435\u043d\u0438\u044f.","breadcrumb":{"@id":"https:\/\/fotoprint.md\/ro\/produs\/shkatulka-dlya-ukrasheniy-2\/#breadcrumb"},"inLanguage":"ro-RO","potentialAction":[{"@type":"ReadAction","target":["https:\/\/fotoprint.md\/ro\/produs\/shkatulka-dlya-ukrasheniy-2\/"]}]},{"@type":"ImageObject","inLanguage":"ro-RO","@id":"https:\/\/fotoprint.md\/ro\/produs\/shkatulka-dlya-ukrasheniy-2\/#primaryimage","url":"https:\/\/fotoprint.md\/wp-content\/uploads\/2025\/12\/cutie-pentru-bijuterii2-3.webp","contentUrl":"https:\/\/fotoprint.md\/wp-content\/uploads\/2025\/12\/cutie-pentru-bijuterii2-3.webp","width":1000,"height":1000,"caption":"cutie pentru bijuterii alb\u0103, exterior tip piele, cu \u00eenchidere cu cheie"},{"@type":"BreadcrumbList","@id":"https:\/\/fotoprint.md\/ro\/produs\/shkatulka-dlya-ukrasheniy-2\/#breadcrumb","itemListElement":[{"@type":"ListItem","position":1,"name":"\u0413\u043b\u0430\u0432\u043d\u0430\u044f \u0441\u0442\u0440\u0430\u043d\u0438\u0446\u0430","item":"https:\/\/fotoprint.md\/ro\/"},{"@type":"ListItem","position":2,"name":"Shop","item":"https:\/\/fotoprint.md\/ro\/shop\/"},{"@type":"ListItem","position":3,"name":"\u0428\u043a\u0430\u0442\u0443\u043b\u043a\u0430 \u0434\u043b\u044f \u0443\u043a\u0440\u0430\u0448\u0435\u043d\u0438\u0439 \u0441 \u043a\u043b\u044e\u0447\u043e\u043c"}]},{"@type":"WebSite","@id":"https:\/\/fotoprint.md\/#website","url":"https:\/\/fotoprint.md\/","name":"Fotoprint.md","description":"Laborator FOTO Chi\u0219in\u0103u","publisher":{"@id":"https:\/\/fotoprint.md\/#organization"},"potentialAction":[{"@type":"SearchAction","target":{"@type":"EntryPoint","urlTemplate":"https:\/\/fotoprint.md\/?s={search_term_string}"},"query-input":{"@type":"PropertyValueSpecification","valueRequired":true,"valueName":"search_term_string"}}],"inLanguage":"ro-RO"},{"@type":"Organization","@id":"https:\/\/fotoprint.md\/#organization","name":"Fotoprint.md","url":"https:\/\/fotoprint.md\/","logo":{"@type":"ImageObject","inLanguage":"ro-RO","@id":"https:\/\/fotoprint.md\/#\/schema\/logo\/image\/","url":"https:\/\/fotoprint.md\/wp-content\/uploads\/2020\/11\/new_logo_light.png","contentUrl":"https:\/\/fotoprint.md\/wp-content\/uploads\/2020\/11\/new_logo_light.png","width":305,"height":43,"caption":"Fotoprint.md"},"image":{"@id":"https:\/\/fotoprint.md\/#\/schema\/logo\/image\/"},"sameAs":["https:\/\/www.facebook.com\/fprint.md\/"]}]}},"tiered_pricing_type":"fixed","tiered_pricing_fixed_rules":[],"tiered_pricing_product_settings":{"layout":"default","base_unit_name":{"singular":null,"plural":null},"default_variation":null},"tiered_pricing_minimum_quantity":null,"tiered_pricing_roles_data":[],"tiered_pricing_percentage_rules":[],"_links":{"self":[{"href":"https:\/\/fotoprint.md\/ro\/wp-json\/wp\/v2\/product\/3963","targetHints":{"allow":["GET"]}}],"collection":[{"href":"https:\/\/fotoprint.md\/ro\/wp-json\/wp\/v2\/product"}],"about":[{"href":"https:\/\/fotoprint.md\/ro\/wp-json\/wp\/v2\/types\/product"}],"wp:featuredmedia":[{"embeddable":true,"href":"https:\/\/fotoprint.md\/ro\/wp-json\/wp\/v2\/media\/3965"}],"wp:attachment":[{"href":"https:\/\/fotoprint.md\/ro\/wp-json\/wp\/v2\/media?parent=3963"}],"wp:term":[{"taxonomy":"product_brand","embeddable":true,"href":"https:\/\/fotoprint.md\/ro\/wp-json\/wp\/v2\/product_brand?post=3963"},{"taxonomy":"product_cat","embeddable":true,"href":"https:\/\/fotoprint.md\/ro\/wp-json\/wp\/v2\/product_cat?post=3963"},{"taxonomy":"product_tag","embeddable":true,"href":"https:\/\/fotoprint.md\/ro\/wp-json\/wp\/v2\/product_tag?post=3963"}],"curies":[{"name":"wp","href":"https:\/\/api.w.org\/{rel}","templated":true}]}}