{"id":3955,"date":"2025-12-13T21:32:21","date_gmt":"2025-12-13T19:32:21","guid":{"rendered":"https:\/\/fotoprint.md\/?post_type=product&#038;p=3955"},"modified":"2025-12-13T21:32:21","modified_gmt":"2025-12-13T19:32:21","slug":"pokernyy-nabor-500-fishek","status":"publish","type":"product","link":"https:\/\/fotoprint.md\/ro\/produs\/pokernyy-nabor-500-fishek\/","title":{"rendered":"Set de poker cu 500 de jetoane"},"content":{"rendered":"<p>Set de poker profesional cu 500 de jetoane: dou\u0103 pachete de c\u0103r\u021bi, postav, jetoane blind \u0219i o cutie metalic\u0103 mare. Ideal pentru jocuri acas\u0103, turnee \u0219i cadouri.<\/p>","protected":false},"excerpt":{"rendered":"<p data-start=\"585\" data-end=\"882\">Setul include 500 de jetoane de calitate, cu diferite valori nominale, dou\u0103 pachete de c\u0103r\u021bi de joc, postav textil \u0219i jetoane DEALER \/ SMALL BLIND \/ BIG BLIND. Jetoanele sunt fa\u021b\u0103-verso, dense, cu o greutate confortabil\u0103. Valiza metalic\u0103 protejeaz\u0103 \u00een siguran\u021b\u0103 setul \u0219i este comod\u0103 pentru transport. Potrivit pentru amatori \u0219i juc\u0103tori \u00eencep\u0103tori.<\/p>\n<ul data-start=\"907\" data-end=\"1066\">\n<li data-start=\"907\" data-end=\"935\">\n<p data-start=\"909\" data-end=\"935\">Jetoane de poker \u2014 500 buc.<\/p>\n<\/li>\n<li data-start=\"936\" data-end=\"966\">\n<p data-start=\"938\" data-end=\"966\">C\u0103r\u021bi de joc \u2014 2 pachete<\/p>\n<\/li>\n<li data-start=\"967\" data-end=\"1008\">\n<p data-start=\"969\" data-end=\"1008\">Jetoane: DEALER, SMALL BLIND, BIG BLIND<\/p>\n<\/li>\n<li data-start=\"1009\" data-end=\"1035\">\n<p data-start=\"1011\" data-end=\"1035\">Postav verde pentru poker<\/p>\n<\/li>\n<li data-start=\"1036\" data-end=\"1066\">\n<p data-start=\"1038\" data-end=\"1066\">Cutie metalic\u0103 pentru depozitare<\/p>\n<\/li>\n<\/ul>","protected":false},"featured_media":3956,"template":"","meta":[],"product_brand":[],"product_cat":[188],"product_tag":[],"class_list":{"0":"post-3955","1":"product","2":"type-product","3":"status-publish","4":"has-post-thumbnail","6":"product_cat-poker-set","8":"first","9":"instock","10":"sale","11":"shipping-taxable","12":"purchasable","13":"product-type-simple"},"yoast_head":"<!-- This site is optimized with the Yoast SEO plugin v26.7 - https:\/\/yoast.com\/wordpress\/plugins\/seo\/ -->\n<title>\u041f\u043e\u043a\u0435\u0440\u043d\u044b\u0439 \u043d\u0430\u0431\u043e\u0440 500 \u0444\u0438\u0448\u0435\u043a - Fotoprint.md<\/title>\n<meta name=\"description\" content=\"\u041f\u043e\u043a\u0435\u0440\u043d\u044b\u0439 \u043d\u0430\u0431\u043e\u0440 \u043d\u0430 500 \u0444\u0438\u0448\u0435\u043a: \u043a\u0430\u0440\u0442\u044b, \u0441\u0443\u043a\u043d\u043e \u0438 \u043c\u0435\u0442\u0430\u043b\u043b\u0438\u0447\u0435\u0441\u043a\u0438\u0439 \u043a\u0435\u0439\u0441. \u041f\u043e\u043b\u043d\u044b\u0439 \u043a\u043e\u043c\u043f\u043b\u0435\u043a\u0442 \u0434\u043b\u044f \u0434\u043e\u043c\u0430\u0448\u043d\u0435\u0439 \u0438\u0433\u0440\u044b \u0438 \u0442\u0443\u0440\u043d\u0438\u0440\u043e\u0432. \u041e\u0442\u043b\u0438\u0447\u043d\u044b\u0439 \u043f\u043e\u0434\u0430\u0440\u043e\u043a \u0434\u043b\u044f \u043b\u044e\u0431\u0438\u0442\u0435\u043b\u0435\u0439 \u043f\u043e\u043a\u0435\u0440\u0430.\" \/>\n<meta name=\"robots\" content=\"index, follow, max-snippet:-1, max-image-preview:large, max-video-preview:-1\" \/>\n<link rel=\"canonical\" href=\"https:\/\/fotoprint.md\/ro\/produs\/pokernyy-nabor-500-fishek\/\" \/>\n<meta property=\"og:locale\" content=\"ro_RO\" \/>\n<meta property=\"og:type\" content=\"article\" \/>\n<meta property=\"og:title\" content=\"\u041f\u043e\u043a\u0435\u0440\u043d\u044b\u0439 \u043d\u0430\u0431\u043e\u0440 500 \u0444\u0438\u0448\u0435\u043a - Fotoprint.md\" \/>\n<meta property=\"og:description\" content=\"\u041f\u043e\u043a\u0435\u0440\u043d\u044b\u0439 \u043d\u0430\u0431\u043e\u0440 \u043d\u0430 500 \u0444\u0438\u0448\u0435\u043a: \u043a\u0430\u0440\u0442\u044b, \u0441\u0443\u043a\u043d\u043e \u0438 \u043c\u0435\u0442\u0430\u043b\u043b\u0438\u0447\u0435\u0441\u043a\u0438\u0439 \u043a\u0435\u0439\u0441. \u041f\u043e\u043b\u043d\u044b\u0439 \u043a\u043e\u043c\u043f\u043b\u0435\u043a\u0442 \u0434\u043b\u044f \u0434\u043e\u043c\u0430\u0448\u043d\u0435\u0439 \u0438\u0433\u0440\u044b \u0438 \u0442\u0443\u0440\u043d\u0438\u0440\u043e\u0432. \u041e\u0442\u043b\u0438\u0447\u043d\u044b\u0439 \u043f\u043e\u0434\u0430\u0440\u043e\u043a \u0434\u043b\u044f \u043b\u044e\u0431\u0438\u0442\u0435\u043b\u0435\u0439 \u043f\u043e\u043a\u0435\u0440\u0430.\" \/>\n<meta property=\"og:url\" content=\"https:\/\/fotoprint.md\/ro\/produs\/pokernyy-nabor-500-fishek\/\" \/>\n<meta property=\"og:site_name\" content=\"Fotoprint.md\" \/>\n<meta property=\"article:publisher\" content=\"https:\/\/www.facebook.com\/fprint.md\/\" \/>\n<meta property=\"og:image\" content=\"https:\/\/fotoprint.md\/wp-content\/uploads\/2025\/12\/set-poker-500buc-2.webp\" \/>\n\t<meta property=\"og:image:width\" content=\"1000\" \/>\n\t<meta property=\"og:image:height\" content=\"1000\" \/>\n\t<meta property=\"og:image:type\" content=\"image\/webp\" \/>\n<meta name=\"twitter:card\" content=\"summary_large_image\" \/>\n<meta name=\"twitter:label1\" content=\"Timp estimat pentru citire\" \/>\n\t<meta name=\"twitter:data1\" content=\"1 minut\" \/>\n<script type=\"application\/ld+json\" class=\"yoast-schema-graph\">{\"@context\":\"https:\/\/schema.org\",\"@graph\":[{\"@type\":\"WebPage\",\"@id\":\"https:\/\/fotoprint.md\/ro\/produs\/pokernyy-nabor-500-fishek\/\",\"url\":\"https:\/\/fotoprint.md\/ro\/produs\/pokernyy-nabor-500-fishek\/\",\"name\":\"\u041f\u043e\u043a\u0435\u0440\u043d\u044b\u0439 \u043d\u0430\u0431\u043e\u0440 500 \u0444\u0438\u0448\u0435\u043a - Fotoprint.md\",\"isPartOf\":{\"@id\":\"https:\/\/fotoprint.md\/#website\"},\"primaryImageOfPage\":{\"@id\":\"https:\/\/fotoprint.md\/ro\/produs\/pokernyy-nabor-500-fishek\/#primaryimage\"},\"image\":{\"@id\":\"https:\/\/fotoprint.md\/ro\/produs\/pokernyy-nabor-500-fishek\/#primaryimage\"},\"thumbnailUrl\":\"https:\/\/fotoprint.md\/wp-content\/uploads\/2025\/12\/set-poker-500buc-2.webp\",\"datePublished\":\"2025-12-13T19:32:21+00:00\",\"description\":\"\u041f\u043e\u043a\u0435\u0440\u043d\u044b\u0439 \u043d\u0430\u0431\u043e\u0440 \u043d\u0430 500 \u0444\u0438\u0448\u0435\u043a: \u043a\u0430\u0440\u0442\u044b, \u0441\u0443\u043a\u043d\u043e \u0438 \u043c\u0435\u0442\u0430\u043b\u043b\u0438\u0447\u0435\u0441\u043a\u0438\u0439 \u043a\u0435\u0439\u0441. \u041f\u043e\u043b\u043d\u044b\u0439 \u043a\u043e\u043c\u043f\u043b\u0435\u043a\u0442 \u0434\u043b\u044f \u0434\u043e\u043c\u0430\u0448\u043d\u0435\u0439 \u0438\u0433\u0440\u044b \u0438 \u0442\u0443\u0440\u043d\u0438\u0440\u043e\u0432. \u041e\u0442\u043b\u0438\u0447\u043d\u044b\u0439 \u043f\u043e\u0434\u0430\u0440\u043e\u043a \u0434\u043b\u044f \u043b\u044e\u0431\u0438\u0442\u0435\u043b\u0435\u0439 \u043f\u043e\u043a\u0435\u0440\u0430.\",\"breadcrumb\":{\"@id\":\"https:\/\/fotoprint.md\/ro\/produs\/pokernyy-nabor-500-fishek\/#breadcrumb\"},\"inLanguage\":\"ro-RO\",\"potentialAction\":[{\"@type\":\"ReadAction\",\"target\":[\"https:\/\/fotoprint.md\/ro\/produs\/pokernyy-nabor-500-fishek\/\"]}]},{\"@type\":\"ImageObject\",\"inLanguage\":\"ro-RO\",\"@id\":\"https:\/\/fotoprint.md\/ro\/produs\/pokernyy-nabor-500-fishek\/#primaryimage\",\"url\":\"https:\/\/fotoprint.md\/wp-content\/uploads\/2025\/12\/set-poker-500buc-2.webp\",\"contentUrl\":\"https:\/\/fotoprint.md\/wp-content\/uploads\/2025\/12\/set-poker-500buc-2.webp\",\"width\":1000,\"height\":1000,\"caption\":\"set poker 500 jetoane cu c\u0103r\u021bi \u0219i material verde\"},{\"@type\":\"BreadcrumbList\",\"@id\":\"https:\/\/fotoprint.md\/ro\/produs\/pokernyy-nabor-500-fishek\/#breadcrumb\",\"itemListElement\":[{\"@type\":\"ListItem\",\"position\":1,\"name\":\"\u0413\u043b\u0430\u0432\u043d\u0430\u044f \u0441\u0442\u0440\u0430\u043d\u0438\u0446\u0430\",\"item\":\"https:\/\/fotoprint.md\/ro\/\"},{\"@type\":\"ListItem\",\"position\":2,\"name\":\"Shop\",\"item\":\"https:\/\/fotoprint.md\/ro\/shop\/\"},{\"@type\":\"ListItem\",\"position\":3,\"name\":\"\u041f\u043e\u043a\u0435\u0440\u043d\u044b\u0439 \u043d\u0430\u0431\u043e\u0440 500 \u0444\u0438\u0448\u0435\u043a\"}]},{\"@type\":\"WebSite\",\"@id\":\"https:\/\/fotoprint.md\/#website\",\"url\":\"https:\/\/fotoprint.md\/\",\"name\":\"Fotoprint.md\",\"description\":\"\u0424\u043e\u0442\u043e\u043b\u0430\u0431\u043e\u0440\u0430\u0442\u043e\u0440\u0438\u044f \u041a\u0438\u0448\u0438\u043d\u0435\u0432\",\"publisher\":{\"@id\":\"https:\/\/fotoprint.md\/#organization\"},\"potentialAction\":[{\"@type\":\"SearchAction\",\"target\":{\"@type\":\"EntryPoint\",\"urlTemplate\":\"https:\/\/fotoprint.md\/?s={search_term_string}\"},\"query-input\":{\"@type\":\"PropertyValueSpecification\",\"valueRequired\":true,\"valueName\":\"search_term_string\"}}],\"inLanguage\":\"ro-RO\"},{\"@type\":\"Organization\",\"@id\":\"https:\/\/fotoprint.md\/#organization\",\"name\":\"Fotoprint.md\",\"url\":\"https:\/\/fotoprint.md\/\",\"logo\":{\"@type\":\"ImageObject\",\"inLanguage\":\"ro-RO\",\"@id\":\"https:\/\/fotoprint.md\/#\/schema\/logo\/image\/\",\"url\":\"https:\/\/fotoprint.md\/wp-content\/uploads\/2020\/11\/new_logo_light.png\",\"contentUrl\":\"https:\/\/fotoprint.md\/wp-content\/uploads\/2020\/11\/new_logo_light.png\",\"width\":305,\"height\":43,\"caption\":\"Fotoprint.md\"},\"image\":{\"@id\":\"https:\/\/fotoprint.md\/#\/schema\/logo\/image\/\"},\"sameAs\":[\"https:\/\/www.facebook.com\/fprint.md\/\"]}]}<\/script>\n<!-- \/ Yoast SEO plugin. -->","yoast_head_json":{"title":"\u041f\u043e\u043a\u0435\u0440\u043d\u044b\u0439 \u043d\u0430\u0431\u043e\u0440 500 \u0444\u0438\u0448\u0435\u043a - Fotoprint.md","description":"\u041f\u043e\u043a\u0435\u0440\u043d\u044b\u0439 \u043d\u0430\u0431\u043e\u0440 \u043d\u0430 500 \u0444\u0438\u0448\u0435\u043a: \u043a\u0430\u0440\u0442\u044b, \u0441\u0443\u043a\u043d\u043e \u0438 \u043c\u0435\u0442\u0430\u043b\u043b\u0438\u0447\u0435\u0441\u043a\u0438\u0439 \u043a\u0435\u0439\u0441. \u041f\u043e\u043b\u043d\u044b\u0439 \u043a\u043e\u043c\u043f\u043b\u0435\u043a\u0442 \u0434\u043b\u044f \u0434\u043e\u043c\u0430\u0448\u043d\u0435\u0439 \u0438\u0433\u0440\u044b \u0438 \u0442\u0443\u0440\u043d\u0438\u0440\u043e\u0432. \u041e\u0442\u043b\u0438\u0447\u043d\u044b\u0439 \u043f\u043e\u0434\u0430\u0440\u043e\u043a \u0434\u043b\u044f \u043b\u044e\u0431\u0438\u0442\u0435\u043b\u0435\u0439 \u043f\u043e\u043a\u0435\u0440\u0430.","robots":{"index":"index","follow":"follow","max-snippet":"max-snippet:-1","max-image-preview":"max-image-preview:large","max-video-preview":"max-video-preview:-1"},"canonical":"https:\/\/fotoprint.md\/ro\/produs\/pokernyy-nabor-500-fishek\/","og_locale":"ro_RO","og_type":"article","og_title":"\u041f\u043e\u043a\u0435\u0440\u043d\u044b\u0439 \u043d\u0430\u0431\u043e\u0440 500 \u0444\u0438\u0448\u0435\u043a - Fotoprint.md","og_description":"\u041f\u043e\u043a\u0435\u0440\u043d\u044b\u0439 \u043d\u0430\u0431\u043e\u0440 \u043d\u0430 500 \u0444\u0438\u0448\u0435\u043a: \u043a\u0430\u0440\u0442\u044b, \u0441\u0443\u043a\u043d\u043e \u0438 \u043c\u0435\u0442\u0430\u043b\u043b\u0438\u0447\u0435\u0441\u043a\u0438\u0439 \u043a\u0435\u0439\u0441. \u041f\u043e\u043b\u043d\u044b\u0439 \u043a\u043e\u043c\u043f\u043b\u0435\u043a\u0442 \u0434\u043b\u044f \u0434\u043e\u043c\u0430\u0448\u043d\u0435\u0439 \u0438\u0433\u0440\u044b \u0438 \u0442\u0443\u0440\u043d\u0438\u0440\u043e\u0432. \u041e\u0442\u043b\u0438\u0447\u043d\u044b\u0439 \u043f\u043e\u0434\u0430\u0440\u043e\u043a \u0434\u043b\u044f \u043b\u044e\u0431\u0438\u0442\u0435\u043b\u0435\u0439 \u043f\u043e\u043a\u0435\u0440\u0430.","og_url":"https:\/\/fotoprint.md\/ro\/produs\/pokernyy-nabor-500-fishek\/","og_site_name":"Fotoprint.md","article_publisher":"https:\/\/www.facebook.com\/fprint.md\/","og_image":[{"width":1000,"height":1000,"url":"https:\/\/fotoprint.md\/wp-content\/uploads\/2025\/12\/set-poker-500buc-2.webp","type":"image\/webp"}],"twitter_card":"summary_large_image","twitter_misc":{"Timp estimat pentru citire":"1 minut"},"schema":{"@context":"https:\/\/schema.org","@graph":[{"@type":"WebPage","@id":"https:\/\/fotoprint.md\/ro\/produs\/pokernyy-nabor-500-fishek\/","url":"https:\/\/fotoprint.md\/ro\/produs\/pokernyy-nabor-500-fishek\/","name":"\u041f\u043e\u043a\u0435\u0440\u043d\u044b\u0439 \u043d\u0430\u0431\u043e\u0440 500 \u0444\u0438\u0448\u0435\u043a - Fotoprint.md","isPartOf":{"@id":"https:\/\/fotoprint.md\/#website"},"primaryImageOfPage":{"@id":"https:\/\/fotoprint.md\/ro\/produs\/pokernyy-nabor-500-fishek\/#primaryimage"},"image":{"@id":"https:\/\/fotoprint.md\/ro\/produs\/pokernyy-nabor-500-fishek\/#primaryimage"},"thumbnailUrl":"https:\/\/fotoprint.md\/wp-content\/uploads\/2025\/12\/set-poker-500buc-2.webp","datePublished":"2025-12-13T19:32:21+00:00","description":"\u041f\u043e\u043a\u0435\u0440\u043d\u044b\u0439 \u043d\u0430\u0431\u043e\u0440 \u043d\u0430 500 \u0444\u0438\u0448\u0435\u043a: \u043a\u0430\u0440\u0442\u044b, \u0441\u0443\u043a\u043d\u043e \u0438 \u043c\u0435\u0442\u0430\u043b\u043b\u0438\u0447\u0435\u0441\u043a\u0438\u0439 \u043a\u0435\u0439\u0441. \u041f\u043e\u043b\u043d\u044b\u0439 \u043a\u043e\u043c\u043f\u043b\u0435\u043a\u0442 \u0434\u043b\u044f \u0434\u043e\u043c\u0430\u0448\u043d\u0435\u0439 \u0438\u0433\u0440\u044b \u0438 \u0442\u0443\u0440\u043d\u0438\u0440\u043e\u0432. \u041e\u0442\u043b\u0438\u0447\u043d\u044b\u0439 \u043f\u043e\u0434\u0430\u0440\u043e\u043a \u0434\u043b\u044f \u043b\u044e\u0431\u0438\u0442\u0435\u043b\u0435\u0439 \u043f\u043e\u043a\u0435\u0440\u0430.","breadcrumb":{"@id":"https:\/\/fotoprint.md\/ro\/produs\/pokernyy-nabor-500-fishek\/#breadcrumb"},"inLanguage":"ro-RO","potentialAction":[{"@type":"ReadAction","target":["https:\/\/fotoprint.md\/ro\/produs\/pokernyy-nabor-500-fishek\/"]}]},{"@type":"ImageObject","inLanguage":"ro-RO","@id":"https:\/\/fotoprint.md\/ro\/produs\/pokernyy-nabor-500-fishek\/#primaryimage","url":"https:\/\/fotoprint.md\/wp-content\/uploads\/2025\/12\/set-poker-500buc-2.webp","contentUrl":"https:\/\/fotoprint.md\/wp-content\/uploads\/2025\/12\/set-poker-500buc-2.webp","width":1000,"height":1000,"caption":"set poker 500 jetoane cu c\u0103r\u021bi \u0219i material verde"},{"@type":"BreadcrumbList","@id":"https:\/\/fotoprint.md\/ro\/produs\/pokernyy-nabor-500-fishek\/#breadcrumb","itemListElement":[{"@type":"ListItem","position":1,"name":"\u0413\u043b\u0430\u0432\u043d\u0430\u044f \u0441\u0442\u0440\u0430\u043d\u0438\u0446\u0430","item":"https:\/\/fotoprint.md\/ro\/"},{"@type":"ListItem","position":2,"name":"Shop","item":"https:\/\/fotoprint.md\/ro\/shop\/"},{"@type":"ListItem","position":3,"name":"\u041f\u043e\u043a\u0435\u0440\u043d\u044b\u0439 \u043d\u0430\u0431\u043e\u0440 500 \u0444\u0438\u0448\u0435\u043a"}]},{"@type":"WebSite","@id":"https:\/\/fotoprint.md\/#website","url":"https:\/\/fotoprint.md\/","name":"Fotoprint.md","description":"Laborator FOTO Chi\u0219in\u0103u","publisher":{"@id":"https:\/\/fotoprint.md\/#organization"},"potentialAction":[{"@type":"SearchAction","target":{"@type":"EntryPoint","urlTemplate":"https:\/\/fotoprint.md\/?s={search_term_string}"},"query-input":{"@type":"PropertyValueSpecification","valueRequired":true,"valueName":"search_term_string"}}],"inLanguage":"ro-RO"},{"@type":"Organization","@id":"https:\/\/fotoprint.md\/#organization","name":"Fotoprint.md","url":"https:\/\/fotoprint.md\/","logo":{"@type":"ImageObject","inLanguage":"ro-RO","@id":"https:\/\/fotoprint.md\/#\/schema\/logo\/image\/","url":"https:\/\/fotoprint.md\/wp-content\/uploads\/2020\/11\/new_logo_light.png","contentUrl":"https:\/\/fotoprint.md\/wp-content\/uploads\/2020\/11\/new_logo_light.png","width":305,"height":43,"caption":"Fotoprint.md"},"image":{"@id":"https:\/\/fotoprint.md\/#\/schema\/logo\/image\/"},"sameAs":["https:\/\/www.facebook.com\/fprint.md\/"]}]}},"tiered_pricing_type":"fixed","tiered_pricing_fixed_rules":[],"tiered_pricing_product_settings":{"layout":"default","base_unit_name":{"singular":null,"plural":null},"default_variation":null},"tiered_pricing_minimum_quantity":null,"tiered_pricing_roles_data":[],"tiered_pricing_percentage_rules":[],"_links":{"self":[{"href":"https:\/\/fotoprint.md\/ro\/wp-json\/wp\/v2\/product\/3955","targetHints":{"allow":["GET"]}}],"collection":[{"href":"https:\/\/fotoprint.md\/ro\/wp-json\/wp\/v2\/product"}],"about":[{"href":"https:\/\/fotoprint.md\/ro\/wp-json\/wp\/v2\/types\/product"}],"wp:featuredmedia":[{"embeddable":true,"href":"https:\/\/fotoprint.md\/ro\/wp-json\/wp\/v2\/media\/3956"}],"wp:attachment":[{"href":"https:\/\/fotoprint.md\/ro\/wp-json\/wp\/v2\/media?parent=3955"}],"wp:term":[{"taxonomy":"product_brand","embeddable":true,"href":"https:\/\/fotoprint.md\/ro\/wp-json\/wp\/v2\/product_brand?post=3955"},{"taxonomy":"product_cat","embeddable":true,"href":"https:\/\/fotoprint.md\/ro\/wp-json\/wp\/v2\/product_cat?post=3955"},{"taxonomy":"product_tag","embeddable":true,"href":"https:\/\/fotoprint.md\/ro\/wp-json\/wp\/v2\/product_tag?post=3955"}],"curies":[{"name":"wp","href":"https:\/\/api.w.org\/{rel}","templated":true}]}}