{"id":3943,"date":"2025-12-13T21:12:18","date_gmt":"2025-12-13T19:12:18","guid":{"rendered":"https:\/\/fotoprint.md\/?post_type=product&#038;p=3943"},"modified":"2025-12-13T21:24:59","modified_gmt":"2025-12-13T19:24:59","slug":"set-cadou-barbat-shah","status":"publish","type":"product","link":"https:\/\/fotoprint.md\/ro\/produs\/set-cadou-barbat-shah\/","title":{"rendered":"Set cadou \u201e\u0218ah + sticla metalica + accesorii\u201d \u00een cutie din lemn"},"content":{"rendered":"<p>Set cadou elegant pentru b\u0103rba\u021bi: \u0219ah din lemn, sticl\u0103 metalic\u0103, p\u0103h\u0103rele, p\u00e2lnie \u0219i tirbu\u0219on multifunc\u021bional. Un cadou universal pentru relaxare, c\u0103l\u0103torii, birou \u0219i acas\u0103.<\/p>","protected":false},"excerpt":{"rendered":"<p data-start=\"632\" data-end=\"936\">Setul cadou \u00eembin\u0103 un joc de mas\u0103 cu accesorii practice: \u0219ah din lemn, sticl\u0103 metalic\u0103, dou\u0103 p\u0103h\u0103rele, p\u00e2lnie \u0219i tirbu\u0219on. Totul este aranjat cu grij\u0103 \u00eentr-o cutie din lemn rezistent\u0103, cu tabl\u0103 de \u0219ah pe capac. Un cadou excelent pentru b\u0103rba\u021bi, pasiona\u021bi de jocuri de mas\u0103, c\u0103l\u0103torii \u0219i picnicuri.<\/p>\n<ul data-start=\"961\" data-end=\"1135\">\n<li data-start=\"961\" data-end=\"1001\">\n<p data-start=\"963\" data-end=\"1001\">Cutie din lemn cu tabl\u0103 de \u0219ah<\/p>\n<\/li>\n<li data-start=\"1002\" data-end=\"1036\">\n<p data-start=\"1004\" data-end=\"1036\">Set de piese (\u00eenchise + deschise)<\/p>\n<\/li>\n<li data-start=\"1037\" data-end=\"1078\">\n<p data-start=\"1039\" data-end=\"1078\">Sticl\u0103 metalic\u0103 cu hus\u0103 din piele<\/p>\n<\/li>\n<li data-start=\"1079\" data-end=\"1104\">\n<p data-start=\"1081\" data-end=\"1104\">2 p\u0103h\u0103rele metalice<\/p>\n<\/li>\n<li data-start=\"1105\" data-end=\"1116\">\n<p data-start=\"1107\" data-end=\"1116\">P\u00e2lnie<\/p>\n<\/li>\n<li data-start=\"1117\" data-end=\"1135\">\n<p data-start=\"1119\" data-end=\"1135\">Tirbu\u0219on multifunc\u021bional<\/p>\n<\/li>\n<\/ul>","protected":false},"featured_media":3946,"template":"","meta":[],"product_brand":[],"product_cat":[187],"product_tag":[],"class_list":{"0":"post-3943","1":"product","2":"type-product","3":"status-publish","4":"has-post-thumbnail","6":"product_cat-set-cadou-barbat","8":"first","9":"instock","10":"sale","11":"shipping-taxable","12":"purchasable","13":"product-type-simple"},"yoast_head":"<!-- This site is optimized with the Yoast SEO plugin v26.7 - https:\/\/yoast.com\/wordpress\/plugins\/seo\/ -->\n<title>\u041f\u043e\u0434\u0430\u0440\u043e\u0447\u043d\u044b\u0439 \u043d\u0430\u0431\u043e\u0440 \u00ab\u0428\u0430\u0445\u043c\u0430\u0442\u044b + \u0444\u043b\u044f\u0433\u0430 + \u0430\u043a\u0441\u0435\u0441\u0441\u0443\u0430\u0440\u044b\u00bb \u0432 \u0434\u0435\u0440\u0435\u0432\u044f\u043d\u043d\u043e\u0439 \u043a\u043e\u0440\u043e\u0431\u043a\u0435 - Fotoprint.md<\/title>\n<meta name=\"description\" content=\"\u041f\u043e\u0434\u0430\u0440\u043e\u0447\u043d\u044b\u0439 \u043d\u0430\u0431\u043e\u0440: \u0448\u0430\u0445\u043c\u0430\u0442\u044b, \u0444\u043b\u044f\u0433\u0430, \u0440\u044e\u043c\u043a\u0438 \u0438 \u0430\u043a\u0441\u0435\u0441\u0441\u0443\u0430\u0440\u044b \u0432 \u0434\u0435\u0440\u0435\u0432\u044f\u043d\u043d\u043e\u0439 \u043a\u043e\u0440\u043e\u0431\u043a\u0435. \u041f\u0440\u0430\u043a\u0442\u0438\u0447\u043d\u044b\u0439 \u0438 \u0441\u0442\u0438\u043b\u044c\u043d\u044b\u0439 \u043f\u043e\u0434\u0430\u0440\u043e\u043a \u0434\u043b\u044f \u043c\u0443\u0436\u0447\u0438\u043d. \u0414\u043e\u0441\u0442\u0430\u0432\u043a\u0430 \u043f\u043e \u041c\u043e\u043b\u0434\u043e\u0432\u0435.\" \/>\n<meta name=\"robots\" content=\"index, follow, max-snippet:-1, max-image-preview:large, max-video-preview:-1\" \/>\n<link rel=\"canonical\" href=\"https:\/\/fotoprint.md\/ro\/produs\/set-cadou-barbat-shah\/\" \/>\n<meta property=\"og:locale\" content=\"ro_RO\" \/>\n<meta property=\"og:type\" content=\"article\" \/>\n<meta property=\"og:title\" content=\"\u041f\u043e\u0434\u0430\u0440\u043e\u0447\u043d\u044b\u0439 \u043d\u0430\u0431\u043e\u0440 \u00ab\u0428\u0430\u0445\u043c\u0430\u0442\u044b + \u0444\u043b\u044f\u0433\u0430 + \u0430\u043a\u0441\u0435\u0441\u0441\u0443\u0430\u0440\u044b\u00bb \u0432 \u0434\u0435\u0440\u0435\u0432\u044f\u043d\u043d\u043e\u0439 \u043a\u043e\u0440\u043e\u0431\u043a\u0435 - Fotoprint.md\" \/>\n<meta property=\"og:description\" content=\"\u041f\u043e\u0434\u0430\u0440\u043e\u0447\u043d\u044b\u0439 \u043d\u0430\u0431\u043e\u0440: \u0448\u0430\u0445\u043c\u0430\u0442\u044b, \u0444\u043b\u044f\u0433\u0430, \u0440\u044e\u043c\u043a\u0438 \u0438 \u0430\u043a\u0441\u0435\u0441\u0441\u0443\u0430\u0440\u044b \u0432 \u0434\u0435\u0440\u0435\u0432\u044f\u043d\u043d\u043e\u0439 \u043a\u043e\u0440\u043e\u0431\u043a\u0435. \u041f\u0440\u0430\u043a\u0442\u0438\u0447\u043d\u044b\u0439 \u0438 \u0441\u0442\u0438\u043b\u044c\u043d\u044b\u0439 \u043f\u043e\u0434\u0430\u0440\u043e\u043a \u0434\u043b\u044f \u043c\u0443\u0436\u0447\u0438\u043d. \u0414\u043e\u0441\u0442\u0430\u0432\u043a\u0430 \u043f\u043e \u041c\u043e\u043b\u0434\u043e\u0432\u0435.\" \/>\n<meta property=\"og:url\" content=\"https:\/\/fotoprint.md\/ro\/produs\/set-cadou-barbat-shah\/\" \/>\n<meta property=\"og:site_name\" content=\"Fotoprint.md\" \/>\n<meta property=\"article:publisher\" content=\"https:\/\/www.facebook.com\/fprint.md\/\" \/>\n<meta property=\"article:modified_time\" content=\"2025-12-13T19:24:59+00:00\" \/>\n<meta property=\"og:image\" content=\"https:\/\/fotoprint.md\/wp-content\/uploads\/2025\/12\/set-barbat-cadou-3-3.webp\" \/>\n\t<meta property=\"og:image:width\" content=\"1000\" \/>\n\t<meta property=\"og:image:height\" content=\"1000\" \/>\n\t<meta property=\"og:image:type\" content=\"image\/webp\" \/>\n<meta name=\"twitter:card\" content=\"summary_large_image\" \/>\n<meta name=\"twitter:label1\" content=\"Timp estimat pentru citire\" \/>\n\t<meta name=\"twitter:data1\" content=\"1 minut\" \/>\n<script type=\"application\/ld+json\" class=\"yoast-schema-graph\">{\"@context\":\"https:\/\/schema.org\",\"@graph\":[{\"@type\":\"WebPage\",\"@id\":\"https:\/\/fotoprint.md\/ro\/produs\/set-cadou-barbat-shah\/\",\"url\":\"https:\/\/fotoprint.md\/ro\/produs\/set-cadou-barbat-shah\/\",\"name\":\"\u041f\u043e\u0434\u0430\u0440\u043e\u0447\u043d\u044b\u0439 \u043d\u0430\u0431\u043e\u0440 \u00ab\u0428\u0430\u0445\u043c\u0430\u0442\u044b + \u0444\u043b\u044f\u0433\u0430 + \u0430\u043a\u0441\u0435\u0441\u0441\u0443\u0430\u0440\u044b\u00bb \u0432 \u0434\u0435\u0440\u0435\u0432\u044f\u043d\u043d\u043e\u0439 \u043a\u043e\u0440\u043e\u0431\u043a\u0435 - Fotoprint.md\",\"isPartOf\":{\"@id\":\"https:\/\/fotoprint.md\/#website\"},\"primaryImageOfPage\":{\"@id\":\"https:\/\/fotoprint.md\/ro\/produs\/set-cadou-barbat-shah\/#primaryimage\"},\"image\":{\"@id\":\"https:\/\/fotoprint.md\/ro\/produs\/set-cadou-barbat-shah\/#primaryimage\"},\"thumbnailUrl\":\"https:\/\/fotoprint.md\/wp-content\/uploads\/2025\/12\/set-barbat-cadou-3-3.webp\",\"datePublished\":\"2025-12-13T19:12:18+00:00\",\"dateModified\":\"2025-12-13T19:24:59+00:00\",\"description\":\"\u041f\u043e\u0434\u0430\u0440\u043e\u0447\u043d\u044b\u0439 \u043d\u0430\u0431\u043e\u0440: \u0448\u0430\u0445\u043c\u0430\u0442\u044b, \u0444\u043b\u044f\u0433\u0430, \u0440\u044e\u043c\u043a\u0438 \u0438 \u0430\u043a\u0441\u0435\u0441\u0441\u0443\u0430\u0440\u044b \u0432 \u0434\u0435\u0440\u0435\u0432\u044f\u043d\u043d\u043e\u0439 \u043a\u043e\u0440\u043e\u0431\u043a\u0435. \u041f\u0440\u0430\u043a\u0442\u0438\u0447\u043d\u044b\u0439 \u0438 \u0441\u0442\u0438\u043b\u044c\u043d\u044b\u0439 \u043f\u043e\u0434\u0430\u0440\u043e\u043a \u0434\u043b\u044f \u043c\u0443\u0436\u0447\u0438\u043d. \u0414\u043e\u0441\u0442\u0430\u0432\u043a\u0430 \u043f\u043e \u041c\u043e\u043b\u0434\u043e\u0432\u0435.\",\"breadcrumb\":{\"@id\":\"https:\/\/fotoprint.md\/ro\/produs\/set-cadou-barbat-shah\/#breadcrumb\"},\"inLanguage\":\"ro-RO\",\"potentialAction\":[{\"@type\":\"ReadAction\",\"target\":[\"https:\/\/fotoprint.md\/ro\/produs\/set-cadou-barbat-shah\/\"]}]},{\"@type\":\"ImageObject\",\"inLanguage\":\"ro-RO\",\"@id\":\"https:\/\/fotoprint.md\/ro\/produs\/set-cadou-barbat-shah\/#primaryimage\",\"url\":\"https:\/\/fotoprint.md\/wp-content\/uploads\/2025\/12\/set-barbat-cadou-3-3.webp\",\"contentUrl\":\"https:\/\/fotoprint.md\/wp-content\/uploads\/2025\/12\/set-barbat-cadou-3-3.webp\",\"width\":1000,\"height\":1000,\"caption\":\"set cadou b\u0103rba\u021bi cu \u0219ah, sticl\u0103 \u0219i accesorii \u00een cutie din lemn\"},{\"@type\":\"BreadcrumbList\",\"@id\":\"https:\/\/fotoprint.md\/ro\/produs\/set-cadou-barbat-shah\/#breadcrumb\",\"itemListElement\":[{\"@type\":\"ListItem\",\"position\":1,\"name\":\"\u0413\u043b\u0430\u0432\u043d\u0430\u044f \u0441\u0442\u0440\u0430\u043d\u0438\u0446\u0430\",\"item\":\"https:\/\/fotoprint.md\/ro\/\"},{\"@type\":\"ListItem\",\"position\":2,\"name\":\"Shop\",\"item\":\"https:\/\/fotoprint.md\/ro\/shop\/\"},{\"@type\":\"ListItem\",\"position\":3,\"name\":\"\u041f\u043e\u0434\u0430\u0440\u043e\u0447\u043d\u044b\u0439 \u043d\u0430\u0431\u043e\u0440 \u00ab\u0428\u0430\u0445\u043c\u0430\u0442\u044b + \u0444\u043b\u044f\u0433\u0430 + \u0430\u043a\u0441\u0435\u0441\u0441\u0443\u0430\u0440\u044b\u00bb \u0432 \u0434\u0435\u0440\u0435\u0432\u044f\u043d\u043d\u043e\u0439 \u043a\u043e\u0440\u043e\u0431\u043a\u0435\"}]},{\"@type\":\"WebSite\",\"@id\":\"https:\/\/fotoprint.md\/#website\",\"url\":\"https:\/\/fotoprint.md\/\",\"name\":\"Fotoprint.md\",\"description\":\"\u0424\u043e\u0442\u043e\u043b\u0430\u0431\u043e\u0440\u0430\u0442\u043e\u0440\u0438\u044f \u041a\u0438\u0448\u0438\u043d\u0435\u0432\",\"publisher\":{\"@id\":\"https:\/\/fotoprint.md\/#organization\"},\"potentialAction\":[{\"@type\":\"SearchAction\",\"target\":{\"@type\":\"EntryPoint\",\"urlTemplate\":\"https:\/\/fotoprint.md\/?s={search_term_string}\"},\"query-input\":{\"@type\":\"PropertyValueSpecification\",\"valueRequired\":true,\"valueName\":\"search_term_string\"}}],\"inLanguage\":\"ro-RO\"},{\"@type\":\"Organization\",\"@id\":\"https:\/\/fotoprint.md\/#organization\",\"name\":\"Fotoprint.md\",\"url\":\"https:\/\/fotoprint.md\/\",\"logo\":{\"@type\":\"ImageObject\",\"inLanguage\":\"ro-RO\",\"@id\":\"https:\/\/fotoprint.md\/#\/schema\/logo\/image\/\",\"url\":\"https:\/\/fotoprint.md\/wp-content\/uploads\/2020\/11\/new_logo_light.png\",\"contentUrl\":\"https:\/\/fotoprint.md\/wp-content\/uploads\/2020\/11\/new_logo_light.png\",\"width\":305,\"height\":43,\"caption\":\"Fotoprint.md\"},\"image\":{\"@id\":\"https:\/\/fotoprint.md\/#\/schema\/logo\/image\/\"},\"sameAs\":[\"https:\/\/www.facebook.com\/fprint.md\/\"]}]}<\/script>\n<!-- \/ Yoast SEO plugin. -->","yoast_head_json":{"title":"\u041f\u043e\u0434\u0430\u0440\u043e\u0447\u043d\u044b\u0439 \u043d\u0430\u0431\u043e\u0440 \u00ab\u0428\u0430\u0445\u043c\u0430\u0442\u044b + \u0444\u043b\u044f\u0433\u0430 + \u0430\u043a\u0441\u0435\u0441\u0441\u0443\u0430\u0440\u044b\u00bb \u0432 \u0434\u0435\u0440\u0435\u0432\u044f\u043d\u043d\u043e\u0439 \u043a\u043e\u0440\u043e\u0431\u043a\u0435 - Fotoprint.md","description":"\u041f\u043e\u0434\u0430\u0440\u043e\u0447\u043d\u044b\u0439 \u043d\u0430\u0431\u043e\u0440: \u0448\u0430\u0445\u043c\u0430\u0442\u044b, \u0444\u043b\u044f\u0433\u0430, \u0440\u044e\u043c\u043a\u0438 \u0438 \u0430\u043a\u0441\u0435\u0441\u0441\u0443\u0430\u0440\u044b \u0432 \u0434\u0435\u0440\u0435\u0432\u044f\u043d\u043d\u043e\u0439 \u043a\u043e\u0440\u043e\u0431\u043a\u0435. \u041f\u0440\u0430\u043a\u0442\u0438\u0447\u043d\u044b\u0439 \u0438 \u0441\u0442\u0438\u043b\u044c\u043d\u044b\u0439 \u043f\u043e\u0434\u0430\u0440\u043e\u043a \u0434\u043b\u044f \u043c\u0443\u0436\u0447\u0438\u043d. \u0414\u043e\u0441\u0442\u0430\u0432\u043a\u0430 \u043f\u043e \u041c\u043e\u043b\u0434\u043e\u0432\u0435.","robots":{"index":"index","follow":"follow","max-snippet":"max-snippet:-1","max-image-preview":"max-image-preview:large","max-video-preview":"max-video-preview:-1"},"canonical":"https:\/\/fotoprint.md\/ro\/produs\/set-cadou-barbat-shah\/","og_locale":"ro_RO","og_type":"article","og_title":"\u041f\u043e\u0434\u0430\u0440\u043e\u0447\u043d\u044b\u0439 \u043d\u0430\u0431\u043e\u0440 \u00ab\u0428\u0430\u0445\u043c\u0430\u0442\u044b + \u0444\u043b\u044f\u0433\u0430 + \u0430\u043a\u0441\u0435\u0441\u0441\u0443\u0430\u0440\u044b\u00bb \u0432 \u0434\u0435\u0440\u0435\u0432\u044f\u043d\u043d\u043e\u0439 \u043a\u043e\u0440\u043e\u0431\u043a\u0435 - Fotoprint.md","og_description":"\u041f\u043e\u0434\u0430\u0440\u043e\u0447\u043d\u044b\u0439 \u043d\u0430\u0431\u043e\u0440: \u0448\u0430\u0445\u043c\u0430\u0442\u044b, \u0444\u043b\u044f\u0433\u0430, \u0440\u044e\u043c\u043a\u0438 \u0438 \u0430\u043a\u0441\u0435\u0441\u0441\u0443\u0430\u0440\u044b \u0432 \u0434\u0435\u0440\u0435\u0432\u044f\u043d\u043d\u043e\u0439 \u043a\u043e\u0440\u043e\u0431\u043a\u0435. \u041f\u0440\u0430\u043a\u0442\u0438\u0447\u043d\u044b\u0439 \u0438 \u0441\u0442\u0438\u043b\u044c\u043d\u044b\u0439 \u043f\u043e\u0434\u0430\u0440\u043e\u043a \u0434\u043b\u044f \u043c\u0443\u0436\u0447\u0438\u043d. \u0414\u043e\u0441\u0442\u0430\u0432\u043a\u0430 \u043f\u043e \u041c\u043e\u043b\u0434\u043e\u0432\u0435.","og_url":"https:\/\/fotoprint.md\/ro\/produs\/set-cadou-barbat-shah\/","og_site_name":"Fotoprint.md","article_publisher":"https:\/\/www.facebook.com\/fprint.md\/","article_modified_time":"2025-12-13T19:24:59+00:00","og_image":[{"width":1000,"height":1000,"url":"https:\/\/fotoprint.md\/wp-content\/uploads\/2025\/12\/set-barbat-cadou-3-3.webp","type":"image\/webp"}],"twitter_card":"summary_large_image","twitter_misc":{"Timp estimat pentru citire":"1 minut"},"schema":{"@context":"https:\/\/schema.org","@graph":[{"@type":"WebPage","@id":"https:\/\/fotoprint.md\/ro\/produs\/set-cadou-barbat-shah\/","url":"https:\/\/fotoprint.md\/ro\/produs\/set-cadou-barbat-shah\/","name":"\u041f\u043e\u0434\u0430\u0440\u043e\u0447\u043d\u044b\u0439 \u043d\u0430\u0431\u043e\u0440 \u00ab\u0428\u0430\u0445\u043c\u0430\u0442\u044b + \u0444\u043b\u044f\u0433\u0430 + \u0430\u043a\u0441\u0435\u0441\u0441\u0443\u0430\u0440\u044b\u00bb \u0432 \u0434\u0435\u0440\u0435\u0432\u044f\u043d\u043d\u043e\u0439 \u043a\u043e\u0440\u043e\u0431\u043a\u0435 - Fotoprint.md","isPartOf":{"@id":"https:\/\/fotoprint.md\/#website"},"primaryImageOfPage":{"@id":"https:\/\/fotoprint.md\/ro\/produs\/set-cadou-barbat-shah\/#primaryimage"},"image":{"@id":"https:\/\/fotoprint.md\/ro\/produs\/set-cadou-barbat-shah\/#primaryimage"},"thumbnailUrl":"https:\/\/fotoprint.md\/wp-content\/uploads\/2025\/12\/set-barbat-cadou-3-3.webp","datePublished":"2025-12-13T19:12:18+00:00","dateModified":"2025-12-13T19:24:59+00:00","description":"\u041f\u043e\u0434\u0430\u0440\u043e\u0447\u043d\u044b\u0439 \u043d\u0430\u0431\u043e\u0440: \u0448\u0430\u0445\u043c\u0430\u0442\u044b, \u0444\u043b\u044f\u0433\u0430, \u0440\u044e\u043c\u043a\u0438 \u0438 \u0430\u043a\u0441\u0435\u0441\u0441\u0443\u0430\u0440\u044b \u0432 \u0434\u0435\u0440\u0435\u0432\u044f\u043d\u043d\u043e\u0439 \u043a\u043e\u0440\u043e\u0431\u043a\u0435. \u041f\u0440\u0430\u043a\u0442\u0438\u0447\u043d\u044b\u0439 \u0438 \u0441\u0442\u0438\u043b\u044c\u043d\u044b\u0439 \u043f\u043e\u0434\u0430\u0440\u043e\u043a \u0434\u043b\u044f \u043c\u0443\u0436\u0447\u0438\u043d. \u0414\u043e\u0441\u0442\u0430\u0432\u043a\u0430 \u043f\u043e \u041c\u043e\u043b\u0434\u043e\u0432\u0435.","breadcrumb":{"@id":"https:\/\/fotoprint.md\/ro\/produs\/set-cadou-barbat-shah\/#breadcrumb"},"inLanguage":"ro-RO","potentialAction":[{"@type":"ReadAction","target":["https:\/\/fotoprint.md\/ro\/produs\/set-cadou-barbat-shah\/"]}]},{"@type":"ImageObject","inLanguage":"ro-RO","@id":"https:\/\/fotoprint.md\/ro\/produs\/set-cadou-barbat-shah\/#primaryimage","url":"https:\/\/fotoprint.md\/wp-content\/uploads\/2025\/12\/set-barbat-cadou-3-3.webp","contentUrl":"https:\/\/fotoprint.md\/wp-content\/uploads\/2025\/12\/set-barbat-cadou-3-3.webp","width":1000,"height":1000,"caption":"set cadou b\u0103rba\u021bi cu \u0219ah, sticl\u0103 \u0219i accesorii \u00een cutie din lemn"},{"@type":"BreadcrumbList","@id":"https:\/\/fotoprint.md\/ro\/produs\/set-cadou-barbat-shah\/#breadcrumb","itemListElement":[{"@type":"ListItem","position":1,"name":"\u0413\u043b\u0430\u0432\u043d\u0430\u044f \u0441\u0442\u0440\u0430\u043d\u0438\u0446\u0430","item":"https:\/\/fotoprint.md\/ro\/"},{"@type":"ListItem","position":2,"name":"Shop","item":"https:\/\/fotoprint.md\/ro\/shop\/"},{"@type":"ListItem","position":3,"name":"\u041f\u043e\u0434\u0430\u0440\u043e\u0447\u043d\u044b\u0439 \u043d\u0430\u0431\u043e\u0440 \u00ab\u0428\u0430\u0445\u043c\u0430\u0442\u044b + \u0444\u043b\u044f\u0433\u0430 + \u0430\u043a\u0441\u0435\u0441\u0441\u0443\u0430\u0440\u044b\u00bb \u0432 \u0434\u0435\u0440\u0435\u0432\u044f\u043d\u043d\u043e\u0439 \u043a\u043e\u0440\u043e\u0431\u043a\u0435"}]},{"@type":"WebSite","@id":"https:\/\/fotoprint.md\/#website","url":"https:\/\/fotoprint.md\/","name":"Fotoprint.md","description":"Laborator FOTO Chi\u0219in\u0103u","publisher":{"@id":"https:\/\/fotoprint.md\/#organization"},"potentialAction":[{"@type":"SearchAction","target":{"@type":"EntryPoint","urlTemplate":"https:\/\/fotoprint.md\/?s={search_term_string}"},"query-input":{"@type":"PropertyValueSpecification","valueRequired":true,"valueName":"search_term_string"}}],"inLanguage":"ro-RO"},{"@type":"Organization","@id":"https:\/\/fotoprint.md\/#organization","name":"Fotoprint.md","url":"https:\/\/fotoprint.md\/","logo":{"@type":"ImageObject","inLanguage":"ro-RO","@id":"https:\/\/fotoprint.md\/#\/schema\/logo\/image\/","url":"https:\/\/fotoprint.md\/wp-content\/uploads\/2020\/11\/new_logo_light.png","contentUrl":"https:\/\/fotoprint.md\/wp-content\/uploads\/2020\/11\/new_logo_light.png","width":305,"height":43,"caption":"Fotoprint.md"},"image":{"@id":"https:\/\/fotoprint.md\/#\/schema\/logo\/image\/"},"sameAs":["https:\/\/www.facebook.com\/fprint.md\/"]}]}},"tiered_pricing_type":"fixed","tiered_pricing_fixed_rules":[],"tiered_pricing_product_settings":{"layout":"default","base_unit_name":{"singular":null,"plural":null},"default_variation":null},"tiered_pricing_minimum_quantity":null,"tiered_pricing_roles_data":[],"tiered_pricing_percentage_rules":[],"_links":{"self":[{"href":"https:\/\/fotoprint.md\/ro\/wp-json\/wp\/v2\/product\/3943","targetHints":{"allow":["GET"]}}],"collection":[{"href":"https:\/\/fotoprint.md\/ro\/wp-json\/wp\/v2\/product"}],"about":[{"href":"https:\/\/fotoprint.md\/ro\/wp-json\/wp\/v2\/types\/product"}],"wp:featuredmedia":[{"embeddable":true,"href":"https:\/\/fotoprint.md\/ro\/wp-json\/wp\/v2\/media\/3946"}],"wp:attachment":[{"href":"https:\/\/fotoprint.md\/ro\/wp-json\/wp\/v2\/media?parent=3943"}],"wp:term":[{"taxonomy":"product_brand","embeddable":true,"href":"https:\/\/fotoprint.md\/ro\/wp-json\/wp\/v2\/product_brand?post=3943"},{"taxonomy":"product_cat","embeddable":true,"href":"https:\/\/fotoprint.md\/ro\/wp-json\/wp\/v2\/product_cat?post=3943"},{"taxonomy":"product_tag","embeddable":true,"href":"https:\/\/fotoprint.md\/ro\/wp-json\/wp\/v2\/product_tag?post=3943"}],"curies":[{"name":"wp","href":"https:\/\/api.w.org\/{rel}","templated":true}]}}