{"id":3932,"date":"2025-12-13T20:57:44","date_gmt":"2025-12-13T18:57:44","guid":{"rendered":"https:\/\/fotoprint.md\/?post_type=product&#038;p=3932"},"modified":"2025-12-13T20:57:45","modified_gmt":"2025-12-13T18:57:45","slug":"set-cadou-jack-daniels","status":"publish","type":"product","link":"https:\/\/fotoprint.md\/ro\/produs\/set-cadou-jack-daniels\/","title":{"rendered":"Set cadou \u201eJack Daniel\u2019s\u201d"},"content":{"rendered":"<p>Set cadou elegant pentru b\u0103rba\u021bi Jack Daniel\u2019s: sticl\u0103 metalic\u0103 cu finisaj din piele, dou\u0103 p\u0103h\u0103rele \u0219i o p\u00e2lnie, ambalate \u00eentr-o cutie cadou spectaculoas\u0103. Un cadou excelent pentru apropia\u021bi, prieteni, colegi \u0219i cunosc\u0103tori ai accesoriilor de calitate.<\/p>","protected":false},"excerpt":{"rendered":"<p>Setul cadou Jack Daniel\u2019s este un accesoriu elegant \u0219i practic, care reprezint\u0103 un cadou excelent pentru s\u0103rb\u0103tori, anivers\u0103ri, evenimente corporate sau ca surpriz\u0103 original\u0103. Sticla este realizat\u0103 din o\u021bel inoxidabil \u0219i \u00eembr\u0103cat\u0103 \u00een piele ecologic\u0103 de calitate, cu embossare a brandului. P\u0103h\u0103relele sunt realizate \u00een acela\u0219i stil, ceea ce face ca setul s\u0103 fie unitar \u0219i premium.<\/p>\n<p>\u2714 Stil \u0219i finisaj premium<br data-start=\"1651\" data-end=\"1654\" \/>\u2714 Set complet \u2014 totul inclus<br data-start=\"1683\" data-end=\"1686\" \/>\u2714 Un cadou practic, care va fi cu siguran\u021b\u0103 apreciat<br data-start=\"1728\" data-end=\"1731\" \/>\u2714 Arat\u0103 scump \u0219i impun\u0103tor<\/p>","protected":false},"featured_media":3936,"template":"","meta":[],"product_brand":[],"product_cat":[187],"product_tag":[],"class_list":{"0":"post-3932","1":"product","2":"type-product","3":"status-publish","4":"has-post-thumbnail","6":"product_cat-set-cadou-barbat","8":"first","9":"instock","10":"sale","11":"shipping-taxable","12":"purchasable","13":"product-type-simple"},"yoast_head":"<!-- This site is optimized with the Yoast SEO plugin v26.7 - https:\/\/yoast.com\/wordpress\/plugins\/seo\/ -->\n<title>\u041f\u043e\u0434\u0430\u0440\u043e\u0447\u043d\u044b\u0439 \u043d\u0430\u0431\u043e\u0440 \u00abJack Daniel\u2019s\u00bb - Fotoprint.md<\/title>\n<meta name=\"description\" content=\"\u041f\u043e\u0434\u0430\u0440\u043e\u0447\u043d\u044b\u0439 \u043d\u0430\u0431\u043e\u0440 Jack Daniel\u2019s: \u043c\u0435\u0442\u0430\u043b\u043b\u0438\u0447\u0435\u0441\u043a\u0430\u044f \u0444\u043b\u044f\u0433\u0430 \u0432 \u043a\u043e\u0436\u0430\u043d\u043e\u043c \u043e\u0444\u043e\u0440\u043c\u043b\u0435\u043d\u0438\u0438, \u0434\u0432\u0435 \u0440\u044e\u043c\u043a\u0438 \u0438 \u0432\u043e\u0440\u043e\u043d\u043a\u0430 \u0432 \u043f\u043e\u0434\u0430\u0440\u043e\u0447\u043d\u043e\u0439 \u043a\u043e\u0440\u043e\u0431\u043a\u0435. \u0418\u0434\u0435\u0430\u043b\u044c\u043d\u044b\u0439 \u043f\u043e\u0434\u0430\u0440\u043e\u043a \u0434\u043b\u044f \u043c\u0443\u0436\u0447\u0438\u043d.\" \/>\n<meta name=\"robots\" content=\"index, follow, max-snippet:-1, max-image-preview:large, max-video-preview:-1\" \/>\n<link rel=\"canonical\" href=\"https:\/\/fotoprint.md\/ro\/produs\/set-cadou-jack-daniels\/\" \/>\n<meta property=\"og:locale\" content=\"ro_RO\" \/>\n<meta property=\"og:type\" content=\"article\" \/>\n<meta property=\"og:title\" content=\"\u041f\u043e\u0434\u0430\u0440\u043e\u0447\u043d\u044b\u0439 \u043d\u0430\u0431\u043e\u0440 \u00abJack Daniel\u2019s\u00bb - Fotoprint.md\" \/>\n<meta property=\"og:description\" content=\"\u041f\u043e\u0434\u0430\u0440\u043e\u0447\u043d\u044b\u0439 \u043d\u0430\u0431\u043e\u0440 Jack Daniel\u2019s: \u043c\u0435\u0442\u0430\u043b\u043b\u0438\u0447\u0435\u0441\u043a\u0430\u044f \u0444\u043b\u044f\u0433\u0430 \u0432 \u043a\u043e\u0436\u0430\u043d\u043e\u043c \u043e\u0444\u043e\u0440\u043c\u043b\u0435\u043d\u0438\u0438, \u0434\u0432\u0435 \u0440\u044e\u043c\u043a\u0438 \u0438 \u0432\u043e\u0440\u043e\u043d\u043a\u0430 \u0432 \u043f\u043e\u0434\u0430\u0440\u043e\u0447\u043d\u043e\u0439 \u043a\u043e\u0440\u043e\u0431\u043a\u0435. \u0418\u0434\u0435\u0430\u043b\u044c\u043d\u044b\u0439 \u043f\u043e\u0434\u0430\u0440\u043e\u043a \u0434\u043b\u044f \u043c\u0443\u0436\u0447\u0438\u043d.\" \/>\n<meta property=\"og:url\" content=\"https:\/\/fotoprint.md\/ro\/produs\/set-cadou-jack-daniels\/\" \/>\n<meta property=\"og:site_name\" content=\"Fotoprint.md\" \/>\n<meta property=\"article:publisher\" content=\"https:\/\/www.facebook.com\/fprint.md\/\" \/>\n<meta property=\"article:modified_time\" content=\"2025-12-13T18:57:45+00:00\" \/>\n<meta property=\"og:image\" content=\"https:\/\/fotoprint.md\/wp-content\/uploads\/2025\/12\/set-cadou-barbat1-1.webp\" \/>\n\t<meta property=\"og:image:width\" content=\"1000\" \/>\n\t<meta property=\"og:image:height\" content=\"1000\" \/>\n\t<meta property=\"og:image:type\" content=\"image\/webp\" \/>\n<meta name=\"twitter:card\" content=\"summary_large_image\" \/>\n<meta name=\"twitter:label1\" content=\"Timp estimat pentru citire\" \/>\n\t<meta name=\"twitter:data1\" content=\"1 minut\" \/>\n<script type=\"application\/ld+json\" class=\"yoast-schema-graph\">{\"@context\":\"https:\/\/schema.org\",\"@graph\":[{\"@type\":\"WebPage\",\"@id\":\"https:\/\/fotoprint.md\/ro\/produs\/set-cadou-jack-daniels\/\",\"url\":\"https:\/\/fotoprint.md\/ro\/produs\/set-cadou-jack-daniels\/\",\"name\":\"\u041f\u043e\u0434\u0430\u0440\u043e\u0447\u043d\u044b\u0439 \u043d\u0430\u0431\u043e\u0440 \u00abJack Daniel\u2019s\u00bb - Fotoprint.md\",\"isPartOf\":{\"@id\":\"https:\/\/fotoprint.md\/#website\"},\"primaryImageOfPage\":{\"@id\":\"https:\/\/fotoprint.md\/ro\/produs\/set-cadou-jack-daniels\/#primaryimage\"},\"image\":{\"@id\":\"https:\/\/fotoprint.md\/ro\/produs\/set-cadou-jack-daniels\/#primaryimage\"},\"thumbnailUrl\":\"https:\/\/fotoprint.md\/wp-content\/uploads\/2025\/12\/set-cadou-barbat1-1.webp\",\"datePublished\":\"2025-12-13T18:57:44+00:00\",\"dateModified\":\"2025-12-13T18:57:45+00:00\",\"description\":\"\u041f\u043e\u0434\u0430\u0440\u043e\u0447\u043d\u044b\u0439 \u043d\u0430\u0431\u043e\u0440 Jack Daniel\u2019s: \u043c\u0435\u0442\u0430\u043b\u043b\u0438\u0447\u0435\u0441\u043a\u0430\u044f \u0444\u043b\u044f\u0433\u0430 \u0432 \u043a\u043e\u0436\u0430\u043d\u043e\u043c \u043e\u0444\u043e\u0440\u043c\u043b\u0435\u043d\u0438\u0438, \u0434\u0432\u0435 \u0440\u044e\u043c\u043a\u0438 \u0438 \u0432\u043e\u0440\u043e\u043d\u043a\u0430 \u0432 \u043f\u043e\u0434\u0430\u0440\u043e\u0447\u043d\u043e\u0439 \u043a\u043e\u0440\u043e\u0431\u043a\u0435. \u0418\u0434\u0435\u0430\u043b\u044c\u043d\u044b\u0439 \u043f\u043e\u0434\u0430\u0440\u043e\u043a \u0434\u043b\u044f \u043c\u0443\u0436\u0447\u0438\u043d.\",\"breadcrumb\":{\"@id\":\"https:\/\/fotoprint.md\/ro\/produs\/set-cadou-jack-daniels\/#breadcrumb\"},\"inLanguage\":\"ro-RO\",\"potentialAction\":[{\"@type\":\"ReadAction\",\"target\":[\"https:\/\/fotoprint.md\/ro\/produs\/set-cadou-jack-daniels\/\"]}]},{\"@type\":\"ImageObject\",\"inLanguage\":\"ro-RO\",\"@id\":\"https:\/\/fotoprint.md\/ro\/produs\/set-cadou-jack-daniels\/#primaryimage\",\"url\":\"https:\/\/fotoprint.md\/wp-content\/uploads\/2025\/12\/set-cadou-barbat1-1.webp\",\"contentUrl\":\"https:\/\/fotoprint.md\/wp-content\/uploads\/2025\/12\/set-cadou-barbat1-1.webp\",\"width\":1000,\"height\":1000,\"caption\":\"\u041f\u043e\u0434\u0430\u0440\u043e\u0447\u043d\u044b\u0439 \u043d\u0430\u0431\u043e\u0440 Jack Daniel\u2019s \u0432 \u043f\u043e\u0434\u0430\u0440\u043e\u0447\u043d\u043e\u0439 \u043a\u043e\u0440\u043e\u0431\u043a\u0435 \u0441 \u043f\u0440\u043e\u0437\u0440\u0430\u0447\u043d\u043e\u0439 \u043a\u0440\u044b\u0448\u043a\u043e\u0439\"},{\"@type\":\"BreadcrumbList\",\"@id\":\"https:\/\/fotoprint.md\/ro\/produs\/set-cadou-jack-daniels\/#breadcrumb\",\"itemListElement\":[{\"@type\":\"ListItem\",\"position\":1,\"name\":\"\u0413\u043b\u0430\u0432\u043d\u0430\u044f \u0441\u0442\u0440\u0430\u043d\u0438\u0446\u0430\",\"item\":\"https:\/\/fotoprint.md\/ro\/\"},{\"@type\":\"ListItem\",\"position\":2,\"name\":\"Shop\",\"item\":\"https:\/\/fotoprint.md\/ro\/shop\/\"},{\"@type\":\"ListItem\",\"position\":3,\"name\":\"\u041f\u043e\u0434\u0430\u0440\u043e\u0447\u043d\u044b\u0439 \u043d\u0430\u0431\u043e\u0440 \u00abJack Daniel\u2019s\u00bb\"}]},{\"@type\":\"WebSite\",\"@id\":\"https:\/\/fotoprint.md\/#website\",\"url\":\"https:\/\/fotoprint.md\/\",\"name\":\"Fotoprint.md\",\"description\":\"\u0424\u043e\u0442\u043e\u043b\u0430\u0431\u043e\u0440\u0430\u0442\u043e\u0440\u0438\u044f \u041a\u0438\u0448\u0438\u043d\u0435\u0432\",\"publisher\":{\"@id\":\"https:\/\/fotoprint.md\/#organization\"},\"potentialAction\":[{\"@type\":\"SearchAction\",\"target\":{\"@type\":\"EntryPoint\",\"urlTemplate\":\"https:\/\/fotoprint.md\/?s={search_term_string}\"},\"query-input\":{\"@type\":\"PropertyValueSpecification\",\"valueRequired\":true,\"valueName\":\"search_term_string\"}}],\"inLanguage\":\"ro-RO\"},{\"@type\":\"Organization\",\"@id\":\"https:\/\/fotoprint.md\/#organization\",\"name\":\"Fotoprint.md\",\"url\":\"https:\/\/fotoprint.md\/\",\"logo\":{\"@type\":\"ImageObject\",\"inLanguage\":\"ro-RO\",\"@id\":\"https:\/\/fotoprint.md\/#\/schema\/logo\/image\/\",\"url\":\"https:\/\/fotoprint.md\/wp-content\/uploads\/2020\/11\/new_logo_light.png\",\"contentUrl\":\"https:\/\/fotoprint.md\/wp-content\/uploads\/2020\/11\/new_logo_light.png\",\"width\":305,\"height\":43,\"caption\":\"Fotoprint.md\"},\"image\":{\"@id\":\"https:\/\/fotoprint.md\/#\/schema\/logo\/image\/\"},\"sameAs\":[\"https:\/\/www.facebook.com\/fprint.md\/\"]}]}<\/script>\n<!-- \/ Yoast SEO plugin. -->","yoast_head_json":{"title":"\u041f\u043e\u0434\u0430\u0440\u043e\u0447\u043d\u044b\u0439 \u043d\u0430\u0431\u043e\u0440 \u00abJack Daniel\u2019s\u00bb - Fotoprint.md","description":"\u041f\u043e\u0434\u0430\u0440\u043e\u0447\u043d\u044b\u0439 \u043d\u0430\u0431\u043e\u0440 Jack Daniel\u2019s: \u043c\u0435\u0442\u0430\u043b\u043b\u0438\u0447\u0435\u0441\u043a\u0430\u044f \u0444\u043b\u044f\u0433\u0430 \u0432 \u043a\u043e\u0436\u0430\u043d\u043e\u043c \u043e\u0444\u043e\u0440\u043c\u043b\u0435\u043d\u0438\u0438, \u0434\u0432\u0435 \u0440\u044e\u043c\u043a\u0438 \u0438 \u0432\u043e\u0440\u043e\u043d\u043a\u0430 \u0432 \u043f\u043e\u0434\u0430\u0440\u043e\u0447\u043d\u043e\u0439 \u043a\u043e\u0440\u043e\u0431\u043a\u0435. \u0418\u0434\u0435\u0430\u043b\u044c\u043d\u044b\u0439 \u043f\u043e\u0434\u0430\u0440\u043e\u043a \u0434\u043b\u044f \u043c\u0443\u0436\u0447\u0438\u043d.","robots":{"index":"index","follow":"follow","max-snippet":"max-snippet:-1","max-image-preview":"max-image-preview:large","max-video-preview":"max-video-preview:-1"},"canonical":"https:\/\/fotoprint.md\/ro\/produs\/set-cadou-jack-daniels\/","og_locale":"ro_RO","og_type":"article","og_title":"\u041f\u043e\u0434\u0430\u0440\u043e\u0447\u043d\u044b\u0439 \u043d\u0430\u0431\u043e\u0440 \u00abJack Daniel\u2019s\u00bb - Fotoprint.md","og_description":"\u041f\u043e\u0434\u0430\u0440\u043e\u0447\u043d\u044b\u0439 \u043d\u0430\u0431\u043e\u0440 Jack Daniel\u2019s: \u043c\u0435\u0442\u0430\u043b\u043b\u0438\u0447\u0435\u0441\u043a\u0430\u044f \u0444\u043b\u044f\u0433\u0430 \u0432 \u043a\u043e\u0436\u0430\u043d\u043e\u043c \u043e\u0444\u043e\u0440\u043c\u043b\u0435\u043d\u0438\u0438, \u0434\u0432\u0435 \u0440\u044e\u043c\u043a\u0438 \u0438 \u0432\u043e\u0440\u043e\u043d\u043a\u0430 \u0432 \u043f\u043e\u0434\u0430\u0440\u043e\u0447\u043d\u043e\u0439 \u043a\u043e\u0440\u043e\u0431\u043a\u0435. \u0418\u0434\u0435\u0430\u043b\u044c\u043d\u044b\u0439 \u043f\u043e\u0434\u0430\u0440\u043e\u043a \u0434\u043b\u044f \u043c\u0443\u0436\u0447\u0438\u043d.","og_url":"https:\/\/fotoprint.md\/ro\/produs\/set-cadou-jack-daniels\/","og_site_name":"Fotoprint.md","article_publisher":"https:\/\/www.facebook.com\/fprint.md\/","article_modified_time":"2025-12-13T18:57:45+00:00","og_image":[{"width":1000,"height":1000,"url":"https:\/\/fotoprint.md\/wp-content\/uploads\/2025\/12\/set-cadou-barbat1-1.webp","type":"image\/webp"}],"twitter_card":"summary_large_image","twitter_misc":{"Timp estimat pentru citire":"1 minut"},"schema":{"@context":"https:\/\/schema.org","@graph":[{"@type":"WebPage","@id":"https:\/\/fotoprint.md\/ro\/produs\/set-cadou-jack-daniels\/","url":"https:\/\/fotoprint.md\/ro\/produs\/set-cadou-jack-daniels\/","name":"\u041f\u043e\u0434\u0430\u0440\u043e\u0447\u043d\u044b\u0439 \u043d\u0430\u0431\u043e\u0440 \u00abJack Daniel\u2019s\u00bb - Fotoprint.md","isPartOf":{"@id":"https:\/\/fotoprint.md\/#website"},"primaryImageOfPage":{"@id":"https:\/\/fotoprint.md\/ro\/produs\/set-cadou-jack-daniels\/#primaryimage"},"image":{"@id":"https:\/\/fotoprint.md\/ro\/produs\/set-cadou-jack-daniels\/#primaryimage"},"thumbnailUrl":"https:\/\/fotoprint.md\/wp-content\/uploads\/2025\/12\/set-cadou-barbat1-1.webp","datePublished":"2025-12-13T18:57:44+00:00","dateModified":"2025-12-13T18:57:45+00:00","description":"\u041f\u043e\u0434\u0430\u0440\u043e\u0447\u043d\u044b\u0439 \u043d\u0430\u0431\u043e\u0440 Jack Daniel\u2019s: \u043c\u0435\u0442\u0430\u043b\u043b\u0438\u0447\u0435\u0441\u043a\u0430\u044f \u0444\u043b\u044f\u0433\u0430 \u0432 \u043a\u043e\u0436\u0430\u043d\u043e\u043c \u043e\u0444\u043e\u0440\u043c\u043b\u0435\u043d\u0438\u0438, \u0434\u0432\u0435 \u0440\u044e\u043c\u043a\u0438 \u0438 \u0432\u043e\u0440\u043e\u043d\u043a\u0430 \u0432 \u043f\u043e\u0434\u0430\u0440\u043e\u0447\u043d\u043e\u0439 \u043a\u043e\u0440\u043e\u0431\u043a\u0435. \u0418\u0434\u0435\u0430\u043b\u044c\u043d\u044b\u0439 \u043f\u043e\u0434\u0430\u0440\u043e\u043a \u0434\u043b\u044f \u043c\u0443\u0436\u0447\u0438\u043d.","breadcrumb":{"@id":"https:\/\/fotoprint.md\/ro\/produs\/set-cadou-jack-daniels\/#breadcrumb"},"inLanguage":"ro-RO","potentialAction":[{"@type":"ReadAction","target":["https:\/\/fotoprint.md\/ro\/produs\/set-cadou-jack-daniels\/"]}]},{"@type":"ImageObject","inLanguage":"ro-RO","@id":"https:\/\/fotoprint.md\/ro\/produs\/set-cadou-jack-daniels\/#primaryimage","url":"https:\/\/fotoprint.md\/wp-content\/uploads\/2025\/12\/set-cadou-barbat1-1.webp","contentUrl":"https:\/\/fotoprint.md\/wp-content\/uploads\/2025\/12\/set-cadou-barbat1-1.webp","width":1000,"height":1000,"caption":"\u041f\u043e\u0434\u0430\u0440\u043e\u0447\u043d\u044b\u0439 \u043d\u0430\u0431\u043e\u0440 Jack Daniel\u2019s \u0432 \u043f\u043e\u0434\u0430\u0440\u043e\u0447\u043d\u043e\u0439 \u043a\u043e\u0440\u043e\u0431\u043a\u0435 \u0441 \u043f\u0440\u043e\u0437\u0440\u0430\u0447\u043d\u043e\u0439 \u043a\u0440\u044b\u0448\u043a\u043e\u0439"},{"@type":"BreadcrumbList","@id":"https:\/\/fotoprint.md\/ro\/produs\/set-cadou-jack-daniels\/#breadcrumb","itemListElement":[{"@type":"ListItem","position":1,"name":"\u0413\u043b\u0430\u0432\u043d\u0430\u044f \u0441\u0442\u0440\u0430\u043d\u0438\u0446\u0430","item":"https:\/\/fotoprint.md\/ro\/"},{"@type":"ListItem","position":2,"name":"Shop","item":"https:\/\/fotoprint.md\/ro\/shop\/"},{"@type":"ListItem","position":3,"name":"\u041f\u043e\u0434\u0430\u0440\u043e\u0447\u043d\u044b\u0439 \u043d\u0430\u0431\u043e\u0440 \u00abJack Daniel\u2019s\u00bb"}]},{"@type":"WebSite","@id":"https:\/\/fotoprint.md\/#website","url":"https:\/\/fotoprint.md\/","name":"Fotoprint.md","description":"Laborator FOTO Chi\u0219in\u0103u","publisher":{"@id":"https:\/\/fotoprint.md\/#organization"},"potentialAction":[{"@type":"SearchAction","target":{"@type":"EntryPoint","urlTemplate":"https:\/\/fotoprint.md\/?s={search_term_string}"},"query-input":{"@type":"PropertyValueSpecification","valueRequired":true,"valueName":"search_term_string"}}],"inLanguage":"ro-RO"},{"@type":"Organization","@id":"https:\/\/fotoprint.md\/#organization","name":"Fotoprint.md","url":"https:\/\/fotoprint.md\/","logo":{"@type":"ImageObject","inLanguage":"ro-RO","@id":"https:\/\/fotoprint.md\/#\/schema\/logo\/image\/","url":"https:\/\/fotoprint.md\/wp-content\/uploads\/2020\/11\/new_logo_light.png","contentUrl":"https:\/\/fotoprint.md\/wp-content\/uploads\/2020\/11\/new_logo_light.png","width":305,"height":43,"caption":"Fotoprint.md"},"image":{"@id":"https:\/\/fotoprint.md\/#\/schema\/logo\/image\/"},"sameAs":["https:\/\/www.facebook.com\/fprint.md\/"]}]}},"tiered_pricing_type":"fixed","tiered_pricing_fixed_rules":[],"tiered_pricing_product_settings":{"layout":"default","base_unit_name":{"singular":null,"plural":null},"default_variation":null},"tiered_pricing_minimum_quantity":null,"tiered_pricing_roles_data":[],"tiered_pricing_percentage_rules":[],"_links":{"self":[{"href":"https:\/\/fotoprint.md\/ro\/wp-json\/wp\/v2\/product\/3932","targetHints":{"allow":["GET"]}}],"collection":[{"href":"https:\/\/fotoprint.md\/ro\/wp-json\/wp\/v2\/product"}],"about":[{"href":"https:\/\/fotoprint.md\/ro\/wp-json\/wp\/v2\/types\/product"}],"wp:featuredmedia":[{"embeddable":true,"href":"https:\/\/fotoprint.md\/ro\/wp-json\/wp\/v2\/media\/3936"}],"wp:attachment":[{"href":"https:\/\/fotoprint.md\/ro\/wp-json\/wp\/v2\/media?parent=3932"}],"wp:term":[{"taxonomy":"product_brand","embeddable":true,"href":"https:\/\/fotoprint.md\/ro\/wp-json\/wp\/v2\/product_brand?post=3932"},{"taxonomy":"product_cat","embeddable":true,"href":"https:\/\/fotoprint.md\/ro\/wp-json\/wp\/v2\/product_cat?post=3932"},{"taxonomy":"product_tag","embeddable":true,"href":"https:\/\/fotoprint.md\/ro\/wp-json\/wp\/v2\/product_tag?post=3932"}],"curies":[{"name":"wp","href":"https:\/\/api.w.org\/{rel}","templated":true}]}}