{"id":3864,"date":"2025-12-06T15:26:31","date_gmt":"2025-12-06T13:26:31","guid":{"rendered":"https:\/\/fotoprint.md\/?post_type=product&#038;p=3864"},"modified":"2025-12-06T15:37:03","modified_gmt":"2025-12-06T13:37:03","slug":"gift-card-fotoprint-md","status":"publish","type":"product","link":"https:\/\/fotoprint.md\/ro\/produs\/gift-card-fotoprint-md\/","title":{"rendered":"Certificat cadou"},"content":{"rendered":"<p>Certificatul cadou FOTOPRINT.MD este un cadou universal \u0219i stilat, care \u00ee\u021bi permite s\u0103 alegi orice produs sau serviciu din gama noastr\u0103: imprimare foto, tablouri pe p\u00e2nz\u0103, albume foto, suveniruri \u0219i multe altele. Potrivit pentru zile de na\u0219tere, s\u0103rb\u0103tori, cadouri corporative \u0219i surprize pl\u0103cute. Livrare \u00een toat\u0103 Moldova.<\/p>\n<p data-start=\"1555\" data-end=\"1578\"><strong data-start=\"1561\" data-end=\"1578\">Pentru cine este potrivit<\/strong><\/p>\n<ul data-start=\"1579\" data-end=\"1746\">\n<li data-start=\"1579\" data-end=\"1598\">\n<p data-start=\"1581\" data-end=\"1598\">prietenilor \u0219i familiei<\/p>\n<\/li>\n<li data-start=\"1599\" data-end=\"1625\">\n<p data-start=\"1601\" data-end=\"1625\">colegilor \u0219i angaja\u021bilor<\/p>\n<\/li>\n<li data-start=\"1626\" data-end=\"1650\">\n<p data-start=\"1628\" data-end=\"1650\">clien\u021bilor \u0219i partenerilor<\/p>\n<\/li>\n<li data-start=\"1651\" data-end=\"1677\">\n<p data-start=\"1653\" data-end=\"1677\">pentru tombole \u0219i promo\u021bii<\/p>\n<\/li>\n<li data-start=\"1678\" data-end=\"1746\">\n<p data-start=\"1680\" data-end=\"1746\">ca un cadou universal atunci c\u00e2nd este dificil s\u0103 alegi un produs concret<\/p>\n<\/li>\n<\/ul>","protected":false},"excerpt":{"rendered":"<p data-start=\"602\" data-end=\"623\">\u2b50 <strong data-start=\"607\" data-end=\"623\">Beneficii<\/strong><\/p>\n<ul>\n<li data-start=\"624\" data-end=\"661\">\n<p data-start=\"626\" data-end=\"661\">\u2714 Un cadou gata preg\u0103tit \u2014 potrivit pentru oricine<\/p>\n<\/li>\n<li data-start=\"694\" data-end=\"749\">\n<p data-start=\"696\" data-end=\"749\">\u2714 Disponibil \u00een <strong data-start=\"709\" data-end=\"721\">format digital<\/strong> \u0219i <strong data-start=\"724\" data-end=\"738\">fizic<\/strong> .<\/p>\n<\/li>\n<li data-start=\"750\" data-end=\"790\">\n<p data-start=\"752\" data-end=\"790\">\u2714 Valabil pentru toate produsele \u0219i serviciile <strong>FOTOPRINT.MD<\/strong><\/p>\n<\/li>\n<li><strong data-start=\"1759\" data-end=\"1782\">Livrare \u00een toat\u0103 Moldova \u2014 1\u20132 zile<\/strong><\/li>\n<li><strong>Versiunea electronic\u0103 (pe e-mail) \u2014 instant<\/strong><\/li>\n<li data-start=\"750\" data-end=\"790\"><strong data-start=\"999\" data-end=\"1012\">\u00een valoare de<\/strong> 200 \/\u00a0 500\u00a0 \/ 1000 MDL<\/li>\n<\/ul>","protected":false},"featured_media":3868,"template":"","meta":[],"product_brand":[],"product_cat":[186],"product_tag":[],"class_list":{"0":"post-3864","1":"product","2":"type-product","3":"status-publish","4":"has-post-thumbnail","6":"product_cat-giftcard","8":"first","9":"instock","10":"shipping-taxable","11":"purchasable","12":"product-type-variable"},"yoast_head":"<!-- This site is optimized with the Yoast SEO plugin v26.7 - https:\/\/yoast.com\/wordpress\/plugins\/seo\/ -->\n<title>\u041f\u043e\u0434\u0430\u0440\u043e\u0447\u043d\u044b\u0439 \u0441\u0435\u0440\u0442\u0438\u0444\u0438\u043a\u0430\u0442 - Fotoprint.md<\/title>\n<meta name=\"description\" content=\"\u041f\u043e\u0434\u0430\u0440\u043e\u0447\u043d\u044b\u0439 \u0441\u0435\u0440\u0442\u0438\u0444\u0438\u043a\u0430\u0442 FOTOPRINT.MD \u043d\u0430 \u043b\u044e\u0431\u044b\u0435 \u0443\u0441\u043b\u0443\u0433\u0438: \u0444\u043e\u0442\u043e\u043f\u0435\u0447\u0430\u0442\u044c, \u0441\u0443\u0432\u0435\u043d\u0438\u0440\u044b \u0438 \u0434\u0440\u0443\u0433\u0438\u0435. \u0414\u043e\u0441\u0442\u0443\u043f\u0435\u043d \u0432 \u0446\u0438\u0444\u0440\u043e\u0432\u043e\u043c \u0438 \u043f\u0435\u0447\u0430\u0442\u043d\u043e\u043c \u0444\u043e\u0440\u043c\u0430\u0442\u0435. \u0414\u043e\u0441\u0442\u0430\u0432\u043a\u0430 \u043f\u043e \u0432\u0441\u0435\u0439 \u041c\u043e\u043b\u0434\u043e\u0432\u0435.\" \/>\n<meta name=\"robots\" content=\"index, follow, max-snippet:-1, max-image-preview:large, max-video-preview:-1\" \/>\n<link rel=\"canonical\" href=\"https:\/\/fotoprint.md\/ro\/produs\/gift-card-fotoprint-md\/\" \/>\n<meta property=\"og:locale\" content=\"ro_RO\" \/>\n<meta property=\"og:type\" content=\"article\" \/>\n<meta property=\"og:title\" content=\"\u041f\u043e\u0434\u0430\u0440\u043e\u0447\u043d\u044b\u0439 \u0441\u0435\u0440\u0442\u0438\u0444\u0438\u043a\u0430\u0442 - Fotoprint.md\" \/>\n<meta property=\"og:description\" content=\"\u041f\u043e\u0434\u0430\u0440\u043e\u0447\u043d\u044b\u0439 \u0441\u0435\u0440\u0442\u0438\u0444\u0438\u043a\u0430\u0442 FOTOPRINT.MD \u043d\u0430 \u043b\u044e\u0431\u044b\u0435 \u0443\u0441\u043b\u0443\u0433\u0438: \u0444\u043e\u0442\u043e\u043f\u0435\u0447\u0430\u0442\u044c, \u0441\u0443\u0432\u0435\u043d\u0438\u0440\u044b \u0438 \u0434\u0440\u0443\u0433\u0438\u0435. \u0414\u043e\u0441\u0442\u0443\u043f\u0435\u043d \u0432 \u0446\u0438\u0444\u0440\u043e\u0432\u043e\u043c \u0438 \u043f\u0435\u0447\u0430\u0442\u043d\u043e\u043c \u0444\u043e\u0440\u043c\u0430\u0442\u0435. \u0414\u043e\u0441\u0442\u0430\u0432\u043a\u0430 \u043f\u043e \u0432\u0441\u0435\u0439 \u041c\u043e\u043b\u0434\u043e\u0432\u0435.\" \/>\n<meta property=\"og:url\" content=\"https:\/\/fotoprint.md\/ro\/produs\/gift-card-fotoprint-md\/\" \/>\n<meta property=\"og:site_name\" content=\"Fotoprint.md\" \/>\n<meta property=\"article:publisher\" content=\"https:\/\/www.facebook.com\/fprint.md\/\" \/>\n<meta property=\"article:modified_time\" content=\"2025-12-06T13:37:03+00:00\" \/>\n<meta property=\"og:image\" content=\"https:\/\/fotoprint.md\/wp-content\/uploads\/2025\/12\/gift-card-fotoprint-1.webp\" \/>\n\t<meta property=\"og:image:width\" content=\"2000\" \/>\n\t<meta property=\"og:image:height\" content=\"2000\" \/>\n\t<meta property=\"og:image:type\" content=\"image\/webp\" \/>\n<meta name=\"twitter:card\" content=\"summary_large_image\" \/>\n<meta name=\"twitter:label1\" content=\"Timp estimat pentru citire\" \/>\n\t<meta name=\"twitter:data1\" content=\"1 minut\" \/>\n<script type=\"application\/ld+json\" class=\"yoast-schema-graph\">{\"@context\":\"https:\/\/schema.org\",\"@graph\":[{\"@type\":\"WebPage\",\"@id\":\"https:\/\/fotoprint.md\/ro\/produs\/gift-card-fotoprint-md\/\",\"url\":\"https:\/\/fotoprint.md\/ro\/produs\/gift-card-fotoprint-md\/\",\"name\":\"\u041f\u043e\u0434\u0430\u0440\u043e\u0447\u043d\u044b\u0439 \u0441\u0435\u0440\u0442\u0438\u0444\u0438\u043a\u0430\u0442 - Fotoprint.md\",\"isPartOf\":{\"@id\":\"https:\/\/fotoprint.md\/#website\"},\"primaryImageOfPage\":{\"@id\":\"https:\/\/fotoprint.md\/ro\/produs\/gift-card-fotoprint-md\/#primaryimage\"},\"image\":{\"@id\":\"https:\/\/fotoprint.md\/ro\/produs\/gift-card-fotoprint-md\/#primaryimage\"},\"thumbnailUrl\":\"https:\/\/fotoprint.md\/wp-content\/uploads\/2025\/12\/gift-card-fotoprint-1.webp\",\"datePublished\":\"2025-12-06T13:26:31+00:00\",\"dateModified\":\"2025-12-06T13:37:03+00:00\",\"description\":\"\u041f\u043e\u0434\u0430\u0440\u043e\u0447\u043d\u044b\u0439 \u0441\u0435\u0440\u0442\u0438\u0444\u0438\u043a\u0430\u0442 FOTOPRINT.MD \u043d\u0430 \u043b\u044e\u0431\u044b\u0435 \u0443\u0441\u043b\u0443\u0433\u0438: \u0444\u043e\u0442\u043e\u043f\u0435\u0447\u0430\u0442\u044c, \u0441\u0443\u0432\u0435\u043d\u0438\u0440\u044b \u0438 \u0434\u0440\u0443\u0433\u0438\u0435. \u0414\u043e\u0441\u0442\u0443\u043f\u0435\u043d \u0432 \u0446\u0438\u0444\u0440\u043e\u0432\u043e\u043c \u0438 \u043f\u0435\u0447\u0430\u0442\u043d\u043e\u043c \u0444\u043e\u0440\u043c\u0430\u0442\u0435. \u0414\u043e\u0441\u0442\u0430\u0432\u043a\u0430 \u043f\u043e \u0432\u0441\u0435\u0439 \u041c\u043e\u043b\u0434\u043e\u0432\u0435.\",\"breadcrumb\":{\"@id\":\"https:\/\/fotoprint.md\/ro\/produs\/gift-card-fotoprint-md\/#breadcrumb\"},\"inLanguage\":\"ro-RO\",\"potentialAction\":[{\"@type\":\"ReadAction\",\"target\":[\"https:\/\/fotoprint.md\/ro\/produs\/gift-card-fotoprint-md\/\"]}]},{\"@type\":\"ImageObject\",\"inLanguage\":\"ro-RO\",\"@id\":\"https:\/\/fotoprint.md\/ro\/produs\/gift-card-fotoprint-md\/#primaryimage\",\"url\":\"https:\/\/fotoprint.md\/wp-content\/uploads\/2025\/12\/gift-card-fotoprint-1.webp\",\"contentUrl\":\"https:\/\/fotoprint.md\/wp-content\/uploads\/2025\/12\/gift-card-fotoprint-1.webp\",\"width\":2000,\"height\":2000,\"caption\":\"Card cadou elegant cu funde aurii \u0219i plic sigilat, \u00eenso\u021bit de cadouri decorative albe cu panglici aurii\"},{\"@type\":\"BreadcrumbList\",\"@id\":\"https:\/\/fotoprint.md\/ro\/produs\/gift-card-fotoprint-md\/#breadcrumb\",\"itemListElement\":[{\"@type\":\"ListItem\",\"position\":1,\"name\":\"\u0413\u043b\u0430\u0432\u043d\u0430\u044f \u0441\u0442\u0440\u0430\u043d\u0438\u0446\u0430\",\"item\":\"https:\/\/fotoprint.md\/ro\/\"},{\"@type\":\"ListItem\",\"position\":2,\"name\":\"Shop\",\"item\":\"https:\/\/fotoprint.md\/ro\/shop\/\"},{\"@type\":\"ListItem\",\"position\":3,\"name\":\"\u041f\u043e\u0434\u0430\u0440\u043e\u0447\u043d\u044b\u0439 \u0441\u0435\u0440\u0442\u0438\u0444\u0438\u043a\u0430\u0442\"}]},{\"@type\":\"WebSite\",\"@id\":\"https:\/\/fotoprint.md\/#website\",\"url\":\"https:\/\/fotoprint.md\/\",\"name\":\"Fotoprint.md\",\"description\":\"\u0424\u043e\u0442\u043e\u043b\u0430\u0431\u043e\u0440\u0430\u0442\u043e\u0440\u0438\u044f \u041a\u0438\u0448\u0438\u043d\u0435\u0432\",\"publisher\":{\"@id\":\"https:\/\/fotoprint.md\/#organization\"},\"potentialAction\":[{\"@type\":\"SearchAction\",\"target\":{\"@type\":\"EntryPoint\",\"urlTemplate\":\"https:\/\/fotoprint.md\/?s={search_term_string}\"},\"query-input\":{\"@type\":\"PropertyValueSpecification\",\"valueRequired\":true,\"valueName\":\"search_term_string\"}}],\"inLanguage\":\"ro-RO\"},{\"@type\":\"Organization\",\"@id\":\"https:\/\/fotoprint.md\/#organization\",\"name\":\"Fotoprint.md\",\"url\":\"https:\/\/fotoprint.md\/\",\"logo\":{\"@type\":\"ImageObject\",\"inLanguage\":\"ro-RO\",\"@id\":\"https:\/\/fotoprint.md\/#\/schema\/logo\/image\/\",\"url\":\"https:\/\/fotoprint.md\/wp-content\/uploads\/2020\/11\/new_logo_light.png\",\"contentUrl\":\"https:\/\/fotoprint.md\/wp-content\/uploads\/2020\/11\/new_logo_light.png\",\"width\":305,\"height\":43,\"caption\":\"Fotoprint.md\"},\"image\":{\"@id\":\"https:\/\/fotoprint.md\/#\/schema\/logo\/image\/\"},\"sameAs\":[\"https:\/\/www.facebook.com\/fprint.md\/\"]}]}<\/script>\n<!-- \/ Yoast SEO plugin. -->","yoast_head_json":{"title":"\u041f\u043e\u0434\u0430\u0440\u043e\u0447\u043d\u044b\u0439 \u0441\u0435\u0440\u0442\u0438\u0444\u0438\u043a\u0430\u0442 - Fotoprint.md","description":"\u041f\u043e\u0434\u0430\u0440\u043e\u0447\u043d\u044b\u0439 \u0441\u0435\u0440\u0442\u0438\u0444\u0438\u043a\u0430\u0442 FOTOPRINT.MD \u043d\u0430 \u043b\u044e\u0431\u044b\u0435 \u0443\u0441\u043b\u0443\u0433\u0438: \u0444\u043e\u0442\u043e\u043f\u0435\u0447\u0430\u0442\u044c, \u0441\u0443\u0432\u0435\u043d\u0438\u0440\u044b \u0438 \u0434\u0440\u0443\u0433\u0438\u0435. \u0414\u043e\u0441\u0442\u0443\u043f\u0435\u043d \u0432 \u0446\u0438\u0444\u0440\u043e\u0432\u043e\u043c \u0438 \u043f\u0435\u0447\u0430\u0442\u043d\u043e\u043c \u0444\u043e\u0440\u043c\u0430\u0442\u0435. \u0414\u043e\u0441\u0442\u0430\u0432\u043a\u0430 \u043f\u043e \u0432\u0441\u0435\u0439 \u041c\u043e\u043b\u0434\u043e\u0432\u0435.","robots":{"index":"index","follow":"follow","max-snippet":"max-snippet:-1","max-image-preview":"max-image-preview:large","max-video-preview":"max-video-preview:-1"},"canonical":"https:\/\/fotoprint.md\/ro\/produs\/gift-card-fotoprint-md\/","og_locale":"ro_RO","og_type":"article","og_title":"\u041f\u043e\u0434\u0430\u0440\u043e\u0447\u043d\u044b\u0439 \u0441\u0435\u0440\u0442\u0438\u0444\u0438\u043a\u0430\u0442 - Fotoprint.md","og_description":"\u041f\u043e\u0434\u0430\u0440\u043e\u0447\u043d\u044b\u0439 \u0441\u0435\u0440\u0442\u0438\u0444\u0438\u043a\u0430\u0442 FOTOPRINT.MD \u043d\u0430 \u043b\u044e\u0431\u044b\u0435 \u0443\u0441\u043b\u0443\u0433\u0438: \u0444\u043e\u0442\u043e\u043f\u0435\u0447\u0430\u0442\u044c, \u0441\u0443\u0432\u0435\u043d\u0438\u0440\u044b \u0438 \u0434\u0440\u0443\u0433\u0438\u0435. \u0414\u043e\u0441\u0442\u0443\u043f\u0435\u043d \u0432 \u0446\u0438\u0444\u0440\u043e\u0432\u043e\u043c \u0438 \u043f\u0435\u0447\u0430\u0442\u043d\u043e\u043c \u0444\u043e\u0440\u043c\u0430\u0442\u0435. \u0414\u043e\u0441\u0442\u0430\u0432\u043a\u0430 \u043f\u043e \u0432\u0441\u0435\u0439 \u041c\u043e\u043b\u0434\u043e\u0432\u0435.","og_url":"https:\/\/fotoprint.md\/ro\/produs\/gift-card-fotoprint-md\/","og_site_name":"Fotoprint.md","article_publisher":"https:\/\/www.facebook.com\/fprint.md\/","article_modified_time":"2025-12-06T13:37:03+00:00","og_image":[{"width":2000,"height":2000,"url":"https:\/\/fotoprint.md\/wp-content\/uploads\/2025\/12\/gift-card-fotoprint-1.webp","type":"image\/webp"}],"twitter_card":"summary_large_image","twitter_misc":{"Timp estimat pentru citire":"1 minut"},"schema":{"@context":"https:\/\/schema.org","@graph":[{"@type":"WebPage","@id":"https:\/\/fotoprint.md\/ro\/produs\/gift-card-fotoprint-md\/","url":"https:\/\/fotoprint.md\/ro\/produs\/gift-card-fotoprint-md\/","name":"\u041f\u043e\u0434\u0430\u0440\u043e\u0447\u043d\u044b\u0439 \u0441\u0435\u0440\u0442\u0438\u0444\u0438\u043a\u0430\u0442 - Fotoprint.md","isPartOf":{"@id":"https:\/\/fotoprint.md\/#website"},"primaryImageOfPage":{"@id":"https:\/\/fotoprint.md\/ro\/produs\/gift-card-fotoprint-md\/#primaryimage"},"image":{"@id":"https:\/\/fotoprint.md\/ro\/produs\/gift-card-fotoprint-md\/#primaryimage"},"thumbnailUrl":"https:\/\/fotoprint.md\/wp-content\/uploads\/2025\/12\/gift-card-fotoprint-1.webp","datePublished":"2025-12-06T13:26:31+00:00","dateModified":"2025-12-06T13:37:03+00:00","description":"\u041f\u043e\u0434\u0430\u0440\u043e\u0447\u043d\u044b\u0439 \u0441\u0435\u0440\u0442\u0438\u0444\u0438\u043a\u0430\u0442 FOTOPRINT.MD \u043d\u0430 \u043b\u044e\u0431\u044b\u0435 \u0443\u0441\u043b\u0443\u0433\u0438: \u0444\u043e\u0442\u043e\u043f\u0435\u0447\u0430\u0442\u044c, \u0441\u0443\u0432\u0435\u043d\u0438\u0440\u044b \u0438 \u0434\u0440\u0443\u0433\u0438\u0435. \u0414\u043e\u0441\u0442\u0443\u043f\u0435\u043d \u0432 \u0446\u0438\u0444\u0440\u043e\u0432\u043e\u043c \u0438 \u043f\u0435\u0447\u0430\u0442\u043d\u043e\u043c \u0444\u043e\u0440\u043c\u0430\u0442\u0435. \u0414\u043e\u0441\u0442\u0430\u0432\u043a\u0430 \u043f\u043e \u0432\u0441\u0435\u0439 \u041c\u043e\u043b\u0434\u043e\u0432\u0435.","breadcrumb":{"@id":"https:\/\/fotoprint.md\/ro\/produs\/gift-card-fotoprint-md\/#breadcrumb"},"inLanguage":"ro-RO","potentialAction":[{"@type":"ReadAction","target":["https:\/\/fotoprint.md\/ro\/produs\/gift-card-fotoprint-md\/"]}]},{"@type":"ImageObject","inLanguage":"ro-RO","@id":"https:\/\/fotoprint.md\/ro\/produs\/gift-card-fotoprint-md\/#primaryimage","url":"https:\/\/fotoprint.md\/wp-content\/uploads\/2025\/12\/gift-card-fotoprint-1.webp","contentUrl":"https:\/\/fotoprint.md\/wp-content\/uploads\/2025\/12\/gift-card-fotoprint-1.webp","width":2000,"height":2000,"caption":"Card cadou elegant cu funde aurii \u0219i plic sigilat, \u00eenso\u021bit de cadouri decorative albe cu panglici aurii"},{"@type":"BreadcrumbList","@id":"https:\/\/fotoprint.md\/ro\/produs\/gift-card-fotoprint-md\/#breadcrumb","itemListElement":[{"@type":"ListItem","position":1,"name":"\u0413\u043b\u0430\u0432\u043d\u0430\u044f \u0441\u0442\u0440\u0430\u043d\u0438\u0446\u0430","item":"https:\/\/fotoprint.md\/ro\/"},{"@type":"ListItem","position":2,"name":"Shop","item":"https:\/\/fotoprint.md\/ro\/shop\/"},{"@type":"ListItem","position":3,"name":"\u041f\u043e\u0434\u0430\u0440\u043e\u0447\u043d\u044b\u0439 \u0441\u0435\u0440\u0442\u0438\u0444\u0438\u043a\u0430\u0442"}]},{"@type":"WebSite","@id":"https:\/\/fotoprint.md\/#website","url":"https:\/\/fotoprint.md\/","name":"Fotoprint.md","description":"Laborator FOTO Chi\u0219in\u0103u","publisher":{"@id":"https:\/\/fotoprint.md\/#organization"},"potentialAction":[{"@type":"SearchAction","target":{"@type":"EntryPoint","urlTemplate":"https:\/\/fotoprint.md\/?s={search_term_string}"},"query-input":{"@type":"PropertyValueSpecification","valueRequired":true,"valueName":"search_term_string"}}],"inLanguage":"ro-RO"},{"@type":"Organization","@id":"https:\/\/fotoprint.md\/#organization","name":"Fotoprint.md","url":"https:\/\/fotoprint.md\/","logo":{"@type":"ImageObject","inLanguage":"ro-RO","@id":"https:\/\/fotoprint.md\/#\/schema\/logo\/image\/","url":"https:\/\/fotoprint.md\/wp-content\/uploads\/2020\/11\/new_logo_light.png","contentUrl":"https:\/\/fotoprint.md\/wp-content\/uploads\/2020\/11\/new_logo_light.png","width":305,"height":43,"caption":"Fotoprint.md"},"image":{"@id":"https:\/\/fotoprint.md\/#\/schema\/logo\/image\/"},"sameAs":["https:\/\/www.facebook.com\/fprint.md\/"]}]}},"tiered_pricing_type":"fixed","tiered_pricing_fixed_rules":[],"tiered_pricing_product_settings":{"layout":"default","base_unit_name":{"singular":null,"plural":null},"default_variation":null},"tiered_pricing_minimum_quantity":null,"tiered_pricing_roles_data":[],"tiered_pricing_percentage_rules":[],"_links":{"self":[{"href":"https:\/\/fotoprint.md\/ro\/wp-json\/wp\/v2\/product\/3864","targetHints":{"allow":["GET"]}}],"collection":[{"href":"https:\/\/fotoprint.md\/ro\/wp-json\/wp\/v2\/product"}],"about":[{"href":"https:\/\/fotoprint.md\/ro\/wp-json\/wp\/v2\/types\/product"}],"wp:featuredmedia":[{"embeddable":true,"href":"https:\/\/fotoprint.md\/ro\/wp-json\/wp\/v2\/media\/3868"}],"wp:attachment":[{"href":"https:\/\/fotoprint.md\/ro\/wp-json\/wp\/v2\/media?parent=3864"}],"wp:term":[{"taxonomy":"product_brand","embeddable":true,"href":"https:\/\/fotoprint.md\/ro\/wp-json\/wp\/v2\/product_brand?post=3864"},{"taxonomy":"product_cat","embeddable":true,"href":"https:\/\/fotoprint.md\/ro\/wp-json\/wp\/v2\/product_cat?post=3864"},{"taxonomy":"product_tag","embeddable":true,"href":"https:\/\/fotoprint.md\/ro\/wp-json\/wp\/v2\/product_tag?post=3864"}],"curies":[{"name":"wp","href":"https:\/\/api.w.org\/{rel}","templated":true}]}}