{"id":3813,"date":"2025-11-29T18:40:31","date_gmt":"2025-11-29T16:40:31","guid":{"rendered":"https:\/\/fotoprint.md\/?post_type=product&#038;p=3813"},"modified":"2025-11-29T18:43:02","modified_gmt":"2025-11-29T16:43:02","slug":"diplome-a4-moldova","status":"publish","type":"product","link":"https:\/\/fotoprint.md\/ro\/produs\/diplome-a4-moldova\/","title":{"rendered":"Diplome la comand\u0103 A4 \u2014 Moldova"},"content":{"rendered":"<p>Diplome de calitate premium pe carton cretat 350 g\/m\u00b2. Pot fi comandate dup\u0103 un design gata f\u0103cut sau pute\u021bi \u00eenc\u0103rca propriul fi\u0219ier. Ideal pentru \u0219coli, evenimente, concursuri \u0219i premii corporate.<\/p>\n<p data-start=\"1264\" data-end=\"1497\">Realiz\u0103m diplome \u0219i certificate de calitate, format A4, pe carton cretat rezistent de 350 g\/m\u00b2. Tip\u0103rirea este vibrant\u0103, intens\u0103 \u0219i cu detalii fine. Potrivite pentru orice tip de eveniment \u2014 de la realiz\u0103ri \u0219colare p\u00e2n\u0103 la ceremonii corporate de premiere.<\/p>\n<p data-start=\"1499\" data-end=\"1649\">Pute\u021bi alege unul dintre designurile noastre gata f\u0103cute sau <strong data-start=\"1552\" data-end=\"1601\">\u00eenc\u0103rca propriul dvs. machet (fotografie, imagine, PDF)<\/strong> \u2014 vom tip\u0103ri exact dup\u0103 exemplul dvs.<\/p>\n<p data-start=\"1651\" data-end=\"1805\">Perfect potrivit pentru:<br data-start=\"1672\" data-end=\"1675\" \/>\u2014 institu\u021bii de \u00eenv\u0103\u021b\u0103m\u00e2nt<br data-start=\"1703\" data-end=\"1706\" \/>\u2014 concursuri pentru copii<br data-start=\"1725\" data-end=\"1728\" \/>\u2014 sec\u021bii sportive<br data-start=\"1747\" data-end=\"1750\" \/>\u2014 ceremonii de premiere<br data-start=\"1773\" data-end=\"1776\" \/>\u2014 evenimente corporate<\/p>\n<p data-start=\"1807\" data-end=\"1882\">Realizarea \u2014 rapid\u0103 \u0219i profesionist\u0103. Livrare disponibil\u0103 \u00een toat\u0103 Moldova.<\/p>","protected":false},"excerpt":{"rendered":"<p data-start=\"176\" data-end=\"252\">Tip\u0103rire pe carton cretat 350 g\/m\u00b2<strong data-start=\"176\" data-end=\"252\"> | Posibilitatea de a \u00eenc\u0103rca propriul machet<\/strong><\/p>\n<div class=\"_tableContainer_1rjym_1\">\n<div class=\"group _tableWrapper_1rjym_13 flex w-fit flex-col-reverse\" tabindex=\"-1\">\n<table class=\"w-fit min-w-(--thread-content-width)\" data-start=\"254\" data-end=\"992\">\n<thead data-start=\"254\" data-end=\"285\">\n<tr data-start=\"254\" data-end=\"285\">\n<th data-start=\"254\" data-end=\"269\" data-col-size=\"sm\"><strong data-start=\"256\" data-end=\"268\">Parametru<\/strong><\/th>\n<th data-start=\"269\" data-end=\"285\" data-col-size=\"md\"><strong data-start=\"271\" data-end=\"283\">Descriere<\/strong><\/th>\n<\/tr>\n<\/thead>\n<tbody data-start=\"317\" data-end=\"992\">\n<tr data-start=\"317\" data-end=\"370\">\n<td data-start=\"317\" data-end=\"337\" data-col-size=\"sm\"><strong data-start=\"319\" data-end=\"336\">Tipul produsului<\/strong><\/td>\n<td data-col-size=\"md\" data-start=\"337\" data-end=\"370\">Diplom\u0103 \/ adeverin\u021b\u0103 \/ certificat<\/td>\n<\/tr>\n<tr data-start=\"371\" data-end=\"403\">\n<td data-start=\"371\" data-end=\"384\" data-col-size=\"sm\"><strong data-start=\"373\" data-end=\"383\">Format<\/strong><\/td>\n<td data-col-size=\"md\" data-start=\"384\" data-end=\"403\">A4 (210\u00d7297 mm)<\/td>\n<\/tr>\n<tr data-start=\"404\" data-end=\"520\">\n<td data-start=\"404\" data-end=\"419\" data-col-size=\"sm\"><strong data-start=\"406\" data-end=\"418\">Material<\/strong><\/td>\n<td data-col-size=\"md\" data-start=\"419\" data-end=\"520\">Carton cretat <strong data-start=\"439\" data-end=\"451\">350g\/m\u00b2<\/strong> \u2014 dens, lucios, ideal pentru diplome \u0219i certificate cu aspect prezentabil<\/td>\n<\/tr>\n<tr data-start=\"521\" data-end=\"568\">\n<td data-start=\"521\" data-end=\"534\" data-col-size=\"sm\"><strong data-start=\"523\" data-end=\"533\">Imprimarea<\/strong><\/td>\n<td data-col-size=\"md\" data-start=\"534\" data-end=\"568\">Policromie, calitate \u00eenalt\u0103<\/td>\n<\/tr>\n<tr data-start=\"569\" data-end=\"661\">\n<td data-start=\"569\" data-end=\"582\" data-col-size=\"sm\"><strong data-start=\"571\" data-end=\"581\">Design<\/strong><\/td>\n<td data-col-size=\"md\" data-start=\"582\" data-end=\"661\">Pute\u021bi alege un \u0219ablon gata f\u0103cut sau <strong data-start=\"617\" data-end=\"659\">\u00eenc\u0103rca propriul dvs. diplom\u0103 (JPEG, PNG)<\/strong><\/td>\n<\/tr>\n<tr data-start=\"662\" data-end=\"768\">\n<td data-start=\"662\" data-end=\"682\" data-col-size=\"sm\"><strong data-start=\"664\" data-end=\"681\">Utilizare<\/strong><\/td>\n<td data-start=\"682\" data-end=\"768\" data-col-size=\"md\">ChatGPT \u0441\u043a\u0430\u0437\u0430\u043b:\n\n\u0218coli, gr\u0103dini\u021be, concursuri, evenimente sportive, premii corporative, festivaluri<\/td>\n<\/tr>\n<tr data-start=\"769\" data-end=\"801\">\n<td data-start=\"769\" data-end=\"793\" data-col-size=\"sm\"><strong data-start=\"771\" data-end=\"792\">Comand\u0103 minim\u0103<\/strong><\/td>\n<td data-col-size=\"md\" data-start=\"793\" data-end=\"801\">1 buc.<\/td>\n<\/tr>\n<tr data-start=\"802\" data-end=\"859\">\n<td data-start=\"802\" data-end=\"826\" data-col-size=\"sm\"><strong data-start=\"804\" data-end=\"825\">Termen de realizare<\/strong><\/td>\n<td data-col-size=\"md\" data-start=\"826\" data-end=\"859\">1 zi (de obicei \u00een aceea\u0219i zi)<\/td>\n<\/tr>\n<tr data-start=\"860\" data-end=\"939\">\n<td data-start=\"860\" data-end=\"883\" data-col-size=\"sm\"><strong data-start=\"862\" data-end=\"882\">1 zi (de obicei \u00een aceea\u0219i zi)<\/strong><\/td>\n<td data-col-size=\"md\" data-start=\"883\" data-end=\"939\">Corectare text, integrarea logo, personalizare nume<\/td>\n<\/tr>\n<tr data-start=\"940\" data-end=\"992\">\n<td data-start=\"940\" data-end=\"967\" data-col-size=\"sm\"><strong data-start=\"942\" data-end=\"966\">Ridicare personal\u0103 \/ livrare<\/strong><\/td>\n<td data-col-size=\"md\" data-start=\"967\" data-end=\"992\">Moldova<\/td>\n<\/tr>\n<\/tbody>\n<\/table>\n<\/div>\n<\/div>","protected":false},"featured_media":3814,"template":"","meta":[],"product_brand":[],"product_cat":[157],"product_tag":[],"class_list":{"0":"post-3813","1":"product","2":"type-product","3":"status-publish","4":"has-post-thumbnail","6":"product_cat-poligrafie","8":"first","9":"instock","10":"shipping-taxable","11":"purchasable","12":"product-type-simple"},"yoast_head":"<!-- This site is optimized with the Yoast SEO plugin v26.7 - https:\/\/yoast.com\/wordpress\/plugins\/seo\/ -->\n<title>\u0414\u0438\u043f\u043b\u043e\u043c\u044b \u043d\u0430 \u0437\u0430\u043a\u0430\u0437 A4 \u2014 Moldova - Fotoprint.md<\/title>\n<meta name=\"description\" content=\"\u041f\u0435\u0447\u0430\u0442\u044c \u0434\u0438\u043f\u043b\u043e\u043c\u043e\u0432 \u043d\u0430 \u043c\u0435\u043b\u043e\u0432\u0430\u043d\u043d\u043e\u043c \u043a\u0430\u0440\u0442\u043e\u043d\u0435 350 \u0433\/\u043c\u00b2. \u0424\u043e\u0440\u043c\u0430\u0442 A4. \u0413\u043e\u0442\u043e\u0432\u044b\u0435 \u0448\u0430\u0431\u043b\u043e\u043d\u044b \u0438\u043b\u0438 \u0437\u0430\u0433\u0440\u0443\u0437\u043a\u0430 \u0441\u0432\u043e\u0435\u0433\u043e \u043c\u0430\u043a\u0435\u0442\u0430. \u0411\u044b\u0441\u0442\u0440\u043e\u0435 \u0438\u0437\u0433\u043e\u0442\u043e\u0432\u043b\u0435\u043d\u0438\u0435 \u0432 \u041a\u0438\u0448\u0438\u043d\u0451\u0432\u0435, \u0434\u043e\u0441\u0442\u0430\u0432\u043a\u0430 \u043f\u043e \u041c\u043e\u043b\u0434\u043e\u0432\u0435.\" \/>\n<meta name=\"robots\" content=\"index, follow, max-snippet:-1, max-image-preview:large, max-video-preview:-1\" \/>\n<link rel=\"canonical\" href=\"https:\/\/fotoprint.md\/ro\/produs\/diplome-a4-moldova\/\" \/>\n<meta property=\"og:locale\" content=\"ro_RO\" \/>\n<meta property=\"og:type\" content=\"article\" \/>\n<meta property=\"og:title\" content=\"\u0414\u0438\u043f\u043b\u043e\u043c\u044b \u043d\u0430 \u0437\u0430\u043a\u0430\u0437 A4 \u2014 Moldova - Fotoprint.md\" \/>\n<meta property=\"og:description\" content=\"\u041f\u0435\u0447\u0430\u0442\u044c \u0434\u0438\u043f\u043b\u043e\u043c\u043e\u0432 \u043d\u0430 \u043c\u0435\u043b\u043e\u0432\u0430\u043d\u043d\u043e\u043c \u043a\u0430\u0440\u0442\u043e\u043d\u0435 350 \u0433\/\u043c\u00b2. \u0424\u043e\u0440\u043c\u0430\u0442 A4. \u0413\u043e\u0442\u043e\u0432\u044b\u0435 \u0448\u0430\u0431\u043b\u043e\u043d\u044b \u0438\u043b\u0438 \u0437\u0430\u0433\u0440\u0443\u0437\u043a\u0430 \u0441\u0432\u043e\u0435\u0433\u043e \u043c\u0430\u043a\u0435\u0442\u0430. \u0411\u044b\u0441\u0442\u0440\u043e\u0435 \u0438\u0437\u0433\u043e\u0442\u043e\u0432\u043b\u0435\u043d\u0438\u0435 \u0432 \u041a\u0438\u0448\u0438\u043d\u0451\u0432\u0435, \u0434\u043e\u0441\u0442\u0430\u0432\u043a\u0430 \u043f\u043e \u041c\u043e\u043b\u0434\u043e\u0432\u0435.\" \/>\n<meta property=\"og:url\" content=\"https:\/\/fotoprint.md\/ro\/produs\/diplome-a4-moldova\/\" \/>\n<meta property=\"og:site_name\" content=\"Fotoprint.md\" \/>\n<meta property=\"article:publisher\" content=\"https:\/\/www.facebook.com\/fprint.md\/\" \/>\n<meta property=\"article:modified_time\" content=\"2025-11-29T16:43:02+00:00\" \/>\n<meta property=\"og:image\" content=\"https:\/\/fotoprint.md\/wp-content\/uploads\/2025\/11\/diploma-1.webp\" \/>\n\t<meta property=\"og:image:width\" content=\"1280\" \/>\n\t<meta property=\"og:image:height\" content=\"988\" \/>\n\t<meta property=\"og:image:type\" content=\"image\/webp\" \/>\n<meta name=\"twitter:card\" content=\"summary_large_image\" \/>\n<meta name=\"twitter:label1\" content=\"Timp estimat pentru citire\" \/>\n\t<meta name=\"twitter:data1\" content=\"1 minut\" \/>\n<script type=\"application\/ld+json\" class=\"yoast-schema-graph\">{\"@context\":\"https:\/\/schema.org\",\"@graph\":[{\"@type\":\"WebPage\",\"@id\":\"https:\/\/fotoprint.md\/ro\/produs\/diplome-a4-moldova\/\",\"url\":\"https:\/\/fotoprint.md\/ro\/produs\/diplome-a4-moldova\/\",\"name\":\"\u0414\u0438\u043f\u043b\u043e\u043c\u044b \u043d\u0430 \u0437\u0430\u043a\u0430\u0437 A4 \u2014 Moldova - Fotoprint.md\",\"isPartOf\":{\"@id\":\"https:\/\/fotoprint.md\/#website\"},\"primaryImageOfPage\":{\"@id\":\"https:\/\/fotoprint.md\/ro\/produs\/diplome-a4-moldova\/#primaryimage\"},\"image\":{\"@id\":\"https:\/\/fotoprint.md\/ro\/produs\/diplome-a4-moldova\/#primaryimage\"},\"thumbnailUrl\":\"https:\/\/fotoprint.md\/wp-content\/uploads\/2025\/11\/diploma-1.webp\",\"datePublished\":\"2025-11-29T16:40:31+00:00\",\"dateModified\":\"2025-11-29T16:43:02+00:00\",\"description\":\"\u041f\u0435\u0447\u0430\u0442\u044c \u0434\u0438\u043f\u043b\u043e\u043c\u043e\u0432 \u043d\u0430 \u043c\u0435\u043b\u043e\u0432\u0430\u043d\u043d\u043e\u043c \u043a\u0430\u0440\u0442\u043e\u043d\u0435 350 \u0433\/\u043c\u00b2. \u0424\u043e\u0440\u043c\u0430\u0442 A4. \u0413\u043e\u0442\u043e\u0432\u044b\u0435 \u0448\u0430\u0431\u043b\u043e\u043d\u044b \u0438\u043b\u0438 \u0437\u0430\u0433\u0440\u0443\u0437\u043a\u0430 \u0441\u0432\u043e\u0435\u0433\u043e \u043c\u0430\u043a\u0435\u0442\u0430. \u0411\u044b\u0441\u0442\u0440\u043e\u0435 \u0438\u0437\u0433\u043e\u0442\u043e\u0432\u043b\u0435\u043d\u0438\u0435 \u0432 \u041a\u0438\u0448\u0438\u043d\u0451\u0432\u0435, \u0434\u043e\u0441\u0442\u0430\u0432\u043a\u0430 \u043f\u043e \u041c\u043e\u043b\u0434\u043e\u0432\u0435.\",\"breadcrumb\":{\"@id\":\"https:\/\/fotoprint.md\/ro\/produs\/diplome-a4-moldova\/#breadcrumb\"},\"inLanguage\":\"ro-RO\",\"potentialAction\":[{\"@type\":\"ReadAction\",\"target\":[\"https:\/\/fotoprint.md\/ro\/produs\/diplome-a4-moldova\/\"]}]},{\"@type\":\"ImageObject\",\"inLanguage\":\"ro-RO\",\"@id\":\"https:\/\/fotoprint.md\/ro\/produs\/diplome-a4-moldova\/#primaryimage\",\"url\":\"https:\/\/fotoprint.md\/wp-content\/uploads\/2025\/11\/diploma-1.webp\",\"contentUrl\":\"https:\/\/fotoprint.md\/wp-content\/uploads\/2025\/11\/diploma-1.webp\",\"width\":1280,\"height\":988,\"caption\":\"diplome sertifacate\"},{\"@type\":\"BreadcrumbList\",\"@id\":\"https:\/\/fotoprint.md\/ro\/produs\/diplome-a4-moldova\/#breadcrumb\",\"itemListElement\":[{\"@type\":\"ListItem\",\"position\":1,\"name\":\"\u0413\u043b\u0430\u0432\u043d\u0430\u044f \u0441\u0442\u0440\u0430\u043d\u0438\u0446\u0430\",\"item\":\"https:\/\/fotoprint.md\/ro\/\"},{\"@type\":\"ListItem\",\"position\":2,\"name\":\"Shop\",\"item\":\"https:\/\/fotoprint.md\/ro\/shop\/\"},{\"@type\":\"ListItem\",\"position\":3,\"name\":\"\u0414\u0438\u043f\u043b\u043e\u043c\u044b \u043d\u0430 \u0437\u0430\u043a\u0430\u0437 A4 \u2014 Moldova\"}]},{\"@type\":\"WebSite\",\"@id\":\"https:\/\/fotoprint.md\/#website\",\"url\":\"https:\/\/fotoprint.md\/\",\"name\":\"Fotoprint.md\",\"description\":\"\u0424\u043e\u0442\u043e\u043b\u0430\u0431\u043e\u0440\u0430\u0442\u043e\u0440\u0438\u044f \u041a\u0438\u0448\u0438\u043d\u0435\u0432\",\"publisher\":{\"@id\":\"https:\/\/fotoprint.md\/#organization\"},\"potentialAction\":[{\"@type\":\"SearchAction\",\"target\":{\"@type\":\"EntryPoint\",\"urlTemplate\":\"https:\/\/fotoprint.md\/?s={search_term_string}\"},\"query-input\":{\"@type\":\"PropertyValueSpecification\",\"valueRequired\":true,\"valueName\":\"search_term_string\"}}],\"inLanguage\":\"ro-RO\"},{\"@type\":\"Organization\",\"@id\":\"https:\/\/fotoprint.md\/#organization\",\"name\":\"Fotoprint.md\",\"url\":\"https:\/\/fotoprint.md\/\",\"logo\":{\"@type\":\"ImageObject\",\"inLanguage\":\"ro-RO\",\"@id\":\"https:\/\/fotoprint.md\/#\/schema\/logo\/image\/\",\"url\":\"https:\/\/fotoprint.md\/wp-content\/uploads\/2020\/11\/new_logo_light.png\",\"contentUrl\":\"https:\/\/fotoprint.md\/wp-content\/uploads\/2020\/11\/new_logo_light.png\",\"width\":305,\"height\":43,\"caption\":\"Fotoprint.md\"},\"image\":{\"@id\":\"https:\/\/fotoprint.md\/#\/schema\/logo\/image\/\"},\"sameAs\":[\"https:\/\/www.facebook.com\/fprint.md\/\"]}]}<\/script>\n<!-- \/ Yoast SEO plugin. -->","yoast_head_json":{"title":"\u0414\u0438\u043f\u043b\u043e\u043c\u044b \u043d\u0430 \u0437\u0430\u043a\u0430\u0437 A4 \u2014 Moldova - Fotoprint.md","description":"\u041f\u0435\u0447\u0430\u0442\u044c \u0434\u0438\u043f\u043b\u043e\u043c\u043e\u0432 \u043d\u0430 \u043c\u0435\u043b\u043e\u0432\u0430\u043d\u043d\u043e\u043c \u043a\u0430\u0440\u0442\u043e\u043d\u0435 350 \u0433\/\u043c\u00b2. \u0424\u043e\u0440\u043c\u0430\u0442 A4. \u0413\u043e\u0442\u043e\u0432\u044b\u0435 \u0448\u0430\u0431\u043b\u043e\u043d\u044b \u0438\u043b\u0438 \u0437\u0430\u0433\u0440\u0443\u0437\u043a\u0430 \u0441\u0432\u043e\u0435\u0433\u043e \u043c\u0430\u043a\u0435\u0442\u0430. \u0411\u044b\u0441\u0442\u0440\u043e\u0435 \u0438\u0437\u0433\u043e\u0442\u043e\u0432\u043b\u0435\u043d\u0438\u0435 \u0432 \u041a\u0438\u0448\u0438\u043d\u0451\u0432\u0435, \u0434\u043e\u0441\u0442\u0430\u0432\u043a\u0430 \u043f\u043e \u041c\u043e\u043b\u0434\u043e\u0432\u0435.","robots":{"index":"index","follow":"follow","max-snippet":"max-snippet:-1","max-image-preview":"max-image-preview:large","max-video-preview":"max-video-preview:-1"},"canonical":"https:\/\/fotoprint.md\/ro\/produs\/diplome-a4-moldova\/","og_locale":"ro_RO","og_type":"article","og_title":"\u0414\u0438\u043f\u043b\u043e\u043c\u044b \u043d\u0430 \u0437\u0430\u043a\u0430\u0437 A4 \u2014 Moldova - Fotoprint.md","og_description":"\u041f\u0435\u0447\u0430\u0442\u044c \u0434\u0438\u043f\u043b\u043e\u043c\u043e\u0432 \u043d\u0430 \u043c\u0435\u043b\u043e\u0432\u0430\u043d\u043d\u043e\u043c \u043a\u0430\u0440\u0442\u043e\u043d\u0435 350 \u0433\/\u043c\u00b2. \u0424\u043e\u0440\u043c\u0430\u0442 A4. \u0413\u043e\u0442\u043e\u0432\u044b\u0435 \u0448\u0430\u0431\u043b\u043e\u043d\u044b \u0438\u043b\u0438 \u0437\u0430\u0433\u0440\u0443\u0437\u043a\u0430 \u0441\u0432\u043e\u0435\u0433\u043e \u043c\u0430\u043a\u0435\u0442\u0430. \u0411\u044b\u0441\u0442\u0440\u043e\u0435 \u0438\u0437\u0433\u043e\u0442\u043e\u0432\u043b\u0435\u043d\u0438\u0435 \u0432 \u041a\u0438\u0448\u0438\u043d\u0451\u0432\u0435, \u0434\u043e\u0441\u0442\u0430\u0432\u043a\u0430 \u043f\u043e \u041c\u043e\u043b\u0434\u043e\u0432\u0435.","og_url":"https:\/\/fotoprint.md\/ro\/produs\/diplome-a4-moldova\/","og_site_name":"Fotoprint.md","article_publisher":"https:\/\/www.facebook.com\/fprint.md\/","article_modified_time":"2025-11-29T16:43:02+00:00","og_image":[{"width":1280,"height":988,"url":"https:\/\/fotoprint.md\/wp-content\/uploads\/2025\/11\/diploma-1.webp","type":"image\/webp"}],"twitter_card":"summary_large_image","twitter_misc":{"Timp estimat pentru citire":"1 minut"},"schema":{"@context":"https:\/\/schema.org","@graph":[{"@type":"WebPage","@id":"https:\/\/fotoprint.md\/ro\/produs\/diplome-a4-moldova\/","url":"https:\/\/fotoprint.md\/ro\/produs\/diplome-a4-moldova\/","name":"\u0414\u0438\u043f\u043b\u043e\u043c\u044b \u043d\u0430 \u0437\u0430\u043a\u0430\u0437 A4 \u2014 Moldova - Fotoprint.md","isPartOf":{"@id":"https:\/\/fotoprint.md\/#website"},"primaryImageOfPage":{"@id":"https:\/\/fotoprint.md\/ro\/produs\/diplome-a4-moldova\/#primaryimage"},"image":{"@id":"https:\/\/fotoprint.md\/ro\/produs\/diplome-a4-moldova\/#primaryimage"},"thumbnailUrl":"https:\/\/fotoprint.md\/wp-content\/uploads\/2025\/11\/diploma-1.webp","datePublished":"2025-11-29T16:40:31+00:00","dateModified":"2025-11-29T16:43:02+00:00","description":"\u041f\u0435\u0447\u0430\u0442\u044c \u0434\u0438\u043f\u043b\u043e\u043c\u043e\u0432 \u043d\u0430 \u043c\u0435\u043b\u043e\u0432\u0430\u043d\u043d\u043e\u043c \u043a\u0430\u0440\u0442\u043e\u043d\u0435 350 \u0433\/\u043c\u00b2. \u0424\u043e\u0440\u043c\u0430\u0442 A4. \u0413\u043e\u0442\u043e\u0432\u044b\u0435 \u0448\u0430\u0431\u043b\u043e\u043d\u044b \u0438\u043b\u0438 \u0437\u0430\u0433\u0440\u0443\u0437\u043a\u0430 \u0441\u0432\u043e\u0435\u0433\u043e \u043c\u0430\u043a\u0435\u0442\u0430. \u0411\u044b\u0441\u0442\u0440\u043e\u0435 \u0438\u0437\u0433\u043e\u0442\u043e\u0432\u043b\u0435\u043d\u0438\u0435 \u0432 \u041a\u0438\u0448\u0438\u043d\u0451\u0432\u0435, \u0434\u043e\u0441\u0442\u0430\u0432\u043a\u0430 \u043f\u043e \u041c\u043e\u043b\u0434\u043e\u0432\u0435.","breadcrumb":{"@id":"https:\/\/fotoprint.md\/ro\/produs\/diplome-a4-moldova\/#breadcrumb"},"inLanguage":"ro-RO","potentialAction":[{"@type":"ReadAction","target":["https:\/\/fotoprint.md\/ro\/produs\/diplome-a4-moldova\/"]}]},{"@type":"ImageObject","inLanguage":"ro-RO","@id":"https:\/\/fotoprint.md\/ro\/produs\/diplome-a4-moldova\/#primaryimage","url":"https:\/\/fotoprint.md\/wp-content\/uploads\/2025\/11\/diploma-1.webp","contentUrl":"https:\/\/fotoprint.md\/wp-content\/uploads\/2025\/11\/diploma-1.webp","width":1280,"height":988,"caption":"diplome sertifacate"},{"@type":"BreadcrumbList","@id":"https:\/\/fotoprint.md\/ro\/produs\/diplome-a4-moldova\/#breadcrumb","itemListElement":[{"@type":"ListItem","position":1,"name":"\u0413\u043b\u0430\u0432\u043d\u0430\u044f \u0441\u0442\u0440\u0430\u043d\u0438\u0446\u0430","item":"https:\/\/fotoprint.md\/ro\/"},{"@type":"ListItem","position":2,"name":"Shop","item":"https:\/\/fotoprint.md\/ro\/shop\/"},{"@type":"ListItem","position":3,"name":"\u0414\u0438\u043f\u043b\u043e\u043c\u044b \u043d\u0430 \u0437\u0430\u043a\u0430\u0437 A4 \u2014 Moldova"}]},{"@type":"WebSite","@id":"https:\/\/fotoprint.md\/#website","url":"https:\/\/fotoprint.md\/","name":"Fotoprint.md","description":"Laborator FOTO Chi\u0219in\u0103u","publisher":{"@id":"https:\/\/fotoprint.md\/#organization"},"potentialAction":[{"@type":"SearchAction","target":{"@type":"EntryPoint","urlTemplate":"https:\/\/fotoprint.md\/?s={search_term_string}"},"query-input":{"@type":"PropertyValueSpecification","valueRequired":true,"valueName":"search_term_string"}}],"inLanguage":"ro-RO"},{"@type":"Organization","@id":"https:\/\/fotoprint.md\/#organization","name":"Fotoprint.md","url":"https:\/\/fotoprint.md\/","logo":{"@type":"ImageObject","inLanguage":"ro-RO","@id":"https:\/\/fotoprint.md\/#\/schema\/logo\/image\/","url":"https:\/\/fotoprint.md\/wp-content\/uploads\/2020\/11\/new_logo_light.png","contentUrl":"https:\/\/fotoprint.md\/wp-content\/uploads\/2020\/11\/new_logo_light.png","width":305,"height":43,"caption":"Fotoprint.md"},"image":{"@id":"https:\/\/fotoprint.md\/#\/schema\/logo\/image\/"},"sameAs":["https:\/\/www.facebook.com\/fprint.md\/"]}]}},"tiered_pricing_type":"fixed","tiered_pricing_fixed_rules":[],"tiered_pricing_product_settings":{"layout":"default","base_unit_name":{"singular":null,"plural":null},"default_variation":null},"tiered_pricing_minimum_quantity":null,"tiered_pricing_roles_data":[],"tiered_pricing_percentage_rules":[],"_links":{"self":[{"href":"https:\/\/fotoprint.md\/ro\/wp-json\/wp\/v2\/product\/3813","targetHints":{"allow":["GET"]}}],"collection":[{"href":"https:\/\/fotoprint.md\/ro\/wp-json\/wp\/v2\/product"}],"about":[{"href":"https:\/\/fotoprint.md\/ro\/wp-json\/wp\/v2\/types\/product"}],"wp:featuredmedia":[{"embeddable":true,"href":"https:\/\/fotoprint.md\/ro\/wp-json\/wp\/v2\/media\/3814"}],"wp:attachment":[{"href":"https:\/\/fotoprint.md\/ro\/wp-json\/wp\/v2\/media?parent=3813"}],"wp:term":[{"taxonomy":"product_brand","embeddable":true,"href":"https:\/\/fotoprint.md\/ro\/wp-json\/wp\/v2\/product_brand?post=3813"},{"taxonomy":"product_cat","embeddable":true,"href":"https:\/\/fotoprint.md\/ro\/wp-json\/wp\/v2\/product_cat?post=3813"},{"taxonomy":"product_tag","embeddable":true,"href":"https:\/\/fotoprint.md\/ro\/wp-json\/wp\/v2\/product_tag?post=3813"}],"curies":[{"name":"wp","href":"https:\/\/api.w.org\/{rel}","templated":true}]}}