{"id":3763,"date":"2025-11-28T15:27:58","date_gmt":"2025-11-28T13:27:58","guid":{"rendered":"https:\/\/fotoprint.md\/?post_type=product&#038;p=3763"},"modified":"2025-11-28T15:27:58","modified_gmt":"2025-11-28T13:27:58","slug":"album-belyi-ramka-200-10x15-2","status":"publish","type":"product","link":"https:\/\/fotoprint.md\/ro\/produs\/album-belyi-ramka-200-10x15-2\/","title":{"rendered":"Album foto \u201eRama de Nunt\u0103\u201d \u2014 200 fotografii 10\u00d715"},"content":{"rendered":"<p>Un album foto de nunt\u0103 elegant, \u00een stil alb, cu o ram\u0103 decorativ\u0103 pe copert\u0103.<\/p>\n<p>Ideal pentru p\u0103strarea celor mai frumoase momente ale nun\u021bii.<\/p>\n<p>Stilat, rezistent \u0219i foarte delicat \u2014 un cadou minunat pentru miri sau pentru tine \u00eensu\u021bi.<\/p>","protected":false},"excerpt":{"rendered":"<p data-start=\"549\" data-end=\"824\"><strong data-start=\"549\" data-end=\"560\">Model:<\/strong> Rama de nunt\u0103<br data-start=\"576\" data-end=\"579\" \/><strong data-start=\"579\" data-end=\"605\">Num\u0103rul de fotografii:<\/strong> 200<br data-start=\"609\" data-end=\"612\" \/><strong data-start=\"612\" data-end=\"628\">Formatul fotografiilor:<\/strong> 10\u00d715 \u0441\u043c<br data-start=\"637\" data-end=\"640\" \/><strong data-start=\"640\" data-end=\"652\">Copert\u0103:<\/strong> tare<br data-start=\"660\" data-end=\"663\" \/><strong data-start=\"663\" data-end=\"679\">Tipul paginilor:<\/strong> h\u00e2rtie, cu buzunare transparente<br data-start=\"714\" data-end=\"717\" \/>\u2022 Structur\u0103 comod\u0103 \u2014 dou\u0103 fotografii pe pagin\u0103<br data-start=\"765\" data-end=\"768\" \/>\u2022 Exist\u0103 spa\u021biu pentru noti\u021be \u00eentre fotografii (data, locul, emo\u021biile)<\/p>","protected":false},"featured_media":3764,"template":"","meta":[],"product_brand":[],"product_cat":[173],"product_tag":[],"class_list":{"0":"post-3763","1":"product","2":"type-product","3":"status-publish","4":"has-post-thumbnail","6":"product_cat-albume_foto","8":"first","9":"instock","10":"shipping-taxable","11":"purchasable","12":"product-type-simple"},"yoast_head":"<!-- This site is optimized with the Yoast SEO plugin v26.7 - https:\/\/yoast.com\/wordpress\/plugins\/seo\/ -->\n<title>\u0424\u043e\u0442\u043e\u0430\u043b\u044c\u0431\u043e\u043c \u201c\u0421\u0432\u0430\u0434\u0435\u0431\u043d\u0430\u044f \u0440\u0430\u043c\u043a\u0430\u201d \u2014 200 \u0444\u043e\u0442\u043e 10\u00d715 - Fotoprint.md<\/title>\n<meta name=\"description\" content=\"\u0421\u0432\u0430\u0434\u0435\u0431\u043d\u044b\u0439 \u0444\u043e\u0442\u043e\u0430\u043b\u044c\u0431\u043e\u043c \u043d\u0430 200 \u0444\u043e\u0442\u043e 10\u00d715 \u0441 \u0431\u0435\u043b\u043e\u0439 \u0440\u0430\u043c\u043a\u043e\u0439. \u0418\u0434\u0435\u0430\u043b\u0435\u043d \u0434\u043b\u044f \u0445\u0440\u0430\u043d\u0435\u043d\u0438\u044f \u0441\u043d\u0438\u043c\u043a\u043e\u0432 \u0442\u043e\u0440\u0436\u0435\u0441\u0442\u0432\u0430. \u041a\u0440\u0430\u0441\u0438\u0432\u0430\u044f \u043e\u0431\u043b\u043e\u0436\u043a\u0430 \u0438 \u0443\u0434\u043e\u0431\u043d\u044b\u0435 \u0441\u0442\u0440\u0430\u043d\u0438\u0446\u044b \u0441 \u043a\u0430\u0440\u043c\u0430\u0448\u043a\u0430\u043c\u0438.\" \/>\n<meta name=\"robots\" content=\"index, follow, max-snippet:-1, max-image-preview:large, max-video-preview:-1\" \/>\n<link rel=\"canonical\" href=\"https:\/\/fotoprint.md\/ro\/produs\/album-belyi-ramka-200-10x15-2\/\" \/>\n<meta property=\"og:locale\" content=\"ro_RO\" \/>\n<meta property=\"og:type\" content=\"article\" \/>\n<meta property=\"og:title\" content=\"\u0424\u043e\u0442\u043e\u0430\u043b\u044c\u0431\u043e\u043c \u201c\u0421\u0432\u0430\u0434\u0435\u0431\u043d\u0430\u044f \u0440\u0430\u043c\u043a\u0430\u201d \u2014 200 \u0444\u043e\u0442\u043e 10\u00d715 - Fotoprint.md\" \/>\n<meta property=\"og:description\" content=\"\u0421\u0432\u0430\u0434\u0435\u0431\u043d\u044b\u0439 \u0444\u043e\u0442\u043e\u0430\u043b\u044c\u0431\u043e\u043c \u043d\u0430 200 \u0444\u043e\u0442\u043e 10\u00d715 \u0441 \u0431\u0435\u043b\u043e\u0439 \u0440\u0430\u043c\u043a\u043e\u0439. \u0418\u0434\u0435\u0430\u043b\u0435\u043d \u0434\u043b\u044f \u0445\u0440\u0430\u043d\u0435\u043d\u0438\u044f \u0441\u043d\u0438\u043c\u043a\u043e\u0432 \u0442\u043e\u0440\u0436\u0435\u0441\u0442\u0432\u0430. \u041a\u0440\u0430\u0441\u0438\u0432\u0430\u044f \u043e\u0431\u043b\u043e\u0436\u043a\u0430 \u0438 \u0443\u0434\u043e\u0431\u043d\u044b\u0435 \u0441\u0442\u0440\u0430\u043d\u0438\u0446\u044b \u0441 \u043a\u0430\u0440\u043c\u0430\u0448\u043a\u0430\u043c\u0438.\" \/>\n<meta property=\"og:url\" content=\"https:\/\/fotoprint.md\/ro\/produs\/album-belyi-ramka-200-10x15-2\/\" \/>\n<meta property=\"og:site_name\" content=\"Fotoprint.md\" \/>\n<meta property=\"article:publisher\" content=\"https:\/\/www.facebook.com\/fprint.md\/\" \/>\n<meta property=\"og:image\" content=\"https:\/\/fotoprint.md\/wp-content\/uploads\/2025\/11\/20251016_121440.webp\" \/>\n\t<meta property=\"og:image:width\" content=\"2000\" \/>\n\t<meta property=\"og:image:height\" content=\"2000\" \/>\n\t<meta property=\"og:image:type\" content=\"image\/webp\" \/>\n<meta name=\"twitter:card\" content=\"summary_large_image\" \/>\n<meta name=\"twitter:label1\" content=\"Timp estimat pentru citire\" \/>\n\t<meta name=\"twitter:data1\" content=\"1 minut\" \/>\n<script type=\"application\/ld+json\" class=\"yoast-schema-graph\">{\"@context\":\"https:\/\/schema.org\",\"@graph\":[{\"@type\":\"WebPage\",\"@id\":\"https:\/\/fotoprint.md\/ro\/produs\/album-belyi-ramka-200-10x15-2\/\",\"url\":\"https:\/\/fotoprint.md\/ro\/produs\/album-belyi-ramka-200-10x15-2\/\",\"name\":\"\u0424\u043e\u0442\u043e\u0430\u043b\u044c\u0431\u043e\u043c \u201c\u0421\u0432\u0430\u0434\u0435\u0431\u043d\u0430\u044f \u0440\u0430\u043c\u043a\u0430\u201d \u2014 200 \u0444\u043e\u0442\u043e 10\u00d715 - Fotoprint.md\",\"isPartOf\":{\"@id\":\"https:\/\/fotoprint.md\/#website\"},\"primaryImageOfPage\":{\"@id\":\"https:\/\/fotoprint.md\/ro\/produs\/album-belyi-ramka-200-10x15-2\/#primaryimage\"},\"image\":{\"@id\":\"https:\/\/fotoprint.md\/ro\/produs\/album-belyi-ramka-200-10x15-2\/#primaryimage\"},\"thumbnailUrl\":\"https:\/\/fotoprint.md\/wp-content\/uploads\/2025\/11\/20251016_121440.webp\",\"datePublished\":\"2025-11-28T13:27:58+00:00\",\"description\":\"\u0421\u0432\u0430\u0434\u0435\u0431\u043d\u044b\u0439 \u0444\u043e\u0442\u043e\u0430\u043b\u044c\u0431\u043e\u043c \u043d\u0430 200 \u0444\u043e\u0442\u043e 10\u00d715 \u0441 \u0431\u0435\u043b\u043e\u0439 \u0440\u0430\u043c\u043a\u043e\u0439. \u0418\u0434\u0435\u0430\u043b\u0435\u043d \u0434\u043b\u044f \u0445\u0440\u0430\u043d\u0435\u043d\u0438\u044f \u0441\u043d\u0438\u043c\u043a\u043e\u0432 \u0442\u043e\u0440\u0436\u0435\u0441\u0442\u0432\u0430. \u041a\u0440\u0430\u0441\u0438\u0432\u0430\u044f \u043e\u0431\u043b\u043e\u0436\u043a\u0430 \u0438 \u0443\u0434\u043e\u0431\u043d\u044b\u0435 \u0441\u0442\u0440\u0430\u043d\u0438\u0446\u044b \u0441 \u043a\u0430\u0440\u043c\u0430\u0448\u043a\u0430\u043c\u0438.\",\"breadcrumb\":{\"@id\":\"https:\/\/fotoprint.md\/ro\/produs\/album-belyi-ramka-200-10x15-2\/#breadcrumb\"},\"inLanguage\":\"ro-RO\",\"potentialAction\":[{\"@type\":\"ReadAction\",\"target\":[\"https:\/\/fotoprint.md\/ro\/produs\/album-belyi-ramka-200-10x15-2\/\"]}]},{\"@type\":\"ImageObject\",\"inLanguage\":\"ro-RO\",\"@id\":\"https:\/\/fotoprint.md\/ro\/produs\/album-belyi-ramka-200-10x15-2\/#primaryimage\",\"url\":\"https:\/\/fotoprint.md\/wp-content\/uploads\/2025\/11\/20251016_121440.webp\",\"contentUrl\":\"https:\/\/fotoprint.md\/wp-content\/uploads\/2025\/11\/20251016_121440.webp\",\"width\":2000,\"height\":2000,\"caption\":\"album foto de nunt\u0103 alb cu ram\u0103 200 poze\"},{\"@type\":\"BreadcrumbList\",\"@id\":\"https:\/\/fotoprint.md\/ro\/produs\/album-belyi-ramka-200-10x15-2\/#breadcrumb\",\"itemListElement\":[{\"@type\":\"ListItem\",\"position\":1,\"name\":\"\u0413\u043b\u0430\u0432\u043d\u0430\u044f \u0441\u0442\u0440\u0430\u043d\u0438\u0446\u0430\",\"item\":\"https:\/\/fotoprint.md\/ro\/\"},{\"@type\":\"ListItem\",\"position\":2,\"name\":\"Shop\",\"item\":\"https:\/\/fotoprint.md\/ro\/shop\/\"},{\"@type\":\"ListItem\",\"position\":3,\"name\":\"\u0424\u043e\u0442\u043e\u0430\u043b\u044c\u0431\u043e\u043c \u201c\u0421\u0432\u0430\u0434\u0435\u0431\u043d\u0430\u044f \u0440\u0430\u043c\u043a\u0430\u201d \u2014 200 \u0444\u043e\u0442\u043e 10\u00d715\"}]},{\"@type\":\"WebSite\",\"@id\":\"https:\/\/fotoprint.md\/#website\",\"url\":\"https:\/\/fotoprint.md\/\",\"name\":\"Fotoprint.md\",\"description\":\"\u0424\u043e\u0442\u043e\u043b\u0430\u0431\u043e\u0440\u0430\u0442\u043e\u0440\u0438\u044f \u041a\u0438\u0448\u0438\u043d\u0435\u0432\",\"publisher\":{\"@id\":\"https:\/\/fotoprint.md\/#organization\"},\"potentialAction\":[{\"@type\":\"SearchAction\",\"target\":{\"@type\":\"EntryPoint\",\"urlTemplate\":\"https:\/\/fotoprint.md\/?s={search_term_string}\"},\"query-input\":{\"@type\":\"PropertyValueSpecification\",\"valueRequired\":true,\"valueName\":\"search_term_string\"}}],\"inLanguage\":\"ro-RO\"},{\"@type\":\"Organization\",\"@id\":\"https:\/\/fotoprint.md\/#organization\",\"name\":\"Fotoprint.md\",\"url\":\"https:\/\/fotoprint.md\/\",\"logo\":{\"@type\":\"ImageObject\",\"inLanguage\":\"ro-RO\",\"@id\":\"https:\/\/fotoprint.md\/#\/schema\/logo\/image\/\",\"url\":\"https:\/\/fotoprint.md\/wp-content\/uploads\/2020\/11\/new_logo_light.png\",\"contentUrl\":\"https:\/\/fotoprint.md\/wp-content\/uploads\/2020\/11\/new_logo_light.png\",\"width\":305,\"height\":43,\"caption\":\"Fotoprint.md\"},\"image\":{\"@id\":\"https:\/\/fotoprint.md\/#\/schema\/logo\/image\/\"},\"sameAs\":[\"https:\/\/www.facebook.com\/fprint.md\/\"]}]}<\/script>\n<!-- \/ Yoast SEO plugin. -->","yoast_head_json":{"title":"\u0424\u043e\u0442\u043e\u0430\u043b\u044c\u0431\u043e\u043c \u201c\u0421\u0432\u0430\u0434\u0435\u0431\u043d\u0430\u044f \u0440\u0430\u043c\u043a\u0430\u201d \u2014 200 \u0444\u043e\u0442\u043e 10\u00d715 - Fotoprint.md","description":"\u0421\u0432\u0430\u0434\u0435\u0431\u043d\u044b\u0439 \u0444\u043e\u0442\u043e\u0430\u043b\u044c\u0431\u043e\u043c \u043d\u0430 200 \u0444\u043e\u0442\u043e 10\u00d715 \u0441 \u0431\u0435\u043b\u043e\u0439 \u0440\u0430\u043c\u043a\u043e\u0439. \u0418\u0434\u0435\u0430\u043b\u0435\u043d \u0434\u043b\u044f \u0445\u0440\u0430\u043d\u0435\u043d\u0438\u044f \u0441\u043d\u0438\u043c\u043a\u043e\u0432 \u0442\u043e\u0440\u0436\u0435\u0441\u0442\u0432\u0430. \u041a\u0440\u0430\u0441\u0438\u0432\u0430\u044f \u043e\u0431\u043b\u043e\u0436\u043a\u0430 \u0438 \u0443\u0434\u043e\u0431\u043d\u044b\u0435 \u0441\u0442\u0440\u0430\u043d\u0438\u0446\u044b \u0441 \u043a\u0430\u0440\u043c\u0430\u0448\u043a\u0430\u043c\u0438.","robots":{"index":"index","follow":"follow","max-snippet":"max-snippet:-1","max-image-preview":"max-image-preview:large","max-video-preview":"max-video-preview:-1"},"canonical":"https:\/\/fotoprint.md\/ro\/produs\/album-belyi-ramka-200-10x15-2\/","og_locale":"ro_RO","og_type":"article","og_title":"\u0424\u043e\u0442\u043e\u0430\u043b\u044c\u0431\u043e\u043c \u201c\u0421\u0432\u0430\u0434\u0435\u0431\u043d\u0430\u044f \u0440\u0430\u043c\u043a\u0430\u201d \u2014 200 \u0444\u043e\u0442\u043e 10\u00d715 - Fotoprint.md","og_description":"\u0421\u0432\u0430\u0434\u0435\u0431\u043d\u044b\u0439 \u0444\u043e\u0442\u043e\u0430\u043b\u044c\u0431\u043e\u043c \u043d\u0430 200 \u0444\u043e\u0442\u043e 10\u00d715 \u0441 \u0431\u0435\u043b\u043e\u0439 \u0440\u0430\u043c\u043a\u043e\u0439. \u0418\u0434\u0435\u0430\u043b\u0435\u043d \u0434\u043b\u044f \u0445\u0440\u0430\u043d\u0435\u043d\u0438\u044f \u0441\u043d\u0438\u043c\u043a\u043e\u0432 \u0442\u043e\u0440\u0436\u0435\u0441\u0442\u0432\u0430. \u041a\u0440\u0430\u0441\u0438\u0432\u0430\u044f \u043e\u0431\u043b\u043e\u0436\u043a\u0430 \u0438 \u0443\u0434\u043e\u0431\u043d\u044b\u0435 \u0441\u0442\u0440\u0430\u043d\u0438\u0446\u044b \u0441 \u043a\u0430\u0440\u043c\u0430\u0448\u043a\u0430\u043c\u0438.","og_url":"https:\/\/fotoprint.md\/ro\/produs\/album-belyi-ramka-200-10x15-2\/","og_site_name":"Fotoprint.md","article_publisher":"https:\/\/www.facebook.com\/fprint.md\/","og_image":[{"width":2000,"height":2000,"url":"https:\/\/fotoprint.md\/wp-content\/uploads\/2025\/11\/20251016_121440.webp","type":"image\/webp"}],"twitter_card":"summary_large_image","twitter_misc":{"Timp estimat pentru citire":"1 minut"},"schema":{"@context":"https:\/\/schema.org","@graph":[{"@type":"WebPage","@id":"https:\/\/fotoprint.md\/ro\/produs\/album-belyi-ramka-200-10x15-2\/","url":"https:\/\/fotoprint.md\/ro\/produs\/album-belyi-ramka-200-10x15-2\/","name":"\u0424\u043e\u0442\u043e\u0430\u043b\u044c\u0431\u043e\u043c \u201c\u0421\u0432\u0430\u0434\u0435\u0431\u043d\u0430\u044f \u0440\u0430\u043c\u043a\u0430\u201d \u2014 200 \u0444\u043e\u0442\u043e 10\u00d715 - Fotoprint.md","isPartOf":{"@id":"https:\/\/fotoprint.md\/#website"},"primaryImageOfPage":{"@id":"https:\/\/fotoprint.md\/ro\/produs\/album-belyi-ramka-200-10x15-2\/#primaryimage"},"image":{"@id":"https:\/\/fotoprint.md\/ro\/produs\/album-belyi-ramka-200-10x15-2\/#primaryimage"},"thumbnailUrl":"https:\/\/fotoprint.md\/wp-content\/uploads\/2025\/11\/20251016_121440.webp","datePublished":"2025-11-28T13:27:58+00:00","description":"\u0421\u0432\u0430\u0434\u0435\u0431\u043d\u044b\u0439 \u0444\u043e\u0442\u043e\u0430\u043b\u044c\u0431\u043e\u043c \u043d\u0430 200 \u0444\u043e\u0442\u043e 10\u00d715 \u0441 \u0431\u0435\u043b\u043e\u0439 \u0440\u0430\u043c\u043a\u043e\u0439. \u0418\u0434\u0435\u0430\u043b\u0435\u043d \u0434\u043b\u044f \u0445\u0440\u0430\u043d\u0435\u043d\u0438\u044f \u0441\u043d\u0438\u043c\u043a\u043e\u0432 \u0442\u043e\u0440\u0436\u0435\u0441\u0442\u0432\u0430. \u041a\u0440\u0430\u0441\u0438\u0432\u0430\u044f \u043e\u0431\u043b\u043e\u0436\u043a\u0430 \u0438 \u0443\u0434\u043e\u0431\u043d\u044b\u0435 \u0441\u0442\u0440\u0430\u043d\u0438\u0446\u044b \u0441 \u043a\u0430\u0440\u043c\u0430\u0448\u043a\u0430\u043c\u0438.","breadcrumb":{"@id":"https:\/\/fotoprint.md\/ro\/produs\/album-belyi-ramka-200-10x15-2\/#breadcrumb"},"inLanguage":"ro-RO","potentialAction":[{"@type":"ReadAction","target":["https:\/\/fotoprint.md\/ro\/produs\/album-belyi-ramka-200-10x15-2\/"]}]},{"@type":"ImageObject","inLanguage":"ro-RO","@id":"https:\/\/fotoprint.md\/ro\/produs\/album-belyi-ramka-200-10x15-2\/#primaryimage","url":"https:\/\/fotoprint.md\/wp-content\/uploads\/2025\/11\/20251016_121440.webp","contentUrl":"https:\/\/fotoprint.md\/wp-content\/uploads\/2025\/11\/20251016_121440.webp","width":2000,"height":2000,"caption":"album foto de nunt\u0103 alb cu ram\u0103 200 poze"},{"@type":"BreadcrumbList","@id":"https:\/\/fotoprint.md\/ro\/produs\/album-belyi-ramka-200-10x15-2\/#breadcrumb","itemListElement":[{"@type":"ListItem","position":1,"name":"\u0413\u043b\u0430\u0432\u043d\u0430\u044f \u0441\u0442\u0440\u0430\u043d\u0438\u0446\u0430","item":"https:\/\/fotoprint.md\/ro\/"},{"@type":"ListItem","position":2,"name":"Shop","item":"https:\/\/fotoprint.md\/ro\/shop\/"},{"@type":"ListItem","position":3,"name":"\u0424\u043e\u0442\u043e\u0430\u043b\u044c\u0431\u043e\u043c \u201c\u0421\u0432\u0430\u0434\u0435\u0431\u043d\u0430\u044f \u0440\u0430\u043c\u043a\u0430\u201d \u2014 200 \u0444\u043e\u0442\u043e 10\u00d715"}]},{"@type":"WebSite","@id":"https:\/\/fotoprint.md\/#website","url":"https:\/\/fotoprint.md\/","name":"Fotoprint.md","description":"Laborator FOTO Chi\u0219in\u0103u","publisher":{"@id":"https:\/\/fotoprint.md\/#organization"},"potentialAction":[{"@type":"SearchAction","target":{"@type":"EntryPoint","urlTemplate":"https:\/\/fotoprint.md\/?s={search_term_string}"},"query-input":{"@type":"PropertyValueSpecification","valueRequired":true,"valueName":"search_term_string"}}],"inLanguage":"ro-RO"},{"@type":"Organization","@id":"https:\/\/fotoprint.md\/#organization","name":"Fotoprint.md","url":"https:\/\/fotoprint.md\/","logo":{"@type":"ImageObject","inLanguage":"ro-RO","@id":"https:\/\/fotoprint.md\/#\/schema\/logo\/image\/","url":"https:\/\/fotoprint.md\/wp-content\/uploads\/2020\/11\/new_logo_light.png","contentUrl":"https:\/\/fotoprint.md\/wp-content\/uploads\/2020\/11\/new_logo_light.png","width":305,"height":43,"caption":"Fotoprint.md"},"image":{"@id":"https:\/\/fotoprint.md\/#\/schema\/logo\/image\/"},"sameAs":["https:\/\/www.facebook.com\/fprint.md\/"]}]}},"tiered_pricing_type":"fixed","tiered_pricing_fixed_rules":[],"tiered_pricing_product_settings":{"layout":"default","base_unit_name":{"singular":null,"plural":null},"default_variation":null},"tiered_pricing_minimum_quantity":null,"tiered_pricing_roles_data":[],"tiered_pricing_percentage_rules":[],"_links":{"self":[{"href":"https:\/\/fotoprint.md\/ro\/wp-json\/wp\/v2\/product\/3763","targetHints":{"allow":["GET"]}}],"collection":[{"href":"https:\/\/fotoprint.md\/ro\/wp-json\/wp\/v2\/product"}],"about":[{"href":"https:\/\/fotoprint.md\/ro\/wp-json\/wp\/v2\/types\/product"}],"wp:featuredmedia":[{"embeddable":true,"href":"https:\/\/fotoprint.md\/ro\/wp-json\/wp\/v2\/media\/3764"}],"wp:attachment":[{"href":"https:\/\/fotoprint.md\/ro\/wp-json\/wp\/v2\/media?parent=3763"}],"wp:term":[{"taxonomy":"product_brand","embeddable":true,"href":"https:\/\/fotoprint.md\/ro\/wp-json\/wp\/v2\/product_brand?post=3763"},{"taxonomy":"product_cat","embeddable":true,"href":"https:\/\/fotoprint.md\/ro\/wp-json\/wp\/v2\/product_cat?post=3763"},{"taxonomy":"product_tag","embeddable":true,"href":"https:\/\/fotoprint.md\/ro\/wp-json\/wp\/v2\/product_tag?post=3763"}],"curies":[{"name":"wp","href":"https:\/\/api.w.org\/{rel}","templated":true}]}}