{"id":3734,"date":"2025-11-27T21:40:58","date_gmt":"2025-11-27T19:40:58","guid":{"rendered":"https:\/\/fotoprint.md\/?post_type=product&#038;p=3734"},"modified":"2025-11-27T21:42:02","modified_gmt":"2025-11-27T19:42:02","slug":"album-mishka-luna-304-10x15","status":"publish","type":"product","link":"https:\/\/fotoprint.md\/ro\/produs\/album-mishka-luna-304-10x15\/","title":{"rendered":"Album foto \u201eUrsule\u021b pe Lun\u0103\u201d \u2014 304 fotografii 10\u00d715"},"content":{"rendered":"<p>Un album foto delicat pentru copii, cu un ursule\u021b dr\u0103g\u0103la\u0219 pe lun\u0103.<\/p>\n<p>Ideal pentru p\u0103strarea celor mai calde momente: primii pa\u0219i, z\u00e2mbetele, s\u0103rb\u0103torile.<\/p>\n<p>O alegere excelent\u0103 pentru un cadou pentru p\u0103rin\u021bi \u0219i na\u0219i!<\/p>","protected":false},"excerpt":{"rendered":"<p data-start=\"653\" data-end=\"905\"><strong data-start=\"653\" data-end=\"664\">Model:<\/strong> Ursule\u021b pe Lun\u0103<br data-start=\"678\" data-end=\"681\" \/><strong data-start=\"681\" data-end=\"697\">Capacitate:<\/strong> 304 foto<br data-start=\"706\" data-end=\"709\" \/><strong data-start=\"709\" data-end=\"720\">Format:<\/strong> 10\u00d715 \u0441\u043c<br data-start=\"729\" data-end=\"732\" \/><strong data-start=\"732\" data-end=\"744\">Copert\u0103:<\/strong> tare<br data-start=\"752\" data-end=\"755\" \/><strong data-start=\"755\" data-end=\"771\">Tipul paginilor:<\/strong> din plastic buzunare transparente<br data-start=\"805\" data-end=\"808\" \/><strong data-start=\"808\" data-end=\"822\">Structur\u0103:<\/strong> Dou\u0103 fotografii pe pagin\u0103.<\/p>","protected":false},"featured_media":3735,"template":"","meta":[],"product_brand":[],"product_cat":[173],"product_tag":[],"class_list":{"0":"post-3734","1":"product","2":"type-product","3":"status-publish","4":"has-post-thumbnail","6":"product_cat-albume_foto","8":"first","9":"instock","10":"shipping-taxable","11":"purchasable","12":"product-type-simple"},"yoast_head":"<!-- This site is optimized with the Yoast SEO plugin v26.7 - https:\/\/yoast.com\/wordpress\/plugins\/seo\/ -->\n<title>\u0424\u043e\u0442\u043e\u0430\u043b\u044c\u0431\u043e\u043c \u00ab\u041c\u0438\u0448\u043a\u0430 \u043d\u0430 \u041b\u0443\u043d\u0435\u00bb \u2014 304 \u0444\u043e\u0442\u043e 10\u00d715 - Fotoprint.md<\/title>\n<meta name=\"description\" content=\"\u0414\u0435\u0442\u0441\u043a\u0438\u0439 \u0444\u043e\u0442\u043e\u0430\u043b\u044c\u0431\u043e\u043c \u00ab\u041c\u0438\u0448\u043a\u0430 \u043d\u0430 \u041b\u0443\u043d\u0435\u00bb \u043d\u0430 304 \u0444\u043e\u0442\u043e 10\u00d715 \u2014 \u043d\u0435\u0436\u043d\u044b\u0439 \u0434\u0438\u0437\u0430\u0439\u043d, \u043c\u0435\u0441\u0442\u0430 \u0434\u043b\u044f \u0437\u0430\u043f\u0438\u0441\u0435\u0439, \u0438\u0434\u0435\u0430\u043b\u0435\u043d \u0434\u043b\u044f \u0445\u0440\u0430\u043d\u0435\u043d\u0438\u044f \u043f\u0435\u0440\u0432\u044b\u0445 \u0432\u043e\u0441\u043f\u043e\u043c\u0438\u043d\u0430\u043d\u0438\u0439 \u043c\u0430\u043b\u044b\u0448\u0430.\" \/>\n<meta name=\"robots\" content=\"index, follow, max-snippet:-1, max-image-preview:large, max-video-preview:-1\" \/>\n<link rel=\"canonical\" href=\"https:\/\/fotoprint.md\/ro\/produs\/album-mishka-luna-304-10x15\/\" \/>\n<meta property=\"og:locale\" content=\"ro_RO\" \/>\n<meta property=\"og:type\" content=\"article\" \/>\n<meta property=\"og:title\" content=\"\u0424\u043e\u0442\u043e\u0430\u043b\u044c\u0431\u043e\u043c \u00ab\u041c\u0438\u0448\u043a\u0430 \u043d\u0430 \u041b\u0443\u043d\u0435\u00bb \u2014 304 \u0444\u043e\u0442\u043e 10\u00d715 - Fotoprint.md\" \/>\n<meta property=\"og:description\" content=\"\u0414\u0435\u0442\u0441\u043a\u0438\u0439 \u0444\u043e\u0442\u043e\u0430\u043b\u044c\u0431\u043e\u043c \u00ab\u041c\u0438\u0448\u043a\u0430 \u043d\u0430 \u041b\u0443\u043d\u0435\u00bb \u043d\u0430 304 \u0444\u043e\u0442\u043e 10\u00d715 \u2014 \u043d\u0435\u0436\u043d\u044b\u0439 \u0434\u0438\u0437\u0430\u0439\u043d, \u043c\u0435\u0441\u0442\u0430 \u0434\u043b\u044f \u0437\u0430\u043f\u0438\u0441\u0435\u0439, \u0438\u0434\u0435\u0430\u043b\u0435\u043d \u0434\u043b\u044f \u0445\u0440\u0430\u043d\u0435\u043d\u0438\u044f \u043f\u0435\u0440\u0432\u044b\u0445 \u0432\u043e\u0441\u043f\u043e\u043c\u0438\u043d\u0430\u043d\u0438\u0439 \u043c\u0430\u043b\u044b\u0448\u0430.\" \/>\n<meta property=\"og:url\" content=\"https:\/\/fotoprint.md\/ro\/produs\/album-mishka-luna-304-10x15\/\" \/>\n<meta property=\"og:site_name\" content=\"Fotoprint.md\" \/>\n<meta property=\"article:publisher\" content=\"https:\/\/www.facebook.com\/fprint.md\/\" \/>\n<meta property=\"article:modified_time\" content=\"2025-11-27T19:42:02+00:00\" \/>\n<meta property=\"og:image\" content=\"https:\/\/fotoprint.md\/wp-content\/uploads\/2025\/11\/20251016_115811.webp\" \/>\n\t<meta property=\"og:image:width\" content=\"2000\" \/>\n\t<meta property=\"og:image:height\" content=\"2000\" \/>\n\t<meta property=\"og:image:type\" content=\"image\/webp\" \/>\n<meta name=\"twitter:card\" content=\"summary_large_image\" \/>\n<meta name=\"twitter:label1\" content=\"Timp estimat pentru citire\" \/>\n\t<meta name=\"twitter:data1\" content=\"1 minut\" \/>\n<script type=\"application\/ld+json\" class=\"yoast-schema-graph\">{\"@context\":\"https:\/\/schema.org\",\"@graph\":[{\"@type\":\"WebPage\",\"@id\":\"https:\/\/fotoprint.md\/ro\/produs\/album-mishka-luna-304-10x15\/\",\"url\":\"https:\/\/fotoprint.md\/ro\/produs\/album-mishka-luna-304-10x15\/\",\"name\":\"\u0424\u043e\u0442\u043e\u0430\u043b\u044c\u0431\u043e\u043c \u00ab\u041c\u0438\u0448\u043a\u0430 \u043d\u0430 \u041b\u0443\u043d\u0435\u00bb \u2014 304 \u0444\u043e\u0442\u043e 10\u00d715 - Fotoprint.md\",\"isPartOf\":{\"@id\":\"https:\/\/fotoprint.md\/#website\"},\"primaryImageOfPage\":{\"@id\":\"https:\/\/fotoprint.md\/ro\/produs\/album-mishka-luna-304-10x15\/#primaryimage\"},\"image\":{\"@id\":\"https:\/\/fotoprint.md\/ro\/produs\/album-mishka-luna-304-10x15\/#primaryimage\"},\"thumbnailUrl\":\"https:\/\/fotoprint.md\/wp-content\/uploads\/2025\/11\/20251016_115811.webp\",\"datePublished\":\"2025-11-27T19:40:58+00:00\",\"dateModified\":\"2025-11-27T19:42:02+00:00\",\"description\":\"\u0414\u0435\u0442\u0441\u043a\u0438\u0439 \u0444\u043e\u0442\u043e\u0430\u043b\u044c\u0431\u043e\u043c \u00ab\u041c\u0438\u0448\u043a\u0430 \u043d\u0430 \u041b\u0443\u043d\u0435\u00bb \u043d\u0430 304 \u0444\u043e\u0442\u043e 10\u00d715 \u2014 \u043d\u0435\u0436\u043d\u044b\u0439 \u0434\u0438\u0437\u0430\u0439\u043d, \u043c\u0435\u0441\u0442\u0430 \u0434\u043b\u044f \u0437\u0430\u043f\u0438\u0441\u0435\u0439, \u0438\u0434\u0435\u0430\u043b\u0435\u043d \u0434\u043b\u044f \u0445\u0440\u0430\u043d\u0435\u043d\u0438\u044f \u043f\u0435\u0440\u0432\u044b\u0445 \u0432\u043e\u0441\u043f\u043e\u043c\u0438\u043d\u0430\u043d\u0438\u0439 \u043c\u0430\u043b\u044b\u0448\u0430.\",\"breadcrumb\":{\"@id\":\"https:\/\/fotoprint.md\/ro\/produs\/album-mishka-luna-304-10x15\/#breadcrumb\"},\"inLanguage\":\"ro-RO\",\"potentialAction\":[{\"@type\":\"ReadAction\",\"target\":[\"https:\/\/fotoprint.md\/ro\/produs\/album-mishka-luna-304-10x15\/\"]}]},{\"@type\":\"ImageObject\",\"inLanguage\":\"ro-RO\",\"@id\":\"https:\/\/fotoprint.md\/ro\/produs\/album-mishka-luna-304-10x15\/#primaryimage\",\"url\":\"https:\/\/fotoprint.md\/wp-content\/uploads\/2025\/11\/20251016_115811.webp\",\"contentUrl\":\"https:\/\/fotoprint.md\/wp-content\/uploads\/2025\/11\/20251016_115811.webp\",\"width\":2000,\"height\":2000,\"caption\":\"album foto Ursule\u021b pe Lun\u0103 304 fotografii\"},{\"@type\":\"BreadcrumbList\",\"@id\":\"https:\/\/fotoprint.md\/ro\/produs\/album-mishka-luna-304-10x15\/#breadcrumb\",\"itemListElement\":[{\"@type\":\"ListItem\",\"position\":1,\"name\":\"\u0413\u043b\u0430\u0432\u043d\u0430\u044f \u0441\u0442\u0440\u0430\u043d\u0438\u0446\u0430\",\"item\":\"https:\/\/fotoprint.md\/ro\/\"},{\"@type\":\"ListItem\",\"position\":2,\"name\":\"Shop\",\"item\":\"https:\/\/fotoprint.md\/ro\/shop\/\"},{\"@type\":\"ListItem\",\"position\":3,\"name\":\"\u0424\u043e\u0442\u043e\u0430\u043b\u044c\u0431\u043e\u043c \u00ab\u041c\u0438\u0448\u043a\u0430 \u043d\u0430 \u041b\u0443\u043d\u0435\u00bb \u2014 304 \u0444\u043e\u0442\u043e 10\u00d715\"}]},{\"@type\":\"WebSite\",\"@id\":\"https:\/\/fotoprint.md\/#website\",\"url\":\"https:\/\/fotoprint.md\/\",\"name\":\"Fotoprint.md\",\"description\":\"\u0424\u043e\u0442\u043e\u043b\u0430\u0431\u043e\u0440\u0430\u0442\u043e\u0440\u0438\u044f \u041a\u0438\u0448\u0438\u043d\u0435\u0432\",\"publisher\":{\"@id\":\"https:\/\/fotoprint.md\/#organization\"},\"potentialAction\":[{\"@type\":\"SearchAction\",\"target\":{\"@type\":\"EntryPoint\",\"urlTemplate\":\"https:\/\/fotoprint.md\/?s={search_term_string}\"},\"query-input\":{\"@type\":\"PropertyValueSpecification\",\"valueRequired\":true,\"valueName\":\"search_term_string\"}}],\"inLanguage\":\"ro-RO\"},{\"@type\":\"Organization\",\"@id\":\"https:\/\/fotoprint.md\/#organization\",\"name\":\"Fotoprint.md\",\"url\":\"https:\/\/fotoprint.md\/\",\"logo\":{\"@type\":\"ImageObject\",\"inLanguage\":\"ro-RO\",\"@id\":\"https:\/\/fotoprint.md\/#\/schema\/logo\/image\/\",\"url\":\"https:\/\/fotoprint.md\/wp-content\/uploads\/2020\/11\/new_logo_light.png\",\"contentUrl\":\"https:\/\/fotoprint.md\/wp-content\/uploads\/2020\/11\/new_logo_light.png\",\"width\":305,\"height\":43,\"caption\":\"Fotoprint.md\"},\"image\":{\"@id\":\"https:\/\/fotoprint.md\/#\/schema\/logo\/image\/\"},\"sameAs\":[\"https:\/\/www.facebook.com\/fprint.md\/\"]}]}<\/script>\n<!-- \/ Yoast SEO plugin. -->","yoast_head_json":{"title":"\u0424\u043e\u0442\u043e\u0430\u043b\u044c\u0431\u043e\u043c \u00ab\u041c\u0438\u0448\u043a\u0430 \u043d\u0430 \u041b\u0443\u043d\u0435\u00bb \u2014 304 \u0444\u043e\u0442\u043e 10\u00d715 - Fotoprint.md","description":"\u0414\u0435\u0442\u0441\u043a\u0438\u0439 \u0444\u043e\u0442\u043e\u0430\u043b\u044c\u0431\u043e\u043c \u00ab\u041c\u0438\u0448\u043a\u0430 \u043d\u0430 \u041b\u0443\u043d\u0435\u00bb \u043d\u0430 304 \u0444\u043e\u0442\u043e 10\u00d715 \u2014 \u043d\u0435\u0436\u043d\u044b\u0439 \u0434\u0438\u0437\u0430\u0439\u043d, \u043c\u0435\u0441\u0442\u0430 \u0434\u043b\u044f \u0437\u0430\u043f\u0438\u0441\u0435\u0439, \u0438\u0434\u0435\u0430\u043b\u0435\u043d \u0434\u043b\u044f \u0445\u0440\u0430\u043d\u0435\u043d\u0438\u044f \u043f\u0435\u0440\u0432\u044b\u0445 \u0432\u043e\u0441\u043f\u043e\u043c\u0438\u043d\u0430\u043d\u0438\u0439 \u043c\u0430\u043b\u044b\u0448\u0430.","robots":{"index":"index","follow":"follow","max-snippet":"max-snippet:-1","max-image-preview":"max-image-preview:large","max-video-preview":"max-video-preview:-1"},"canonical":"https:\/\/fotoprint.md\/ro\/produs\/album-mishka-luna-304-10x15\/","og_locale":"ro_RO","og_type":"article","og_title":"\u0424\u043e\u0442\u043e\u0430\u043b\u044c\u0431\u043e\u043c \u00ab\u041c\u0438\u0448\u043a\u0430 \u043d\u0430 \u041b\u0443\u043d\u0435\u00bb \u2014 304 \u0444\u043e\u0442\u043e 10\u00d715 - Fotoprint.md","og_description":"\u0414\u0435\u0442\u0441\u043a\u0438\u0439 \u0444\u043e\u0442\u043e\u0430\u043b\u044c\u0431\u043e\u043c \u00ab\u041c\u0438\u0448\u043a\u0430 \u043d\u0430 \u041b\u0443\u043d\u0435\u00bb \u043d\u0430 304 \u0444\u043e\u0442\u043e 10\u00d715 \u2014 \u043d\u0435\u0436\u043d\u044b\u0439 \u0434\u0438\u0437\u0430\u0439\u043d, \u043c\u0435\u0441\u0442\u0430 \u0434\u043b\u044f \u0437\u0430\u043f\u0438\u0441\u0435\u0439, \u0438\u0434\u0435\u0430\u043b\u0435\u043d \u0434\u043b\u044f \u0445\u0440\u0430\u043d\u0435\u043d\u0438\u044f \u043f\u0435\u0440\u0432\u044b\u0445 \u0432\u043e\u0441\u043f\u043e\u043c\u0438\u043d\u0430\u043d\u0438\u0439 \u043c\u0430\u043b\u044b\u0448\u0430.","og_url":"https:\/\/fotoprint.md\/ro\/produs\/album-mishka-luna-304-10x15\/","og_site_name":"Fotoprint.md","article_publisher":"https:\/\/www.facebook.com\/fprint.md\/","article_modified_time":"2025-11-27T19:42:02+00:00","og_image":[{"width":2000,"height":2000,"url":"https:\/\/fotoprint.md\/wp-content\/uploads\/2025\/11\/20251016_115811.webp","type":"image\/webp"}],"twitter_card":"summary_large_image","twitter_misc":{"Timp estimat pentru citire":"1 minut"},"schema":{"@context":"https:\/\/schema.org","@graph":[{"@type":"WebPage","@id":"https:\/\/fotoprint.md\/ro\/produs\/album-mishka-luna-304-10x15\/","url":"https:\/\/fotoprint.md\/ro\/produs\/album-mishka-luna-304-10x15\/","name":"\u0424\u043e\u0442\u043e\u0430\u043b\u044c\u0431\u043e\u043c \u00ab\u041c\u0438\u0448\u043a\u0430 \u043d\u0430 \u041b\u0443\u043d\u0435\u00bb \u2014 304 \u0444\u043e\u0442\u043e 10\u00d715 - Fotoprint.md","isPartOf":{"@id":"https:\/\/fotoprint.md\/#website"},"primaryImageOfPage":{"@id":"https:\/\/fotoprint.md\/ro\/produs\/album-mishka-luna-304-10x15\/#primaryimage"},"image":{"@id":"https:\/\/fotoprint.md\/ro\/produs\/album-mishka-luna-304-10x15\/#primaryimage"},"thumbnailUrl":"https:\/\/fotoprint.md\/wp-content\/uploads\/2025\/11\/20251016_115811.webp","datePublished":"2025-11-27T19:40:58+00:00","dateModified":"2025-11-27T19:42:02+00:00","description":"\u0414\u0435\u0442\u0441\u043a\u0438\u0439 \u0444\u043e\u0442\u043e\u0430\u043b\u044c\u0431\u043e\u043c \u00ab\u041c\u0438\u0448\u043a\u0430 \u043d\u0430 \u041b\u0443\u043d\u0435\u00bb \u043d\u0430 304 \u0444\u043e\u0442\u043e 10\u00d715 \u2014 \u043d\u0435\u0436\u043d\u044b\u0439 \u0434\u0438\u0437\u0430\u0439\u043d, \u043c\u0435\u0441\u0442\u0430 \u0434\u043b\u044f \u0437\u0430\u043f\u0438\u0441\u0435\u0439, \u0438\u0434\u0435\u0430\u043b\u0435\u043d \u0434\u043b\u044f \u0445\u0440\u0430\u043d\u0435\u043d\u0438\u044f \u043f\u0435\u0440\u0432\u044b\u0445 \u0432\u043e\u0441\u043f\u043e\u043c\u0438\u043d\u0430\u043d\u0438\u0439 \u043c\u0430\u043b\u044b\u0448\u0430.","breadcrumb":{"@id":"https:\/\/fotoprint.md\/ro\/produs\/album-mishka-luna-304-10x15\/#breadcrumb"},"inLanguage":"ro-RO","potentialAction":[{"@type":"ReadAction","target":["https:\/\/fotoprint.md\/ro\/produs\/album-mishka-luna-304-10x15\/"]}]},{"@type":"ImageObject","inLanguage":"ro-RO","@id":"https:\/\/fotoprint.md\/ro\/produs\/album-mishka-luna-304-10x15\/#primaryimage","url":"https:\/\/fotoprint.md\/wp-content\/uploads\/2025\/11\/20251016_115811.webp","contentUrl":"https:\/\/fotoprint.md\/wp-content\/uploads\/2025\/11\/20251016_115811.webp","width":2000,"height":2000,"caption":"album foto Ursule\u021b pe Lun\u0103 304 fotografii"},{"@type":"BreadcrumbList","@id":"https:\/\/fotoprint.md\/ro\/produs\/album-mishka-luna-304-10x15\/#breadcrumb","itemListElement":[{"@type":"ListItem","position":1,"name":"\u0413\u043b\u0430\u0432\u043d\u0430\u044f \u0441\u0442\u0440\u0430\u043d\u0438\u0446\u0430","item":"https:\/\/fotoprint.md\/ro\/"},{"@type":"ListItem","position":2,"name":"Shop","item":"https:\/\/fotoprint.md\/ro\/shop\/"},{"@type":"ListItem","position":3,"name":"\u0424\u043e\u0442\u043e\u0430\u043b\u044c\u0431\u043e\u043c \u00ab\u041c\u0438\u0448\u043a\u0430 \u043d\u0430 \u041b\u0443\u043d\u0435\u00bb \u2014 304 \u0444\u043e\u0442\u043e 10\u00d715"}]},{"@type":"WebSite","@id":"https:\/\/fotoprint.md\/#website","url":"https:\/\/fotoprint.md\/","name":"Fotoprint.md","description":"Laborator FOTO Chi\u0219in\u0103u","publisher":{"@id":"https:\/\/fotoprint.md\/#organization"},"potentialAction":[{"@type":"SearchAction","target":{"@type":"EntryPoint","urlTemplate":"https:\/\/fotoprint.md\/?s={search_term_string}"},"query-input":{"@type":"PropertyValueSpecification","valueRequired":true,"valueName":"search_term_string"}}],"inLanguage":"ro-RO"},{"@type":"Organization","@id":"https:\/\/fotoprint.md\/#organization","name":"Fotoprint.md","url":"https:\/\/fotoprint.md\/","logo":{"@type":"ImageObject","inLanguage":"ro-RO","@id":"https:\/\/fotoprint.md\/#\/schema\/logo\/image\/","url":"https:\/\/fotoprint.md\/wp-content\/uploads\/2020\/11\/new_logo_light.png","contentUrl":"https:\/\/fotoprint.md\/wp-content\/uploads\/2020\/11\/new_logo_light.png","width":305,"height":43,"caption":"Fotoprint.md"},"image":{"@id":"https:\/\/fotoprint.md\/#\/schema\/logo\/image\/"},"sameAs":["https:\/\/www.facebook.com\/fprint.md\/"]}]}},"tiered_pricing_type":"fixed","tiered_pricing_fixed_rules":[],"tiered_pricing_product_settings":{"layout":"default","base_unit_name":{"singular":null,"plural":null},"default_variation":null},"tiered_pricing_minimum_quantity":null,"tiered_pricing_roles_data":[],"tiered_pricing_percentage_rules":[],"_links":{"self":[{"href":"https:\/\/fotoprint.md\/ro\/wp-json\/wp\/v2\/product\/3734","targetHints":{"allow":["GET"]}}],"collection":[{"href":"https:\/\/fotoprint.md\/ro\/wp-json\/wp\/v2\/product"}],"about":[{"href":"https:\/\/fotoprint.md\/ro\/wp-json\/wp\/v2\/types\/product"}],"wp:featuredmedia":[{"embeddable":true,"href":"https:\/\/fotoprint.md\/ro\/wp-json\/wp\/v2\/media\/3735"}],"wp:attachment":[{"href":"https:\/\/fotoprint.md\/ro\/wp-json\/wp\/v2\/media?parent=3734"}],"wp:term":[{"taxonomy":"product_brand","embeddable":true,"href":"https:\/\/fotoprint.md\/ro\/wp-json\/wp\/v2\/product_brand?post=3734"},{"taxonomy":"product_cat","embeddable":true,"href":"https:\/\/fotoprint.md\/ro\/wp-json\/wp\/v2\/product_cat?post=3734"},{"taxonomy":"product_tag","embeddable":true,"href":"https:\/\/fotoprint.md\/ro\/wp-json\/wp\/v2\/product_tag?post=3734"}],"curies":[{"name":"wp","href":"https:\/\/api.w.org\/{rel}","templated":true}]}}