{"id":3268,"date":"2025-10-06T15:23:15","date_gmt":"2025-10-06T13:23:15","guid":{"rendered":"https:\/\/fotoprint.md\/?post_type=product&#038;p=3268"},"modified":"2025-11-30T17:27:01","modified_gmt":"2025-11-30T15:27:01","slug":"roll-up-pro","status":"publish","type":"product","link":"https:\/\/fotoprint.md\/ro\/produs\/roll-up-pro\/","title":{"rendered":"Stand publicitar + imprimare (roll-up PRO)"},"content":{"rendered":"<p>\u0420\u043e\u043b\u043b\u0430\u043f \u2014 \u044d\u0442\u043e \u0443\u0434\u043e\u0431\u043d\u0430\u044f \u043c\u043e\u0431\u0438\u043b\u044c\u043d\u0430\u044f \u0440\u0435\u043a\u043b\u0430\u043c\u043d\u0430\u044f \u0441\u0438\u0441\u0442\u0435\u043c\u0430, \u0441\u043e\u0437\u0434\u0430\u043d\u043d\u0430\u044f \u0434\u043b\u044f \u043f\u0440\u0435\u0437\u0435\u043d\u0442\u0430\u0446\u0438\u0439, \u0432\u044b\u0441\u0442\u0430\u0432\u043e\u043a, \u043f\u0440\u043e\u043c\u043e-\u0430\u043a\u0446\u0438\u0439 \u0438 \u043b\u044e\u0431\u044b\u0445 \u043c\u0435\u0440\u043e\u043f\u0440\u0438\u044f\u0442\u0438\u0439. \u041e\u043d \u0431\u044b\u0441\u0442\u0440\u043e \u0443\u0441\u0442\u0430\u043d\u0430\u0432\u043b\u0438\u0432\u0430\u0435\u0442\u0441\u044f, \u043b\u0435\u0433\u043a\u043e \u043f\u0435\u0440\u0435\u0432\u043e\u0437\u0438\u0442\u0441\u044f \u0438 \u043e\u0431\u0435\u0441\u043f\u0435\u0447\u0438\u0432\u0430\u0435\u0442 \u043f\u0440\u0438\u0432\u043b\u0435\u043a\u0430\u0442\u0435\u043b\u044c\u043d\u0443\u044e \u043f\u043b\u043e\u0449\u0430\u0434\u043a\u0443 \u0434\u043b\u044f \u0440\u0430\u0437\u043c\u0435\u0449\u0435\u043d\u0438\u044f \u0440\u0435\u043a\u043b\u0430\u043c\u044b, \u043b\u043e\u0433\u043e\u0442\u0438\u043f\u043e\u0432 \u0438 \u0438\u043d\u0444\u043e\u0440\u043c\u0430\u0446\u0438\u043e\u043d\u043d\u044b\u0445 \u043c\u0430\u0442\u0435\u0440\u0438\u0430\u043b\u043e\u0432. \u041a\u043e\u043c\u043f\u0430\u043a\u0442\u043d\u044b\u0439, \u0443\u0441\u0442\u043e\u0439\u0447\u0438\u0432\u044b\u0439 \u0438 \u0441\u043e\u0432\u0440\u0435\u043c\u0435\u043d\u043d\u044b\u0439 \u043f\u043e \u0434\u0438\u0437\u0430\u0439\u043d\u0443, \u0440\u043e\u043b\u043b\u0430\u043f \u043f\u043e\u043c\u043e\u0433\u0430\u0435\u0442 \u044d\u0444\u0444\u0435\u043a\u0442\u0438\u0432\u043d\u043e \u043f\u0440\u0435\u0434\u0441\u0442\u0430\u0432\u0438\u0442\u044c \u0432\u0430\u0448 \u0431\u0440\u0435\u043d\u0434 \u0432 \u043b\u044e\u0431\u043e\u0439 \u043b\u043e\u043a\u0430\u0446\u0438\u0438.<\/p>","protected":false},"excerpt":{"rendered":"<p><strong>\u0420\u043e\u043b\u0430\u043f (PRO) \u2014 \u043c\u043e\u0431\u0438\u043b\u044c\u043d\u044b\u0439 \u0431\u0430\u043d\u043d\u0435\u0440 \u0434\u043b\u044f \u0440\u0435\u043a\u043b\u0430\u043c\u044b (\u043a\u043e\u043c\u043f\u043b\u0435\u043a\u0442 \u043f\u043e\u0434 \u043a\u043b\u044e\u0447). <\/strong><\/p>\n<ul>\n<li><strong>Imprimarea este inclus\u0103 \u00een pre\u021b.<\/strong><\/li>\n<li>Montaj u\u0219or, compacitate, stabilitate.<\/li>\n<li><strong>Marimea<\/strong> 85&#215;200 \u0441\u043c.<\/li>\n<li><strong>Material:<\/strong> banner greyback<\/li>\n<li><strong>Construc\u021bie \u00eent\u0103rit\u0103 (aluminiu).<\/strong><\/li>\n<li><strong data-start=\"756\" data-end=\"773\">Coplectatie<\/strong> banner + structur\u0103 + hus\u0103<\/li>\n<li><\/li>\n<\/ul>\n<p><strong>Ideal pentru expozi\u021bii, evenimente \u0219i prezent\u0103ri.<\/strong><\/p>","protected":false},"featured_media":3836,"template":"","meta":[],"product_brand":[],"product_cat":[161],"product_tag":[],"class_list":{"0":"post-3268","1":"product","2":"type-product","3":"status-publish","4":"has-post-thumbnail","6":"product_cat-publicitate","8":"first","9":"instock","10":"sale","11":"shipping-taxable","12":"purchasable","13":"product-type-simple"},"yoast_head":"<!-- This site is optimized with the Yoast SEO plugin v26.7 - https:\/\/yoast.com\/wordpress\/plugins\/seo\/ -->\n<title>\u0420\u0435\u043a\u043b\u0430\u043c\u043d\u044b\u0439 \u0441\u0442\u0435\u043d\u0434 Roll-up \u0432 \u041a\u0438\u0448\u0438\u043d\u0435\u0432\u0435 | Fotoprint.md<\/title>\n<meta name=\"description\" content=\"\u0423\u0434\u043e\u0431\u043d\u044b\u0435 \u0440\u0435\u043a\u043b\u0430\u043c\u043d\u044b\u0435 \u0441\u0442\u0435\u043d\u0434\u044b Roll-up \u0434\u043b\u044f \u0431\u0438\u0437\u043d\u0435\u0441\u0430. \u041f\u0440\u043e\u0447\u043d\u0430\u044f \u043a\u043e\u043d\u0441\u0442\u0440\u0443\u043a\u0446\u0438\u044f \u0438 \u043a\u0430\u0447\u0435\u0441\u0442\u0432\u0435\u043d\u043d\u0430\u044f \u043f\u0435\u0447\u0430\u0442\u044c. \u0414\u043e\u0441\u0442\u0430\u0432\u043a\u0430 \u043f\u043e \u041a\u0438\u0448\u0438\u043d\u0451\u0432\u0443 \u0438 \u0432\u0441\u0435\u0439 \u041c\u043e\u043b\u0434\u043e\u0432\u0435.\" \/>\n<meta name=\"robots\" content=\"index, follow, max-snippet:-1, max-image-preview:large, max-video-preview:-1\" \/>\n<link rel=\"canonical\" href=\"https:\/\/fotoprint.md\/ro\/produs\/roll-up-pro\/\" \/>\n<meta property=\"og:locale\" content=\"ro_RO\" \/>\n<meta property=\"og:type\" content=\"article\" \/>\n<meta property=\"og:title\" content=\"\u0420\u0435\u043a\u043b\u0430\u043c\u043d\u044b\u0439 \u0441\u0442\u0435\u043d\u0434 Roll-up \u0432 \u041a\u0438\u0448\u0438\u043d\u0435\u0432\u0435 | Fotoprint.md\" \/>\n<meta property=\"og:description\" content=\"\u0423\u0434\u043e\u0431\u043d\u044b\u0435 \u0440\u0435\u043a\u043b\u0430\u043c\u043d\u044b\u0435 \u0441\u0442\u0435\u043d\u0434\u044b Roll-up \u0434\u043b\u044f \u0431\u0438\u0437\u043d\u0435\u0441\u0430. \u041f\u0440\u043e\u0447\u043d\u0430\u044f \u043a\u043e\u043d\u0441\u0442\u0440\u0443\u043a\u0446\u0438\u044f \u0438 \u043a\u0430\u0447\u0435\u0441\u0442\u0432\u0435\u043d\u043d\u0430\u044f \u043f\u0435\u0447\u0430\u0442\u044c. \u0414\u043e\u0441\u0442\u0430\u0432\u043a\u0430 \u043f\u043e \u041a\u0438\u0448\u0438\u043d\u0451\u0432\u0443 \u0438 \u0432\u0441\u0435\u0439 \u041c\u043e\u043b\u0434\u043e\u0432\u0435.\" \/>\n<meta property=\"og:url\" content=\"https:\/\/fotoprint.md\/ro\/produs\/roll-up-pro\/\" \/>\n<meta property=\"og:site_name\" content=\"Fotoprint.md\" \/>\n<meta property=\"article:publisher\" content=\"https:\/\/www.facebook.com\/fprint.md\/\" \/>\n<meta property=\"article:modified_time\" content=\"2025-11-30T15:27:01+00:00\" \/>\n<meta property=\"og:image\" content=\"https:\/\/fotoprint.md\/wp-content\/uploads\/2025\/10\/roll-up-pro-85x200-1z.webp\" \/>\n\t<meta property=\"og:image:width\" content=\"2000\" \/>\n\t<meta property=\"og:image:height\" content=\"2000\" \/>\n\t<meta property=\"og:image:type\" content=\"image\/webp\" \/>\n<meta name=\"twitter:card\" content=\"summary_large_image\" \/>\n<meta name=\"twitter:label1\" content=\"Timp estimat pentru citire\" \/>\n\t<meta name=\"twitter:data1\" content=\"1 minut\" \/>\n<script type=\"application\/ld+json\" class=\"yoast-schema-graph\">{\"@context\":\"https:\/\/schema.org\",\"@graph\":[{\"@type\":\"WebPage\",\"@id\":\"https:\/\/fotoprint.md\/ro\/produs\/roll-up-pro\/\",\"url\":\"https:\/\/fotoprint.md\/ro\/produs\/roll-up-pro\/\",\"name\":\"\u0420\u0435\u043a\u043b\u0430\u043c\u043d\u044b\u0439 \u0441\u0442\u0435\u043d\u0434 Roll-up \u0432 \u041a\u0438\u0448\u0438\u043d\u0435\u0432\u0435 | Fotoprint.md\",\"isPartOf\":{\"@id\":\"https:\/\/fotoprint.md\/#website\"},\"primaryImageOfPage\":{\"@id\":\"https:\/\/fotoprint.md\/ro\/produs\/roll-up-pro\/#primaryimage\"},\"image\":{\"@id\":\"https:\/\/fotoprint.md\/ro\/produs\/roll-up-pro\/#primaryimage\"},\"thumbnailUrl\":\"https:\/\/fotoprint.md\/wp-content\/uploads\/2025\/10\/roll-up-pro-85x200-1z.webp\",\"datePublished\":\"2025-10-06T13:23:15+00:00\",\"dateModified\":\"2025-11-30T15:27:01+00:00\",\"description\":\"\u0423\u0434\u043e\u0431\u043d\u044b\u0435 \u0440\u0435\u043a\u043b\u0430\u043c\u043d\u044b\u0435 \u0441\u0442\u0435\u043d\u0434\u044b Roll-up \u0434\u043b\u044f \u0431\u0438\u0437\u043d\u0435\u0441\u0430. \u041f\u0440\u043e\u0447\u043d\u0430\u044f \u043a\u043e\u043d\u0441\u0442\u0440\u0443\u043a\u0446\u0438\u044f \u0438 \u043a\u0430\u0447\u0435\u0441\u0442\u0432\u0435\u043d\u043d\u0430\u044f \u043f\u0435\u0447\u0430\u0442\u044c. \u0414\u043e\u0441\u0442\u0430\u0432\u043a\u0430 \u043f\u043e \u041a\u0438\u0448\u0438\u043d\u0451\u0432\u0443 \u0438 \u0432\u0441\u0435\u0439 \u041c\u043e\u043b\u0434\u043e\u0432\u0435.\",\"breadcrumb\":{\"@id\":\"https:\/\/fotoprint.md\/ro\/produs\/roll-up-pro\/#breadcrumb\"},\"inLanguage\":\"ro-RO\",\"potentialAction\":[{\"@type\":\"ReadAction\",\"target\":[\"https:\/\/fotoprint.md\/ro\/produs\/roll-up-pro\/\"]}]},{\"@type\":\"ImageObject\",\"inLanguage\":\"ro-RO\",\"@id\":\"https:\/\/fotoprint.md\/ro\/produs\/roll-up-pro\/#primaryimage\",\"url\":\"https:\/\/fotoprint.md\/wp-content\/uploads\/2025\/10\/roll-up-pro-85x200-1z.webp\",\"contentUrl\":\"https:\/\/fotoprint.md\/wp-content\/uploads\/2025\/10\/roll-up-pro-85x200-1z.webp\",\"width\":2000,\"height\":2000,\"caption\":\"\u0440\u0435\u043a\u043b\u0430\u043c\u043d\u044b\u0439 \u0441\u0442\u0435\u043d\u0434 \u043e\u0431\u0437\u043e\u0440\"},{\"@type\":\"BreadcrumbList\",\"@id\":\"https:\/\/fotoprint.md\/ro\/produs\/roll-up-pro\/#breadcrumb\",\"itemListElement\":[{\"@type\":\"ListItem\",\"position\":1,\"name\":\"\u0413\u043b\u0430\u0432\u043d\u0430\u044f \u0441\u0442\u0440\u0430\u043d\u0438\u0446\u0430\",\"item\":\"https:\/\/fotoprint.md\/ro\/\"},{\"@type\":\"ListItem\",\"position\":2,\"name\":\"Shop\",\"item\":\"https:\/\/fotoprint.md\/ro\/shop\/\"},{\"@type\":\"ListItem\",\"position\":3,\"name\":\"\u0420\u0435\u043a\u043b\u0430\u043c\u043d\u044b\u0439 \u0441\u0442\u0435\u043d\u0434 + \u043f\u0435\u0447\u0430\u0442\u044c (roll-up PRO)\"}]},{\"@type\":\"WebSite\",\"@id\":\"https:\/\/fotoprint.md\/#website\",\"url\":\"https:\/\/fotoprint.md\/\",\"name\":\"Fotoprint.md\",\"description\":\"\u0424\u043e\u0442\u043e\u043b\u0430\u0431\u043e\u0440\u0430\u0442\u043e\u0440\u0438\u044f \u041a\u0438\u0448\u0438\u043d\u0435\u0432\",\"publisher\":{\"@id\":\"https:\/\/fotoprint.md\/#organization\"},\"potentialAction\":[{\"@type\":\"SearchAction\",\"target\":{\"@type\":\"EntryPoint\",\"urlTemplate\":\"https:\/\/fotoprint.md\/?s={search_term_string}\"},\"query-input\":{\"@type\":\"PropertyValueSpecification\",\"valueRequired\":true,\"valueName\":\"search_term_string\"}}],\"inLanguage\":\"ro-RO\"},{\"@type\":\"Organization\",\"@id\":\"https:\/\/fotoprint.md\/#organization\",\"name\":\"Fotoprint.md\",\"url\":\"https:\/\/fotoprint.md\/\",\"logo\":{\"@type\":\"ImageObject\",\"inLanguage\":\"ro-RO\",\"@id\":\"https:\/\/fotoprint.md\/#\/schema\/logo\/image\/\",\"url\":\"https:\/\/fotoprint.md\/wp-content\/uploads\/2020\/11\/new_logo_light.png\",\"contentUrl\":\"https:\/\/fotoprint.md\/wp-content\/uploads\/2020\/11\/new_logo_light.png\",\"width\":305,\"height\":43,\"caption\":\"Fotoprint.md\"},\"image\":{\"@id\":\"https:\/\/fotoprint.md\/#\/schema\/logo\/image\/\"},\"sameAs\":[\"https:\/\/www.facebook.com\/fprint.md\/\"]}]}<\/script>\n<!-- \/ Yoast SEO plugin. -->","yoast_head_json":{"title":"\u0420\u0435\u043a\u043b\u0430\u043c\u043d\u044b\u0439 \u0441\u0442\u0435\u043d\u0434 Roll-up \u0432 \u041a\u0438\u0448\u0438\u043d\u0435\u0432\u0435 | Fotoprint.md","description":"\u0423\u0434\u043e\u0431\u043d\u044b\u0435 \u0440\u0435\u043a\u043b\u0430\u043c\u043d\u044b\u0435 \u0441\u0442\u0435\u043d\u0434\u044b Roll-up \u0434\u043b\u044f \u0431\u0438\u0437\u043d\u0435\u0441\u0430. \u041f\u0440\u043e\u0447\u043d\u0430\u044f \u043a\u043e\u043d\u0441\u0442\u0440\u0443\u043a\u0446\u0438\u044f \u0438 \u043a\u0430\u0447\u0435\u0441\u0442\u0432\u0435\u043d\u043d\u0430\u044f \u043f\u0435\u0447\u0430\u0442\u044c. \u0414\u043e\u0441\u0442\u0430\u0432\u043a\u0430 \u043f\u043e \u041a\u0438\u0448\u0438\u043d\u0451\u0432\u0443 \u0438 \u0432\u0441\u0435\u0439 \u041c\u043e\u043b\u0434\u043e\u0432\u0435.","robots":{"index":"index","follow":"follow","max-snippet":"max-snippet:-1","max-image-preview":"max-image-preview:large","max-video-preview":"max-video-preview:-1"},"canonical":"https:\/\/fotoprint.md\/ro\/produs\/roll-up-pro\/","og_locale":"ro_RO","og_type":"article","og_title":"\u0420\u0435\u043a\u043b\u0430\u043c\u043d\u044b\u0439 \u0441\u0442\u0435\u043d\u0434 Roll-up \u0432 \u041a\u0438\u0448\u0438\u043d\u0435\u0432\u0435 | Fotoprint.md","og_description":"\u0423\u0434\u043e\u0431\u043d\u044b\u0435 \u0440\u0435\u043a\u043b\u0430\u043c\u043d\u044b\u0435 \u0441\u0442\u0435\u043d\u0434\u044b Roll-up \u0434\u043b\u044f \u0431\u0438\u0437\u043d\u0435\u0441\u0430. \u041f\u0440\u043e\u0447\u043d\u0430\u044f \u043a\u043e\u043d\u0441\u0442\u0440\u0443\u043a\u0446\u0438\u044f \u0438 \u043a\u0430\u0447\u0435\u0441\u0442\u0432\u0435\u043d\u043d\u0430\u044f \u043f\u0435\u0447\u0430\u0442\u044c. \u0414\u043e\u0441\u0442\u0430\u0432\u043a\u0430 \u043f\u043e \u041a\u0438\u0448\u0438\u043d\u0451\u0432\u0443 \u0438 \u0432\u0441\u0435\u0439 \u041c\u043e\u043b\u0434\u043e\u0432\u0435.","og_url":"https:\/\/fotoprint.md\/ro\/produs\/roll-up-pro\/","og_site_name":"Fotoprint.md","article_publisher":"https:\/\/www.facebook.com\/fprint.md\/","article_modified_time":"2025-11-30T15:27:01+00:00","og_image":[{"width":2000,"height":2000,"url":"https:\/\/fotoprint.md\/wp-content\/uploads\/2025\/10\/roll-up-pro-85x200-1z.webp","type":"image\/webp"}],"twitter_card":"summary_large_image","twitter_misc":{"Timp estimat pentru citire":"1 minut"},"schema":{"@context":"https:\/\/schema.org","@graph":[{"@type":"WebPage","@id":"https:\/\/fotoprint.md\/ro\/produs\/roll-up-pro\/","url":"https:\/\/fotoprint.md\/ro\/produs\/roll-up-pro\/","name":"\u0420\u0435\u043a\u043b\u0430\u043c\u043d\u044b\u0439 \u0441\u0442\u0435\u043d\u0434 Roll-up \u0432 \u041a\u0438\u0448\u0438\u043d\u0435\u0432\u0435 | Fotoprint.md","isPartOf":{"@id":"https:\/\/fotoprint.md\/#website"},"primaryImageOfPage":{"@id":"https:\/\/fotoprint.md\/ro\/produs\/roll-up-pro\/#primaryimage"},"image":{"@id":"https:\/\/fotoprint.md\/ro\/produs\/roll-up-pro\/#primaryimage"},"thumbnailUrl":"https:\/\/fotoprint.md\/wp-content\/uploads\/2025\/10\/roll-up-pro-85x200-1z.webp","datePublished":"2025-10-06T13:23:15+00:00","dateModified":"2025-11-30T15:27:01+00:00","description":"\u0423\u0434\u043e\u0431\u043d\u044b\u0435 \u0440\u0435\u043a\u043b\u0430\u043c\u043d\u044b\u0435 \u0441\u0442\u0435\u043d\u0434\u044b Roll-up \u0434\u043b\u044f \u0431\u0438\u0437\u043d\u0435\u0441\u0430. \u041f\u0440\u043e\u0447\u043d\u0430\u044f \u043a\u043e\u043d\u0441\u0442\u0440\u0443\u043a\u0446\u0438\u044f \u0438 \u043a\u0430\u0447\u0435\u0441\u0442\u0432\u0435\u043d\u043d\u0430\u044f \u043f\u0435\u0447\u0430\u0442\u044c. \u0414\u043e\u0441\u0442\u0430\u0432\u043a\u0430 \u043f\u043e \u041a\u0438\u0448\u0438\u043d\u0451\u0432\u0443 \u0438 \u0432\u0441\u0435\u0439 \u041c\u043e\u043b\u0434\u043e\u0432\u0435.","breadcrumb":{"@id":"https:\/\/fotoprint.md\/ro\/produs\/roll-up-pro\/#breadcrumb"},"inLanguage":"ro-RO","potentialAction":[{"@type":"ReadAction","target":["https:\/\/fotoprint.md\/ro\/produs\/roll-up-pro\/"]}]},{"@type":"ImageObject","inLanguage":"ro-RO","@id":"https:\/\/fotoprint.md\/ro\/produs\/roll-up-pro\/#primaryimage","url":"https:\/\/fotoprint.md\/wp-content\/uploads\/2025\/10\/roll-up-pro-85x200-1z.webp","contentUrl":"https:\/\/fotoprint.md\/wp-content\/uploads\/2025\/10\/roll-up-pro-85x200-1z.webp","width":2000,"height":2000,"caption":"\u0440\u0435\u043a\u043b\u0430\u043c\u043d\u044b\u0439 \u0441\u0442\u0435\u043d\u0434 \u043e\u0431\u0437\u043e\u0440"},{"@type":"BreadcrumbList","@id":"https:\/\/fotoprint.md\/ro\/produs\/roll-up-pro\/#breadcrumb","itemListElement":[{"@type":"ListItem","position":1,"name":"\u0413\u043b\u0430\u0432\u043d\u0430\u044f \u0441\u0442\u0440\u0430\u043d\u0438\u0446\u0430","item":"https:\/\/fotoprint.md\/ro\/"},{"@type":"ListItem","position":2,"name":"Shop","item":"https:\/\/fotoprint.md\/ro\/shop\/"},{"@type":"ListItem","position":3,"name":"\u0420\u0435\u043a\u043b\u0430\u043c\u043d\u044b\u0439 \u0441\u0442\u0435\u043d\u0434 + \u043f\u0435\u0447\u0430\u0442\u044c (roll-up PRO)"}]},{"@type":"WebSite","@id":"https:\/\/fotoprint.md\/#website","url":"https:\/\/fotoprint.md\/","name":"Fotoprint.md","description":"Laborator FOTO Chi\u0219in\u0103u","publisher":{"@id":"https:\/\/fotoprint.md\/#organization"},"potentialAction":[{"@type":"SearchAction","target":{"@type":"EntryPoint","urlTemplate":"https:\/\/fotoprint.md\/?s={search_term_string}"},"query-input":{"@type":"PropertyValueSpecification","valueRequired":true,"valueName":"search_term_string"}}],"inLanguage":"ro-RO"},{"@type":"Organization","@id":"https:\/\/fotoprint.md\/#organization","name":"Fotoprint.md","url":"https:\/\/fotoprint.md\/","logo":{"@type":"ImageObject","inLanguage":"ro-RO","@id":"https:\/\/fotoprint.md\/#\/schema\/logo\/image\/","url":"https:\/\/fotoprint.md\/wp-content\/uploads\/2020\/11\/new_logo_light.png","contentUrl":"https:\/\/fotoprint.md\/wp-content\/uploads\/2020\/11\/new_logo_light.png","width":305,"height":43,"caption":"Fotoprint.md"},"image":{"@id":"https:\/\/fotoprint.md\/#\/schema\/logo\/image\/"},"sameAs":["https:\/\/www.facebook.com\/fprint.md\/"]}]}},"tiered_pricing_type":"fixed","tiered_pricing_fixed_rules":[],"tiered_pricing_product_settings":{"layout":"default","base_unit_name":{"singular":null,"plural":null},"default_variation":null},"tiered_pricing_minimum_quantity":null,"tiered_pricing_roles_data":[],"tiered_pricing_percentage_rules":[],"_links":{"self":[{"href":"https:\/\/fotoprint.md\/ro\/wp-json\/wp\/v2\/product\/3268","targetHints":{"allow":["GET"]}}],"collection":[{"href":"https:\/\/fotoprint.md\/ro\/wp-json\/wp\/v2\/product"}],"about":[{"href":"https:\/\/fotoprint.md\/ro\/wp-json\/wp\/v2\/types\/product"}],"wp:featuredmedia":[{"embeddable":true,"href":"https:\/\/fotoprint.md\/ro\/wp-json\/wp\/v2\/media\/3836"}],"wp:attachment":[{"href":"https:\/\/fotoprint.md\/ro\/wp-json\/wp\/v2\/media?parent=3268"}],"wp:term":[{"taxonomy":"product_brand","embeddable":true,"href":"https:\/\/fotoprint.md\/ro\/wp-json\/wp\/v2\/product_brand?post=3268"},{"taxonomy":"product_cat","embeddable":true,"href":"https:\/\/fotoprint.md\/ro\/wp-json\/wp\/v2\/product_cat?post=3268"},{"taxonomy":"product_tag","embeddable":true,"href":"https:\/\/fotoprint.md\/ro\/wp-json\/wp\/v2\/product_tag?post=3268"}],"curies":[{"name":"wp","href":"https:\/\/api.w.org\/{rel}","templated":true}]}}