{"id":3011,"date":"2025-05-05T19:28:41","date_gmt":"2025-05-05T17:28:41","guid":{"rendered":"https:\/\/fotoprint.md\/?post_type=product&#038;p=3011"},"modified":"2025-07-16T18:00:31","modified_gmt":"2025-07-16T16:00:31","slug":"sticker_pvc","status":"publish","type":"product","link":"https:\/\/fotoprint.md\/ro\/produs\/sticker_pvc\/","title":{"rendered":"Autocolante - pelicul\u0103 PVC Oracal"},"content":{"rendered":"<p>\u27a4 Pur \u0219i simplu \u00eenc\u0103rca\u021bi imaginea, specifica\u021bi dimensiunile dorite \u0219i plasa\u021bi comanda \u00een c\u00e2teva minute.<br \/>\n\ud83d\ude9a Livrare \u00een Chi\u0219in\u0103u \u0219i \u00een toat\u0103 Moldova.<\/p>","protected":false},"excerpt":{"rendered":"<p><strong>Autocolante rezistente \u0219i impermeabile de orice dimensiune \u0219i form\u0103 \u2013 ideale pentru exterior, vitrine, transport \u0219i marcaje. Pre\u021bul este indicat pentru 1 m\u00b2 \u2013 autocolantele sunt plasate pe un rulou de 1 m l\u0103\u021bime \u00een limita suprafe\u021bei alese. V\u0103 rug\u0103m s\u0103 indica\u021bi dimensiunea dorit\u0103 a autocolantului \u00een comentariile comenzii.<\/strong><\/p>\n<p>Imprim\u0103m pe pelicul\u0103 PVC autocolant\u0103 Oracal folosind cerneal\u0103 eco-solvent \u2014 autocolantele sunt rezistente la ap\u0103 \u0219i soare.<br \/>\nFormat personalizat, de la 1 m\u00b2, dimensiunea minim\u0103 a autocolantului \u2014 10 cm.<\/p>","protected":false},"featured_media":3013,"template":"","meta":[],"product_brand":[],"product_cat":[157,161],"product_tag":[],"class_list":{"0":"post-3011","1":"product","2":"type-product","3":"status-publish","4":"has-post-thumbnail","6":"product_cat-poligrafie","7":"product_cat-publicitate","9":"first","10":"instock","11":"sale","12":"shipping-taxable","13":"purchasable","14":"product-type-simple"},"yoast_head":"<!-- This site is optimized with the Yoast SEO plugin v26.7 - https:\/\/yoast.com\/wordpress\/plugins\/seo\/ -->\n<title>\u0421\u0442\u0438\u043a\u0435\u0440\u044b (\u043d\u0430\u043a\u043b\u0435\u0439\u043a\u0438) \u041f\u0412\u0425 \u043f\u043b\u0451\u043d\u043a\u0430-Oracal - Fotoprint.md<\/title>\n<meta name=\"description\" content=\"\u0417\u0430\u043a\u0430\u0436\u0438\u0442\u0435 \u043f\u0435\u0447\u0430\u0442\u044c \u0432\u043b\u0430\u0433\u043e\u0441\u0442\u043e\u0439\u043a\u0438\u0445 \u041f\u0412\u0425 \u043d\u0430\u043a\u043b\u0435\u0435\u043a Oracal \u043b\u044e\u0431\u043e\u0439 \u0444\u043e\u0440\u043c\u044b \u0438 \u0440\u0430\u0437\u043c\u0435\u0440\u0430. \u0423\u0441\u0442\u043e\u0439\u0447\u0438\u0432\u044b \u043a \u0432\u043e\u0434\u0435 \u0438 \u0441\u043e\u043b\u043d\u0446\u0443. \u041f\u0435\u0447\u0430\u0442\u044c \u043e\u0442 1 \u043c\u00b2. \u0411\u044b\u0441\u0442\u0440\u0430\u044f \u0434\u043e\u0441\u0442\u0430\u0432\u043a\u0430 \u043f\u043e \u041c\u043e\u043b\u0434\u043e\u0432\u0435.\" \/>\n<meta name=\"robots\" content=\"index, follow, max-snippet:-1, max-image-preview:large, max-video-preview:-1\" \/>\n<link rel=\"canonical\" href=\"https:\/\/fotoprint.md\/ro\/produs\/sticker_pvc\/\" \/>\n<meta property=\"og:locale\" content=\"ro_RO\" \/>\n<meta property=\"og:type\" content=\"article\" \/>\n<meta property=\"og:title\" content=\"\u0421\u0442\u0438\u043a\u0435\u0440\u044b (\u043d\u0430\u043a\u043b\u0435\u0439\u043a\u0438) \u041f\u0412\u0425 \u043f\u043b\u0451\u043d\u043a\u0430-Oracal - Fotoprint.md\" \/>\n<meta property=\"og:description\" content=\"\u0417\u0430\u043a\u0430\u0436\u0438\u0442\u0435 \u043f\u0435\u0447\u0430\u0442\u044c \u0432\u043b\u0430\u0433\u043e\u0441\u0442\u043e\u0439\u043a\u0438\u0445 \u041f\u0412\u0425 \u043d\u0430\u043a\u043b\u0435\u0435\u043a Oracal \u043b\u044e\u0431\u043e\u0439 \u0444\u043e\u0440\u043c\u044b \u0438 \u0440\u0430\u0437\u043c\u0435\u0440\u0430. \u0423\u0441\u0442\u043e\u0439\u0447\u0438\u0432\u044b \u043a \u0432\u043e\u0434\u0435 \u0438 \u0441\u043e\u043b\u043d\u0446\u0443. \u041f\u0435\u0447\u0430\u0442\u044c \u043e\u0442 1 \u043c\u00b2. \u0411\u044b\u0441\u0442\u0440\u0430\u044f \u0434\u043e\u0441\u0442\u0430\u0432\u043a\u0430 \u043f\u043e \u041c\u043e\u043b\u0434\u043e\u0432\u0435.\" \/>\n<meta property=\"og:url\" content=\"https:\/\/fotoprint.md\/ro\/produs\/sticker_pvc\/\" \/>\n<meta property=\"og:site_name\" content=\"Fotoprint.md\" \/>\n<meta property=\"article:publisher\" content=\"https:\/\/www.facebook.com\/fprint.md\/\" \/>\n<meta property=\"article:modified_time\" content=\"2025-07-16T16:00:31+00:00\" \/>\n<meta property=\"og:image\" content=\"https:\/\/fotoprint.md\/wp-content\/uploads\/2025\/05\/sticker_auto.webp\" \/>\n\t<meta property=\"og:image:width\" content=\"2000\" \/>\n\t<meta property=\"og:image:height\" content=\"2000\" \/>\n\t<meta property=\"og:image:type\" content=\"image\/webp\" \/>\n<meta name=\"twitter:card\" content=\"summary_large_image\" \/>\n<meta name=\"twitter:label1\" content=\"Timp estimat pentru citire\" \/>\n\t<meta name=\"twitter:data1\" content=\"1 minut\" \/>\n<script type=\"application\/ld+json\" class=\"yoast-schema-graph\">{\"@context\":\"https:\/\/schema.org\",\"@graph\":[{\"@type\":\"WebPage\",\"@id\":\"https:\/\/fotoprint.md\/ro\/produs\/sticker_pvc\/\",\"url\":\"https:\/\/fotoprint.md\/ro\/produs\/sticker_pvc\/\",\"name\":\"\u0421\u0442\u0438\u043a\u0435\u0440\u044b (\u043d\u0430\u043a\u043b\u0435\u0439\u043a\u0438) \u041f\u0412\u0425 \u043f\u043b\u0451\u043d\u043a\u0430-Oracal - Fotoprint.md\",\"isPartOf\":{\"@id\":\"https:\/\/fotoprint.md\/#website\"},\"primaryImageOfPage\":{\"@id\":\"https:\/\/fotoprint.md\/ro\/produs\/sticker_pvc\/#primaryimage\"},\"image\":{\"@id\":\"https:\/\/fotoprint.md\/ro\/produs\/sticker_pvc\/#primaryimage\"},\"thumbnailUrl\":\"https:\/\/fotoprint.md\/wp-content\/uploads\/2025\/05\/sticker_auto.webp\",\"datePublished\":\"2025-05-05T17:28:41+00:00\",\"dateModified\":\"2025-07-16T16:00:31+00:00\",\"description\":\"\u0417\u0430\u043a\u0430\u0436\u0438\u0442\u0435 \u043f\u0435\u0447\u0430\u0442\u044c \u0432\u043b\u0430\u0433\u043e\u0441\u0442\u043e\u0439\u043a\u0438\u0445 \u041f\u0412\u0425 \u043d\u0430\u043a\u043b\u0435\u0435\u043a Oracal \u043b\u044e\u0431\u043e\u0439 \u0444\u043e\u0440\u043c\u044b \u0438 \u0440\u0430\u0437\u043c\u0435\u0440\u0430. \u0423\u0441\u0442\u043e\u0439\u0447\u0438\u0432\u044b \u043a \u0432\u043e\u0434\u0435 \u0438 \u0441\u043e\u043b\u043d\u0446\u0443. \u041f\u0435\u0447\u0430\u0442\u044c \u043e\u0442 1 \u043c\u00b2. \u0411\u044b\u0441\u0442\u0440\u0430\u044f \u0434\u043e\u0441\u0442\u0430\u0432\u043a\u0430 \u043f\u043e \u041c\u043e\u043b\u0434\u043e\u0432\u0435.\",\"breadcrumb\":{\"@id\":\"https:\/\/fotoprint.md\/ro\/produs\/sticker_pvc\/#breadcrumb\"},\"inLanguage\":\"ro-RO\",\"potentialAction\":[{\"@type\":\"ReadAction\",\"target\":[\"https:\/\/fotoprint.md\/ro\/produs\/sticker_pvc\/\"]}]},{\"@type\":\"ImageObject\",\"inLanguage\":\"ro-RO\",\"@id\":\"https:\/\/fotoprint.md\/ro\/produs\/sticker_pvc\/#primaryimage\",\"url\":\"https:\/\/fotoprint.md\/wp-content\/uploads\/2025\/05\/sticker_auto.webp\",\"contentUrl\":\"https:\/\/fotoprint.md\/wp-content\/uploads\/2025\/05\/sticker_auto.webp\",\"width\":2000,\"height\":2000,\"caption\":\"Autocolante pe masina\"},{\"@type\":\"BreadcrumbList\",\"@id\":\"https:\/\/fotoprint.md\/ro\/produs\/sticker_pvc\/#breadcrumb\",\"itemListElement\":[{\"@type\":\"ListItem\",\"position\":1,\"name\":\"\u0413\u043b\u0430\u0432\u043d\u0430\u044f \u0441\u0442\u0440\u0430\u043d\u0438\u0446\u0430\",\"item\":\"https:\/\/fotoprint.md\/ro\/\"},{\"@type\":\"ListItem\",\"position\":2,\"name\":\"Shop\",\"item\":\"https:\/\/fotoprint.md\/ro\/shop\/\"},{\"@type\":\"ListItem\",\"position\":3,\"name\":\"\u0421\u0442\u0438\u043a\u0435\u0440\u044b (\u043d\u0430\u043a\u043b\u0435\u0439\u043a\u0438) \u041f\u0412\u0425 \u043f\u043b\u0451\u043d\u043a\u0430-Oracal\"}]},{\"@type\":\"WebSite\",\"@id\":\"https:\/\/fotoprint.md\/#website\",\"url\":\"https:\/\/fotoprint.md\/\",\"name\":\"Fotoprint.md\",\"description\":\"\u0424\u043e\u0442\u043e\u043b\u0430\u0431\u043e\u0440\u0430\u0442\u043e\u0440\u0438\u044f \u041a\u0438\u0448\u0438\u043d\u0435\u0432\",\"publisher\":{\"@id\":\"https:\/\/fotoprint.md\/#organization\"},\"potentialAction\":[{\"@type\":\"SearchAction\",\"target\":{\"@type\":\"EntryPoint\",\"urlTemplate\":\"https:\/\/fotoprint.md\/?s={search_term_string}\"},\"query-input\":{\"@type\":\"PropertyValueSpecification\",\"valueRequired\":true,\"valueName\":\"search_term_string\"}}],\"inLanguage\":\"ro-RO\"},{\"@type\":\"Organization\",\"@id\":\"https:\/\/fotoprint.md\/#organization\",\"name\":\"Fotoprint.md\",\"url\":\"https:\/\/fotoprint.md\/\",\"logo\":{\"@type\":\"ImageObject\",\"inLanguage\":\"ro-RO\",\"@id\":\"https:\/\/fotoprint.md\/#\/schema\/logo\/image\/\",\"url\":\"https:\/\/fotoprint.md\/wp-content\/uploads\/2020\/11\/new_logo_light.png\",\"contentUrl\":\"https:\/\/fotoprint.md\/wp-content\/uploads\/2020\/11\/new_logo_light.png\",\"width\":305,\"height\":43,\"caption\":\"Fotoprint.md\"},\"image\":{\"@id\":\"https:\/\/fotoprint.md\/#\/schema\/logo\/image\/\"},\"sameAs\":[\"https:\/\/www.facebook.com\/fprint.md\/\"]}]}<\/script>\n<!-- \/ Yoast SEO plugin. -->","yoast_head_json":{"title":"\u0421\u0442\u0438\u043a\u0435\u0440\u044b (\u043d\u0430\u043a\u043b\u0435\u0439\u043a\u0438) \u041f\u0412\u0425 \u043f\u043b\u0451\u043d\u043a\u0430-Oracal - Fotoprint.md","description":"\u0417\u0430\u043a\u0430\u0436\u0438\u0442\u0435 \u043f\u0435\u0447\u0430\u0442\u044c \u0432\u043b\u0430\u0433\u043e\u0441\u0442\u043e\u0439\u043a\u0438\u0445 \u041f\u0412\u0425 \u043d\u0430\u043a\u043b\u0435\u0435\u043a Oracal \u043b\u044e\u0431\u043e\u0439 \u0444\u043e\u0440\u043c\u044b \u0438 \u0440\u0430\u0437\u043c\u0435\u0440\u0430. \u0423\u0441\u0442\u043e\u0439\u0447\u0438\u0432\u044b \u043a \u0432\u043e\u0434\u0435 \u0438 \u0441\u043e\u043b\u043d\u0446\u0443. \u041f\u0435\u0447\u0430\u0442\u044c \u043e\u0442 1 \u043c\u00b2. \u0411\u044b\u0441\u0442\u0440\u0430\u044f \u0434\u043e\u0441\u0442\u0430\u0432\u043a\u0430 \u043f\u043e \u041c\u043e\u043b\u0434\u043e\u0432\u0435.","robots":{"index":"index","follow":"follow","max-snippet":"max-snippet:-1","max-image-preview":"max-image-preview:large","max-video-preview":"max-video-preview:-1"},"canonical":"https:\/\/fotoprint.md\/ro\/produs\/sticker_pvc\/","og_locale":"ro_RO","og_type":"article","og_title":"\u0421\u0442\u0438\u043a\u0435\u0440\u044b (\u043d\u0430\u043a\u043b\u0435\u0439\u043a\u0438) \u041f\u0412\u0425 \u043f\u043b\u0451\u043d\u043a\u0430-Oracal - Fotoprint.md","og_description":"\u0417\u0430\u043a\u0430\u0436\u0438\u0442\u0435 \u043f\u0435\u0447\u0430\u0442\u044c \u0432\u043b\u0430\u0433\u043e\u0441\u0442\u043e\u0439\u043a\u0438\u0445 \u041f\u0412\u0425 \u043d\u0430\u043a\u043b\u0435\u0435\u043a Oracal \u043b\u044e\u0431\u043e\u0439 \u0444\u043e\u0440\u043c\u044b \u0438 \u0440\u0430\u0437\u043c\u0435\u0440\u0430. \u0423\u0441\u0442\u043e\u0439\u0447\u0438\u0432\u044b \u043a \u0432\u043e\u0434\u0435 \u0438 \u0441\u043e\u043b\u043d\u0446\u0443. \u041f\u0435\u0447\u0430\u0442\u044c \u043e\u0442 1 \u043c\u00b2. \u0411\u044b\u0441\u0442\u0440\u0430\u044f \u0434\u043e\u0441\u0442\u0430\u0432\u043a\u0430 \u043f\u043e \u041c\u043e\u043b\u0434\u043e\u0432\u0435.","og_url":"https:\/\/fotoprint.md\/ro\/produs\/sticker_pvc\/","og_site_name":"Fotoprint.md","article_publisher":"https:\/\/www.facebook.com\/fprint.md\/","article_modified_time":"2025-07-16T16:00:31+00:00","og_image":[{"width":2000,"height":2000,"url":"https:\/\/fotoprint.md\/wp-content\/uploads\/2025\/05\/sticker_auto.webp","type":"image\/webp"}],"twitter_card":"summary_large_image","twitter_misc":{"Timp estimat pentru citire":"1 minut"},"schema":{"@context":"https:\/\/schema.org","@graph":[{"@type":"WebPage","@id":"https:\/\/fotoprint.md\/ro\/produs\/sticker_pvc\/","url":"https:\/\/fotoprint.md\/ro\/produs\/sticker_pvc\/","name":"\u0421\u0442\u0438\u043a\u0435\u0440\u044b (\u043d\u0430\u043a\u043b\u0435\u0439\u043a\u0438) \u041f\u0412\u0425 \u043f\u043b\u0451\u043d\u043a\u0430-Oracal - Fotoprint.md","isPartOf":{"@id":"https:\/\/fotoprint.md\/#website"},"primaryImageOfPage":{"@id":"https:\/\/fotoprint.md\/ro\/produs\/sticker_pvc\/#primaryimage"},"image":{"@id":"https:\/\/fotoprint.md\/ro\/produs\/sticker_pvc\/#primaryimage"},"thumbnailUrl":"https:\/\/fotoprint.md\/wp-content\/uploads\/2025\/05\/sticker_auto.webp","datePublished":"2025-05-05T17:28:41+00:00","dateModified":"2025-07-16T16:00:31+00:00","description":"\u0417\u0430\u043a\u0430\u0436\u0438\u0442\u0435 \u043f\u0435\u0447\u0430\u0442\u044c \u0432\u043b\u0430\u0433\u043e\u0441\u0442\u043e\u0439\u043a\u0438\u0445 \u041f\u0412\u0425 \u043d\u0430\u043a\u043b\u0435\u0435\u043a Oracal \u043b\u044e\u0431\u043e\u0439 \u0444\u043e\u0440\u043c\u044b \u0438 \u0440\u0430\u0437\u043c\u0435\u0440\u0430. \u0423\u0441\u0442\u043e\u0439\u0447\u0438\u0432\u044b \u043a \u0432\u043e\u0434\u0435 \u0438 \u0441\u043e\u043b\u043d\u0446\u0443. \u041f\u0435\u0447\u0430\u0442\u044c \u043e\u0442 1 \u043c\u00b2. \u0411\u044b\u0441\u0442\u0440\u0430\u044f \u0434\u043e\u0441\u0442\u0430\u0432\u043a\u0430 \u043f\u043e \u041c\u043e\u043b\u0434\u043e\u0432\u0435.","breadcrumb":{"@id":"https:\/\/fotoprint.md\/ro\/produs\/sticker_pvc\/#breadcrumb"},"inLanguage":"ro-RO","potentialAction":[{"@type":"ReadAction","target":["https:\/\/fotoprint.md\/ro\/produs\/sticker_pvc\/"]}]},{"@type":"ImageObject","inLanguage":"ro-RO","@id":"https:\/\/fotoprint.md\/ro\/produs\/sticker_pvc\/#primaryimage","url":"https:\/\/fotoprint.md\/wp-content\/uploads\/2025\/05\/sticker_auto.webp","contentUrl":"https:\/\/fotoprint.md\/wp-content\/uploads\/2025\/05\/sticker_auto.webp","width":2000,"height":2000,"caption":"Autocolante pe masina"},{"@type":"BreadcrumbList","@id":"https:\/\/fotoprint.md\/ro\/produs\/sticker_pvc\/#breadcrumb","itemListElement":[{"@type":"ListItem","position":1,"name":"\u0413\u043b\u0430\u0432\u043d\u0430\u044f \u0441\u0442\u0440\u0430\u043d\u0438\u0446\u0430","item":"https:\/\/fotoprint.md\/ro\/"},{"@type":"ListItem","position":2,"name":"Shop","item":"https:\/\/fotoprint.md\/ro\/shop\/"},{"@type":"ListItem","position":3,"name":"\u0421\u0442\u0438\u043a\u0435\u0440\u044b (\u043d\u0430\u043a\u043b\u0435\u0439\u043a\u0438) \u041f\u0412\u0425 \u043f\u043b\u0451\u043d\u043a\u0430-Oracal"}]},{"@type":"WebSite","@id":"https:\/\/fotoprint.md\/#website","url":"https:\/\/fotoprint.md\/","name":"Fotoprint.md","description":"Laborator FOTO Chi\u0219in\u0103u","publisher":{"@id":"https:\/\/fotoprint.md\/#organization"},"potentialAction":[{"@type":"SearchAction","target":{"@type":"EntryPoint","urlTemplate":"https:\/\/fotoprint.md\/?s={search_term_string}"},"query-input":{"@type":"PropertyValueSpecification","valueRequired":true,"valueName":"search_term_string"}}],"inLanguage":"ro-RO"},{"@type":"Organization","@id":"https:\/\/fotoprint.md\/#organization","name":"Fotoprint.md","url":"https:\/\/fotoprint.md\/","logo":{"@type":"ImageObject","inLanguage":"ro-RO","@id":"https:\/\/fotoprint.md\/#\/schema\/logo\/image\/","url":"https:\/\/fotoprint.md\/wp-content\/uploads\/2020\/11\/new_logo_light.png","contentUrl":"https:\/\/fotoprint.md\/wp-content\/uploads\/2020\/11\/new_logo_light.png","width":305,"height":43,"caption":"Fotoprint.md"},"image":{"@id":"https:\/\/fotoprint.md\/#\/schema\/logo\/image\/"},"sameAs":["https:\/\/www.facebook.com\/fprint.md\/"]}]}},"tiered_pricing_type":"fixed","tiered_pricing_fixed_rules":[],"tiered_pricing_product_settings":{"layout":"default","base_unit_name":{"singular":null,"plural":null},"default_variation":null},"tiered_pricing_minimum_quantity":null,"tiered_pricing_roles_data":[],"tiered_pricing_percentage_rules":[],"_links":{"self":[{"href":"https:\/\/fotoprint.md\/ro\/wp-json\/wp\/v2\/product\/3011","targetHints":{"allow":["GET"]}}],"collection":[{"href":"https:\/\/fotoprint.md\/ro\/wp-json\/wp\/v2\/product"}],"about":[{"href":"https:\/\/fotoprint.md\/ro\/wp-json\/wp\/v2\/types\/product"}],"wp:featuredmedia":[{"embeddable":true,"href":"https:\/\/fotoprint.md\/ro\/wp-json\/wp\/v2\/media\/3013"}],"wp:attachment":[{"href":"https:\/\/fotoprint.md\/ro\/wp-json\/wp\/v2\/media?parent=3011"}],"wp:term":[{"taxonomy":"product_brand","embeddable":true,"href":"https:\/\/fotoprint.md\/ro\/wp-json\/wp\/v2\/product_brand?post=3011"},{"taxonomy":"product_cat","embeddable":true,"href":"https:\/\/fotoprint.md\/ro\/wp-json\/wp\/v2\/product_cat?post=3011"},{"taxonomy":"product_tag","embeddable":true,"href":"https:\/\/fotoprint.md\/ro\/wp-json\/wp\/v2\/product_tag?post=3011"}],"curies":[{"name":"wp","href":"https:\/\/api.w.org\/{rel}","templated":true}]}}