{"id":2714,"date":"2025-01-23T17:27:56","date_gmt":"2025-01-23T15:27:56","guid":{"rendered":"https:\/\/fotoprint.md\/?post_type=product&#038;p=2714"},"modified":"2025-08-29T14:45:36","modified_gmt":"2025-08-29T12:45:36","slug":"cana_termos","status":"publish","type":"product","link":"https:\/\/fotoprint.md\/ro\/produs\/cana_termos\/","title":{"rendered":"\u041f\u0435\u0440\u0441\u043e\u043d\u0430\u043b\u044c\u043d\u0430\u044f \u043a\u0440\u0443\u0436\u043a\u0430-\u0442\u0435\u0440\u043c\u043e\u0441"},"content":{"rendered":"<p>Cana-termos personalizat\u0103 nu este doar un accesoriu confortabil \u0219i practic pentru b\u0103uturile calde \u0219i reci, ci \u0219i o modalitate ideal\u0103 de a-\u021bi sublinia individualitatea. Datorit\u0103 op\u021biunii de personalizare, po\u021bi ad\u0103uga numele, logo-ul, o imagine sau o fotografie, f\u0103c\u00e2nd astfel ca aceast\u0103 cana s\u0103 fie cu adev\u0103rat a ta. Aceasta devine un cadou perfect pentru cei dragi, prieteni sau colegi, subliniind aten\u021bia \u0219i grija ta.<\/p>","protected":false},"excerpt":{"rendered":"<p><strong>Specifica\u021bii:<\/strong><\/p>\n<ul>\n<li><strong>Material:<\/strong> O\u021bel inoxidabil de \u00eenalt\u0103 calitate \u0219i plastic f\u0103r\u0103 BPA pentru durabilitate \u0219i siguran\u021b\u0103.<\/li>\n<li><strong>\u041e\u0431\u044a\u0435\u043c:<\/strong> 420 ml<\/li>\n<li><strong>Sistem termic:<\/strong> Perete dublu cu izola\u021bie vidat\u0103 pentru men\u021binerea temperaturii b\u0103uturilor.<\/li>\n<li><strong>Capac:<\/strong> Capac sigilat cu sistem de protec\u021bie \u00eempotriva scurgerilor.<\/li>\n<li><strong>Personalizare:<\/strong> Posibilitatea de a ad\u0103uga nume, logo sau imagine.<\/li>\n<\/ul>","protected":false},"featured_media":2716,"template":"","meta":[],"product_brand":[],"product_cat":[120],"product_tag":[88],"class_list":{"0":"post-2714","1":"product","2":"type-product","3":"status-publish","4":"has-post-thumbnail","6":"product_cat-termos","7":"product_tag-88","9":"first","10":"instock","11":"sale","12":"shipping-taxable","13":"purchasable","14":"product-type-simple"},"yoast_head":"<!-- This site is optimized with the Yoast SEO plugin v26.7 - https:\/\/yoast.com\/wordpress\/plugins\/seo\/ -->\n<title>\u041f\u0435\u0440\u0441\u043e\u043d\u0430\u043b\u044c\u043d\u0430\u044f \u043a\u0440\u0443\u0436\u043a\u0430-\u0442\u0435\u0440\u043c\u043e\u0441 - Fotoprint.md<\/title>\n<meta name=\"description\" content=\"\u041f\u0435\u0440\u0441\u043e\u043d\u0430\u043b\u044c\u043d\u0430\u044f \u043a\u0440\u0443\u0436\u043a\u0430-\u0442\u0435\u0440\u043c\u043e\u0441 \u0441 \u0438\u043d\u0434\u0438\u0432\u0438\u0434\u0443\u0430\u043b\u044c\u043d\u044b\u043c \u0434\u0438\u0437\u0430\u0439\u043d\u043e\u043c. \u041e\u0442\u043b\u0438\u0447\u043d\u044b\u0439 \u043f\u043e\u0434\u0430\u0440\u043e\u043a \u0434\u043b\u044f \u0431\u043b\u0438\u0437\u043a\u0438\u0445 \u0441 \u0432\u043e\u0437\u043c\u043e\u0436\u043d\u043e\u0441\u0442\u044c\u044e \u0434\u043e\u0431\u0430\u0432\u043b\u0435\u043d\u0438\u044f \u0438\u043c\u0435\u043d\u0438, \u043a\u0430\u0440\u0442\u0438\u043d\u043a\u0438 \u0438\u043b\u0438 \u043b\u043e\u0433\u043e\u0442\u0438\u043f\u0430.\" \/>\n<meta name=\"robots\" content=\"index, follow, max-snippet:-1, max-image-preview:large, max-video-preview:-1\" \/>\n<link rel=\"canonical\" href=\"https:\/\/fotoprint.md\/ro\/produs\/cana_termos\/\" \/>\n<meta property=\"og:locale\" content=\"ro_RO\" \/>\n<meta property=\"og:type\" content=\"article\" \/>\n<meta property=\"og:title\" content=\"\u041f\u0435\u0440\u0441\u043e\u043d\u0430\u043b\u044c\u043d\u0430\u044f \u043a\u0440\u0443\u0436\u043a\u0430-\u0442\u0435\u0440\u043c\u043e\u0441 - Fotoprint.md\" \/>\n<meta property=\"og:description\" content=\"\u041f\u0435\u0440\u0441\u043e\u043d\u0430\u043b\u044c\u043d\u0430\u044f \u043a\u0440\u0443\u0436\u043a\u0430-\u0442\u0435\u0440\u043c\u043e\u0441 \u0441 \u0438\u043d\u0434\u0438\u0432\u0438\u0434\u0443\u0430\u043b\u044c\u043d\u044b\u043c \u0434\u0438\u0437\u0430\u0439\u043d\u043e\u043c. \u041e\u0442\u043b\u0438\u0447\u043d\u044b\u0439 \u043f\u043e\u0434\u0430\u0440\u043e\u043a \u0434\u043b\u044f \u0431\u043b\u0438\u0437\u043a\u0438\u0445 \u0441 \u0432\u043e\u0437\u043c\u043e\u0436\u043d\u043e\u0441\u0442\u044c\u044e \u0434\u043e\u0431\u0430\u0432\u043b\u0435\u043d\u0438\u044f \u0438\u043c\u0435\u043d\u0438, \u043a\u0430\u0440\u0442\u0438\u043d\u043a\u0438 \u0438\u043b\u0438 \u043b\u043e\u0433\u043e\u0442\u0438\u043f\u0430.\" \/>\n<meta property=\"og:url\" content=\"https:\/\/fotoprint.md\/ro\/produs\/cana_termos\/\" \/>\n<meta property=\"og:site_name\" content=\"Fotoprint.md\" \/>\n<meta property=\"article:publisher\" content=\"https:\/\/www.facebook.com\/fprint.md\/\" \/>\n<meta property=\"article:modified_time\" content=\"2025-08-29T12:45:36+00:00\" \/>\n<meta property=\"og:image\" content=\"https:\/\/fotoprint.md\/wp-content\/uploads\/2025\/01\/cana-termos-5.webp\" \/>\n\t<meta property=\"og:image:width\" content=\"640\" \/>\n\t<meta property=\"og:image:height\" content=\"640\" \/>\n\t<meta property=\"og:image:type\" content=\"image\/webp\" \/>\n<meta name=\"twitter:card\" content=\"summary_large_image\" \/>\n<meta name=\"twitter:label1\" content=\"Timp estimat pentru citire\" \/>\n\t<meta name=\"twitter:data1\" content=\"1 minut\" \/>\n<script type=\"application\/ld+json\" class=\"yoast-schema-graph\">{\"@context\":\"https:\/\/schema.org\",\"@graph\":[{\"@type\":\"WebPage\",\"@id\":\"https:\/\/fotoprint.md\/ro\/produs\/cana_termos\/\",\"url\":\"https:\/\/fotoprint.md\/ro\/produs\/cana_termos\/\",\"name\":\"\u041f\u0435\u0440\u0441\u043e\u043d\u0430\u043b\u044c\u043d\u0430\u044f \u043a\u0440\u0443\u0436\u043a\u0430-\u0442\u0435\u0440\u043c\u043e\u0441 - Fotoprint.md\",\"isPartOf\":{\"@id\":\"https:\/\/fotoprint.md\/#website\"},\"primaryImageOfPage\":{\"@id\":\"https:\/\/fotoprint.md\/ro\/produs\/cana_termos\/#primaryimage\"},\"image\":{\"@id\":\"https:\/\/fotoprint.md\/ro\/produs\/cana_termos\/#primaryimage\"},\"thumbnailUrl\":\"https:\/\/fotoprint.md\/wp-content\/uploads\/2025\/01\/cana-termos-5.webp\",\"datePublished\":\"2025-01-23T15:27:56+00:00\",\"dateModified\":\"2025-08-29T12:45:36+00:00\",\"description\":\"\u041f\u0435\u0440\u0441\u043e\u043d\u0430\u043b\u044c\u043d\u0430\u044f \u043a\u0440\u0443\u0436\u043a\u0430-\u0442\u0435\u0440\u043c\u043e\u0441 \u0441 \u0438\u043d\u0434\u0438\u0432\u0438\u0434\u0443\u0430\u043b\u044c\u043d\u044b\u043c \u0434\u0438\u0437\u0430\u0439\u043d\u043e\u043c. \u041e\u0442\u043b\u0438\u0447\u043d\u044b\u0439 \u043f\u043e\u0434\u0430\u0440\u043e\u043a \u0434\u043b\u044f \u0431\u043b\u0438\u0437\u043a\u0438\u0445 \u0441 \u0432\u043e\u0437\u043c\u043e\u0436\u043d\u043e\u0441\u0442\u044c\u044e \u0434\u043e\u0431\u0430\u0432\u043b\u0435\u043d\u0438\u044f \u0438\u043c\u0435\u043d\u0438, \u043a\u0430\u0440\u0442\u0438\u043d\u043a\u0438 \u0438\u043b\u0438 \u043b\u043e\u0433\u043e\u0442\u0438\u043f\u0430.\",\"breadcrumb\":{\"@id\":\"https:\/\/fotoprint.md\/ro\/produs\/cana_termos\/#breadcrumb\"},\"inLanguage\":\"ro-RO\",\"potentialAction\":[{\"@type\":\"ReadAction\",\"target\":[\"https:\/\/fotoprint.md\/ro\/produs\/cana_termos\/\"]}]},{\"@type\":\"ImageObject\",\"inLanguage\":\"ro-RO\",\"@id\":\"https:\/\/fotoprint.md\/ro\/produs\/cana_termos\/#primaryimage\",\"url\":\"https:\/\/fotoprint.md\/wp-content\/uploads\/2025\/01\/cana-termos-5.webp\",\"contentUrl\":\"https:\/\/fotoprint.md\/wp-content\/uploads\/2025\/01\/cana-termos-5.webp\",\"width\":640,\"height\":640,\"caption\":\"cana-termos\"},{\"@type\":\"BreadcrumbList\",\"@id\":\"https:\/\/fotoprint.md\/ro\/produs\/cana_termos\/#breadcrumb\",\"itemListElement\":[{\"@type\":\"ListItem\",\"position\":1,\"name\":\"\u0413\u043b\u0430\u0432\u043d\u0430\u044f \u0441\u0442\u0440\u0430\u043d\u0438\u0446\u0430\",\"item\":\"https:\/\/fotoprint.md\/ro\/\"},{\"@type\":\"ListItem\",\"position\":2,\"name\":\"Shop\",\"item\":\"https:\/\/fotoprint.md\/ro\/shop\/\"},{\"@type\":\"ListItem\",\"position\":3,\"name\":\"\u041f\u0435\u0440\u0441\u043e\u043d\u0430\u043b\u044c\u043d\u0430\u044f \u043a\u0440\u0443\u0436\u043a\u0430-\u0442\u0435\u0440\u043c\u043e\u0441\"}]},{\"@type\":\"WebSite\",\"@id\":\"https:\/\/fotoprint.md\/#website\",\"url\":\"https:\/\/fotoprint.md\/\",\"name\":\"Fotoprint.md\",\"description\":\"\u0424\u043e\u0442\u043e\u043b\u0430\u0431\u043e\u0440\u0430\u0442\u043e\u0440\u0438\u044f \u041a\u0438\u0448\u0438\u043d\u0435\u0432\",\"publisher\":{\"@id\":\"https:\/\/fotoprint.md\/#organization\"},\"potentialAction\":[{\"@type\":\"SearchAction\",\"target\":{\"@type\":\"EntryPoint\",\"urlTemplate\":\"https:\/\/fotoprint.md\/?s={search_term_string}\"},\"query-input\":{\"@type\":\"PropertyValueSpecification\",\"valueRequired\":true,\"valueName\":\"search_term_string\"}}],\"inLanguage\":\"ro-RO\"},{\"@type\":\"Organization\",\"@id\":\"https:\/\/fotoprint.md\/#organization\",\"name\":\"Fotoprint.md\",\"url\":\"https:\/\/fotoprint.md\/\",\"logo\":{\"@type\":\"ImageObject\",\"inLanguage\":\"ro-RO\",\"@id\":\"https:\/\/fotoprint.md\/#\/schema\/logo\/image\/\",\"url\":\"https:\/\/fotoprint.md\/wp-content\/uploads\/2020\/11\/new_logo_light.png\",\"contentUrl\":\"https:\/\/fotoprint.md\/wp-content\/uploads\/2020\/11\/new_logo_light.png\",\"width\":305,\"height\":43,\"caption\":\"Fotoprint.md\"},\"image\":{\"@id\":\"https:\/\/fotoprint.md\/#\/schema\/logo\/image\/\"},\"sameAs\":[\"https:\/\/www.facebook.com\/fprint.md\/\"]}]}<\/script>\n<!-- \/ Yoast SEO plugin. -->","yoast_head_json":{"title":"\u041f\u0435\u0440\u0441\u043e\u043d\u0430\u043b\u044c\u043d\u0430\u044f \u043a\u0440\u0443\u0436\u043a\u0430-\u0442\u0435\u0440\u043c\u043e\u0441 - Fotoprint.md","description":"\u041f\u0435\u0440\u0441\u043e\u043d\u0430\u043b\u044c\u043d\u0430\u044f \u043a\u0440\u0443\u0436\u043a\u0430-\u0442\u0435\u0440\u043c\u043e\u0441 \u0441 \u0438\u043d\u0434\u0438\u0432\u0438\u0434\u0443\u0430\u043b\u044c\u043d\u044b\u043c \u0434\u0438\u0437\u0430\u0439\u043d\u043e\u043c. \u041e\u0442\u043b\u0438\u0447\u043d\u044b\u0439 \u043f\u043e\u0434\u0430\u0440\u043e\u043a \u0434\u043b\u044f \u0431\u043b\u0438\u0437\u043a\u0438\u0445 \u0441 \u0432\u043e\u0437\u043c\u043e\u0436\u043d\u043e\u0441\u0442\u044c\u044e \u0434\u043e\u0431\u0430\u0432\u043b\u0435\u043d\u0438\u044f \u0438\u043c\u0435\u043d\u0438, \u043a\u0430\u0440\u0442\u0438\u043d\u043a\u0438 \u0438\u043b\u0438 \u043b\u043e\u0433\u043e\u0442\u0438\u043f\u0430.","robots":{"index":"index","follow":"follow","max-snippet":"max-snippet:-1","max-image-preview":"max-image-preview:large","max-video-preview":"max-video-preview:-1"},"canonical":"https:\/\/fotoprint.md\/ro\/produs\/cana_termos\/","og_locale":"ro_RO","og_type":"article","og_title":"\u041f\u0435\u0440\u0441\u043e\u043d\u0430\u043b\u044c\u043d\u0430\u044f \u043a\u0440\u0443\u0436\u043a\u0430-\u0442\u0435\u0440\u043c\u043e\u0441 - Fotoprint.md","og_description":"\u041f\u0435\u0440\u0441\u043e\u043d\u0430\u043b\u044c\u043d\u0430\u044f \u043a\u0440\u0443\u0436\u043a\u0430-\u0442\u0435\u0440\u043c\u043e\u0441 \u0441 \u0438\u043d\u0434\u0438\u0432\u0438\u0434\u0443\u0430\u043b\u044c\u043d\u044b\u043c \u0434\u0438\u0437\u0430\u0439\u043d\u043e\u043c. \u041e\u0442\u043b\u0438\u0447\u043d\u044b\u0439 \u043f\u043e\u0434\u0430\u0440\u043e\u043a \u0434\u043b\u044f \u0431\u043b\u0438\u0437\u043a\u0438\u0445 \u0441 \u0432\u043e\u0437\u043c\u043e\u0436\u043d\u043e\u0441\u0442\u044c\u044e \u0434\u043e\u0431\u0430\u0432\u043b\u0435\u043d\u0438\u044f \u0438\u043c\u0435\u043d\u0438, \u043a\u0430\u0440\u0442\u0438\u043d\u043a\u0438 \u0438\u043b\u0438 \u043b\u043e\u0433\u043e\u0442\u0438\u043f\u0430.","og_url":"https:\/\/fotoprint.md\/ro\/produs\/cana_termos\/","og_site_name":"Fotoprint.md","article_publisher":"https:\/\/www.facebook.com\/fprint.md\/","article_modified_time":"2025-08-29T12:45:36+00:00","og_image":[{"width":640,"height":640,"url":"https:\/\/fotoprint.md\/wp-content\/uploads\/2025\/01\/cana-termos-5.webp","type":"image\/webp"}],"twitter_card":"summary_large_image","twitter_misc":{"Timp estimat pentru citire":"1 minut"},"schema":{"@context":"https:\/\/schema.org","@graph":[{"@type":"WebPage","@id":"https:\/\/fotoprint.md\/ro\/produs\/cana_termos\/","url":"https:\/\/fotoprint.md\/ro\/produs\/cana_termos\/","name":"\u041f\u0435\u0440\u0441\u043e\u043d\u0430\u043b\u044c\u043d\u0430\u044f \u043a\u0440\u0443\u0436\u043a\u0430-\u0442\u0435\u0440\u043c\u043e\u0441 - Fotoprint.md","isPartOf":{"@id":"https:\/\/fotoprint.md\/#website"},"primaryImageOfPage":{"@id":"https:\/\/fotoprint.md\/ro\/produs\/cana_termos\/#primaryimage"},"image":{"@id":"https:\/\/fotoprint.md\/ro\/produs\/cana_termos\/#primaryimage"},"thumbnailUrl":"https:\/\/fotoprint.md\/wp-content\/uploads\/2025\/01\/cana-termos-5.webp","datePublished":"2025-01-23T15:27:56+00:00","dateModified":"2025-08-29T12:45:36+00:00","description":"\u041f\u0435\u0440\u0441\u043e\u043d\u0430\u043b\u044c\u043d\u0430\u044f \u043a\u0440\u0443\u0436\u043a\u0430-\u0442\u0435\u0440\u043c\u043e\u0441 \u0441 \u0438\u043d\u0434\u0438\u0432\u0438\u0434\u0443\u0430\u043b\u044c\u043d\u044b\u043c \u0434\u0438\u0437\u0430\u0439\u043d\u043e\u043c. \u041e\u0442\u043b\u0438\u0447\u043d\u044b\u0439 \u043f\u043e\u0434\u0430\u0440\u043e\u043a \u0434\u043b\u044f \u0431\u043b\u0438\u0437\u043a\u0438\u0445 \u0441 \u0432\u043e\u0437\u043c\u043e\u0436\u043d\u043e\u0441\u0442\u044c\u044e \u0434\u043e\u0431\u0430\u0432\u043b\u0435\u043d\u0438\u044f \u0438\u043c\u0435\u043d\u0438, \u043a\u0430\u0440\u0442\u0438\u043d\u043a\u0438 \u0438\u043b\u0438 \u043b\u043e\u0433\u043e\u0442\u0438\u043f\u0430.","breadcrumb":{"@id":"https:\/\/fotoprint.md\/ro\/produs\/cana_termos\/#breadcrumb"},"inLanguage":"ro-RO","potentialAction":[{"@type":"ReadAction","target":["https:\/\/fotoprint.md\/ro\/produs\/cana_termos\/"]}]},{"@type":"ImageObject","inLanguage":"ro-RO","@id":"https:\/\/fotoprint.md\/ro\/produs\/cana_termos\/#primaryimage","url":"https:\/\/fotoprint.md\/wp-content\/uploads\/2025\/01\/cana-termos-5.webp","contentUrl":"https:\/\/fotoprint.md\/wp-content\/uploads\/2025\/01\/cana-termos-5.webp","width":640,"height":640,"caption":"cana-termos"},{"@type":"BreadcrumbList","@id":"https:\/\/fotoprint.md\/ro\/produs\/cana_termos\/#breadcrumb","itemListElement":[{"@type":"ListItem","position":1,"name":"\u0413\u043b\u0430\u0432\u043d\u0430\u044f \u0441\u0442\u0440\u0430\u043d\u0438\u0446\u0430","item":"https:\/\/fotoprint.md\/ro\/"},{"@type":"ListItem","position":2,"name":"Shop","item":"https:\/\/fotoprint.md\/ro\/shop\/"},{"@type":"ListItem","position":3,"name":"\u041f\u0435\u0440\u0441\u043e\u043d\u0430\u043b\u044c\u043d\u0430\u044f \u043a\u0440\u0443\u0436\u043a\u0430-\u0442\u0435\u0440\u043c\u043e\u0441"}]},{"@type":"WebSite","@id":"https:\/\/fotoprint.md\/#website","url":"https:\/\/fotoprint.md\/","name":"Fotoprint.md","description":"Laborator FOTO Chi\u0219in\u0103u","publisher":{"@id":"https:\/\/fotoprint.md\/#organization"},"potentialAction":[{"@type":"SearchAction","target":{"@type":"EntryPoint","urlTemplate":"https:\/\/fotoprint.md\/?s={search_term_string}"},"query-input":{"@type":"PropertyValueSpecification","valueRequired":true,"valueName":"search_term_string"}}],"inLanguage":"ro-RO"},{"@type":"Organization","@id":"https:\/\/fotoprint.md\/#organization","name":"Fotoprint.md","url":"https:\/\/fotoprint.md\/","logo":{"@type":"ImageObject","inLanguage":"ro-RO","@id":"https:\/\/fotoprint.md\/#\/schema\/logo\/image\/","url":"https:\/\/fotoprint.md\/wp-content\/uploads\/2020\/11\/new_logo_light.png","contentUrl":"https:\/\/fotoprint.md\/wp-content\/uploads\/2020\/11\/new_logo_light.png","width":305,"height":43,"caption":"Fotoprint.md"},"image":{"@id":"https:\/\/fotoprint.md\/#\/schema\/logo\/image\/"},"sameAs":["https:\/\/www.facebook.com\/fprint.md\/"]}]}},"tiered_pricing_type":"fixed","tiered_pricing_fixed_rules":[],"tiered_pricing_product_settings":{"layout":"default","base_unit_name":{"singular":null,"plural":null},"default_variation":null},"tiered_pricing_minimum_quantity":null,"tiered_pricing_roles_data":[],"tiered_pricing_percentage_rules":[],"_links":{"self":[{"href":"https:\/\/fotoprint.md\/ro\/wp-json\/wp\/v2\/product\/2714","targetHints":{"allow":["GET"]}}],"collection":[{"href":"https:\/\/fotoprint.md\/ro\/wp-json\/wp\/v2\/product"}],"about":[{"href":"https:\/\/fotoprint.md\/ro\/wp-json\/wp\/v2\/types\/product"}],"wp:featuredmedia":[{"embeddable":true,"href":"https:\/\/fotoprint.md\/ro\/wp-json\/wp\/v2\/media\/2716"}],"wp:attachment":[{"href":"https:\/\/fotoprint.md\/ro\/wp-json\/wp\/v2\/media?parent=2714"}],"wp:term":[{"taxonomy":"product_brand","embeddable":true,"href":"https:\/\/fotoprint.md\/ro\/wp-json\/wp\/v2\/product_brand?post=2714"},{"taxonomy":"product_cat","embeddable":true,"href":"https:\/\/fotoprint.md\/ro\/wp-json\/wp\/v2\/product_cat?post=2714"},{"taxonomy":"product_tag","embeddable":true,"href":"https:\/\/fotoprint.md\/ro\/wp-json\/wp\/v2\/product_tag?post=2714"}],"curies":[{"name":"wp","href":"https:\/\/api.w.org\/{rel}","templated":true}]}}