{"id":2374,"date":"2024-12-18T20:34:14","date_gmt":"2024-12-18T18:34:14","guid":{"rendered":"https:\/\/fotoprint.md\/?post_type=product&#038;p=2374"},"modified":"2025-12-03T11:26:25","modified_gmt":"2025-12-03T09:26:25","slug":"reklamnyj-stend-roll-up","status":"publish","type":"product","link":"https:\/\/fotoprint.md\/ro\/produs\/reklamnyj-stend-roll-up\/","title":{"rendered":"Stand publicitar + imprimare (roll-up ECONOM)"},"content":{"rendered":"<p>Roll-up \u2014 este un stand publicitar mobil, ideal pentru prezent\u0103ri, expozi\u021bii \u0219i evenimente. U\u0219or de instalat \u0219i transportat, ofer\u0103 o suprafa\u021b\u0103 vizibil\u0103 \u0219i atractiv\u0103 pentru afi\u0219area materialelor promo\u021bionale, logo-urilor sau informa\u021biilor. Compact, stabil \u0219i elegant, asigur\u0103 o prezentare eficient\u0103 a brandului dvs. oriunde. Livrare \u00een Chi\u0219in\u0103u \u0219i \u00een toat\u0103 Moldova.<\/p>","protected":false},"excerpt":{"rendered":"<p><strong>Roll-up \u2014 banner publicitar mobil (set complet, gata de utilizare). <\/strong><\/p>\n<ul>\n<li><strong>Imprimarea este inclus\u0103 \u00een pre\u021b.<\/strong><\/li>\n<li>Montaj u\u0219or, compacitate, stabilitate.<\/li>\n<li><strong>Marimea<\/strong> 80\u00d7200 \u0441\u043c.<\/li>\n<li><strong>Material:<\/strong> banner greyback<\/li>\n<li><strong data-start=\"601\" data-end=\"617\">Construc\u021bie<\/strong> \u043e\u0431\u043b\u0435\u0433\u0447\u0451\u043d\u043d\u044b\u0439 \u043a\u043e\u0440\u043f\u0443\u0441 (\u044d\u043a\u043e\u043d\u043e\u043c \u043a\u043b\u0430\u0441\u0441)<\/li>\n<li><strong data-start=\"756\" data-end=\"773\">Coplectatie<\/strong> banner + structur\u0103 + hus\u0103<\/li>\n<\/ul>\n<p><strong>Ideal pentru expozi\u021bii, evenimente \u0219i prezent\u0103ri.<\/strong><\/p>","protected":false},"featured_media":3830,"template":"","meta":[],"product_brand":[],"product_cat":[161],"product_tag":[],"class_list":{"0":"post-2374","1":"product","2":"type-product","3":"status-publish","4":"has-post-thumbnail","6":"product_cat-publicitate","8":"first","9":"instock","10":"sale","11":"shipping-taxable","12":"purchasable","13":"product-type-simple"},"yoast_head":"<!-- This site is optimized with the Yoast SEO plugin v26.7 - https:\/\/yoast.com\/wordpress\/plugins\/seo\/ -->\n<title>\u0420\u0435\u043a\u043b\u0430\u043c\u043d\u044b\u0439 \u0441\u0442\u0435\u043d\u0434 Roll-up \u0432 \u041a\u0438\u0448\u0438\u043d\u0435\u0432\u0435 | Fotoprint.md<\/title>\n<meta name=\"description\" content=\"\u0423\u0434\u043e\u0431\u043d\u044b\u0435 \u0440\u0435\u043a\u043b\u0430\u043c\u043d\u044b\u0435 \u0441\u0442\u0435\u043d\u0434\u044b Roll-up \u0434\u043b\u044f \u0431\u0438\u0437\u043d\u0435\u0441\u0430. \u041f\u0440\u043e\u0447\u043d\u0430\u044f \u043a\u043e\u043d\u0441\u0442\u0440\u0443\u043a\u0446\u0438\u044f \u0438 \u043a\u0430\u0447\u0435\u0441\u0442\u0432\u0435\u043d\u043d\u0430\u044f \u043f\u0435\u0447\u0430\u0442\u044c. \u0417\u0430\u043a\u0430\u0436\u0438\u0442\u0435 \u043f\u0440\u044f\u043c\u043e \u0441\u0435\u0439\u0447\u0430\u0441 \u0441 \u0434\u043e\u0441\u0442\u0430\u0432\u043a\u043e\u0439 \u043f\u043e \u0432\u0441\u0435\u0439 \u041c\u043e\u043b\u0434\u043e\u0432\u0435!\" \/>\n<meta name=\"robots\" content=\"index, follow, max-snippet:-1, max-image-preview:large, max-video-preview:-1\" \/>\n<link rel=\"canonical\" href=\"https:\/\/fotoprint.md\/ro\/produs\/reklamnyj-stend-roll-up\/\" \/>\n<meta property=\"og:locale\" content=\"ro_RO\" \/>\n<meta property=\"og:type\" content=\"article\" \/>\n<meta property=\"og:title\" content=\"\u0420\u0435\u043a\u043b\u0430\u043c\u043d\u044b\u0439 \u0441\u0442\u0435\u043d\u0434 Roll-up \u0432 \u041a\u0438\u0448\u0438\u043d\u0435\u0432\u0435 | Fotoprint.md\" \/>\n<meta property=\"og:description\" content=\"\u0423\u0434\u043e\u0431\u043d\u044b\u0435 \u0440\u0435\u043a\u043b\u0430\u043c\u043d\u044b\u0435 \u0441\u0442\u0435\u043d\u0434\u044b Roll-up \u0434\u043b\u044f \u0431\u0438\u0437\u043d\u0435\u0441\u0430. \u041f\u0440\u043e\u0447\u043d\u0430\u044f \u043a\u043e\u043d\u0441\u0442\u0440\u0443\u043a\u0446\u0438\u044f \u0438 \u043a\u0430\u0447\u0435\u0441\u0442\u0432\u0435\u043d\u043d\u0430\u044f \u043f\u0435\u0447\u0430\u0442\u044c. \u0417\u0430\u043a\u0430\u0436\u0438\u0442\u0435 \u043f\u0440\u044f\u043c\u043e \u0441\u0435\u0439\u0447\u0430\u0441 \u0441 \u0434\u043e\u0441\u0442\u0430\u0432\u043a\u043e\u0439 \u043f\u043e \u0432\u0441\u0435\u0439 \u041c\u043e\u043b\u0434\u043e\u0432\u0435!\" \/>\n<meta property=\"og:url\" content=\"https:\/\/fotoprint.md\/ro\/produs\/reklamnyj-stend-roll-up\/\" \/>\n<meta property=\"og:site_name\" content=\"Fotoprint.md\" \/>\n<meta property=\"article:publisher\" content=\"https:\/\/www.facebook.com\/fprint.md\/\" \/>\n<meta property=\"article:modified_time\" content=\"2025-12-03T09:26:25+00:00\" \/>\n<meta property=\"og:image\" content=\"https:\/\/fotoprint.md\/wp-content\/uploads\/2024\/12\/roll-up-econom-80x200-1.webp\" \/>\n\t<meta property=\"og:image:width\" content=\"2000\" \/>\n\t<meta property=\"og:image:height\" content=\"2000\" \/>\n\t<meta property=\"og:image:type\" content=\"image\/webp\" \/>\n<meta name=\"twitter:card\" content=\"summary_large_image\" \/>\n<meta name=\"twitter:label1\" content=\"Timp estimat pentru citire\" \/>\n\t<meta name=\"twitter:data1\" content=\"1 minut\" \/>\n<script type=\"application\/ld+json\" class=\"yoast-schema-graph\">{\"@context\":\"https:\/\/schema.org\",\"@graph\":[{\"@type\":\"WebPage\",\"@id\":\"https:\/\/fotoprint.md\/ro\/produs\/reklamnyj-stend-roll-up\/\",\"url\":\"https:\/\/fotoprint.md\/ro\/produs\/reklamnyj-stend-roll-up\/\",\"name\":\"\u0420\u0435\u043a\u043b\u0430\u043c\u043d\u044b\u0439 \u0441\u0442\u0435\u043d\u0434 Roll-up \u0432 \u041a\u0438\u0448\u0438\u043d\u0435\u0432\u0435 | Fotoprint.md\",\"isPartOf\":{\"@id\":\"https:\/\/fotoprint.md\/#website\"},\"primaryImageOfPage\":{\"@id\":\"https:\/\/fotoprint.md\/ro\/produs\/reklamnyj-stend-roll-up\/#primaryimage\"},\"image\":{\"@id\":\"https:\/\/fotoprint.md\/ro\/produs\/reklamnyj-stend-roll-up\/#primaryimage\"},\"thumbnailUrl\":\"https:\/\/fotoprint.md\/wp-content\/uploads\/2024\/12\/roll-up-econom-80x200-1.webp\",\"datePublished\":\"2024-12-18T18:34:14+00:00\",\"dateModified\":\"2025-12-03T09:26:25+00:00\",\"description\":\"\u0423\u0434\u043e\u0431\u043d\u044b\u0435 \u0440\u0435\u043a\u043b\u0430\u043c\u043d\u044b\u0435 \u0441\u0442\u0435\u043d\u0434\u044b Roll-up \u0434\u043b\u044f \u0431\u0438\u0437\u043d\u0435\u0441\u0430. \u041f\u0440\u043e\u0447\u043d\u0430\u044f \u043a\u043e\u043d\u0441\u0442\u0440\u0443\u043a\u0446\u0438\u044f \u0438 \u043a\u0430\u0447\u0435\u0441\u0442\u0432\u0435\u043d\u043d\u0430\u044f \u043f\u0435\u0447\u0430\u0442\u044c. \u0417\u0430\u043a\u0430\u0436\u0438\u0442\u0435 \u043f\u0440\u044f\u043c\u043e \u0441\u0435\u0439\u0447\u0430\u0441 \u0441 \u0434\u043e\u0441\u0442\u0430\u0432\u043a\u043e\u0439 \u043f\u043e \u0432\u0441\u0435\u0439 \u041c\u043e\u043b\u0434\u043e\u0432\u0435!\",\"breadcrumb\":{\"@id\":\"https:\/\/fotoprint.md\/ro\/produs\/reklamnyj-stend-roll-up\/#breadcrumb\"},\"inLanguage\":\"ro-RO\",\"potentialAction\":[{\"@type\":\"ReadAction\",\"target\":[\"https:\/\/fotoprint.md\/ro\/produs\/reklamnyj-stend-roll-up\/\"]}]},{\"@type\":\"ImageObject\",\"inLanguage\":\"ro-RO\",\"@id\":\"https:\/\/fotoprint.md\/ro\/produs\/reklamnyj-stend-roll-up\/#primaryimage\",\"url\":\"https:\/\/fotoprint.md\/wp-content\/uploads\/2024\/12\/roll-up-econom-80x200-1.webp\",\"contentUrl\":\"https:\/\/fotoprint.md\/wp-content\/uploads\/2024\/12\/roll-up-econom-80x200-1.webp\",\"width\":2000,\"height\":2000,\"caption\":\"stend publicitar\"},{\"@type\":\"BreadcrumbList\",\"@id\":\"https:\/\/fotoprint.md\/ro\/produs\/reklamnyj-stend-roll-up\/#breadcrumb\",\"itemListElement\":[{\"@type\":\"ListItem\",\"position\":1,\"name\":\"\u0413\u043b\u0430\u0432\u043d\u0430\u044f \u0441\u0442\u0440\u0430\u043d\u0438\u0446\u0430\",\"item\":\"https:\/\/fotoprint.md\/ro\/\"},{\"@type\":\"ListItem\",\"position\":2,\"name\":\"Shop\",\"item\":\"https:\/\/fotoprint.md\/ro\/shop\/\"},{\"@type\":\"ListItem\",\"position\":3,\"name\":\"\u0420\u0435\u043a\u043b\u0430\u043c\u043d\u044b\u0439 \u0441\u0442\u0435\u043d\u0434 + \u043f\u0435\u0447\u0430\u0442\u044c (roll-up econom)\"}]},{\"@type\":\"WebSite\",\"@id\":\"https:\/\/fotoprint.md\/#website\",\"url\":\"https:\/\/fotoprint.md\/\",\"name\":\"Fotoprint.md\",\"description\":\"\u0424\u043e\u0442\u043e\u043b\u0430\u0431\u043e\u0440\u0430\u0442\u043e\u0440\u0438\u044f \u041a\u0438\u0448\u0438\u043d\u0435\u0432\",\"publisher\":{\"@id\":\"https:\/\/fotoprint.md\/#organization\"},\"potentialAction\":[{\"@type\":\"SearchAction\",\"target\":{\"@type\":\"EntryPoint\",\"urlTemplate\":\"https:\/\/fotoprint.md\/?s={search_term_string}\"},\"query-input\":{\"@type\":\"PropertyValueSpecification\",\"valueRequired\":true,\"valueName\":\"search_term_string\"}}],\"inLanguage\":\"ro-RO\"},{\"@type\":\"Organization\",\"@id\":\"https:\/\/fotoprint.md\/#organization\",\"name\":\"Fotoprint.md\",\"url\":\"https:\/\/fotoprint.md\/\",\"logo\":{\"@type\":\"ImageObject\",\"inLanguage\":\"ro-RO\",\"@id\":\"https:\/\/fotoprint.md\/#\/schema\/logo\/image\/\",\"url\":\"https:\/\/fotoprint.md\/wp-content\/uploads\/2020\/11\/new_logo_light.png\",\"contentUrl\":\"https:\/\/fotoprint.md\/wp-content\/uploads\/2020\/11\/new_logo_light.png\",\"width\":305,\"height\":43,\"caption\":\"Fotoprint.md\"},\"image\":{\"@id\":\"https:\/\/fotoprint.md\/#\/schema\/logo\/image\/\"},\"sameAs\":[\"https:\/\/www.facebook.com\/fprint.md\/\"]}]}<\/script>\n<!-- \/ Yoast SEO plugin. -->","yoast_head_json":{"title":"\u0420\u0435\u043a\u043b\u0430\u043c\u043d\u044b\u0439 \u0441\u0442\u0435\u043d\u0434 Roll-up \u0432 \u041a\u0438\u0448\u0438\u043d\u0435\u0432\u0435 | Fotoprint.md","description":"\u0423\u0434\u043e\u0431\u043d\u044b\u0435 \u0440\u0435\u043a\u043b\u0430\u043c\u043d\u044b\u0435 \u0441\u0442\u0435\u043d\u0434\u044b Roll-up \u0434\u043b\u044f \u0431\u0438\u0437\u043d\u0435\u0441\u0430. \u041f\u0440\u043e\u0447\u043d\u0430\u044f \u043a\u043e\u043d\u0441\u0442\u0440\u0443\u043a\u0446\u0438\u044f \u0438 \u043a\u0430\u0447\u0435\u0441\u0442\u0432\u0435\u043d\u043d\u0430\u044f \u043f\u0435\u0447\u0430\u0442\u044c. \u0417\u0430\u043a\u0430\u0436\u0438\u0442\u0435 \u043f\u0440\u044f\u043c\u043e \u0441\u0435\u0439\u0447\u0430\u0441 \u0441 \u0434\u043e\u0441\u0442\u0430\u0432\u043a\u043e\u0439 \u043f\u043e \u0432\u0441\u0435\u0439 \u041c\u043e\u043b\u0434\u043e\u0432\u0435!","robots":{"index":"index","follow":"follow","max-snippet":"max-snippet:-1","max-image-preview":"max-image-preview:large","max-video-preview":"max-video-preview:-1"},"canonical":"https:\/\/fotoprint.md\/ro\/produs\/reklamnyj-stend-roll-up\/","og_locale":"ro_RO","og_type":"article","og_title":"\u0420\u0435\u043a\u043b\u0430\u043c\u043d\u044b\u0439 \u0441\u0442\u0435\u043d\u0434 Roll-up \u0432 \u041a\u0438\u0448\u0438\u043d\u0435\u0432\u0435 | Fotoprint.md","og_description":"\u0423\u0434\u043e\u0431\u043d\u044b\u0435 \u0440\u0435\u043a\u043b\u0430\u043c\u043d\u044b\u0435 \u0441\u0442\u0435\u043d\u0434\u044b Roll-up \u0434\u043b\u044f \u0431\u0438\u0437\u043d\u0435\u0441\u0430. \u041f\u0440\u043e\u0447\u043d\u0430\u044f \u043a\u043e\u043d\u0441\u0442\u0440\u0443\u043a\u0446\u0438\u044f \u0438 \u043a\u0430\u0447\u0435\u0441\u0442\u0432\u0435\u043d\u043d\u0430\u044f \u043f\u0435\u0447\u0430\u0442\u044c. \u0417\u0430\u043a\u0430\u0436\u0438\u0442\u0435 \u043f\u0440\u044f\u043c\u043e \u0441\u0435\u0439\u0447\u0430\u0441 \u0441 \u0434\u043e\u0441\u0442\u0430\u0432\u043a\u043e\u0439 \u043f\u043e \u0432\u0441\u0435\u0439 \u041c\u043e\u043b\u0434\u043e\u0432\u0435!","og_url":"https:\/\/fotoprint.md\/ro\/produs\/reklamnyj-stend-roll-up\/","og_site_name":"Fotoprint.md","article_publisher":"https:\/\/www.facebook.com\/fprint.md\/","article_modified_time":"2025-12-03T09:26:25+00:00","og_image":[{"width":2000,"height":2000,"url":"https:\/\/fotoprint.md\/wp-content\/uploads\/2024\/12\/roll-up-econom-80x200-1.webp","type":"image\/webp"}],"twitter_card":"summary_large_image","twitter_misc":{"Timp estimat pentru citire":"1 minut"},"schema":{"@context":"https:\/\/schema.org","@graph":[{"@type":"WebPage","@id":"https:\/\/fotoprint.md\/ro\/produs\/reklamnyj-stend-roll-up\/","url":"https:\/\/fotoprint.md\/ro\/produs\/reklamnyj-stend-roll-up\/","name":"\u0420\u0435\u043a\u043b\u0430\u043c\u043d\u044b\u0439 \u0441\u0442\u0435\u043d\u0434 Roll-up \u0432 \u041a\u0438\u0448\u0438\u043d\u0435\u0432\u0435 | Fotoprint.md","isPartOf":{"@id":"https:\/\/fotoprint.md\/#website"},"primaryImageOfPage":{"@id":"https:\/\/fotoprint.md\/ro\/produs\/reklamnyj-stend-roll-up\/#primaryimage"},"image":{"@id":"https:\/\/fotoprint.md\/ro\/produs\/reklamnyj-stend-roll-up\/#primaryimage"},"thumbnailUrl":"https:\/\/fotoprint.md\/wp-content\/uploads\/2024\/12\/roll-up-econom-80x200-1.webp","datePublished":"2024-12-18T18:34:14+00:00","dateModified":"2025-12-03T09:26:25+00:00","description":"\u0423\u0434\u043e\u0431\u043d\u044b\u0435 \u0440\u0435\u043a\u043b\u0430\u043c\u043d\u044b\u0435 \u0441\u0442\u0435\u043d\u0434\u044b Roll-up \u0434\u043b\u044f \u0431\u0438\u0437\u043d\u0435\u0441\u0430. \u041f\u0440\u043e\u0447\u043d\u0430\u044f \u043a\u043e\u043d\u0441\u0442\u0440\u0443\u043a\u0446\u0438\u044f \u0438 \u043a\u0430\u0447\u0435\u0441\u0442\u0432\u0435\u043d\u043d\u0430\u044f \u043f\u0435\u0447\u0430\u0442\u044c. \u0417\u0430\u043a\u0430\u0436\u0438\u0442\u0435 \u043f\u0440\u044f\u043c\u043e \u0441\u0435\u0439\u0447\u0430\u0441 \u0441 \u0434\u043e\u0441\u0442\u0430\u0432\u043a\u043e\u0439 \u043f\u043e \u0432\u0441\u0435\u0439 \u041c\u043e\u043b\u0434\u043e\u0432\u0435!","breadcrumb":{"@id":"https:\/\/fotoprint.md\/ro\/produs\/reklamnyj-stend-roll-up\/#breadcrumb"},"inLanguage":"ro-RO","potentialAction":[{"@type":"ReadAction","target":["https:\/\/fotoprint.md\/ro\/produs\/reklamnyj-stend-roll-up\/"]}]},{"@type":"ImageObject","inLanguage":"ro-RO","@id":"https:\/\/fotoprint.md\/ro\/produs\/reklamnyj-stend-roll-up\/#primaryimage","url":"https:\/\/fotoprint.md\/wp-content\/uploads\/2024\/12\/roll-up-econom-80x200-1.webp","contentUrl":"https:\/\/fotoprint.md\/wp-content\/uploads\/2024\/12\/roll-up-econom-80x200-1.webp","width":2000,"height":2000,"caption":"stend publicitar"},{"@type":"BreadcrumbList","@id":"https:\/\/fotoprint.md\/ro\/produs\/reklamnyj-stend-roll-up\/#breadcrumb","itemListElement":[{"@type":"ListItem","position":1,"name":"\u0413\u043b\u0430\u0432\u043d\u0430\u044f \u0441\u0442\u0440\u0430\u043d\u0438\u0446\u0430","item":"https:\/\/fotoprint.md\/ro\/"},{"@type":"ListItem","position":2,"name":"Shop","item":"https:\/\/fotoprint.md\/ro\/shop\/"},{"@type":"ListItem","position":3,"name":"\u0420\u0435\u043a\u043b\u0430\u043c\u043d\u044b\u0439 \u0441\u0442\u0435\u043d\u0434 + \u043f\u0435\u0447\u0430\u0442\u044c (roll-up econom)"}]},{"@type":"WebSite","@id":"https:\/\/fotoprint.md\/#website","url":"https:\/\/fotoprint.md\/","name":"Fotoprint.md","description":"Laborator FOTO Chi\u0219in\u0103u","publisher":{"@id":"https:\/\/fotoprint.md\/#organization"},"potentialAction":[{"@type":"SearchAction","target":{"@type":"EntryPoint","urlTemplate":"https:\/\/fotoprint.md\/?s={search_term_string}"},"query-input":{"@type":"PropertyValueSpecification","valueRequired":true,"valueName":"search_term_string"}}],"inLanguage":"ro-RO"},{"@type":"Organization","@id":"https:\/\/fotoprint.md\/#organization","name":"Fotoprint.md","url":"https:\/\/fotoprint.md\/","logo":{"@type":"ImageObject","inLanguage":"ro-RO","@id":"https:\/\/fotoprint.md\/#\/schema\/logo\/image\/","url":"https:\/\/fotoprint.md\/wp-content\/uploads\/2020\/11\/new_logo_light.png","contentUrl":"https:\/\/fotoprint.md\/wp-content\/uploads\/2020\/11\/new_logo_light.png","width":305,"height":43,"caption":"Fotoprint.md"},"image":{"@id":"https:\/\/fotoprint.md\/#\/schema\/logo\/image\/"},"sameAs":["https:\/\/www.facebook.com\/fprint.md\/"]}]}},"tiered_pricing_type":"fixed","tiered_pricing_fixed_rules":[],"tiered_pricing_product_settings":{"layout":"default","base_unit_name":{"singular":null,"plural":null},"default_variation":null},"tiered_pricing_minimum_quantity":null,"tiered_pricing_roles_data":[],"tiered_pricing_percentage_rules":[],"_links":{"self":[{"href":"https:\/\/fotoprint.md\/ro\/wp-json\/wp\/v2\/product\/2374","targetHints":{"allow":["GET"]}}],"collection":[{"href":"https:\/\/fotoprint.md\/ro\/wp-json\/wp\/v2\/product"}],"about":[{"href":"https:\/\/fotoprint.md\/ro\/wp-json\/wp\/v2\/types\/product"}],"wp:featuredmedia":[{"embeddable":true,"href":"https:\/\/fotoprint.md\/ro\/wp-json\/wp\/v2\/media\/3830"}],"wp:attachment":[{"href":"https:\/\/fotoprint.md\/ro\/wp-json\/wp\/v2\/media?parent=2374"}],"wp:term":[{"taxonomy":"product_brand","embeddable":true,"href":"https:\/\/fotoprint.md\/ro\/wp-json\/wp\/v2\/product_brand?post=2374"},{"taxonomy":"product_cat","embeddable":true,"href":"https:\/\/fotoprint.md\/ro\/wp-json\/wp\/v2\/product_cat?post=2374"},{"taxonomy":"product_tag","embeddable":true,"href":"https:\/\/fotoprint.md\/ro\/wp-json\/wp\/v2\/product_tag?post=2374"}],"curies":[{"name":"wp","href":"https:\/\/api.w.org\/{rel}","templated":true}]}}