{"id":2030,"date":"2024-11-30T14:44:49","date_gmt":"2024-11-30T12:44:49","guid":{"rendered":"https:\/\/fotoprint.md\/?post_type=product&#038;p=2030"},"modified":"2025-03-31T18:53:49","modified_gmt":"2025-03-31T16:53:49","slug":"portmoneu-baellerry-premium-7","status":"publish","type":"product","link":"https:\/\/fotoprint.md\/ro\/produs\/portmoneu-baellerry-premium-7\/","title":{"rendered":"Portmoneu Baellerry Premium"},"content":{"rendered":"<p><strong>Materialul rezistent \u0219i furnitura de calitate garanteaz\u0103 durabilitatea, iar aspectul elegant face ca acest portofel s\u0103 fie un cadou ideal pentru cei dragi, potrivit pentru orice ocazie.<\/strong><\/p>","protected":false},"excerpt":{"rendered":"<ul>\n<li><strong>Portofelul Baellerry Premium \u2013 un accesoriu elegant, \u00eenc\u0103p\u0103tor \u0219i practic, realizat din piele ecologic\u0103 de calitate premium, <\/strong><strong>realizat din piele ecologic\u0103 de calitate premium.<\/strong><\/li>\n<\/ul>\n<ul>\n<li><strong>Designul s\u0103u versatil este potrivit <\/strong><strong>at\u00e2t pentru utilizarea zilnic\u0103, c\u00e2t \u0219i pentru un stil business.<\/strong><\/li>\n<\/ul>\n<ul>\n<li><strong>Numeroasele compartimente de dimensiuni diferite permit <\/strong><strong>organizarea comod\u0103 a bancnotelor, monedelor, cardurilor, <\/strong><strong>permisului de conducere \u0219i a alte documentelor.<\/strong><\/li>\n<\/ul>","protected":false},"featured_media":2031,"template":"","meta":[],"product_brand":[],"product_cat":[148],"product_tag":[],"class_list":{"0":"post-2030","1":"product","2":"type-product","3":"status-publish","4":"has-post-thumbnail","6":"product_cat-portmone_baellerry","8":"first","9":"instock","10":"sale","11":"shipping-taxable","12":"purchasable","13":"product-type-simple"},"yoast_head":"<!-- This site is optimized with the Yoast SEO plugin v26.7 - https:\/\/yoast.com\/wordpress\/plugins\/seo\/ -->\n<title>\u041f\u043e\u0440\u0442\u043c\u043e\u043d\u0435 Baellerry Premium \u0441 \u0433\u0440\u0430\u0432\u0438\u0440\u043e\u0432\u043a\u043e\u0439 \u0432 \u041a\u0438\u0448\u0438\u043d\u0435\u0432\u0435 | Fotoprint.md<\/title>\n<meta name=\"description\" content=\"\u0417\u0430\u043a\u0430\u0436\u0438\u0442\u0435 \u0441\u0442\u0438\u043b\u044c\u043d\u043e\u0435 \u043f\u043e\u0440\u0442\u043c\u043e\u043d\u0435 Baellerry Premium \u0441 \u0438\u043d\u0434\u0438\u0432\u0438\u0434\u0443\u0430\u043b\u044c\u043d\u043e\u0439 \u0433\u0440\u0430\u0432\u0438\u0440\u043e\u0432\u043a\u043e\u0439. \u042d\u043b\u0435\u0433\u0430\u043d\u0442\u043d\u044b\u0439 \u0430\u043a\u0441\u0435\u0441\u0441\u0443\u0430\u0440 \u0441 \u0434\u043e\u0441\u0442\u0430\u0432\u043a\u043e\u0439 \u043f\u043e \u041a\u0438\u0448\u0438\u043d\u0435\u0432\u0443.\" \/>\n<meta name=\"robots\" content=\"index, follow, max-snippet:-1, max-image-preview:large, max-video-preview:-1\" \/>\n<link rel=\"canonical\" href=\"https:\/\/fotoprint.md\/ro\/produs\/portmoneu-baellerry-premium-7\/\" \/>\n<meta property=\"og:locale\" content=\"ro_RO\" \/>\n<meta property=\"og:type\" content=\"article\" \/>\n<meta property=\"og:title\" content=\"\u041f\u043e\u0440\u0442\u043c\u043e\u043d\u0435 Baellerry Premium \u0441 \u0433\u0440\u0430\u0432\u0438\u0440\u043e\u0432\u043a\u043e\u0439 \u0432 \u041a\u0438\u0448\u0438\u043d\u0435\u0432\u0435 | Fotoprint.md\" \/>\n<meta property=\"og:description\" content=\"\u0417\u0430\u043a\u0430\u0436\u0438\u0442\u0435 \u0441\u0442\u0438\u043b\u044c\u043d\u043e\u0435 \u043f\u043e\u0440\u0442\u043c\u043e\u043d\u0435 Baellerry Premium \u0441 \u0438\u043d\u0434\u0438\u0432\u0438\u0434\u0443\u0430\u043b\u044c\u043d\u043e\u0439 \u0433\u0440\u0430\u0432\u0438\u0440\u043e\u0432\u043a\u043e\u0439. \u042d\u043b\u0435\u0433\u0430\u043d\u0442\u043d\u044b\u0439 \u0430\u043a\u0441\u0435\u0441\u0441\u0443\u0430\u0440 \u0441 \u0434\u043e\u0441\u0442\u0430\u0432\u043a\u043e\u0439 \u043f\u043e \u041a\u0438\u0448\u0438\u043d\u0435\u0432\u0443.\" \/>\n<meta property=\"og:url\" content=\"https:\/\/fotoprint.md\/ro\/produs\/portmoneu-baellerry-premium-7\/\" \/>\n<meta property=\"og:site_name\" content=\"Fotoprint.md\" \/>\n<meta property=\"article:publisher\" content=\"https:\/\/www.facebook.com\/fprint.md\/\" \/>\n<meta property=\"article:modified_time\" content=\"2025-03-31T16:53:49+00:00\" \/>\n<meta property=\"og:image\" content=\"https:\/\/fotoprint.md\/wp-content\/uploads\/2024\/11\/PORTMONEU2-2-1.webp\" \/>\n\t<meta property=\"og:image:width\" content=\"800\" \/>\n\t<meta property=\"og:image:height\" content=\"800\" \/>\n\t<meta property=\"og:image:type\" content=\"image\/webp\" \/>\n<meta name=\"twitter:card\" content=\"summary_large_image\" \/>\n<meta name=\"twitter:label1\" content=\"Timp estimat pentru citire\" \/>\n\t<meta name=\"twitter:data1\" content=\"1 minut\" \/>\n<script type=\"application\/ld+json\" class=\"yoast-schema-graph\">{\"@context\":\"https:\/\/schema.org\",\"@graph\":[{\"@type\":\"WebPage\",\"@id\":\"https:\/\/fotoprint.md\/ro\/produs\/portmoneu-baellerry-premium-7\/\",\"url\":\"https:\/\/fotoprint.md\/ro\/produs\/portmoneu-baellerry-premium-7\/\",\"name\":\"\u041f\u043e\u0440\u0442\u043c\u043e\u043d\u0435 Baellerry Premium \u0441 \u0433\u0440\u0430\u0432\u0438\u0440\u043e\u0432\u043a\u043e\u0439 \u0432 \u041a\u0438\u0448\u0438\u043d\u0435\u0432\u0435 | Fotoprint.md\",\"isPartOf\":{\"@id\":\"https:\/\/fotoprint.md\/#website\"},\"primaryImageOfPage\":{\"@id\":\"https:\/\/fotoprint.md\/ro\/produs\/portmoneu-baellerry-premium-7\/#primaryimage\"},\"image\":{\"@id\":\"https:\/\/fotoprint.md\/ro\/produs\/portmoneu-baellerry-premium-7\/#primaryimage\"},\"thumbnailUrl\":\"https:\/\/fotoprint.md\/wp-content\/uploads\/2024\/11\/PORTMONEU2-2-1.webp\",\"datePublished\":\"2024-11-30T12:44:49+00:00\",\"dateModified\":\"2025-03-31T16:53:49+00:00\",\"description\":\"\u0417\u0430\u043a\u0430\u0436\u0438\u0442\u0435 \u0441\u0442\u0438\u043b\u044c\u043d\u043e\u0435 \u043f\u043e\u0440\u0442\u043c\u043e\u043d\u0435 Baellerry Premium \u0441 \u0438\u043d\u0434\u0438\u0432\u0438\u0434\u0443\u0430\u043b\u044c\u043d\u043e\u0439 \u0433\u0440\u0430\u0432\u0438\u0440\u043e\u0432\u043a\u043e\u0439. \u042d\u043b\u0435\u0433\u0430\u043d\u0442\u043d\u044b\u0439 \u0430\u043a\u0441\u0435\u0441\u0441\u0443\u0430\u0440 \u0441 \u0434\u043e\u0441\u0442\u0430\u0432\u043a\u043e\u0439 \u043f\u043e \u041a\u0438\u0448\u0438\u043d\u0435\u0432\u0443.\",\"breadcrumb\":{\"@id\":\"https:\/\/fotoprint.md\/ro\/produs\/portmoneu-baellerry-premium-7\/#breadcrumb\"},\"inLanguage\":\"ro-RO\",\"potentialAction\":[{\"@type\":\"ReadAction\",\"target\":[\"https:\/\/fotoprint.md\/ro\/produs\/portmoneu-baellerry-premium-7\/\"]}]},{\"@type\":\"ImageObject\",\"inLanguage\":\"ro-RO\",\"@id\":\"https:\/\/fotoprint.md\/ro\/produs\/portmoneu-baellerry-premium-7\/#primaryimage\",\"url\":\"https:\/\/fotoprint.md\/wp-content\/uploads\/2024\/11\/PORTMONEU2-2-1.webp\",\"contentUrl\":\"https:\/\/fotoprint.md\/wp-content\/uploads\/2024\/11\/PORTMONEU2-2-1.webp\",\"width\":800,\"height\":800,\"caption\":\"\u043f\u043e\u0440\u0442\u043c\u043e\u043d\u0435 baellery \u0441\u0435\u0440\u044b\u0439\"},{\"@type\":\"BreadcrumbList\",\"@id\":\"https:\/\/fotoprint.md\/ro\/produs\/portmoneu-baellerry-premium-7\/#breadcrumb\",\"itemListElement\":[{\"@type\":\"ListItem\",\"position\":1,\"name\":\"\u0413\u043b\u0430\u0432\u043d\u0430\u044f \u0441\u0442\u0440\u0430\u043d\u0438\u0446\u0430\",\"item\":\"https:\/\/fotoprint.md\/ro\/\"},{\"@type\":\"ListItem\",\"position\":2,\"name\":\"Shop\",\"item\":\"https:\/\/fotoprint.md\/ro\/shop\/\"},{\"@type\":\"ListItem\",\"position\":3,\"name\":\"\u041f\u043e\u0440\u0442\u043c\u043e\u043d\u0435 Baellerry Premium\"}]},{\"@type\":\"WebSite\",\"@id\":\"https:\/\/fotoprint.md\/#website\",\"url\":\"https:\/\/fotoprint.md\/\",\"name\":\"Fotoprint.md\",\"description\":\"\u0424\u043e\u0442\u043e\u043b\u0430\u0431\u043e\u0440\u0430\u0442\u043e\u0440\u0438\u044f \u041a\u0438\u0448\u0438\u043d\u0435\u0432\",\"publisher\":{\"@id\":\"https:\/\/fotoprint.md\/#organization\"},\"potentialAction\":[{\"@type\":\"SearchAction\",\"target\":{\"@type\":\"EntryPoint\",\"urlTemplate\":\"https:\/\/fotoprint.md\/?s={search_term_string}\"},\"query-input\":{\"@type\":\"PropertyValueSpecification\",\"valueRequired\":true,\"valueName\":\"search_term_string\"}}],\"inLanguage\":\"ro-RO\"},{\"@type\":\"Organization\",\"@id\":\"https:\/\/fotoprint.md\/#organization\",\"name\":\"Fotoprint.md\",\"url\":\"https:\/\/fotoprint.md\/\",\"logo\":{\"@type\":\"ImageObject\",\"inLanguage\":\"ro-RO\",\"@id\":\"https:\/\/fotoprint.md\/#\/schema\/logo\/image\/\",\"url\":\"https:\/\/fotoprint.md\/wp-content\/uploads\/2020\/11\/new_logo_light.png\",\"contentUrl\":\"https:\/\/fotoprint.md\/wp-content\/uploads\/2020\/11\/new_logo_light.png\",\"width\":305,\"height\":43,\"caption\":\"Fotoprint.md\"},\"image\":{\"@id\":\"https:\/\/fotoprint.md\/#\/schema\/logo\/image\/\"},\"sameAs\":[\"https:\/\/www.facebook.com\/fprint.md\/\"]}]}<\/script>\n<!-- \/ Yoast SEO plugin. -->","yoast_head_json":{"title":"\u041f\u043e\u0440\u0442\u043c\u043e\u043d\u0435 Baellerry Premium \u0441 \u0433\u0440\u0430\u0432\u0438\u0440\u043e\u0432\u043a\u043e\u0439 \u0432 \u041a\u0438\u0448\u0438\u043d\u0435\u0432\u0435 | Fotoprint.md","description":"\u0417\u0430\u043a\u0430\u0436\u0438\u0442\u0435 \u0441\u0442\u0438\u043b\u044c\u043d\u043e\u0435 \u043f\u043e\u0440\u0442\u043c\u043e\u043d\u0435 Baellerry Premium \u0441 \u0438\u043d\u0434\u0438\u0432\u0438\u0434\u0443\u0430\u043b\u044c\u043d\u043e\u0439 \u0433\u0440\u0430\u0432\u0438\u0440\u043e\u0432\u043a\u043e\u0439. \u042d\u043b\u0435\u0433\u0430\u043d\u0442\u043d\u044b\u0439 \u0430\u043a\u0441\u0435\u0441\u0441\u0443\u0430\u0440 \u0441 \u0434\u043e\u0441\u0442\u0430\u0432\u043a\u043e\u0439 \u043f\u043e \u041a\u0438\u0448\u0438\u043d\u0435\u0432\u0443.","robots":{"index":"index","follow":"follow","max-snippet":"max-snippet:-1","max-image-preview":"max-image-preview:large","max-video-preview":"max-video-preview:-1"},"canonical":"https:\/\/fotoprint.md\/ro\/produs\/portmoneu-baellerry-premium-7\/","og_locale":"ro_RO","og_type":"article","og_title":"\u041f\u043e\u0440\u0442\u043c\u043e\u043d\u0435 Baellerry Premium \u0441 \u0433\u0440\u0430\u0432\u0438\u0440\u043e\u0432\u043a\u043e\u0439 \u0432 \u041a\u0438\u0448\u0438\u043d\u0435\u0432\u0435 | Fotoprint.md","og_description":"\u0417\u0430\u043a\u0430\u0436\u0438\u0442\u0435 \u0441\u0442\u0438\u043b\u044c\u043d\u043e\u0435 \u043f\u043e\u0440\u0442\u043c\u043e\u043d\u0435 Baellerry Premium \u0441 \u0438\u043d\u0434\u0438\u0432\u0438\u0434\u0443\u0430\u043b\u044c\u043d\u043e\u0439 \u0433\u0440\u0430\u0432\u0438\u0440\u043e\u0432\u043a\u043e\u0439. \u042d\u043b\u0435\u0433\u0430\u043d\u0442\u043d\u044b\u0439 \u0430\u043a\u0441\u0435\u0441\u0441\u0443\u0430\u0440 \u0441 \u0434\u043e\u0441\u0442\u0430\u0432\u043a\u043e\u0439 \u043f\u043e \u041a\u0438\u0448\u0438\u043d\u0435\u0432\u0443.","og_url":"https:\/\/fotoprint.md\/ro\/produs\/portmoneu-baellerry-premium-7\/","og_site_name":"Fotoprint.md","article_publisher":"https:\/\/www.facebook.com\/fprint.md\/","article_modified_time":"2025-03-31T16:53:49+00:00","og_image":[{"width":800,"height":800,"url":"https:\/\/fotoprint.md\/wp-content\/uploads\/2024\/11\/PORTMONEU2-2-1.webp","type":"image\/webp"}],"twitter_card":"summary_large_image","twitter_misc":{"Timp estimat pentru citire":"1 minut"},"schema":{"@context":"https:\/\/schema.org","@graph":[{"@type":"WebPage","@id":"https:\/\/fotoprint.md\/ro\/produs\/portmoneu-baellerry-premium-7\/","url":"https:\/\/fotoprint.md\/ro\/produs\/portmoneu-baellerry-premium-7\/","name":"\u041f\u043e\u0440\u0442\u043c\u043e\u043d\u0435 Baellerry Premium \u0441 \u0433\u0440\u0430\u0432\u0438\u0440\u043e\u0432\u043a\u043e\u0439 \u0432 \u041a\u0438\u0448\u0438\u043d\u0435\u0432\u0435 | Fotoprint.md","isPartOf":{"@id":"https:\/\/fotoprint.md\/#website"},"primaryImageOfPage":{"@id":"https:\/\/fotoprint.md\/ro\/produs\/portmoneu-baellerry-premium-7\/#primaryimage"},"image":{"@id":"https:\/\/fotoprint.md\/ro\/produs\/portmoneu-baellerry-premium-7\/#primaryimage"},"thumbnailUrl":"https:\/\/fotoprint.md\/wp-content\/uploads\/2024\/11\/PORTMONEU2-2-1.webp","datePublished":"2024-11-30T12:44:49+00:00","dateModified":"2025-03-31T16:53:49+00:00","description":"\u0417\u0430\u043a\u0430\u0436\u0438\u0442\u0435 \u0441\u0442\u0438\u043b\u044c\u043d\u043e\u0435 \u043f\u043e\u0440\u0442\u043c\u043e\u043d\u0435 Baellerry Premium \u0441 \u0438\u043d\u0434\u0438\u0432\u0438\u0434\u0443\u0430\u043b\u044c\u043d\u043e\u0439 \u0433\u0440\u0430\u0432\u0438\u0440\u043e\u0432\u043a\u043e\u0439. \u042d\u043b\u0435\u0433\u0430\u043d\u0442\u043d\u044b\u0439 \u0430\u043a\u0441\u0435\u0441\u0441\u0443\u0430\u0440 \u0441 \u0434\u043e\u0441\u0442\u0430\u0432\u043a\u043e\u0439 \u043f\u043e \u041a\u0438\u0448\u0438\u043d\u0435\u0432\u0443.","breadcrumb":{"@id":"https:\/\/fotoprint.md\/ro\/produs\/portmoneu-baellerry-premium-7\/#breadcrumb"},"inLanguage":"ro-RO","potentialAction":[{"@type":"ReadAction","target":["https:\/\/fotoprint.md\/ro\/produs\/portmoneu-baellerry-premium-7\/"]}]},{"@type":"ImageObject","inLanguage":"ro-RO","@id":"https:\/\/fotoprint.md\/ro\/produs\/portmoneu-baellerry-premium-7\/#primaryimage","url":"https:\/\/fotoprint.md\/wp-content\/uploads\/2024\/11\/PORTMONEU2-2-1.webp","contentUrl":"https:\/\/fotoprint.md\/wp-content\/uploads\/2024\/11\/PORTMONEU2-2-1.webp","width":800,"height":800,"caption":"\u043f\u043e\u0440\u0442\u043c\u043e\u043d\u0435 baellery \u0441\u0435\u0440\u044b\u0439"},{"@type":"BreadcrumbList","@id":"https:\/\/fotoprint.md\/ro\/produs\/portmoneu-baellerry-premium-7\/#breadcrumb","itemListElement":[{"@type":"ListItem","position":1,"name":"\u0413\u043b\u0430\u0432\u043d\u0430\u044f \u0441\u0442\u0440\u0430\u043d\u0438\u0446\u0430","item":"https:\/\/fotoprint.md\/ro\/"},{"@type":"ListItem","position":2,"name":"Shop","item":"https:\/\/fotoprint.md\/ro\/shop\/"},{"@type":"ListItem","position":3,"name":"\u041f\u043e\u0440\u0442\u043c\u043e\u043d\u0435 Baellerry Premium"}]},{"@type":"WebSite","@id":"https:\/\/fotoprint.md\/#website","url":"https:\/\/fotoprint.md\/","name":"Fotoprint.md","description":"Laborator FOTO Chi\u0219in\u0103u","publisher":{"@id":"https:\/\/fotoprint.md\/#organization"},"potentialAction":[{"@type":"SearchAction","target":{"@type":"EntryPoint","urlTemplate":"https:\/\/fotoprint.md\/?s={search_term_string}"},"query-input":{"@type":"PropertyValueSpecification","valueRequired":true,"valueName":"search_term_string"}}],"inLanguage":"ro-RO"},{"@type":"Organization","@id":"https:\/\/fotoprint.md\/#organization","name":"Fotoprint.md","url":"https:\/\/fotoprint.md\/","logo":{"@type":"ImageObject","inLanguage":"ro-RO","@id":"https:\/\/fotoprint.md\/#\/schema\/logo\/image\/","url":"https:\/\/fotoprint.md\/wp-content\/uploads\/2020\/11\/new_logo_light.png","contentUrl":"https:\/\/fotoprint.md\/wp-content\/uploads\/2020\/11\/new_logo_light.png","width":305,"height":43,"caption":"Fotoprint.md"},"image":{"@id":"https:\/\/fotoprint.md\/#\/schema\/logo\/image\/"},"sameAs":["https:\/\/www.facebook.com\/fprint.md\/"]}]}},"tiered_pricing_type":"fixed","tiered_pricing_fixed_rules":[],"tiered_pricing_product_settings":{"layout":"default","base_unit_name":{"singular":null,"plural":null},"default_variation":null},"tiered_pricing_minimum_quantity":null,"tiered_pricing_roles_data":[],"tiered_pricing_percentage_rules":[],"_links":{"self":[{"href":"https:\/\/fotoprint.md\/ro\/wp-json\/wp\/v2\/product\/2030","targetHints":{"allow":["GET"]}}],"collection":[{"href":"https:\/\/fotoprint.md\/ro\/wp-json\/wp\/v2\/product"}],"about":[{"href":"https:\/\/fotoprint.md\/ro\/wp-json\/wp\/v2\/types\/product"}],"wp:featuredmedia":[{"embeddable":true,"href":"https:\/\/fotoprint.md\/ro\/wp-json\/wp\/v2\/media\/2031"}],"wp:attachment":[{"href":"https:\/\/fotoprint.md\/ro\/wp-json\/wp\/v2\/media?parent=2030"}],"wp:term":[{"taxonomy":"product_brand","embeddable":true,"href":"https:\/\/fotoprint.md\/ro\/wp-json\/wp\/v2\/product_brand?post=2030"},{"taxonomy":"product_cat","embeddable":true,"href":"https:\/\/fotoprint.md\/ro\/wp-json\/wp\/v2\/product_cat?post=2030"},{"taxonomy":"product_tag","embeddable":true,"href":"https:\/\/fotoprint.md\/ro\/wp-json\/wp\/v2\/product_tag?post=2030"}],"curies":[{"name":"wp","href":"https:\/\/api.w.org\/{rel}","templated":true}]}}