{"id":1896,"date":"2024-11-23T17:55:10","date_gmt":"2024-11-23T15:55:10","guid":{"rendered":"https:\/\/fotoprint.md\/?post_type=product&#038;p=1896"},"modified":"2025-03-31T18:53:51","modified_gmt":"2025-03-31T16:53:51","slug":"oblozhka-dlja-avto-dokumentov-cvet-zolo","status":"publish","type":"product","link":"https:\/\/fotoprint.md\/ro\/produs\/oblozhka-dlja-avto-dokumentov-cvet-zolo\/","title":{"rendered":"Coperta pentru acte-auto (culoare AUR-GALACTICA)"},"content":{"rendered":"<p>Un accesoriu personalizat,<\/p>\n<p>care combin\u0103 stilul \u0219i func\u021bionalitatea,<\/p>\n<p>creat \u021bin\u00e2nd cont cu preferin\u021bele dvs.<\/p>","protected":false},"excerpt":{"rendered":"<p>coperta pentru acte auto<\/p>\n<p>din pielea natural\u0103<\/p>\n<p>Poate fi personalizat individual - marca \u0219i num\u0103rul ma\u0219inii,<\/p>\n<p>fotografie \u0219i text, nume, num\u0103r de telefon, semn zodiacal etc.<\/p>\n<p>Print este protejat cu protector 3D  din silicon.<\/p>\n<p><strong>\u00cemprimare inclus\u0103 \u00een pre\u021b<\/strong><\/p>\n<p>Pielea aur galactica<\/p>","protected":false},"featured_media":1897,"template":"","meta":[],"product_brand":[],"product_cat":[143],"product_tag":[],"class_list":{"0":"post-1896","1":"product","2":"type-product","3":"status-publish","4":"has-post-thumbnail","6":"product_cat-coperta-pentru-documente-auto","8":"first","9":"instock","10":"shipping-taxable","11":"purchasable","12":"product-type-simple"},"yoast_head":"<!-- This site is optimized with the Yoast SEO plugin v26.7 - https:\/\/yoast.com\/wordpress\/plugins\/seo\/ -->\n<title>\u041e\u0431\u043b\u043e\u0436\u043a\u0430 \u0434\u043b\u044f \u0430\u0432\u0442\u043e-\u0434\u043e\u043a\u0443\u043c\u0435\u043d\u0442\u043e\u0432 (\u0437\u043e\u043b\u043e\u0442\u043e-\u0433\u0430\u043b\u0430\u043a\u0442\u0438\u043a\u0430) \u2013 \u0420\u043e\u0441\u043a\u043e\u0448\u044c \u0438 \u0441\u0442\u0438\u043b\u044c | Fotoprint.md<\/title>\n<meta name=\"description\" content=\"\u0417\u043e\u043b\u043e\u0442\u0438\u0441\u0442\u043e-\u0433\u0430\u043b\u0430\u043a\u0442\u0438\u0447\u0435\u0441\u043a\u0438\u0439 \u0434\u0438\u0437\u0430\u0439\u043d \u043e\u0431\u043b\u043e\u0436\u043a\u0438 \u0434\u043b\u044f \u0430\u0432\u0442\u043e-\u0434\u043e\u043a\u0443\u043c\u0435\u043d\u0442\u043e\u0432. \u0418\u0434\u0435\u0430\u043b\u044c\u043d\u044b\u0439 \u0430\u043a\u0441\u0435\u0441\u0441\u0443\u0430\u0440 \u0441 \u0434\u043e\u0441\u0442\u0430\u0432\u043a\u043e\u0439 \u043f\u043e \u041a\u0438\u0448\u0438\u043d\u0435\u0432\u0443.\" \/>\n<meta name=\"robots\" content=\"index, follow, max-snippet:-1, max-image-preview:large, max-video-preview:-1\" \/>\n<link rel=\"canonical\" href=\"https:\/\/fotoprint.md\/ro\/produs\/oblozhka-dlja-avto-dokumentov-cvet-zolo\/\" \/>\n<meta property=\"og:locale\" content=\"ro_RO\" \/>\n<meta property=\"og:type\" content=\"article\" \/>\n<meta property=\"og:title\" content=\"\u041e\u0431\u043b\u043e\u0436\u043a\u0430 \u0434\u043b\u044f \u0430\u0432\u0442\u043e-\u0434\u043e\u043a\u0443\u043c\u0435\u043d\u0442\u043e\u0432 (\u0437\u043e\u043b\u043e\u0442\u043e-\u0433\u0430\u043b\u0430\u043a\u0442\u0438\u043a\u0430) \u2013 \u0420\u043e\u0441\u043a\u043e\u0448\u044c \u0438 \u0441\u0442\u0438\u043b\u044c | Fotoprint.md\" \/>\n<meta property=\"og:description\" content=\"\u0417\u043e\u043b\u043e\u0442\u0438\u0441\u0442\u043e-\u0433\u0430\u043b\u0430\u043a\u0442\u0438\u0447\u0435\u0441\u043a\u0438\u0439 \u0434\u0438\u0437\u0430\u0439\u043d \u043e\u0431\u043b\u043e\u0436\u043a\u0438 \u0434\u043b\u044f \u0430\u0432\u0442\u043e-\u0434\u043e\u043a\u0443\u043c\u0435\u043d\u0442\u043e\u0432. \u0418\u0434\u0435\u0430\u043b\u044c\u043d\u044b\u0439 \u0430\u043a\u0441\u0435\u0441\u0441\u0443\u0430\u0440 \u0441 \u0434\u043e\u0441\u0442\u0430\u0432\u043a\u043e\u0439 \u043f\u043e \u041a\u0438\u0448\u0438\u043d\u0435\u0432\u0443.\" \/>\n<meta property=\"og:url\" content=\"https:\/\/fotoprint.md\/ro\/produs\/oblozhka-dlja-avto-dokumentov-cvet-zolo\/\" \/>\n<meta property=\"og:site_name\" content=\"Fotoprint.md\" \/>\n<meta property=\"article:publisher\" content=\"https:\/\/www.facebook.com\/fprint.md\/\" \/>\n<meta property=\"article:modified_time\" content=\"2025-03-31T16:53:51+00:00\" \/>\n<meta property=\"og:image\" content=\"https:\/\/fotoprint.md\/wp-content\/uploads\/2024\/11\/galaktika-gold1.webp\" \/>\n\t<meta property=\"og:image:width\" content=\"2000\" \/>\n\t<meta property=\"og:image:height\" content=\"2000\" \/>\n\t<meta property=\"og:image:type\" content=\"image\/webp\" \/>\n<meta name=\"twitter:card\" content=\"summary_large_image\" \/>\n<meta name=\"twitter:label1\" content=\"Timp estimat pentru citire\" \/>\n\t<meta name=\"twitter:data1\" content=\"1 minut\" \/>\n<script type=\"application\/ld+json\" class=\"yoast-schema-graph\">{\"@context\":\"https:\/\/schema.org\",\"@graph\":[{\"@type\":\"WebPage\",\"@id\":\"https:\/\/fotoprint.md\/ro\/produs\/oblozhka-dlja-avto-dokumentov-cvet-zolo\/\",\"url\":\"https:\/\/fotoprint.md\/ro\/produs\/oblozhka-dlja-avto-dokumentov-cvet-zolo\/\",\"name\":\"\u041e\u0431\u043b\u043e\u0436\u043a\u0430 \u0434\u043b\u044f \u0430\u0432\u0442\u043e-\u0434\u043e\u043a\u0443\u043c\u0435\u043d\u0442\u043e\u0432 (\u0437\u043e\u043b\u043e\u0442\u043e-\u0433\u0430\u043b\u0430\u043a\u0442\u0438\u043a\u0430) \u2013 \u0420\u043e\u0441\u043a\u043e\u0448\u044c \u0438 \u0441\u0442\u0438\u043b\u044c | Fotoprint.md\",\"isPartOf\":{\"@id\":\"https:\/\/fotoprint.md\/#website\"},\"primaryImageOfPage\":{\"@id\":\"https:\/\/fotoprint.md\/ro\/produs\/oblozhka-dlja-avto-dokumentov-cvet-zolo\/#primaryimage\"},\"image\":{\"@id\":\"https:\/\/fotoprint.md\/ro\/produs\/oblozhka-dlja-avto-dokumentov-cvet-zolo\/#primaryimage\"},\"thumbnailUrl\":\"https:\/\/fotoprint.md\/wp-content\/uploads\/2024\/11\/galaktika-gold1.webp\",\"datePublished\":\"2024-11-23T15:55:10+00:00\",\"dateModified\":\"2025-03-31T16:53:51+00:00\",\"description\":\"\u0417\u043e\u043b\u043e\u0442\u0438\u0441\u0442\u043e-\u0433\u0430\u043b\u0430\u043a\u0442\u0438\u0447\u0435\u0441\u043a\u0438\u0439 \u0434\u0438\u0437\u0430\u0439\u043d \u043e\u0431\u043b\u043e\u0436\u043a\u0438 \u0434\u043b\u044f \u0430\u0432\u0442\u043e-\u0434\u043e\u043a\u0443\u043c\u0435\u043d\u0442\u043e\u0432. \u0418\u0434\u0435\u0430\u043b\u044c\u043d\u044b\u0439 \u0430\u043a\u0441\u0435\u0441\u0441\u0443\u0430\u0440 \u0441 \u0434\u043e\u0441\u0442\u0430\u0432\u043a\u043e\u0439 \u043f\u043e \u041a\u0438\u0448\u0438\u043d\u0435\u0432\u0443.\",\"breadcrumb\":{\"@id\":\"https:\/\/fotoprint.md\/ro\/produs\/oblozhka-dlja-avto-dokumentov-cvet-zolo\/#breadcrumb\"},\"inLanguage\":\"ro-RO\",\"potentialAction\":[{\"@type\":\"ReadAction\",\"target\":[\"https:\/\/fotoprint.md\/ro\/produs\/oblozhka-dlja-avto-dokumentov-cvet-zolo\/\"]}]},{\"@type\":\"ImageObject\",\"inLanguage\":\"ro-RO\",\"@id\":\"https:\/\/fotoprint.md\/ro\/produs\/oblozhka-dlja-avto-dokumentov-cvet-zolo\/#primaryimage\",\"url\":\"https:\/\/fotoprint.md\/wp-content\/uploads\/2024\/11\/galaktika-gold1.webp\",\"contentUrl\":\"https:\/\/fotoprint.md\/wp-content\/uploads\/2024\/11\/galaktika-gold1.webp\",\"width\":2000,\"height\":2000,\"caption\":\"\u043e\u0431\u043b\u043e\u0436\u043a\u0430 3-1 \u0437\u043e\u043b\u043e\u0442\u0430\u044f\"},{\"@type\":\"BreadcrumbList\",\"@id\":\"https:\/\/fotoprint.md\/ro\/produs\/oblozhka-dlja-avto-dokumentov-cvet-zolo\/#breadcrumb\",\"itemListElement\":[{\"@type\":\"ListItem\",\"position\":1,\"name\":\"\u0413\u043b\u0430\u0432\u043d\u0430\u044f \u0441\u0442\u0440\u0430\u043d\u0438\u0446\u0430\",\"item\":\"https:\/\/fotoprint.md\/ro\/\"},{\"@type\":\"ListItem\",\"position\":2,\"name\":\"Shop\",\"item\":\"https:\/\/fotoprint.md\/ro\/shop\/\"},{\"@type\":\"ListItem\",\"position\":3,\"name\":\"\u041e\u0431\u043b\u043e\u0436\u043a\u0430 \u0434\u043b\u044f \u0430\u0432\u0442\u043e-\u0434\u043e\u043a\u0443\u043c\u0435\u043d\u0442\u043e\u0432 (\u0446\u0432\u0435\u0442 \u0437\u043e\u043b\u043e\u0442\u043e-\u0433\u0430\u043b\u0430\u043a\u0442\u0438\u043a\u0430)\"}]},{\"@type\":\"WebSite\",\"@id\":\"https:\/\/fotoprint.md\/#website\",\"url\":\"https:\/\/fotoprint.md\/\",\"name\":\"Fotoprint.md\",\"description\":\"\u0424\u043e\u0442\u043e\u043b\u0430\u0431\u043e\u0440\u0430\u0442\u043e\u0440\u0438\u044f \u041a\u0438\u0448\u0438\u043d\u0435\u0432\",\"publisher\":{\"@id\":\"https:\/\/fotoprint.md\/#organization\"},\"potentialAction\":[{\"@type\":\"SearchAction\",\"target\":{\"@type\":\"EntryPoint\",\"urlTemplate\":\"https:\/\/fotoprint.md\/?s={search_term_string}\"},\"query-input\":{\"@type\":\"PropertyValueSpecification\",\"valueRequired\":true,\"valueName\":\"search_term_string\"}}],\"inLanguage\":\"ro-RO\"},{\"@type\":\"Organization\",\"@id\":\"https:\/\/fotoprint.md\/#organization\",\"name\":\"Fotoprint.md\",\"url\":\"https:\/\/fotoprint.md\/\",\"logo\":{\"@type\":\"ImageObject\",\"inLanguage\":\"ro-RO\",\"@id\":\"https:\/\/fotoprint.md\/#\/schema\/logo\/image\/\",\"url\":\"https:\/\/fotoprint.md\/wp-content\/uploads\/2020\/11\/new_logo_light.png\",\"contentUrl\":\"https:\/\/fotoprint.md\/wp-content\/uploads\/2020\/11\/new_logo_light.png\",\"width\":305,\"height\":43,\"caption\":\"Fotoprint.md\"},\"image\":{\"@id\":\"https:\/\/fotoprint.md\/#\/schema\/logo\/image\/\"},\"sameAs\":[\"https:\/\/www.facebook.com\/fprint.md\/\"]}]}<\/script>\n<!-- \/ Yoast SEO plugin. -->","yoast_head_json":{"title":"\u041e\u0431\u043b\u043e\u0436\u043a\u0430 \u0434\u043b\u044f \u0430\u0432\u0442\u043e-\u0434\u043e\u043a\u0443\u043c\u0435\u043d\u0442\u043e\u0432 (\u0437\u043e\u043b\u043e\u0442\u043e-\u0433\u0430\u043b\u0430\u043a\u0442\u0438\u043a\u0430) \u2013 \u0420\u043e\u0441\u043a\u043e\u0448\u044c \u0438 \u0441\u0442\u0438\u043b\u044c | Fotoprint.md","description":"\u0417\u043e\u043b\u043e\u0442\u0438\u0441\u0442\u043e-\u0433\u0430\u043b\u0430\u043a\u0442\u0438\u0447\u0435\u0441\u043a\u0438\u0439 \u0434\u0438\u0437\u0430\u0439\u043d \u043e\u0431\u043b\u043e\u0436\u043a\u0438 \u0434\u043b\u044f \u0430\u0432\u0442\u043e-\u0434\u043e\u043a\u0443\u043c\u0435\u043d\u0442\u043e\u0432. \u0418\u0434\u0435\u0430\u043b\u044c\u043d\u044b\u0439 \u0430\u043a\u0441\u0435\u0441\u0441\u0443\u0430\u0440 \u0441 \u0434\u043e\u0441\u0442\u0430\u0432\u043a\u043e\u0439 \u043f\u043e \u041a\u0438\u0448\u0438\u043d\u0435\u0432\u0443.","robots":{"index":"index","follow":"follow","max-snippet":"max-snippet:-1","max-image-preview":"max-image-preview:large","max-video-preview":"max-video-preview:-1"},"canonical":"https:\/\/fotoprint.md\/ro\/produs\/oblozhka-dlja-avto-dokumentov-cvet-zolo\/","og_locale":"ro_RO","og_type":"article","og_title":"\u041e\u0431\u043b\u043e\u0436\u043a\u0430 \u0434\u043b\u044f \u0430\u0432\u0442\u043e-\u0434\u043e\u043a\u0443\u043c\u0435\u043d\u0442\u043e\u0432 (\u0437\u043e\u043b\u043e\u0442\u043e-\u0433\u0430\u043b\u0430\u043a\u0442\u0438\u043a\u0430) \u2013 \u0420\u043e\u0441\u043a\u043e\u0448\u044c \u0438 \u0441\u0442\u0438\u043b\u044c | Fotoprint.md","og_description":"\u0417\u043e\u043b\u043e\u0442\u0438\u0441\u0442\u043e-\u0433\u0430\u043b\u0430\u043a\u0442\u0438\u0447\u0435\u0441\u043a\u0438\u0439 \u0434\u0438\u0437\u0430\u0439\u043d \u043e\u0431\u043b\u043e\u0436\u043a\u0438 \u0434\u043b\u044f \u0430\u0432\u0442\u043e-\u0434\u043e\u043a\u0443\u043c\u0435\u043d\u0442\u043e\u0432. \u0418\u0434\u0435\u0430\u043b\u044c\u043d\u044b\u0439 \u0430\u043a\u0441\u0435\u0441\u0441\u0443\u0430\u0440 \u0441 \u0434\u043e\u0441\u0442\u0430\u0432\u043a\u043e\u0439 \u043f\u043e \u041a\u0438\u0448\u0438\u043d\u0435\u0432\u0443.","og_url":"https:\/\/fotoprint.md\/ro\/produs\/oblozhka-dlja-avto-dokumentov-cvet-zolo\/","og_site_name":"Fotoprint.md","article_publisher":"https:\/\/www.facebook.com\/fprint.md\/","article_modified_time":"2025-03-31T16:53:51+00:00","og_image":[{"width":2000,"height":2000,"url":"https:\/\/fotoprint.md\/wp-content\/uploads\/2024\/11\/galaktika-gold1.webp","type":"image\/webp"}],"twitter_card":"summary_large_image","twitter_misc":{"Timp estimat pentru citire":"1 minut"},"schema":{"@context":"https:\/\/schema.org","@graph":[{"@type":"WebPage","@id":"https:\/\/fotoprint.md\/ro\/produs\/oblozhka-dlja-avto-dokumentov-cvet-zolo\/","url":"https:\/\/fotoprint.md\/ro\/produs\/oblozhka-dlja-avto-dokumentov-cvet-zolo\/","name":"\u041e\u0431\u043b\u043e\u0436\u043a\u0430 \u0434\u043b\u044f \u0430\u0432\u0442\u043e-\u0434\u043e\u043a\u0443\u043c\u0435\u043d\u0442\u043e\u0432 (\u0437\u043e\u043b\u043e\u0442\u043e-\u0433\u0430\u043b\u0430\u043a\u0442\u0438\u043a\u0430) \u2013 \u0420\u043e\u0441\u043a\u043e\u0448\u044c \u0438 \u0441\u0442\u0438\u043b\u044c | Fotoprint.md","isPartOf":{"@id":"https:\/\/fotoprint.md\/#website"},"primaryImageOfPage":{"@id":"https:\/\/fotoprint.md\/ro\/produs\/oblozhka-dlja-avto-dokumentov-cvet-zolo\/#primaryimage"},"image":{"@id":"https:\/\/fotoprint.md\/ro\/produs\/oblozhka-dlja-avto-dokumentov-cvet-zolo\/#primaryimage"},"thumbnailUrl":"https:\/\/fotoprint.md\/wp-content\/uploads\/2024\/11\/galaktika-gold1.webp","datePublished":"2024-11-23T15:55:10+00:00","dateModified":"2025-03-31T16:53:51+00:00","description":"\u0417\u043e\u043b\u043e\u0442\u0438\u0441\u0442\u043e-\u0433\u0430\u043b\u0430\u043a\u0442\u0438\u0447\u0435\u0441\u043a\u0438\u0439 \u0434\u0438\u0437\u0430\u0439\u043d \u043e\u0431\u043b\u043e\u0436\u043a\u0438 \u0434\u043b\u044f \u0430\u0432\u0442\u043e-\u0434\u043e\u043a\u0443\u043c\u0435\u043d\u0442\u043e\u0432. \u0418\u0434\u0435\u0430\u043b\u044c\u043d\u044b\u0439 \u0430\u043a\u0441\u0435\u0441\u0441\u0443\u0430\u0440 \u0441 \u0434\u043e\u0441\u0442\u0430\u0432\u043a\u043e\u0439 \u043f\u043e \u041a\u0438\u0448\u0438\u043d\u0435\u0432\u0443.","breadcrumb":{"@id":"https:\/\/fotoprint.md\/ro\/produs\/oblozhka-dlja-avto-dokumentov-cvet-zolo\/#breadcrumb"},"inLanguage":"ro-RO","potentialAction":[{"@type":"ReadAction","target":["https:\/\/fotoprint.md\/ro\/produs\/oblozhka-dlja-avto-dokumentov-cvet-zolo\/"]}]},{"@type":"ImageObject","inLanguage":"ro-RO","@id":"https:\/\/fotoprint.md\/ro\/produs\/oblozhka-dlja-avto-dokumentov-cvet-zolo\/#primaryimage","url":"https:\/\/fotoprint.md\/wp-content\/uploads\/2024\/11\/galaktika-gold1.webp","contentUrl":"https:\/\/fotoprint.md\/wp-content\/uploads\/2024\/11\/galaktika-gold1.webp","width":2000,"height":2000,"caption":"\u043e\u0431\u043b\u043e\u0436\u043a\u0430 3-1 \u0437\u043e\u043b\u043e\u0442\u0430\u044f"},{"@type":"BreadcrumbList","@id":"https:\/\/fotoprint.md\/ro\/produs\/oblozhka-dlja-avto-dokumentov-cvet-zolo\/#breadcrumb","itemListElement":[{"@type":"ListItem","position":1,"name":"\u0413\u043b\u0430\u0432\u043d\u0430\u044f \u0441\u0442\u0440\u0430\u043d\u0438\u0446\u0430","item":"https:\/\/fotoprint.md\/ro\/"},{"@type":"ListItem","position":2,"name":"Shop","item":"https:\/\/fotoprint.md\/ro\/shop\/"},{"@type":"ListItem","position":3,"name":"\u041e\u0431\u043b\u043e\u0436\u043a\u0430 \u0434\u043b\u044f \u0430\u0432\u0442\u043e-\u0434\u043e\u043a\u0443\u043c\u0435\u043d\u0442\u043e\u0432 (\u0446\u0432\u0435\u0442 \u0437\u043e\u043b\u043e\u0442\u043e-\u0433\u0430\u043b\u0430\u043a\u0442\u0438\u043a\u0430)"}]},{"@type":"WebSite","@id":"https:\/\/fotoprint.md\/#website","url":"https:\/\/fotoprint.md\/","name":"Fotoprint.md","description":"Laborator FOTO Chi\u0219in\u0103u","publisher":{"@id":"https:\/\/fotoprint.md\/#organization"},"potentialAction":[{"@type":"SearchAction","target":{"@type":"EntryPoint","urlTemplate":"https:\/\/fotoprint.md\/?s={search_term_string}"},"query-input":{"@type":"PropertyValueSpecification","valueRequired":true,"valueName":"search_term_string"}}],"inLanguage":"ro-RO"},{"@type":"Organization","@id":"https:\/\/fotoprint.md\/#organization","name":"Fotoprint.md","url":"https:\/\/fotoprint.md\/","logo":{"@type":"ImageObject","inLanguage":"ro-RO","@id":"https:\/\/fotoprint.md\/#\/schema\/logo\/image\/","url":"https:\/\/fotoprint.md\/wp-content\/uploads\/2020\/11\/new_logo_light.png","contentUrl":"https:\/\/fotoprint.md\/wp-content\/uploads\/2020\/11\/new_logo_light.png","width":305,"height":43,"caption":"Fotoprint.md"},"image":{"@id":"https:\/\/fotoprint.md\/#\/schema\/logo\/image\/"},"sameAs":["https:\/\/www.facebook.com\/fprint.md\/"]}]}},"tiered_pricing_type":"fixed","tiered_pricing_fixed_rules":[],"tiered_pricing_product_settings":{"layout":"default","base_unit_name":{"singular":null,"plural":null},"default_variation":null},"tiered_pricing_minimum_quantity":null,"tiered_pricing_roles_data":[],"tiered_pricing_percentage_rules":[],"_links":{"self":[{"href":"https:\/\/fotoprint.md\/ro\/wp-json\/wp\/v2\/product\/1896","targetHints":{"allow":["GET"]}}],"collection":[{"href":"https:\/\/fotoprint.md\/ro\/wp-json\/wp\/v2\/product"}],"about":[{"href":"https:\/\/fotoprint.md\/ro\/wp-json\/wp\/v2\/types\/product"}],"wp:featuredmedia":[{"embeddable":true,"href":"https:\/\/fotoprint.md\/ro\/wp-json\/wp\/v2\/media\/1897"}],"wp:attachment":[{"href":"https:\/\/fotoprint.md\/ro\/wp-json\/wp\/v2\/media?parent=1896"}],"wp:term":[{"taxonomy":"product_brand","embeddable":true,"href":"https:\/\/fotoprint.md\/ro\/wp-json\/wp\/v2\/product_brand?post=1896"},{"taxonomy":"product_cat","embeddable":true,"href":"https:\/\/fotoprint.md\/ro\/wp-json\/wp\/v2\/product_cat?post=1896"},{"taxonomy":"product_tag","embeddable":true,"href":"https:\/\/fotoprint.md\/ro\/wp-json\/wp\/v2\/product_tag?post=1896"}],"curies":[{"name":"wp","href":"https:\/\/api.w.org\/{rel}","templated":true}]}}