{"id":1647,"date":"2024-04-23T14:31:51","date_gmt":"2024-04-23T12:31:51","guid":{"rendered":"https:\/\/fotoprint.md\/?post_type=product&#038;p=1647"},"modified":"2025-10-12T07:03:16","modified_gmt":"2025-10-12T05:03:16","slug":"detskaja-futbolka","status":"publish","type":"product","link":"https:\/\/fotoprint.md\/ro\/produs\/detskaja-futbolka\/","title":{"rendered":"Tricou pentru copii"},"content":{"rendered":"<p><strong>Se utilizeaz\u0103 dou\u0103 tipuri de imprimare:<\/strong><\/p>\n<ul>\n<li>\u041f\u043e\u043b\u043d\u043e\u0446\u0432\u0435\u0442\u043d\u0430\u044f \u043f\u0435\u0447\u0430\u0442\u044c, \u0442\u0435\u0445\u043d\u043e\u043b\u043e\u0433\u0438\u044f-DTF.<\/li>\n<\/ul>\n<p>Este posibil\u0103 imprimarea oric\u0103rei imagini. Metod\u0103 modern\u0103 de transfer direct pe \u021bes\u0103tur\u0103.<br data-start=\"111\" data-end=\"114\" \/>Imaginea iese vibrant\u0103, clar\u0103 \u0219i rezistent\u0103 la sp\u0103l\u0103ri.<br data-start=\"189\" data-end=\"192\" \/>Potrivit\u0103 pentru orice tip de \u021bes\u0103tur\u0103 \u0219i p\u0103streaz\u0103 intensitatea culorilor pentru mult timp.<\/p>\n<ul>\n<li>\u0422\u0435\u0440\u043c\u043e\u043f\u0435\u0440\u0435\u043d\u043e\u0441 (\u0444\u043b\u0435\u043a\u0441)<\/li>\n<\/ul>\n<p>Transferul prin taierea \u0219i aplicarea termo pelicolei speciale pentru textil (flex).<\/p>\n<p>Ideal pentru inscrip\u021bii \u0219i logo-uri 1-2 culori f\u0103r\u0103 gradien\u021bi \u0219i detalii mici.<\/p>\n<p>*Pre\u021bul include imprimarea pe o parte, dimensiunea p\u00e2n\u0103 la A3.<\/p>\n<p>&nbsp;<\/p>","protected":false},"excerpt":{"rendered":"<p><strong>Pre\u021bul este pentru tricou + imprimare<\/strong><\/p>\n<p><strong>Copmozi\u021bie<\/strong><br \/>\n100% bumbac,\u00a0 165 g\/m\u00b2.<\/p>\n<p><strong>\u0414\u0435\u0442\u0441\u043a\u0438\u0435 \u0440\u0430\u0437\u043c\u0435\u0440\u044b<\/strong><\/p>\n<p>1-12 ani<\/p>","protected":false},"featured_media":1685,"template":"","meta":[],"product_brand":[],"product_cat":[115],"product_tag":[],"class_list":{"0":"post-1647","1":"product","2":"type-product","3":"status-publish","4":"has-post-thumbnail","6":"product_cat-haine_personalizate","8":"first","9":"instock","10":"shipping-taxable","11":"purchasable","12":"product-type-variable"},"yoast_head":"<!-- This site is optimized with the Yoast SEO plugin v26.7 - https:\/\/yoast.com\/wordpress\/plugins\/seo\/ -->\n<title>\u0414\u0435\u0442\u0441\u043a\u0430\u044f \u0444\u0443\u0442\u0431\u043e\u043b\u043a\u0430 \u0441 \u0444\u043e\u0442\u043e \u2013 \u0423\u043d\u0438\u043a\u0430\u043b\u044c\u043d\u044b\u0439 \u0434\u0438\u0437\u0430\u0439\u043d \u0434\u043b\u044f \u0434\u0435\u0442\u0435\u0439 | Fotoprint.md<\/title>\n<meta name=\"description\" content=\"\u041f\u0435\u0440\u0441\u043e\u043d\u0430\u043b\u0438\u0437\u0438\u0440\u043e\u0432\u0430\u043d\u043d\u0430\u044f \u0444\u0443\u0442\u0431\u043e\u043b\u043a\u0430 \u0434\u043b\u044f \u0434\u0435\u0442\u0435\u0439 \u0441 \u0444\u043e\u0442\u043e \u0438\u043b\u0438 \u0440\u0438\u0441\u0443\u043d\u043a\u043e\u043c. \u041c\u044f\u0433\u043a\u0438\u0439 \u043c\u0430\u0442\u0435\u0440\u0438\u0430\u043b \u0438 \u044f\u0440\u043a\u0438\u0439 \u043f\u0440\u0438\u043d\u0442! \u0417\u0430\u043a\u0430\u0436\u0438\u0442\u0435 \u0432 \u041a\u0438\u0448\u0438\u043d\u0435\u0432\u0435.\" \/>\n<meta name=\"robots\" content=\"index, follow, max-snippet:-1, max-image-preview:large, max-video-preview:-1\" \/>\n<link rel=\"canonical\" href=\"https:\/\/fotoprint.md\/ro\/produs\/detskaja-futbolka\/\" \/>\n<meta property=\"og:locale\" content=\"ro_RO\" \/>\n<meta property=\"og:type\" content=\"article\" \/>\n<meta property=\"og:title\" content=\"\u0414\u0435\u0442\u0441\u043a\u0430\u044f \u0444\u0443\u0442\u0431\u043e\u043b\u043a\u0430 \u0441 \u0444\u043e\u0442\u043e \u2013 \u0423\u043d\u0438\u043a\u0430\u043b\u044c\u043d\u044b\u0439 \u0434\u0438\u0437\u0430\u0439\u043d \u0434\u043b\u044f \u0434\u0435\u0442\u0435\u0439 | Fotoprint.md\" \/>\n<meta property=\"og:description\" content=\"\u041f\u0435\u0440\u0441\u043e\u043d\u0430\u043b\u0438\u0437\u0438\u0440\u043e\u0432\u0430\u043d\u043d\u0430\u044f \u0444\u0443\u0442\u0431\u043e\u043b\u043a\u0430 \u0434\u043b\u044f \u0434\u0435\u0442\u0435\u0439 \u0441 \u0444\u043e\u0442\u043e \u0438\u043b\u0438 \u0440\u0438\u0441\u0443\u043d\u043a\u043e\u043c. \u041c\u044f\u0433\u043a\u0438\u0439 \u043c\u0430\u0442\u0435\u0440\u0438\u0430\u043b \u0438 \u044f\u0440\u043a\u0438\u0439 \u043f\u0440\u0438\u043d\u0442! \u0417\u0430\u043a\u0430\u0436\u0438\u0442\u0435 \u0432 \u041a\u0438\u0448\u0438\u043d\u0435\u0432\u0435.\" \/>\n<meta property=\"og:url\" content=\"https:\/\/fotoprint.md\/ro\/produs\/detskaja-futbolka\/\" \/>\n<meta property=\"og:site_name\" content=\"Fotoprint.md\" \/>\n<meta property=\"article:publisher\" content=\"https:\/\/www.facebook.com\/fprint.md\/\" \/>\n<meta property=\"article:modified_time\" content=\"2025-10-12T05:03:16+00:00\" \/>\n<meta property=\"og:image\" content=\"https:\/\/fotoprint.md\/wp-content\/uploads\/2024\/04\/bel.jpg\" \/>\n\t<meta property=\"og:image:width\" content=\"2000\" \/>\n\t<meta property=\"og:image:height\" content=\"2000\" \/>\n\t<meta property=\"og:image:type\" content=\"image\/jpeg\" \/>\n<meta name=\"twitter:card\" content=\"summary_large_image\" \/>\n<meta name=\"twitter:label1\" content=\"Timp estimat pentru citire\" \/>\n\t<meta name=\"twitter:data1\" content=\"1 minut\" \/>\n<script type=\"application\/ld+json\" class=\"yoast-schema-graph\">{\"@context\":\"https:\/\/schema.org\",\"@graph\":[{\"@type\":\"WebPage\",\"@id\":\"https:\/\/fotoprint.md\/ro\/produs\/detskaja-futbolka\/\",\"url\":\"https:\/\/fotoprint.md\/ro\/produs\/detskaja-futbolka\/\",\"name\":\"\u0414\u0435\u0442\u0441\u043a\u0430\u044f \u0444\u0443\u0442\u0431\u043e\u043b\u043a\u0430 \u0441 \u0444\u043e\u0442\u043e \u2013 \u0423\u043d\u0438\u043a\u0430\u043b\u044c\u043d\u044b\u0439 \u0434\u0438\u0437\u0430\u0439\u043d \u0434\u043b\u044f \u0434\u0435\u0442\u0435\u0439 | Fotoprint.md\",\"isPartOf\":{\"@id\":\"https:\/\/fotoprint.md\/#website\"},\"primaryImageOfPage\":{\"@id\":\"https:\/\/fotoprint.md\/ro\/produs\/detskaja-futbolka\/#primaryimage\"},\"image\":{\"@id\":\"https:\/\/fotoprint.md\/ro\/produs\/detskaja-futbolka\/#primaryimage\"},\"thumbnailUrl\":\"https:\/\/fotoprint.md\/wp-content\/uploads\/2024\/04\/bel.jpg\",\"datePublished\":\"2024-04-23T12:31:51+00:00\",\"dateModified\":\"2025-10-12T05:03:16+00:00\",\"description\":\"\u041f\u0435\u0440\u0441\u043e\u043d\u0430\u043b\u0438\u0437\u0438\u0440\u043e\u0432\u0430\u043d\u043d\u0430\u044f \u0444\u0443\u0442\u0431\u043e\u043b\u043a\u0430 \u0434\u043b\u044f \u0434\u0435\u0442\u0435\u0439 \u0441 \u0444\u043e\u0442\u043e \u0438\u043b\u0438 \u0440\u0438\u0441\u0443\u043d\u043a\u043e\u043c. \u041c\u044f\u0433\u043a\u0438\u0439 \u043c\u0430\u0442\u0435\u0440\u0438\u0430\u043b \u0438 \u044f\u0440\u043a\u0438\u0439 \u043f\u0440\u0438\u043d\u0442! \u0417\u0430\u043a\u0430\u0436\u0438\u0442\u0435 \u0432 \u041a\u0438\u0448\u0438\u043d\u0435\u0432\u0435.\",\"breadcrumb\":{\"@id\":\"https:\/\/fotoprint.md\/ro\/produs\/detskaja-futbolka\/#breadcrumb\"},\"inLanguage\":\"ro-RO\",\"potentialAction\":[{\"@type\":\"ReadAction\",\"target\":[\"https:\/\/fotoprint.md\/ro\/produs\/detskaja-futbolka\/\"]}]},{\"@type\":\"ImageObject\",\"inLanguage\":\"ro-RO\",\"@id\":\"https:\/\/fotoprint.md\/ro\/produs\/detskaja-futbolka\/#primaryimage\",\"url\":\"https:\/\/fotoprint.md\/wp-content\/uploads\/2024\/04\/bel.jpg\",\"contentUrl\":\"https:\/\/fotoprint.md\/wp-content\/uploads\/2024\/04\/bel.jpg\",\"width\":2000,\"height\":2000,\"caption\":\"\u0444\u0443\u0442\u0431\u043e\u043b\u043a\u0430 \u0441\u0438\u043d\u0442\u0435\u0442\u0438\u043a\u0430 \u0434\u0435\u0442\u0441\u043a\u0430\u044f\"},{\"@type\":\"BreadcrumbList\",\"@id\":\"https:\/\/fotoprint.md\/ro\/produs\/detskaja-futbolka\/#breadcrumb\",\"itemListElement\":[{\"@type\":\"ListItem\",\"position\":1,\"name\":\"\u0413\u043b\u0430\u0432\u043d\u0430\u044f \u0441\u0442\u0440\u0430\u043d\u0438\u0446\u0430\",\"item\":\"https:\/\/fotoprint.md\/ro\/\"},{\"@type\":\"ListItem\",\"position\":2,\"name\":\"Shop\",\"item\":\"https:\/\/fotoprint.md\/ro\/shop\/\"},{\"@type\":\"ListItem\",\"position\":3,\"name\":\"\u0414\u0435\u0442\u0441\u043a\u0430\u044f \u0444\u0443\u0442\u0431\u043e\u043b\u043a\u0430\"}]},{\"@type\":\"WebSite\",\"@id\":\"https:\/\/fotoprint.md\/#website\",\"url\":\"https:\/\/fotoprint.md\/\",\"name\":\"Fotoprint.md\",\"description\":\"\u0424\u043e\u0442\u043e\u043b\u0430\u0431\u043e\u0440\u0430\u0442\u043e\u0440\u0438\u044f \u041a\u0438\u0448\u0438\u043d\u0435\u0432\",\"publisher\":{\"@id\":\"https:\/\/fotoprint.md\/#organization\"},\"potentialAction\":[{\"@type\":\"SearchAction\",\"target\":{\"@type\":\"EntryPoint\",\"urlTemplate\":\"https:\/\/fotoprint.md\/?s={search_term_string}\"},\"query-input\":{\"@type\":\"PropertyValueSpecification\",\"valueRequired\":true,\"valueName\":\"search_term_string\"}}],\"inLanguage\":\"ro-RO\"},{\"@type\":\"Organization\",\"@id\":\"https:\/\/fotoprint.md\/#organization\",\"name\":\"Fotoprint.md\",\"url\":\"https:\/\/fotoprint.md\/\",\"logo\":{\"@type\":\"ImageObject\",\"inLanguage\":\"ro-RO\",\"@id\":\"https:\/\/fotoprint.md\/#\/schema\/logo\/image\/\",\"url\":\"https:\/\/fotoprint.md\/wp-content\/uploads\/2020\/11\/new_logo_light.png\",\"contentUrl\":\"https:\/\/fotoprint.md\/wp-content\/uploads\/2020\/11\/new_logo_light.png\",\"width\":305,\"height\":43,\"caption\":\"Fotoprint.md\"},\"image\":{\"@id\":\"https:\/\/fotoprint.md\/#\/schema\/logo\/image\/\"},\"sameAs\":[\"https:\/\/www.facebook.com\/fprint.md\/\"]}]}<\/script>\n<!-- \/ Yoast SEO plugin. -->","yoast_head_json":{"title":"\u0414\u0435\u0442\u0441\u043a\u0430\u044f \u0444\u0443\u0442\u0431\u043e\u043b\u043a\u0430 \u0441 \u0444\u043e\u0442\u043e \u2013 \u0423\u043d\u0438\u043a\u0430\u043b\u044c\u043d\u044b\u0439 \u0434\u0438\u0437\u0430\u0439\u043d \u0434\u043b\u044f \u0434\u0435\u0442\u0435\u0439 | Fotoprint.md","description":"\u041f\u0435\u0440\u0441\u043e\u043d\u0430\u043b\u0438\u0437\u0438\u0440\u043e\u0432\u0430\u043d\u043d\u0430\u044f \u0444\u0443\u0442\u0431\u043e\u043b\u043a\u0430 \u0434\u043b\u044f \u0434\u0435\u0442\u0435\u0439 \u0441 \u0444\u043e\u0442\u043e \u0438\u043b\u0438 \u0440\u0438\u0441\u0443\u043d\u043a\u043e\u043c. \u041c\u044f\u0433\u043a\u0438\u0439 \u043c\u0430\u0442\u0435\u0440\u0438\u0430\u043b \u0438 \u044f\u0440\u043a\u0438\u0439 \u043f\u0440\u0438\u043d\u0442! \u0417\u0430\u043a\u0430\u0436\u0438\u0442\u0435 \u0432 \u041a\u0438\u0448\u0438\u043d\u0435\u0432\u0435.","robots":{"index":"index","follow":"follow","max-snippet":"max-snippet:-1","max-image-preview":"max-image-preview:large","max-video-preview":"max-video-preview:-1"},"canonical":"https:\/\/fotoprint.md\/ro\/produs\/detskaja-futbolka\/","og_locale":"ro_RO","og_type":"article","og_title":"\u0414\u0435\u0442\u0441\u043a\u0430\u044f \u0444\u0443\u0442\u0431\u043e\u043b\u043a\u0430 \u0441 \u0444\u043e\u0442\u043e \u2013 \u0423\u043d\u0438\u043a\u0430\u043b\u044c\u043d\u044b\u0439 \u0434\u0438\u0437\u0430\u0439\u043d \u0434\u043b\u044f \u0434\u0435\u0442\u0435\u0439 | Fotoprint.md","og_description":"\u041f\u0435\u0440\u0441\u043e\u043d\u0430\u043b\u0438\u0437\u0438\u0440\u043e\u0432\u0430\u043d\u043d\u0430\u044f \u0444\u0443\u0442\u0431\u043e\u043b\u043a\u0430 \u0434\u043b\u044f \u0434\u0435\u0442\u0435\u0439 \u0441 \u0444\u043e\u0442\u043e \u0438\u043b\u0438 \u0440\u0438\u0441\u0443\u043d\u043a\u043e\u043c. \u041c\u044f\u0433\u043a\u0438\u0439 \u043c\u0430\u0442\u0435\u0440\u0438\u0430\u043b \u0438 \u044f\u0440\u043a\u0438\u0439 \u043f\u0440\u0438\u043d\u0442! \u0417\u0430\u043a\u0430\u0436\u0438\u0442\u0435 \u0432 \u041a\u0438\u0448\u0438\u043d\u0435\u0432\u0435.","og_url":"https:\/\/fotoprint.md\/ro\/produs\/detskaja-futbolka\/","og_site_name":"Fotoprint.md","article_publisher":"https:\/\/www.facebook.com\/fprint.md\/","article_modified_time":"2025-10-12T05:03:16+00:00","og_image":[{"width":2000,"height":2000,"url":"https:\/\/fotoprint.md\/wp-content\/uploads\/2024\/04\/bel.jpg","type":"image\/jpeg"}],"twitter_card":"summary_large_image","twitter_misc":{"Timp estimat pentru citire":"1 minut"},"schema":{"@context":"https:\/\/schema.org","@graph":[{"@type":"WebPage","@id":"https:\/\/fotoprint.md\/ro\/produs\/detskaja-futbolka\/","url":"https:\/\/fotoprint.md\/ro\/produs\/detskaja-futbolka\/","name":"\u0414\u0435\u0442\u0441\u043a\u0430\u044f \u0444\u0443\u0442\u0431\u043e\u043b\u043a\u0430 \u0441 \u0444\u043e\u0442\u043e \u2013 \u0423\u043d\u0438\u043a\u0430\u043b\u044c\u043d\u044b\u0439 \u0434\u0438\u0437\u0430\u0439\u043d \u0434\u043b\u044f \u0434\u0435\u0442\u0435\u0439 | Fotoprint.md","isPartOf":{"@id":"https:\/\/fotoprint.md\/#website"},"primaryImageOfPage":{"@id":"https:\/\/fotoprint.md\/ro\/produs\/detskaja-futbolka\/#primaryimage"},"image":{"@id":"https:\/\/fotoprint.md\/ro\/produs\/detskaja-futbolka\/#primaryimage"},"thumbnailUrl":"https:\/\/fotoprint.md\/wp-content\/uploads\/2024\/04\/bel.jpg","datePublished":"2024-04-23T12:31:51+00:00","dateModified":"2025-10-12T05:03:16+00:00","description":"\u041f\u0435\u0440\u0441\u043e\u043d\u0430\u043b\u0438\u0437\u0438\u0440\u043e\u0432\u0430\u043d\u043d\u0430\u044f \u0444\u0443\u0442\u0431\u043e\u043b\u043a\u0430 \u0434\u043b\u044f \u0434\u0435\u0442\u0435\u0439 \u0441 \u0444\u043e\u0442\u043e \u0438\u043b\u0438 \u0440\u0438\u0441\u0443\u043d\u043a\u043e\u043c. \u041c\u044f\u0433\u043a\u0438\u0439 \u043c\u0430\u0442\u0435\u0440\u0438\u0430\u043b \u0438 \u044f\u0440\u043a\u0438\u0439 \u043f\u0440\u0438\u043d\u0442! \u0417\u0430\u043a\u0430\u0436\u0438\u0442\u0435 \u0432 \u041a\u0438\u0448\u0438\u043d\u0435\u0432\u0435.","breadcrumb":{"@id":"https:\/\/fotoprint.md\/ro\/produs\/detskaja-futbolka\/#breadcrumb"},"inLanguage":"ro-RO","potentialAction":[{"@type":"ReadAction","target":["https:\/\/fotoprint.md\/ro\/produs\/detskaja-futbolka\/"]}]},{"@type":"ImageObject","inLanguage":"ro-RO","@id":"https:\/\/fotoprint.md\/ro\/produs\/detskaja-futbolka\/#primaryimage","url":"https:\/\/fotoprint.md\/wp-content\/uploads\/2024\/04\/bel.jpg","contentUrl":"https:\/\/fotoprint.md\/wp-content\/uploads\/2024\/04\/bel.jpg","width":2000,"height":2000,"caption":"\u0444\u0443\u0442\u0431\u043e\u043b\u043a\u0430 \u0441\u0438\u043d\u0442\u0435\u0442\u0438\u043a\u0430 \u0434\u0435\u0442\u0441\u043a\u0430\u044f"},{"@type":"BreadcrumbList","@id":"https:\/\/fotoprint.md\/ro\/produs\/detskaja-futbolka\/#breadcrumb","itemListElement":[{"@type":"ListItem","position":1,"name":"\u0413\u043b\u0430\u0432\u043d\u0430\u044f \u0441\u0442\u0440\u0430\u043d\u0438\u0446\u0430","item":"https:\/\/fotoprint.md\/ro\/"},{"@type":"ListItem","position":2,"name":"Shop","item":"https:\/\/fotoprint.md\/ro\/shop\/"},{"@type":"ListItem","position":3,"name":"\u0414\u0435\u0442\u0441\u043a\u0430\u044f \u0444\u0443\u0442\u0431\u043e\u043b\u043a\u0430"}]},{"@type":"WebSite","@id":"https:\/\/fotoprint.md\/#website","url":"https:\/\/fotoprint.md\/","name":"Fotoprint.md","description":"Laborator FOTO Chi\u0219in\u0103u","publisher":{"@id":"https:\/\/fotoprint.md\/#organization"},"potentialAction":[{"@type":"SearchAction","target":{"@type":"EntryPoint","urlTemplate":"https:\/\/fotoprint.md\/?s={search_term_string}"},"query-input":{"@type":"PropertyValueSpecification","valueRequired":true,"valueName":"search_term_string"}}],"inLanguage":"ro-RO"},{"@type":"Organization","@id":"https:\/\/fotoprint.md\/#organization","name":"Fotoprint.md","url":"https:\/\/fotoprint.md\/","logo":{"@type":"ImageObject","inLanguage":"ro-RO","@id":"https:\/\/fotoprint.md\/#\/schema\/logo\/image\/","url":"https:\/\/fotoprint.md\/wp-content\/uploads\/2020\/11\/new_logo_light.png","contentUrl":"https:\/\/fotoprint.md\/wp-content\/uploads\/2020\/11\/new_logo_light.png","width":305,"height":43,"caption":"Fotoprint.md"},"image":{"@id":"https:\/\/fotoprint.md\/#\/schema\/logo\/image\/"},"sameAs":["https:\/\/www.facebook.com\/fprint.md\/"]}]}},"tiered_pricing_type":"fixed","tiered_pricing_fixed_rules":[],"tiered_pricing_product_settings":{"layout":"default","base_unit_name":{"singular":null,"plural":null},"default_variation":null},"tiered_pricing_minimum_quantity":null,"tiered_pricing_roles_data":[],"tiered_pricing_percentage_rules":[],"_links":{"self":[{"href":"https:\/\/fotoprint.md\/ro\/wp-json\/wp\/v2\/product\/1647","targetHints":{"allow":["GET"]}}],"collection":[{"href":"https:\/\/fotoprint.md\/ro\/wp-json\/wp\/v2\/product"}],"about":[{"href":"https:\/\/fotoprint.md\/ro\/wp-json\/wp\/v2\/types\/product"}],"wp:featuredmedia":[{"embeddable":true,"href":"https:\/\/fotoprint.md\/ro\/wp-json\/wp\/v2\/media\/1685"}],"wp:attachment":[{"href":"https:\/\/fotoprint.md\/ro\/wp-json\/wp\/v2\/media?parent=1647"}],"wp:term":[{"taxonomy":"product_brand","embeddable":true,"href":"https:\/\/fotoprint.md\/ro\/wp-json\/wp\/v2\/product_brand?post=1647"},{"taxonomy":"product_cat","embeddable":true,"href":"https:\/\/fotoprint.md\/ro\/wp-json\/wp\/v2\/product_cat?post=1647"},{"taxonomy":"product_tag","embeddable":true,"href":"https:\/\/fotoprint.md\/ro\/wp-json\/wp\/v2\/product_tag?post=1647"}],"curies":[{"name":"wp","href":"https:\/\/api.w.org\/{rel}","templated":true}]}}