{"id":1509,"date":"2024-04-11T16:06:10","date_gmt":"2024-04-11T14:06:10","guid":{"rendered":"https:\/\/fotoprint.md\/?post_type=product&#038;p=1509"},"modified":"2025-03-31T18:53:55","modified_gmt":"2025-03-31T16:53:55","slug":"cana-samii-liubimii-muj","status":"publish","type":"product","link":"https:\/\/fotoprint.md\/ro\/produs\/cana-samii-liubimii-muj\/","title":{"rendered":"Cana \u2014 \u0441\u0430\u043c\u044b\u0439 \u043b\u044e\u0431\u0438\u043c\u044b\u0439 \u043c\u0443\u0436"},"content":{"rendered":"<p>Cana \u2014 \u0441\u0430\u043c\u044b\u0439 \u043b\u044e\u0431\u0438\u043c\u044b\u0439 \u043c\u0443\u0436<\/p>\n<p>Textul sau imaginea pot fi modificate sau ad\u0103ugate personal.<br \/>\nV\u0103 rug\u0103m s\u0103 indica\u021bi c\u00e2nd comanda\u021bi sau \u00eenc\u0103rca\u021bi o poz\u0103.<\/p>","protected":false},"excerpt":{"rendered":"<p><strong>Volum<\/strong> 330ml<br \/>\n<strong>\u00cen\u0103l\u021bimea<\/strong> 9.5 \u0441\u043c<br \/>\n<strong>Diametru<\/strong> 8.2 \u0441\u043c<br \/>\n<strong>Culoare:<\/strong> Alba<br \/>\n<strong>Suprafa\u021ba<\/strong> Lucioas\u0103<br \/>\n<strong>Material:<\/strong> Ceramica<\/p>","protected":false},"featured_media":1510,"template":"","meta":[],"product_brand":[],"product_cat":[84],"product_tag":[],"class_list":{"0":"post-1509","1":"product","2":"type-product","3":"status-publish","4":"has-post-thumbnail","6":"product_cat-cana","8":"first","9":"instock","10":"shipping-taxable","11":"purchasable","12":"product-type-simple"},"yoast_head":"<!-- This site is optimized with the Yoast SEO plugin v26.7 - https:\/\/yoast.com\/wordpress\/plugins\/seo\/ -->\n<title>\u041a\u0440\u0443\u0436\u043a\u0430 &quot;\u0421\u0430\u043c\u044b\u0439 \u043b\u044e\u0431\u0438\u043c\u044b\u0439 \u043c\u0443\u0436&quot; \u2013 \u0414\u043b\u044f \u0441\u0430\u043c\u043e\u0433\u043e \u0431\u043b\u0438\u0437\u043a\u043e\u0433\u043e | Fotoprint.md<\/title>\n<meta name=\"description\" content=\"\u041f\u043e\u0434\u0430\u0440\u0438\u0442\u0435 \u043a\u0440\u0443\u0436\u043a\u0443 \u0441 \u043d\u0430\u0434\u043f\u0438\u0441\u044c\u044e &quot;\u0421\u0430\u043c\u044b\u0439 \u043b\u044e\u0431\u0438\u043c\u044b\u0439 \u043c\u0443\u0436&quot;. \u0423\u043d\u0438\u043a\u0430\u043b\u044c\u043d\u044b\u0439 \u043f\u043e\u0434\u0430\u0440\u043e\u043a \u0434\u043b\u044f \u0432\u0430\u0448\u0435\u0439 \u0432\u0442\u043e\u0440\u043e\u0439 \u043f\u043e\u043b\u043e\u0432\u0438\u043d\u043a\u0438. \u0411\u044b\u0441\u0442\u0440\u0430\u044f \u0434\u043e\u0441\u0442\u0430\u0432\u043a\u0430 \u0432 \u041a\u0438\u0448\u0438\u043d\u0435\u0432\u0435.\" \/>\n<meta name=\"robots\" content=\"index, follow, max-snippet:-1, max-image-preview:large, max-video-preview:-1\" \/>\n<link rel=\"canonical\" href=\"https:\/\/fotoprint.md\/ro\/produs\/cana-samii-liubimii-muj\/\" \/>\n<meta property=\"og:locale\" content=\"ro_RO\" \/>\n<meta property=\"og:type\" content=\"article\" \/>\n<meta property=\"og:title\" content=\"\u041a\u0440\u0443\u0436\u043a\u0430 &quot;\u0421\u0430\u043c\u044b\u0439 \u043b\u044e\u0431\u0438\u043c\u044b\u0439 \u043c\u0443\u0436&quot; \u2013 \u0414\u043b\u044f \u0441\u0430\u043c\u043e\u0433\u043e \u0431\u043b\u0438\u0437\u043a\u043e\u0433\u043e | Fotoprint.md\" \/>\n<meta property=\"og:description\" content=\"\u041f\u043e\u0434\u0430\u0440\u0438\u0442\u0435 \u043a\u0440\u0443\u0436\u043a\u0443 \u0441 \u043d\u0430\u0434\u043f\u0438\u0441\u044c\u044e &quot;\u0421\u0430\u043c\u044b\u0439 \u043b\u044e\u0431\u0438\u043c\u044b\u0439 \u043c\u0443\u0436&quot;. \u0423\u043d\u0438\u043a\u0430\u043b\u044c\u043d\u044b\u0439 \u043f\u043e\u0434\u0430\u0440\u043e\u043a \u0434\u043b\u044f \u0432\u0430\u0448\u0435\u0439 \u0432\u0442\u043e\u0440\u043e\u0439 \u043f\u043e\u043b\u043e\u0432\u0438\u043d\u043a\u0438. \u0411\u044b\u0441\u0442\u0440\u0430\u044f \u0434\u043e\u0441\u0442\u0430\u0432\u043a\u0430 \u0432 \u041a\u0438\u0448\u0438\u043d\u0435\u0432\u0435.\" \/>\n<meta property=\"og:url\" content=\"https:\/\/fotoprint.md\/ro\/produs\/cana-samii-liubimii-muj\/\" \/>\n<meta property=\"og:site_name\" content=\"Fotoprint.md\" \/>\n<meta property=\"article:publisher\" content=\"https:\/\/www.facebook.com\/fprint.md\/\" \/>\n<meta property=\"article:modified_time\" content=\"2025-03-31T16:53:55+00:00\" \/>\n<meta property=\"og:image\" content=\"https:\/\/fotoprint.md\/wp-content\/uploads\/2024\/04\/FB_IMG_1669051420156-1.jpg\" \/>\n\t<meta property=\"og:image:width\" content=\"800\" \/>\n\t<meta property=\"og:image:height\" content=\"800\" \/>\n\t<meta property=\"og:image:type\" content=\"image\/jpeg\" \/>\n<meta name=\"twitter:card\" content=\"summary_large_image\" \/>\n<meta name=\"twitter:label1\" content=\"Timp estimat pentru citire\" \/>\n\t<meta name=\"twitter:data1\" content=\"1 minut\" \/>\n<script type=\"application\/ld+json\" class=\"yoast-schema-graph\">{\"@context\":\"https:\/\/schema.org\",\"@graph\":[{\"@type\":\"WebPage\",\"@id\":\"https:\/\/fotoprint.md\/ro\/produs\/cana-samii-liubimii-muj\/\",\"url\":\"https:\/\/fotoprint.md\/ro\/produs\/cana-samii-liubimii-muj\/\",\"name\":\"\u041a\u0440\u0443\u0436\u043a\u0430 \\\"\u0421\u0430\u043c\u044b\u0439 \u043b\u044e\u0431\u0438\u043c\u044b\u0439 \u043c\u0443\u0436\\\" \u2013 \u0414\u043b\u044f \u0441\u0430\u043c\u043e\u0433\u043e \u0431\u043b\u0438\u0437\u043a\u043e\u0433\u043e | Fotoprint.md\",\"isPartOf\":{\"@id\":\"https:\/\/fotoprint.md\/#website\"},\"primaryImageOfPage\":{\"@id\":\"https:\/\/fotoprint.md\/ro\/produs\/cana-samii-liubimii-muj\/#primaryimage\"},\"image\":{\"@id\":\"https:\/\/fotoprint.md\/ro\/produs\/cana-samii-liubimii-muj\/#primaryimage\"},\"thumbnailUrl\":\"https:\/\/fotoprint.md\/wp-content\/uploads\/2024\/04\/FB_IMG_1669051420156-1.jpg\",\"datePublished\":\"2024-04-11T14:06:10+00:00\",\"dateModified\":\"2025-03-31T16:53:55+00:00\",\"description\":\"\u041f\u043e\u0434\u0430\u0440\u0438\u0442\u0435 \u043a\u0440\u0443\u0436\u043a\u0443 \u0441 \u043d\u0430\u0434\u043f\u0438\u0441\u044c\u044e \\\"\u0421\u0430\u043c\u044b\u0439 \u043b\u044e\u0431\u0438\u043c\u044b\u0439 \u043c\u0443\u0436\\\". \u0423\u043d\u0438\u043a\u0430\u043b\u044c\u043d\u044b\u0439 \u043f\u043e\u0434\u0430\u0440\u043e\u043a \u0434\u043b\u044f \u0432\u0430\u0448\u0435\u0439 \u0432\u0442\u043e\u0440\u043e\u0439 \u043f\u043e\u043b\u043e\u0432\u0438\u043d\u043a\u0438. \u0411\u044b\u0441\u0442\u0440\u0430\u044f \u0434\u043e\u0441\u0442\u0430\u0432\u043a\u0430 \u0432 \u041a\u0438\u0448\u0438\u043d\u0435\u0432\u0435.\",\"breadcrumb\":{\"@id\":\"https:\/\/fotoprint.md\/ro\/produs\/cana-samii-liubimii-muj\/#breadcrumb\"},\"inLanguage\":\"ro-RO\",\"potentialAction\":[{\"@type\":\"ReadAction\",\"target\":[\"https:\/\/fotoprint.md\/ro\/produs\/cana-samii-liubimii-muj\/\"]}]},{\"@type\":\"ImageObject\",\"inLanguage\":\"ro-RO\",\"@id\":\"https:\/\/fotoprint.md\/ro\/produs\/cana-samii-liubimii-muj\/#primaryimage\",\"url\":\"https:\/\/fotoprint.md\/wp-content\/uploads\/2024\/04\/FB_IMG_1669051420156-1.jpg\",\"contentUrl\":\"https:\/\/fotoprint.md\/wp-content\/uploads\/2024\/04\/FB_IMG_1669051420156-1.jpg\",\"width\":800,\"height\":800,\"caption\":\"\u041a\u0440\u0443\u0436\u043a\u0430 \u043f\u0430\u043f\u0430 \u0438 \u043c\u0443\u0436 \u043b\u044e\u0431\u0438\u043c\u044b\u0439\"},{\"@type\":\"BreadcrumbList\",\"@id\":\"https:\/\/fotoprint.md\/ro\/produs\/cana-samii-liubimii-muj\/#breadcrumb\",\"itemListElement\":[{\"@type\":\"ListItem\",\"position\":1,\"name\":\"\u0413\u043b\u0430\u0432\u043d\u0430\u044f \u0441\u0442\u0440\u0430\u043d\u0438\u0446\u0430\",\"item\":\"https:\/\/fotoprint.md\/ro\/\"},{\"@type\":\"ListItem\",\"position\":2,\"name\":\"Shop\",\"item\":\"https:\/\/fotoprint.md\/ro\/shop\/\"},{\"@type\":\"ListItem\",\"position\":3,\"name\":\"\u041a\u0440\u0443\u0436\u043a\u0430 &#8212; \u0441\u0430\u043c\u044b\u0439 \u043b\u044e\u0431\u0438\u043c\u044b\u0439 \u043c\u0443\u0436\"}]},{\"@type\":\"WebSite\",\"@id\":\"https:\/\/fotoprint.md\/#website\",\"url\":\"https:\/\/fotoprint.md\/\",\"name\":\"Fotoprint.md\",\"description\":\"\u0424\u043e\u0442\u043e\u043b\u0430\u0431\u043e\u0440\u0430\u0442\u043e\u0440\u0438\u044f \u041a\u0438\u0448\u0438\u043d\u0435\u0432\",\"publisher\":{\"@id\":\"https:\/\/fotoprint.md\/#organization\"},\"potentialAction\":[{\"@type\":\"SearchAction\",\"target\":{\"@type\":\"EntryPoint\",\"urlTemplate\":\"https:\/\/fotoprint.md\/?s={search_term_string}\"},\"query-input\":{\"@type\":\"PropertyValueSpecification\",\"valueRequired\":true,\"valueName\":\"search_term_string\"}}],\"inLanguage\":\"ro-RO\"},{\"@type\":\"Organization\",\"@id\":\"https:\/\/fotoprint.md\/#organization\",\"name\":\"Fotoprint.md\",\"url\":\"https:\/\/fotoprint.md\/\",\"logo\":{\"@type\":\"ImageObject\",\"inLanguage\":\"ro-RO\",\"@id\":\"https:\/\/fotoprint.md\/#\/schema\/logo\/image\/\",\"url\":\"https:\/\/fotoprint.md\/wp-content\/uploads\/2020\/11\/new_logo_light.png\",\"contentUrl\":\"https:\/\/fotoprint.md\/wp-content\/uploads\/2020\/11\/new_logo_light.png\",\"width\":305,\"height\":43,\"caption\":\"Fotoprint.md\"},\"image\":{\"@id\":\"https:\/\/fotoprint.md\/#\/schema\/logo\/image\/\"},\"sameAs\":[\"https:\/\/www.facebook.com\/fprint.md\/\"]}]}<\/script>\n<!-- \/ Yoast SEO plugin. -->","yoast_head_json":{"title":"\u041a\u0440\u0443\u0436\u043a\u0430 \"\u0421\u0430\u043c\u044b\u0439 \u043b\u044e\u0431\u0438\u043c\u044b\u0439 \u043c\u0443\u0436\" \u2013 \u0414\u043b\u044f \u0441\u0430\u043c\u043e\u0433\u043e \u0431\u043b\u0438\u0437\u043a\u043e\u0433\u043e | Fotoprint.md","description":"\u041f\u043e\u0434\u0430\u0440\u0438\u0442\u0435 \u043a\u0440\u0443\u0436\u043a\u0443 \u0441 \u043d\u0430\u0434\u043f\u0438\u0441\u044c\u044e \"\u0421\u0430\u043c\u044b\u0439 \u043b\u044e\u0431\u0438\u043c\u044b\u0439 \u043c\u0443\u0436\". \u0423\u043d\u0438\u043a\u0430\u043b\u044c\u043d\u044b\u0439 \u043f\u043e\u0434\u0430\u0440\u043e\u043a \u0434\u043b\u044f \u0432\u0430\u0448\u0435\u0439 \u0432\u0442\u043e\u0440\u043e\u0439 \u043f\u043e\u043b\u043e\u0432\u0438\u043d\u043a\u0438. \u0411\u044b\u0441\u0442\u0440\u0430\u044f \u0434\u043e\u0441\u0442\u0430\u0432\u043a\u0430 \u0432 \u041a\u0438\u0448\u0438\u043d\u0435\u0432\u0435.","robots":{"index":"index","follow":"follow","max-snippet":"max-snippet:-1","max-image-preview":"max-image-preview:large","max-video-preview":"max-video-preview:-1"},"canonical":"https:\/\/fotoprint.md\/ro\/produs\/cana-samii-liubimii-muj\/","og_locale":"ro_RO","og_type":"article","og_title":"\u041a\u0440\u0443\u0436\u043a\u0430 \"\u0421\u0430\u043c\u044b\u0439 \u043b\u044e\u0431\u0438\u043c\u044b\u0439 \u043c\u0443\u0436\" \u2013 \u0414\u043b\u044f \u0441\u0430\u043c\u043e\u0433\u043e \u0431\u043b\u0438\u0437\u043a\u043e\u0433\u043e | Fotoprint.md","og_description":"\u041f\u043e\u0434\u0430\u0440\u0438\u0442\u0435 \u043a\u0440\u0443\u0436\u043a\u0443 \u0441 \u043d\u0430\u0434\u043f\u0438\u0441\u044c\u044e \"\u0421\u0430\u043c\u044b\u0439 \u043b\u044e\u0431\u0438\u043c\u044b\u0439 \u043c\u0443\u0436\". \u0423\u043d\u0438\u043a\u0430\u043b\u044c\u043d\u044b\u0439 \u043f\u043e\u0434\u0430\u0440\u043e\u043a \u0434\u043b\u044f \u0432\u0430\u0448\u0435\u0439 \u0432\u0442\u043e\u0440\u043e\u0439 \u043f\u043e\u043b\u043e\u0432\u0438\u043d\u043a\u0438. \u0411\u044b\u0441\u0442\u0440\u0430\u044f \u0434\u043e\u0441\u0442\u0430\u0432\u043a\u0430 \u0432 \u041a\u0438\u0448\u0438\u043d\u0435\u0432\u0435.","og_url":"https:\/\/fotoprint.md\/ro\/produs\/cana-samii-liubimii-muj\/","og_site_name":"Fotoprint.md","article_publisher":"https:\/\/www.facebook.com\/fprint.md\/","article_modified_time":"2025-03-31T16:53:55+00:00","og_image":[{"width":800,"height":800,"url":"https:\/\/fotoprint.md\/wp-content\/uploads\/2024\/04\/FB_IMG_1669051420156-1.jpg","type":"image\/jpeg"}],"twitter_card":"summary_large_image","twitter_misc":{"Timp estimat pentru citire":"1 minut"},"schema":{"@context":"https:\/\/schema.org","@graph":[{"@type":"WebPage","@id":"https:\/\/fotoprint.md\/ro\/produs\/cana-samii-liubimii-muj\/","url":"https:\/\/fotoprint.md\/ro\/produs\/cana-samii-liubimii-muj\/","name":"\u041a\u0440\u0443\u0436\u043a\u0430 \"\u0421\u0430\u043c\u044b\u0439 \u043b\u044e\u0431\u0438\u043c\u044b\u0439 \u043c\u0443\u0436\" \u2013 \u0414\u043b\u044f \u0441\u0430\u043c\u043e\u0433\u043e \u0431\u043b\u0438\u0437\u043a\u043e\u0433\u043e | Fotoprint.md","isPartOf":{"@id":"https:\/\/fotoprint.md\/#website"},"primaryImageOfPage":{"@id":"https:\/\/fotoprint.md\/ro\/produs\/cana-samii-liubimii-muj\/#primaryimage"},"image":{"@id":"https:\/\/fotoprint.md\/ro\/produs\/cana-samii-liubimii-muj\/#primaryimage"},"thumbnailUrl":"https:\/\/fotoprint.md\/wp-content\/uploads\/2024\/04\/FB_IMG_1669051420156-1.jpg","datePublished":"2024-04-11T14:06:10+00:00","dateModified":"2025-03-31T16:53:55+00:00","description":"\u041f\u043e\u0434\u0430\u0440\u0438\u0442\u0435 \u043a\u0440\u0443\u0436\u043a\u0443 \u0441 \u043d\u0430\u0434\u043f\u0438\u0441\u044c\u044e \"\u0421\u0430\u043c\u044b\u0439 \u043b\u044e\u0431\u0438\u043c\u044b\u0439 \u043c\u0443\u0436\". \u0423\u043d\u0438\u043a\u0430\u043b\u044c\u043d\u044b\u0439 \u043f\u043e\u0434\u0430\u0440\u043e\u043a \u0434\u043b\u044f \u0432\u0430\u0448\u0435\u0439 \u0432\u0442\u043e\u0440\u043e\u0439 \u043f\u043e\u043b\u043e\u0432\u0438\u043d\u043a\u0438. \u0411\u044b\u0441\u0442\u0440\u0430\u044f \u0434\u043e\u0441\u0442\u0430\u0432\u043a\u0430 \u0432 \u041a\u0438\u0448\u0438\u043d\u0435\u0432\u0435.","breadcrumb":{"@id":"https:\/\/fotoprint.md\/ro\/produs\/cana-samii-liubimii-muj\/#breadcrumb"},"inLanguage":"ro-RO","potentialAction":[{"@type":"ReadAction","target":["https:\/\/fotoprint.md\/ro\/produs\/cana-samii-liubimii-muj\/"]}]},{"@type":"ImageObject","inLanguage":"ro-RO","@id":"https:\/\/fotoprint.md\/ro\/produs\/cana-samii-liubimii-muj\/#primaryimage","url":"https:\/\/fotoprint.md\/wp-content\/uploads\/2024\/04\/FB_IMG_1669051420156-1.jpg","contentUrl":"https:\/\/fotoprint.md\/wp-content\/uploads\/2024\/04\/FB_IMG_1669051420156-1.jpg","width":800,"height":800,"caption":"\u041a\u0440\u0443\u0436\u043a\u0430 \u043f\u0430\u043f\u0430 \u0438 \u043c\u0443\u0436 \u043b\u044e\u0431\u0438\u043c\u044b\u0439"},{"@type":"BreadcrumbList","@id":"https:\/\/fotoprint.md\/ro\/produs\/cana-samii-liubimii-muj\/#breadcrumb","itemListElement":[{"@type":"ListItem","position":1,"name":"\u0413\u043b\u0430\u0432\u043d\u0430\u044f \u0441\u0442\u0440\u0430\u043d\u0438\u0446\u0430","item":"https:\/\/fotoprint.md\/ro\/"},{"@type":"ListItem","position":2,"name":"Shop","item":"https:\/\/fotoprint.md\/ro\/shop\/"},{"@type":"ListItem","position":3,"name":"\u041a\u0440\u0443\u0436\u043a\u0430 &#8212; \u0441\u0430\u043c\u044b\u0439 \u043b\u044e\u0431\u0438\u043c\u044b\u0439 \u043c\u0443\u0436"}]},{"@type":"WebSite","@id":"https:\/\/fotoprint.md\/#website","url":"https:\/\/fotoprint.md\/","name":"Fotoprint.md","description":"Laborator FOTO Chi\u0219in\u0103u","publisher":{"@id":"https:\/\/fotoprint.md\/#organization"},"potentialAction":[{"@type":"SearchAction","target":{"@type":"EntryPoint","urlTemplate":"https:\/\/fotoprint.md\/?s={search_term_string}"},"query-input":{"@type":"PropertyValueSpecification","valueRequired":true,"valueName":"search_term_string"}}],"inLanguage":"ro-RO"},{"@type":"Organization","@id":"https:\/\/fotoprint.md\/#organization","name":"Fotoprint.md","url":"https:\/\/fotoprint.md\/","logo":{"@type":"ImageObject","inLanguage":"ro-RO","@id":"https:\/\/fotoprint.md\/#\/schema\/logo\/image\/","url":"https:\/\/fotoprint.md\/wp-content\/uploads\/2020\/11\/new_logo_light.png","contentUrl":"https:\/\/fotoprint.md\/wp-content\/uploads\/2020\/11\/new_logo_light.png","width":305,"height":43,"caption":"Fotoprint.md"},"image":{"@id":"https:\/\/fotoprint.md\/#\/schema\/logo\/image\/"},"sameAs":["https:\/\/www.facebook.com\/fprint.md\/"]}]}},"tiered_pricing_type":"fixed","tiered_pricing_fixed_rules":[],"tiered_pricing_product_settings":{"layout":"default","base_unit_name":{"singular":null,"plural":null},"default_variation":null},"tiered_pricing_minimum_quantity":null,"tiered_pricing_roles_data":[],"tiered_pricing_percentage_rules":[],"_links":{"self":[{"href":"https:\/\/fotoprint.md\/ro\/wp-json\/wp\/v2\/product\/1509","targetHints":{"allow":["GET"]}}],"collection":[{"href":"https:\/\/fotoprint.md\/ro\/wp-json\/wp\/v2\/product"}],"about":[{"href":"https:\/\/fotoprint.md\/ro\/wp-json\/wp\/v2\/types\/product"}],"wp:featuredmedia":[{"embeddable":true,"href":"https:\/\/fotoprint.md\/ro\/wp-json\/wp\/v2\/media\/1510"}],"wp:attachment":[{"href":"https:\/\/fotoprint.md\/ro\/wp-json\/wp\/v2\/media?parent=1509"}],"wp:term":[{"taxonomy":"product_brand","embeddable":true,"href":"https:\/\/fotoprint.md\/ro\/wp-json\/wp\/v2\/product_brand?post=1509"},{"taxonomy":"product_cat","embeddable":true,"href":"https:\/\/fotoprint.md\/ro\/wp-json\/wp\/v2\/product_cat?post=1509"},{"taxonomy":"product_tag","embeddable":true,"href":"https:\/\/fotoprint.md\/ro\/wp-json\/wp\/v2\/product_tag?post=1509"}],"curies":[{"name":"wp","href":"https:\/\/api.w.org\/{rel}","templated":true}]}}