{"id":1449,"date":"2024-04-10T13:10:01","date_gmt":"2024-04-10T11:10:01","guid":{"rendered":"https:\/\/fotoprint.md\/?post_type=product&#038;p=1449"},"modified":"2025-05-03T14:32:28","modified_gmt":"2025-05-03T12:32:28","slug":"foto-bolishogo-razmera","status":"publish","type":"product","link":"https:\/\/fotoprint.md\/ro\/produs\/foto-bolishogo-razmera\/","title":{"rendered":"Fotografie marime mare"},"content":{"rendered":"<p>\u041f\u0435\u0447\u0430\u0442\u044c \u0432\u044b\u0441\u043e\u043a\u043e\u043a\u0430\u0447\u0435\u0441\u0442\u0432\u0435\u043d\u043d\u044b\u0445 \u0444\u043e\u0442\u043e\u0433\u0440\u0430\u0444\u0438\u0439 \u0431\u043e\u043b\u044c\u0448\u0438\u0445 \u0440\u0430\u0437\u043c\u0435\u0440\u043e\u0432, \u043e\u0442\u00a0 30\u044540 \u0441\u043c \u0434\u043e 60\u044590 \u0441\u043c.<\/p>\n<p>\u0418\u0441\u043f\u043e\u043b\u044c\u0437\u043e\u0432\u0430\u043d\u0438\u0435 \u0441\u043e\u0432\u0440\u0435\u043c\u0435\u043d\u043d\u043e\u0433\u043e \u043e\u0431\u043e\u0440\u0443\u0434\u043e\u0432\u0430\u043d\u0438\u044f \u0438 \u0432\u044b\u0441\u043e\u043a\u043e\u043a\u0430\u0447\u0435\u0441\u0442\u0432\u0435\u043d\u043d\u044b\u0445 \u043c\u0430\u0442\u0435\u0440\u0438\u0430\u043b\u043e\u0432 \u0434\u043b\u044f \u043c\u0430\u043a\u0441\u0438\u043c\u0430\u043b\u044c\u043d\u043e\u0439 \u0447\u0435\u0442\u043a\u043e\u0441\u0442\u0438 \u0438 \u043d\u0430\u0441\u044b\u0449\u0435\u043d\u043d\u043e\u0441\u0442\u0438 \u0446\u0432\u0435\u0442\u043e\u0432.<\/p>\n<p>\u0412\u043e\u0437\u043c\u043e\u0436\u043d\u0430 \u043f\u0435\u0447\u0430\u0442\u044c \u043f\u043b\u0430\u043a\u0430\u0442\u043e\u0432 \u0431\u043e\u043b\u044c\u0448\u0435\u0433\u043e \u0440\u0430\u0437\u043c\u0435\u0440\u0430 \u043d\u0430 \u0431\u0430\u043d\u043d\u0435\u0440\u0435 \u0438\u043b\u0438 \u0441\u0430\u043c\u043e\u043a\u043b\u0435\u044f\u0449\u0435\u0439\u0441\u044f \u043f\u043b\u0451\u043d\u043a\u0435 (\u043e\u0440\u0430\u043a\u0430\u043b).<\/p>","protected":false},"excerpt":{"rendered":"<p class=\"\" data-start=\"132\" data-end=\"350\"><strong data-start=\"132\" data-end=\"189\">Dac\u0103 apar erori la \u00eenc\u0103rcarea fotografiilor pe site<\/strong><\/p>\n<p data-start=\"352\" data-end=\"512\"><strong data-start=\"380\" data-end=\"419\">v\u0103 rug\u0103m s\u0103 folosi\u021bi un serviciu de transfer de fi\u0219iere: <\/strong><\/p>\n<p data-start=\"352\" data-end=\"512\"><strong><a class=\"\" href=\"https:\/\/transfernow.net\/\" target=\"_new\" rel=\"noopener\" data-start=\"422\" data-end=\"512\">TRANSFERNOW.NET<\/a><\/strong><\/p>\n<p class=\"\" data-start=\"514\" data-end=\"669\"><strong data-start=\"514\" data-end=\"611\">Dup\u0103 \u00eenc\u0103rcare, ata\u0219a\u021bi linkul \u00een comentariul comenzii.<\/strong><\/p>","protected":false},"featured_media":1038,"template":"","meta":[],"product_brand":[],"product_cat":[93],"product_tag":[88],"class_list":{"0":"post-1449","1":"product","2":"type-product","3":"status-publish","4":"has-post-thumbnail","6":"product_cat-fotografii_tipar","7":"product_tag-88","9":"first","10":"instock","11":"shipping-taxable","12":"purchasable","13":"product-type-variable"},"yoast_head":"<!-- This site is optimized with the Yoast SEO plugin v26.7 - https:\/\/yoast.com\/wordpress\/plugins\/seo\/ -->\n<title>\u0424\u043e\u0442\u043e \u0431\u043e\u043b\u044c\u0448\u043e\u0433\u043e \u0440\u0430\u0437\u043c\u0435\u0440\u0430 \u0432 \u041a\u0438\u0448\u0438\u043d\u0435\u0432\u0435 \u2013 \u041a\u0430\u0447\u0435\u0441\u0442\u0432\u0435\u043d\u043d\u0430\u044f \u043f\u0435\u0447\u0430\u0442\u044c | Fotoprint.md<\/title>\n<meta name=\"description\" content=\"\u041f\u0435\u0447\u0430\u0442\u044c \u0444\u043e\u0442\u043e \u0431\u043e\u043b\u044c\u0448\u043e\u0433\u043e \u0444\u043e\u0440\u043c\u0430\u0442\u0430 \u043d\u0430 \u0441\u043e\u0432\u0440\u0435\u043c\u0435\u043d\u043d\u043e\u043c \u043e\u0431\u043e\u0440\u0443\u0434\u043e\u0432\u0430\u043d\u0438\u0438. \u0418\u0434\u0435\u0430\u043b\u044c\u043d\u043e \u0434\u043b\u044f \u0434\u0435\u043a\u043e\u0440\u0430 \u0438 \u0440\u0435\u043a\u043b\u0430\u043c\u044b. \u0417\u0430\u043a\u0430\u0436\u0438\u0442\u0435 \u0432 \u041a\u0438\u0448\u0438\u043d\u0435\u0432\u0435!\" \/>\n<meta name=\"robots\" content=\"index, follow, max-snippet:-1, max-image-preview:large, max-video-preview:-1\" \/>\n<link rel=\"canonical\" href=\"https:\/\/fotoprint.md\/ro\/produs\/foto-bolishogo-razmera\/\" \/>\n<meta property=\"og:locale\" content=\"ro_RO\" \/>\n<meta property=\"og:type\" content=\"article\" \/>\n<meta property=\"og:title\" content=\"\u0424\u043e\u0442\u043e \u0431\u043e\u043b\u044c\u0448\u043e\u0433\u043e \u0440\u0430\u0437\u043c\u0435\u0440\u0430 \u0432 \u041a\u0438\u0448\u0438\u043d\u0435\u0432\u0435 \u2013 \u041a\u0430\u0447\u0435\u0441\u0442\u0432\u0435\u043d\u043d\u0430\u044f \u043f\u0435\u0447\u0430\u0442\u044c | Fotoprint.md\" \/>\n<meta property=\"og:description\" content=\"\u041f\u0435\u0447\u0430\u0442\u044c \u0444\u043e\u0442\u043e \u0431\u043e\u043b\u044c\u0448\u043e\u0433\u043e \u0444\u043e\u0440\u043c\u0430\u0442\u0430 \u043d\u0430 \u0441\u043e\u0432\u0440\u0435\u043c\u0435\u043d\u043d\u043e\u043c \u043e\u0431\u043e\u0440\u0443\u0434\u043e\u0432\u0430\u043d\u0438\u0438. \u0418\u0434\u0435\u0430\u043b\u044c\u043d\u043e \u0434\u043b\u044f \u0434\u0435\u043a\u043e\u0440\u0430 \u0438 \u0440\u0435\u043a\u043b\u0430\u043c\u044b. \u0417\u0430\u043a\u0430\u0436\u0438\u0442\u0435 \u0432 \u041a\u0438\u0448\u0438\u043d\u0435\u0432\u0435!\" \/>\n<meta property=\"og:url\" content=\"https:\/\/fotoprint.md\/ro\/produs\/foto-bolishogo-razmera\/\" \/>\n<meta property=\"og:site_name\" content=\"Fotoprint.md\" \/>\n<meta property=\"article:publisher\" content=\"https:\/\/www.facebook.com\/fprint.md\/\" \/>\n<meta property=\"article:modified_time\" content=\"2025-05-03T12:32:28+00:00\" \/>\n<meta property=\"og:image\" content=\"https:\/\/fotoprint.md\/wp-content\/uploads\/2022\/11\/a2e980d814287b236ca4886b16bc8d8b.jpg\" \/>\n\t<meta property=\"og:image:width\" content=\"1280\" \/>\n\t<meta property=\"og:image:height\" content=\"989\" \/>\n\t<meta property=\"og:image:type\" content=\"image\/jpeg\" \/>\n<meta name=\"twitter:card\" content=\"summary_large_image\" \/>\n<meta name=\"twitter:label1\" content=\"Timp estimat pentru citire\" \/>\n\t<meta name=\"twitter:data1\" content=\"1 minut\" \/>\n<script type=\"application\/ld+json\" class=\"yoast-schema-graph\">{\"@context\":\"https:\/\/schema.org\",\"@graph\":[{\"@type\":\"WebPage\",\"@id\":\"https:\/\/fotoprint.md\/ro\/produs\/foto-bolishogo-razmera\/\",\"url\":\"https:\/\/fotoprint.md\/ro\/produs\/foto-bolishogo-razmera\/\",\"name\":\"\u0424\u043e\u0442\u043e \u0431\u043e\u043b\u044c\u0448\u043e\u0433\u043e \u0440\u0430\u0437\u043c\u0435\u0440\u0430 \u0432 \u041a\u0438\u0448\u0438\u043d\u0435\u0432\u0435 \u2013 \u041a\u0430\u0447\u0435\u0441\u0442\u0432\u0435\u043d\u043d\u0430\u044f \u043f\u0435\u0447\u0430\u0442\u044c | Fotoprint.md\",\"isPartOf\":{\"@id\":\"https:\/\/fotoprint.md\/#website\"},\"primaryImageOfPage\":{\"@id\":\"https:\/\/fotoprint.md\/ro\/produs\/foto-bolishogo-razmera\/#primaryimage\"},\"image\":{\"@id\":\"https:\/\/fotoprint.md\/ro\/produs\/foto-bolishogo-razmera\/#primaryimage\"},\"thumbnailUrl\":\"https:\/\/fotoprint.md\/wp-content\/uploads\/2022\/11\/a2e980d814287b236ca4886b16bc8d8b.jpg\",\"datePublished\":\"2024-04-10T11:10:01+00:00\",\"dateModified\":\"2025-05-03T12:32:28+00:00\",\"description\":\"\u041f\u0435\u0447\u0430\u0442\u044c \u0444\u043e\u0442\u043e \u0431\u043e\u043b\u044c\u0448\u043e\u0433\u043e \u0444\u043e\u0440\u043c\u0430\u0442\u0430 \u043d\u0430 \u0441\u043e\u0432\u0440\u0435\u043c\u0435\u043d\u043d\u043e\u043c \u043e\u0431\u043e\u0440\u0443\u0434\u043e\u0432\u0430\u043d\u0438\u0438. \u0418\u0434\u0435\u0430\u043b\u044c\u043d\u043e \u0434\u043b\u044f \u0434\u0435\u043a\u043e\u0440\u0430 \u0438 \u0440\u0435\u043a\u043b\u0430\u043c\u044b. \u0417\u0430\u043a\u0430\u0436\u0438\u0442\u0435 \u0432 \u041a\u0438\u0448\u0438\u043d\u0435\u0432\u0435!\",\"breadcrumb\":{\"@id\":\"https:\/\/fotoprint.md\/ro\/produs\/foto-bolishogo-razmera\/#breadcrumb\"},\"inLanguage\":\"ro-RO\",\"potentialAction\":[{\"@type\":\"ReadAction\",\"target\":[\"https:\/\/fotoprint.md\/ro\/produs\/foto-bolishogo-razmera\/\"]}]},{\"@type\":\"ImageObject\",\"inLanguage\":\"ro-RO\",\"@id\":\"https:\/\/fotoprint.md\/ro\/produs\/foto-bolishogo-razmera\/#primaryimage\",\"url\":\"https:\/\/fotoprint.md\/wp-content\/uploads\/2022\/11\/a2e980d814287b236ca4886b16bc8d8b.jpg\",\"contentUrl\":\"https:\/\/fotoprint.md\/wp-content\/uploads\/2022\/11\/a2e980d814287b236ca4886b16bc8d8b.jpg\",\"width\":1280,\"height\":989,\"caption\":\"\u0431\u043e\u043b\u044c\u0448\u0438\u0435 \u0444\u043e\u0442\u043e\"},{\"@type\":\"BreadcrumbList\",\"@id\":\"https:\/\/fotoprint.md\/ro\/produs\/foto-bolishogo-razmera\/#breadcrumb\",\"itemListElement\":[{\"@type\":\"ListItem\",\"position\":1,\"name\":\"\u0413\u043b\u0430\u0432\u043d\u0430\u044f \u0441\u0442\u0440\u0430\u043d\u0438\u0446\u0430\",\"item\":\"https:\/\/fotoprint.md\/ro\/\"},{\"@type\":\"ListItem\",\"position\":2,\"name\":\"Shop\",\"item\":\"https:\/\/fotoprint.md\/ro\/shop\/\"},{\"@type\":\"ListItem\",\"position\":3,\"name\":\"\u0424\u043e\u0442\u043e \u0431\u043e\u043b\u044c\u0448\u043e\u0433\u043e \u0440\u0430\u0437\u043c\u0435\u0440\u0430\"}]},{\"@type\":\"WebSite\",\"@id\":\"https:\/\/fotoprint.md\/#website\",\"url\":\"https:\/\/fotoprint.md\/\",\"name\":\"Fotoprint.md\",\"description\":\"\u0424\u043e\u0442\u043e\u043b\u0430\u0431\u043e\u0440\u0430\u0442\u043e\u0440\u0438\u044f \u041a\u0438\u0448\u0438\u043d\u0435\u0432\",\"publisher\":{\"@id\":\"https:\/\/fotoprint.md\/#organization\"},\"potentialAction\":[{\"@type\":\"SearchAction\",\"target\":{\"@type\":\"EntryPoint\",\"urlTemplate\":\"https:\/\/fotoprint.md\/?s={search_term_string}\"},\"query-input\":{\"@type\":\"PropertyValueSpecification\",\"valueRequired\":true,\"valueName\":\"search_term_string\"}}],\"inLanguage\":\"ro-RO\"},{\"@type\":\"Organization\",\"@id\":\"https:\/\/fotoprint.md\/#organization\",\"name\":\"Fotoprint.md\",\"url\":\"https:\/\/fotoprint.md\/\",\"logo\":{\"@type\":\"ImageObject\",\"inLanguage\":\"ro-RO\",\"@id\":\"https:\/\/fotoprint.md\/#\/schema\/logo\/image\/\",\"url\":\"https:\/\/fotoprint.md\/wp-content\/uploads\/2020\/11\/new_logo_light.png\",\"contentUrl\":\"https:\/\/fotoprint.md\/wp-content\/uploads\/2020\/11\/new_logo_light.png\",\"width\":305,\"height\":43,\"caption\":\"Fotoprint.md\"},\"image\":{\"@id\":\"https:\/\/fotoprint.md\/#\/schema\/logo\/image\/\"},\"sameAs\":[\"https:\/\/www.facebook.com\/fprint.md\/\"]}]}<\/script>\n<!-- \/ Yoast SEO plugin. -->","yoast_head_json":{"title":"\u0424\u043e\u0442\u043e \u0431\u043e\u043b\u044c\u0448\u043e\u0433\u043e \u0440\u0430\u0437\u043c\u0435\u0440\u0430 \u0432 \u041a\u0438\u0448\u0438\u043d\u0435\u0432\u0435 \u2013 \u041a\u0430\u0447\u0435\u0441\u0442\u0432\u0435\u043d\u043d\u0430\u044f \u043f\u0435\u0447\u0430\u0442\u044c | Fotoprint.md","description":"\u041f\u0435\u0447\u0430\u0442\u044c \u0444\u043e\u0442\u043e \u0431\u043e\u043b\u044c\u0448\u043e\u0433\u043e \u0444\u043e\u0440\u043c\u0430\u0442\u0430 \u043d\u0430 \u0441\u043e\u0432\u0440\u0435\u043c\u0435\u043d\u043d\u043e\u043c \u043e\u0431\u043e\u0440\u0443\u0434\u043e\u0432\u0430\u043d\u0438\u0438. \u0418\u0434\u0435\u0430\u043b\u044c\u043d\u043e \u0434\u043b\u044f \u0434\u0435\u043a\u043e\u0440\u0430 \u0438 \u0440\u0435\u043a\u043b\u0430\u043c\u044b. \u0417\u0430\u043a\u0430\u0436\u0438\u0442\u0435 \u0432 \u041a\u0438\u0448\u0438\u043d\u0435\u0432\u0435!","robots":{"index":"index","follow":"follow","max-snippet":"max-snippet:-1","max-image-preview":"max-image-preview:large","max-video-preview":"max-video-preview:-1"},"canonical":"https:\/\/fotoprint.md\/ro\/produs\/foto-bolishogo-razmera\/","og_locale":"ro_RO","og_type":"article","og_title":"\u0424\u043e\u0442\u043e \u0431\u043e\u043b\u044c\u0448\u043e\u0433\u043e \u0440\u0430\u0437\u043c\u0435\u0440\u0430 \u0432 \u041a\u0438\u0448\u0438\u043d\u0435\u0432\u0435 \u2013 \u041a\u0430\u0447\u0435\u0441\u0442\u0432\u0435\u043d\u043d\u0430\u044f \u043f\u0435\u0447\u0430\u0442\u044c | Fotoprint.md","og_description":"\u041f\u0435\u0447\u0430\u0442\u044c \u0444\u043e\u0442\u043e \u0431\u043e\u043b\u044c\u0448\u043e\u0433\u043e \u0444\u043e\u0440\u043c\u0430\u0442\u0430 \u043d\u0430 \u0441\u043e\u0432\u0440\u0435\u043c\u0435\u043d\u043d\u043e\u043c \u043e\u0431\u043e\u0440\u0443\u0434\u043e\u0432\u0430\u043d\u0438\u0438. \u0418\u0434\u0435\u0430\u043b\u044c\u043d\u043e \u0434\u043b\u044f \u0434\u0435\u043a\u043e\u0440\u0430 \u0438 \u0440\u0435\u043a\u043b\u0430\u043c\u044b. \u0417\u0430\u043a\u0430\u0436\u0438\u0442\u0435 \u0432 \u041a\u0438\u0448\u0438\u043d\u0435\u0432\u0435!","og_url":"https:\/\/fotoprint.md\/ro\/produs\/foto-bolishogo-razmera\/","og_site_name":"Fotoprint.md","article_publisher":"https:\/\/www.facebook.com\/fprint.md\/","article_modified_time":"2025-05-03T12:32:28+00:00","og_image":[{"width":1280,"height":989,"url":"https:\/\/fotoprint.md\/wp-content\/uploads\/2022\/11\/a2e980d814287b236ca4886b16bc8d8b.jpg","type":"image\/jpeg"}],"twitter_card":"summary_large_image","twitter_misc":{"Timp estimat pentru citire":"1 minut"},"schema":{"@context":"https:\/\/schema.org","@graph":[{"@type":"WebPage","@id":"https:\/\/fotoprint.md\/ro\/produs\/foto-bolishogo-razmera\/","url":"https:\/\/fotoprint.md\/ro\/produs\/foto-bolishogo-razmera\/","name":"\u0424\u043e\u0442\u043e \u0431\u043e\u043b\u044c\u0448\u043e\u0433\u043e \u0440\u0430\u0437\u043c\u0435\u0440\u0430 \u0432 \u041a\u0438\u0448\u0438\u043d\u0435\u0432\u0435 \u2013 \u041a\u0430\u0447\u0435\u0441\u0442\u0432\u0435\u043d\u043d\u0430\u044f \u043f\u0435\u0447\u0430\u0442\u044c | Fotoprint.md","isPartOf":{"@id":"https:\/\/fotoprint.md\/#website"},"primaryImageOfPage":{"@id":"https:\/\/fotoprint.md\/ro\/produs\/foto-bolishogo-razmera\/#primaryimage"},"image":{"@id":"https:\/\/fotoprint.md\/ro\/produs\/foto-bolishogo-razmera\/#primaryimage"},"thumbnailUrl":"https:\/\/fotoprint.md\/wp-content\/uploads\/2022\/11\/a2e980d814287b236ca4886b16bc8d8b.jpg","datePublished":"2024-04-10T11:10:01+00:00","dateModified":"2025-05-03T12:32:28+00:00","description":"\u041f\u0435\u0447\u0430\u0442\u044c \u0444\u043e\u0442\u043e \u0431\u043e\u043b\u044c\u0448\u043e\u0433\u043e \u0444\u043e\u0440\u043c\u0430\u0442\u0430 \u043d\u0430 \u0441\u043e\u0432\u0440\u0435\u043c\u0435\u043d\u043d\u043e\u043c \u043e\u0431\u043e\u0440\u0443\u0434\u043e\u0432\u0430\u043d\u0438\u0438. \u0418\u0434\u0435\u0430\u043b\u044c\u043d\u043e \u0434\u043b\u044f \u0434\u0435\u043a\u043e\u0440\u0430 \u0438 \u0440\u0435\u043a\u043b\u0430\u043c\u044b. \u0417\u0430\u043a\u0430\u0436\u0438\u0442\u0435 \u0432 \u041a\u0438\u0448\u0438\u043d\u0435\u0432\u0435!","breadcrumb":{"@id":"https:\/\/fotoprint.md\/ro\/produs\/foto-bolishogo-razmera\/#breadcrumb"},"inLanguage":"ro-RO","potentialAction":[{"@type":"ReadAction","target":["https:\/\/fotoprint.md\/ro\/produs\/foto-bolishogo-razmera\/"]}]},{"@type":"ImageObject","inLanguage":"ro-RO","@id":"https:\/\/fotoprint.md\/ro\/produs\/foto-bolishogo-razmera\/#primaryimage","url":"https:\/\/fotoprint.md\/wp-content\/uploads\/2022\/11\/a2e980d814287b236ca4886b16bc8d8b.jpg","contentUrl":"https:\/\/fotoprint.md\/wp-content\/uploads\/2022\/11\/a2e980d814287b236ca4886b16bc8d8b.jpg","width":1280,"height":989,"caption":"\u0431\u043e\u043b\u044c\u0448\u0438\u0435 \u0444\u043e\u0442\u043e"},{"@type":"BreadcrumbList","@id":"https:\/\/fotoprint.md\/ro\/produs\/foto-bolishogo-razmera\/#breadcrumb","itemListElement":[{"@type":"ListItem","position":1,"name":"\u0413\u043b\u0430\u0432\u043d\u0430\u044f \u0441\u0442\u0440\u0430\u043d\u0438\u0446\u0430","item":"https:\/\/fotoprint.md\/ro\/"},{"@type":"ListItem","position":2,"name":"Shop","item":"https:\/\/fotoprint.md\/ro\/shop\/"},{"@type":"ListItem","position":3,"name":"\u0424\u043e\u0442\u043e \u0431\u043e\u043b\u044c\u0448\u043e\u0433\u043e \u0440\u0430\u0437\u043c\u0435\u0440\u0430"}]},{"@type":"WebSite","@id":"https:\/\/fotoprint.md\/#website","url":"https:\/\/fotoprint.md\/","name":"Fotoprint.md","description":"Laborator FOTO Chi\u0219in\u0103u","publisher":{"@id":"https:\/\/fotoprint.md\/#organization"},"potentialAction":[{"@type":"SearchAction","target":{"@type":"EntryPoint","urlTemplate":"https:\/\/fotoprint.md\/?s={search_term_string}"},"query-input":{"@type":"PropertyValueSpecification","valueRequired":true,"valueName":"search_term_string"}}],"inLanguage":"ro-RO"},{"@type":"Organization","@id":"https:\/\/fotoprint.md\/#organization","name":"Fotoprint.md","url":"https:\/\/fotoprint.md\/","logo":{"@type":"ImageObject","inLanguage":"ro-RO","@id":"https:\/\/fotoprint.md\/#\/schema\/logo\/image\/","url":"https:\/\/fotoprint.md\/wp-content\/uploads\/2020\/11\/new_logo_light.png","contentUrl":"https:\/\/fotoprint.md\/wp-content\/uploads\/2020\/11\/new_logo_light.png","width":305,"height":43,"caption":"Fotoprint.md"},"image":{"@id":"https:\/\/fotoprint.md\/#\/schema\/logo\/image\/"},"sameAs":["https:\/\/www.facebook.com\/fprint.md\/"]}]}},"tiered_pricing_type":"fixed","tiered_pricing_fixed_rules":[],"tiered_pricing_product_settings":{"layout":"default","base_unit_name":{"singular":null,"plural":null},"default_variation":null},"tiered_pricing_minimum_quantity":null,"tiered_pricing_roles_data":[],"tiered_pricing_percentage_rules":[],"_links":{"self":[{"href":"https:\/\/fotoprint.md\/ro\/wp-json\/wp\/v2\/product\/1449","targetHints":{"allow":["GET"]}}],"collection":[{"href":"https:\/\/fotoprint.md\/ro\/wp-json\/wp\/v2\/product"}],"about":[{"href":"https:\/\/fotoprint.md\/ro\/wp-json\/wp\/v2\/types\/product"}],"wp:featuredmedia":[{"embeddable":true,"href":"https:\/\/fotoprint.md\/ro\/wp-json\/wp\/v2\/media\/1038"}],"wp:attachment":[{"href":"https:\/\/fotoprint.md\/ro\/wp-json\/wp\/v2\/media?parent=1449"}],"wp:term":[{"taxonomy":"product_brand","embeddable":true,"href":"https:\/\/fotoprint.md\/ro\/wp-json\/wp\/v2\/product_brand?post=1449"},{"taxonomy":"product_cat","embeddable":true,"href":"https:\/\/fotoprint.md\/ro\/wp-json\/wp\/v2\/product_cat?post=1449"},{"taxonomy":"product_tag","embeddable":true,"href":"https:\/\/fotoprint.md\/ro\/wp-json\/wp\/v2\/product_tag?post=1449"}],"curies":[{"name":"wp","href":"https:\/\/api.w.org\/{rel}","templated":true}]}}