{"id":2979,"date":"2025-05-03T15:29:30","date_gmt":"2025-05-03T13:29:30","guid":{"rendered":"https:\/\/fotoprint.md\/?page_id=2979"},"modified":"2025-05-03T15:44:38","modified_gmt":"2025-05-03T13:44:38","slug":"livrare_achitare","status":"publish","type":"page","link":"https:\/\/fotoprint.md\/ro\/livrare_achitare\/","title":{"rendered":"Livrare \u0219i plat\u0103"},"content":{"rendered":"<div class=\"wpb-content-wrapper\"><div class=\"vc_row wpb_row vc_row-fluid\"><div class=\"wpb_column vc_column_container vc_col-sm-12\"><div class=\"vc_column-inner\"><div class=\"wpb_wrapper\">\r\n\t<div class=\"wpb_text_column wpb_content_element\" >\r\n\t\t<div class=\"wpb_wrapper\">\r\n\t\t\t<h4 data-pm-slice=\"1 1 &#091;&#093;\">Livrare \u0219i plat\u0103<\/h4>\n<h5 data-pm-slice=\"1 1 &#091;&#093;\">Livrare<\/h5>\n<ul>\n<li data-pm-slice=\"1 3 &#091;&#093;\">\n<h6>Executarea \u0219i livrarea comenzilor se efectueaz\u0103 \u00een termen de 1\u20133 zile lucr\u0103toare din momentul confirm\u0103rii comenzii (\u00een majoritatea cazurilor \u2014 a doua zi).<\/h6>\n<\/li>\n<li data-pm-slice=\"1 3 &#091;&#093;\">\n<h6>Livrarea se efectueaz\u0103 prin curierul \u201eNOVA POSHTA\u201d \u00een zilele lucr\u0103toare, \u00eentre orele 09:00 \u0219i 18:00.<\/h6>\n<\/li>\n<li data-pm-slice=\"1 3 &#091;&#093;\">\n<h6>Comenzile cu livrare, plasate \u00een weekend (s\u00e2mb\u0103t\u0103\u2013duminic\u0103), sunt procesate luni. \u00cen cazul ridic\u0103rii personale \u2014 \u00een aceea\u0219i zi.<\/h6>\n<\/li>\n<li data-pm-slice=\"1 3 &#091;&#093;\">\n<h6>Livrarea \u00een Chi\u0219in\u0103u \u2014 50 lei.<br data-start=\"193\" data-end=\"196\" \/>Livrarea \u00een Moldova \u2014 70 lei.<br \/>\nLivrarea produselor de mari dimensiuni \u2014 de la 70 p\u00e2n\u0103 la 150 lei.<\/h6>\n<\/li>\n<\/ul>\n\r\n\t\t<\/div>\r\n\t<\/div>\r\n<div class=\"vc_empty_space\"   style=\"height: 32px\"><span class=\"vc_empty_space_inner\"><\/span><\/div><\/div><\/div><\/div><\/div><div class=\"vc_row wpb_row vc_row-fluid\"><div class=\"wpb_column vc_column_container vc_col-sm-12\"><div class=\"vc_column-inner\"><div class=\"wpb_wrapper\">\r\n\t<div class=\"wpb_text_column wpb_content_element\" >\r\n\t\t<div class=\"wpb_wrapper\">\r\n\t\t\t<h5 data-pm-slice=\"1 3 &#091;&#093;\">Plata:<\/h5>\n<ul>\n<li>\n<h6>Plata \u00een numerar la primirea comenzii.<\/h6>\n<\/li>\n<li>\n<h6>Plata \u00een numerar la ridicarea personal\u0103.<\/h6>\n<\/li>\n<li>\n<h6>Plata online cu cardul bancar Visa \/ MasterCard la plasarea comenzii pe site.<\/h6>\n<\/li>\n<\/ul>\n\r\n\t\t<\/div>\r\n\t<\/div>\r\n<div class=\"vc_empty_space\"   style=\"height: 32px\"><span class=\"vc_empty_space_inner\"><\/span><\/div><\/div><\/div><\/div><\/div>\n<\/div>","protected":false},"excerpt":{"rendered":"\u0414\u043e\u0441\u0442\u0430\u0432\u043a\u0430 \u0438 \u043e\u043f\u043b\u0430\u0442\u0430 \u0414\u043e\u0441\u0442\u0430\u0432\u043a\u0430: \u0418\u0441\u043f\u043e\u043b\u043d\u0435\u043d\u0438\u0435 \u0438 \u0434\u043e\u0441\u0442\u0430\u0432\u043a\u0430 \u0437\u0430\u043a\u0430\u0437\u043e\u0432 \u043e\u0441\u0443\u0449\u0435\u0441\u0442\u0432\u043b\u044f\u0435\u0442\u0441\u044f \u0432 \u0442\u0435\u0447\u0435\u043d\u0438\u0435 1\u20133 \u0440\u0430\u0431\u043e\u0447\u0438\u0445 \u0434\u043d\u0435\u0439 \u0441 \u043c\u043e\u043c\u0435\u043d\u0442\u0430 \u043f\u043e\u0434\u0442\u0432\u0435\u0440\u0436\u0434\u0435\u043d\u0438\u044f \u0437\u0430\u043a\u0430\u0437\u0430 (\u0432 \u0431\u043e\u043b\u044c\u0448\u0438\u043d\u0441\u0442\u0432\u0435 \u0441\u043b\u0443\u0447\u0430\u0435\u0432 \u2014 \u043d\u0430 \u0441\u043b\u0435\u0434\u0443\u044e\u0449\u0438\u0439 \u0434\u0435\u043d\u044c). \u0414\u043e\u0441\u0442\u0430\u0432\u043a\u0430 \u043e\u0441\u0443\u0449\u0435\u0441\u0442\u0432\u043b\u044f\u0435\u0442\u0441\u044f \u043a\u0443\u0440\u044c\u0435\u0440\u043e\u043c \"NOVA POSHTA\" \u0432 \u0431\u0443\u0434\u043d\u0438\u0435 \u0434\u043d\u0438 \u0441 9:00 \u0434\u043e 18:00 \u0447\u0430\u0441\u043e\u0432. \u0417\u0430\u043a\u0430\u0437\u044b, \u043e\u0444\u043e\u0440\u043c\u043b\u0435\u043d\u043d\u044b\u0435 \u0432 \u0432\u044b\u0445\u043e\u0434\u043d\u044b\u0435 \u0434\u043d\u0438 \u0441 \u0434\u043e\u0441\u0442\u0430\u0432\u043a\u043e\u0439 (\u0421\u0411-\u0412\u0421), \u043e\u0431\u0440\u0430\u0431\u0430\u0442\u044b\u0432\u0430\u044e\u0442\u0441\u044f \u0432 \u043f\u043e\u043d\u0435\u0434\u0435\u043b\u044c\u043d\u0438\u043a. \u041f\u0440\u0438 \u0432\u044b\u0431\u043e\u0440\u0435 \u0441\u0430\u043c\u043e\u0432\u044b\u0432\u043e\u0437\u0430 \u2014 \u0432 \u0442\u043e\u0442 [...]","protected":false},"author":1,"featured_media":0,"parent":0,"menu_order":0,"comment_status":"closed","ping_status":"closed","template":"","meta":{"footnotes":""},"class_list":["post-2979","page","type-page","status-publish","hentry"],"yoast_head":"<!-- This site is optimized with the Yoast SEO plugin v26.7 - https:\/\/yoast.com\/wordpress\/plugins\/seo\/ -->\n<title>Livrare \u0219i plat\u0103 - Fotoprint.md | Servicii rapide \u0219i sigure \u00een Chi\u0219in\u0103u \u0219i Moldova<\/title>\n<meta name=\"description\" content=\"Afl\u0103 despre op\u021biunile de livrare \u0219i plat\u0103 disponibile pe Fotoprint.md. Livrare rapid\u0103 \u00een Chi\u0219in\u0103u \u0219i \u00een toat\u0103 Moldova. Pl\u0103te\u0219te online cu cardul sau numerar la livrare.\" \/>\n<meta name=\"robots\" content=\"index, follow, max-snippet:-1, max-image-preview:large, max-video-preview:-1\" \/>\n<link rel=\"canonical\" href=\"https:\/\/fotoprint.md\/ro\/livrare_achitare\/\" \/>\n<meta property=\"og:locale\" content=\"ro_RO\" \/>\n<meta property=\"og:type\" content=\"article\" \/>\n<meta property=\"og:title\" content=\"Livrare \u0219i plat\u0103 - Fotoprint.md | Servicii rapide \u0219i sigure \u00een Chi\u0219in\u0103u \u0219i Moldova\" \/>\n<meta property=\"og:description\" content=\"Afl\u0103 despre op\u021biunile de livrare \u0219i plat\u0103 disponibile pe Fotoprint.md. Livrare rapid\u0103 \u00een Chi\u0219in\u0103u \u0219i \u00een toat\u0103 Moldova. Pl\u0103te\u0219te online cu cardul sau numerar la livrare.\" \/>\n<meta property=\"og:url\" content=\"https:\/\/fotoprint.md\/ro\/livrare_achitare\/\" \/>\n<meta property=\"og:site_name\" content=\"Fotoprint.md\" \/>\n<meta property=\"article:publisher\" content=\"https:\/\/www.facebook.com\/fprint.md\/\" \/>\n<meta property=\"article:modified_time\" content=\"2025-05-03T13:44:38+00:00\" \/>\n<meta name=\"twitter:card\" content=\"summary_large_image\" \/>\n<meta name=\"twitter:label1\" content=\"Timp estimat pentru citire\" \/>\n\t<meta name=\"twitter:data1\" content=\"1 minut\" \/>\n<script type=\"application\/ld+json\" class=\"yoast-schema-graph\">{\"@context\":\"https:\/\/schema.org\",\"@graph\":[{\"@type\":\"WebPage\",\"@id\":\"https:\/\/fotoprint.md\/ro\/livrare_achitare\/\",\"url\":\"https:\/\/fotoprint.md\/ro\/livrare_achitare\/\",\"name\":\"Livrare \u0219i plat\u0103 - Fotoprint.md | Servicii rapide \u0219i sigure \u00een Chi\u0219in\u0103u \u0219i Moldova\",\"isPartOf\":{\"@id\":\"https:\/\/fotoprint.md\/#website\"},\"datePublished\":\"2025-05-03T13:29:30+00:00\",\"dateModified\":\"2025-05-03T13:44:38+00:00\",\"description\":\"Afl\u0103 despre op\u021biunile de livrare \u0219i plat\u0103 disponibile pe Fotoprint.md. Livrare rapid\u0103 \u00een Chi\u0219in\u0103u \u0219i \u00een toat\u0103 Moldova. Pl\u0103te\u0219te online cu cardul sau numerar la livrare.\",\"breadcrumb\":{\"@id\":\"https:\/\/fotoprint.md\/ro\/livrare_achitare\/#breadcrumb\"},\"inLanguage\":\"ro-RO\",\"potentialAction\":[{\"@type\":\"ReadAction\",\"target\":[\"https:\/\/fotoprint.md\/ro\/livrare_achitare\/\"]}]},{\"@type\":\"BreadcrumbList\",\"@id\":\"https:\/\/fotoprint.md\/ro\/livrare_achitare\/#breadcrumb\",\"itemListElement\":[{\"@type\":\"ListItem\",\"position\":1,\"name\":\"\u0413\u043b\u0430\u0432\u043d\u0430\u044f \u0441\u0442\u0440\u0430\u043d\u0438\u0446\u0430\",\"item\":\"https:\/\/fotoprint.md\/ro\/\"},{\"@type\":\"ListItem\",\"position\":2,\"name\":\"\u0414\u043e\u0441\u0442\u0430\u0432\u043a\u0430 \u0438 \u043e\u043f\u043b\u0430\u0442\u0430\"}]},{\"@type\":\"WebSite\",\"@id\":\"https:\/\/fotoprint.md\/#website\",\"url\":\"https:\/\/fotoprint.md\/\",\"name\":\"Fotoprint.md\",\"description\":\"\u0424\u043e\u0442\u043e\u043b\u0430\u0431\u043e\u0440\u0430\u0442\u043e\u0440\u0438\u044f \u041a\u0438\u0448\u0438\u043d\u0435\u0432\",\"publisher\":{\"@id\":\"https:\/\/fotoprint.md\/#organization\"},\"potentialAction\":[{\"@type\":\"SearchAction\",\"target\":{\"@type\":\"EntryPoint\",\"urlTemplate\":\"https:\/\/fotoprint.md\/?s={search_term_string}\"},\"query-input\":{\"@type\":\"PropertyValueSpecification\",\"valueRequired\":true,\"valueName\":\"search_term_string\"}}],\"inLanguage\":\"ro-RO\"},{\"@type\":\"Organization\",\"@id\":\"https:\/\/fotoprint.md\/#organization\",\"name\":\"Fotoprint.md\",\"url\":\"https:\/\/fotoprint.md\/\",\"logo\":{\"@type\":\"ImageObject\",\"inLanguage\":\"ro-RO\",\"@id\":\"https:\/\/fotoprint.md\/#\/schema\/logo\/image\/\",\"url\":\"https:\/\/fotoprint.md\/wp-content\/uploads\/2020\/11\/new_logo_light.png\",\"contentUrl\":\"https:\/\/fotoprint.md\/wp-content\/uploads\/2020\/11\/new_logo_light.png\",\"width\":305,\"height\":43,\"caption\":\"Fotoprint.md\"},\"image\":{\"@id\":\"https:\/\/fotoprint.md\/#\/schema\/logo\/image\/\"},\"sameAs\":[\"https:\/\/www.facebook.com\/fprint.md\/\"]}]}<\/script>\n<!-- \/ Yoast SEO plugin. -->","yoast_head_json":{"title":"Livrare \u0219i plat\u0103 - Fotoprint.md | Servicii rapide \u0219i sigure \u00een Chi\u0219in\u0103u \u0219i Moldova","description":"Afl\u0103 despre op\u021biunile de livrare \u0219i plat\u0103 disponibile pe Fotoprint.md. Livrare rapid\u0103 \u00een Chi\u0219in\u0103u \u0219i \u00een toat\u0103 Moldova. Pl\u0103te\u0219te online cu cardul sau numerar la livrare.","robots":{"index":"index","follow":"follow","max-snippet":"max-snippet:-1","max-image-preview":"max-image-preview:large","max-video-preview":"max-video-preview:-1"},"canonical":"https:\/\/fotoprint.md\/ro\/livrare_achitare\/","og_locale":"ro_RO","og_type":"article","og_title":"Livrare \u0219i plat\u0103 - Fotoprint.md | Servicii rapide \u0219i sigure \u00een Chi\u0219in\u0103u \u0219i Moldova","og_description":"Afl\u0103 despre op\u021biunile de livrare \u0219i plat\u0103 disponibile pe Fotoprint.md. Livrare rapid\u0103 \u00een Chi\u0219in\u0103u \u0219i \u00een toat\u0103 Moldova. Pl\u0103te\u0219te online cu cardul sau numerar la livrare.","og_url":"https:\/\/fotoprint.md\/ro\/livrare_achitare\/","og_site_name":"Fotoprint.md","article_publisher":"https:\/\/www.facebook.com\/fprint.md\/","article_modified_time":"2025-05-03T13:44:38+00:00","twitter_card":"summary_large_image","twitter_misc":{"Timp estimat pentru citire":"1 minut"},"schema":{"@context":"https:\/\/schema.org","@graph":[{"@type":"WebPage","@id":"https:\/\/fotoprint.md\/ro\/livrare_achitare\/","url":"https:\/\/fotoprint.md\/ro\/livrare_achitare\/","name":"Livrare \u0219i plat\u0103 - Fotoprint.md | Servicii rapide \u0219i sigure \u00een Chi\u0219in\u0103u \u0219i Moldova","isPartOf":{"@id":"https:\/\/fotoprint.md\/#website"},"datePublished":"2025-05-03T13:29:30+00:00","dateModified":"2025-05-03T13:44:38+00:00","description":"Afl\u0103 despre op\u021biunile de livrare \u0219i plat\u0103 disponibile pe Fotoprint.md. Livrare rapid\u0103 \u00een Chi\u0219in\u0103u \u0219i \u00een toat\u0103 Moldova. Pl\u0103te\u0219te online cu cardul sau numerar la livrare.","breadcrumb":{"@id":"https:\/\/fotoprint.md\/ro\/livrare_achitare\/#breadcrumb"},"inLanguage":"ro-RO","potentialAction":[{"@type":"ReadAction","target":["https:\/\/fotoprint.md\/ro\/livrare_achitare\/"]}]},{"@type":"BreadcrumbList","@id":"https:\/\/fotoprint.md\/ro\/livrare_achitare\/#breadcrumb","itemListElement":[{"@type":"ListItem","position":1,"name":"\u0413\u043b\u0430\u0432\u043d\u0430\u044f \u0441\u0442\u0440\u0430\u043d\u0438\u0446\u0430","item":"https:\/\/fotoprint.md\/ro\/"},{"@type":"ListItem","position":2,"name":"\u0414\u043e\u0441\u0442\u0430\u0432\u043a\u0430 \u0438 \u043e\u043f\u043b\u0430\u0442\u0430"}]},{"@type":"WebSite","@id":"https:\/\/fotoprint.md\/#website","url":"https:\/\/fotoprint.md\/","name":"Fotoprint.md","description":"Laborator FOTO Chi\u0219in\u0103u","publisher":{"@id":"https:\/\/fotoprint.md\/#organization"},"potentialAction":[{"@type":"SearchAction","target":{"@type":"EntryPoint","urlTemplate":"https:\/\/fotoprint.md\/?s={search_term_string}"},"query-input":{"@type":"PropertyValueSpecification","valueRequired":true,"valueName":"search_term_string"}}],"inLanguage":"ro-RO"},{"@type":"Organization","@id":"https:\/\/fotoprint.md\/#organization","name":"Fotoprint.md","url":"https:\/\/fotoprint.md\/","logo":{"@type":"ImageObject","inLanguage":"ro-RO","@id":"https:\/\/fotoprint.md\/#\/schema\/logo\/image\/","url":"https:\/\/fotoprint.md\/wp-content\/uploads\/2020\/11\/new_logo_light.png","contentUrl":"https:\/\/fotoprint.md\/wp-content\/uploads\/2020\/11\/new_logo_light.png","width":305,"height":43,"caption":"Fotoprint.md"},"image":{"@id":"https:\/\/fotoprint.md\/#\/schema\/logo\/image\/"},"sameAs":["https:\/\/www.facebook.com\/fprint.md\/"]}]}},"_links":{"self":[{"href":"https:\/\/fotoprint.md\/ro\/wp-json\/wp\/v2\/pages\/2979","targetHints":{"allow":["GET"]}}],"collection":[{"href":"https:\/\/fotoprint.md\/ro\/wp-json\/wp\/v2\/pages"}],"about":[{"href":"https:\/\/fotoprint.md\/ro\/wp-json\/wp\/v2\/types\/page"}],"author":[{"embeddable":true,"href":"https:\/\/fotoprint.md\/ro\/wp-json\/wp\/v2\/users\/1"}],"replies":[{"embeddable":true,"href":"https:\/\/fotoprint.md\/ro\/wp-json\/wp\/v2\/comments?post=2979"}],"version-history":[{"count":6,"href":"https:\/\/fotoprint.md\/ro\/wp-json\/wp\/v2\/pages\/2979\/revisions"}],"predecessor-version":[{"id":2986,"href":"https:\/\/fotoprint.md\/ro\/wp-json\/wp\/v2\/pages\/2979\/revisions\/2986"}],"wp:attachment":[{"href":"https:\/\/fotoprint.md\/ro\/wp-json\/wp\/v2\/media?parent=2979"}],"curies":[{"name":"wp","href":"https:\/\/api.w.org\/{rel}","templated":true}]}}